{"id":1009,"date":"2021-01-11T09:53:04","date_gmt":"2021-01-11T09:53:04","guid":{"rendered":"http:\/\/127.0.0.1\/wp56\/wp_core\/?post_type=product&#038;p=1009"},"modified":"2024-11-05T13:59:56","modified_gmt":"2024-11-05T13:59:56","slug":"doctors-best-high-absorption-curcumin-500-mg-120-capsules","status":"publish","type":"product","link":"https:\/\/be-healthy.taniko.me\/uk\/product\/doctors-best-high-absorption-curcumin-500-mg-120-capsules\/","title":{"rendered":"Doctor&#8217;s Best, High Absorption Curcumin, 500 mg, 120 Capsules"},"content":{"rendered":"<div class=\"row item-row\">\n<div class=\"col-xs-24\">\n<p>\u041e\u043f\u0438\u0441<br \/>\n\u041d\u0430\u0443\u043a\u043e\u0432\u043e \u043e\u0431\u0491\u0440\u0443\u043d\u0442\u043e\u0432\u0430\u043d\u0435 \u0445\u0430\u0440\u0447\u0443\u0432\u0430\u043d\u043d\u044f<br \/>\nOd korijena kurkume<br \/>\nS Curcumin Complex\u00ae\ufe0f i BioPerine\u00ae\ufe0f<br \/>\nMo\u017ee koristiti zglobovima tako \u0161to poma\u017ee neutralizirati slobodne radikale<br \/>\n\u0414\u0456\u0454\u0442\u0438\u0447\u043d\u0430 \u0434\u043e\u0431\u0430\u0432\u043a\u0430<br \/>\nBez GMO \/ bez glutena \/ bez soje<\/p>\n<p>Doctor&#8217;s Best Curcumin s Curcumin C3 Complex\u00ae i BioPerine\u00ae\ufe0f sadr\u017ei sna\u017ean standardizirani ekstrakt korijena Curcuma longa, poznat kao kurkuma. Kurkuma ima stoljetnu tradiciju u ayurvedskom lije\u010denju. Aktivni sastojci u Curcumi longi su kurkuminoidi, spojevi koji pokazuju sna\u017ena antioksidativna svojstva u znanstvenim studijama. Kurkuminoidi mogu koristiti zglobovima, mozgu, srcu i krvo\u017eilnom sustavu tako \u0161to poma\u017eu neutralizirati slobodne radikale.<\/p>\n<p>BioPerine\u00ae\ufe0f je ekstrakt ploda crnog papra koji sadr\u017ei 95% piperina kao prirodnog biopoja\u010diva\u010da za pospje\u0161ivanje apsorpcije.<\/p>\n<p>Poma\u017ee u odr\u017eavanju stanica i tkiva neutraliziraju\u0107i slobodne radikale<br \/>\nPoma\u017ee u odr\u017eavanju zdravlja zglobova<br \/>\nBioPerine\u00ae\ufe0f poma\u017ee u promicanju apsorpcije hranjivih tvari u GI traktu<br \/>\n\u0420\u0435\u043a\u043e\u043c\u0435\u043d\u0434\u0430\u0446\u0456\u0457 \u0456\u0437 \u0437\u0430\u0441\u0442\u043e\u0441\u0443\u0432\u0430\u043d\u043d\u044f<\/p>\n<p>Uzmite 2 kapsule dnevno uz obrok ili prema preporuci nutricionista.<\/p>\n<p>\u0406\u043d\u0448\u0456 \u0456\u043d\u0433\u0440\u0435\u0434\u0456\u0454\u043d\u0442\u0438<\/p>\n<p>\u017delatina (kapsula), mikrokristalna celuloza, magnezijev stearat (biljni izvor), silicijev dioksid.<\/p>\n<p>\u041f\u043e\u043f\u0435\u0440\u0435\u0434\u0436\u0435\u043d\u043d\u044f<\/p>\n<p>Ako ste trudni, dojite, uzimate lijekove za dijabetes ili lijekove za razrje\u0111ivanje krvi, posavjetujte se s lije\u010dnikom prije uzimanja kurkumina.<\/p>\n<p>Ovaj proizvod sadr\u017ei prirodne sastojke koji mogu varirati u boji.<\/p>\n<p>\u0417\u0431\u0435\u0440\u0456\u0433\u0430\u0442\u0438 \u0432 \u0441\u0443\u0445\u043e\u043c\u0443 \u043f\u0440\u043e\u0445\u043e\u043b\u043e\u0434\u043d\u043e\u043c\u0443 \u043c\u0456\u0441\u0446\u0456.<\/p>\n<\/div>\n<\/div>","protected":false},"excerpt":{"rendered":"<ul>\n<li>\u041d\u0430\u0443\u043a\u043e\u0432\u043e \u043e\u0431\u0491\u0440\u0443\u043d\u0442\u043e\u0432\u0430\u043d\u0435 \u0445\u0430\u0440\u0447\u0443\u0432\u0430\u043d\u043d\u044f<br \/>\nOd korijena kurkume<br \/>\nS Curcumin Complex\u00ae\ufe0f i BioPerine\u00ae\ufe0f<br \/>\nMo\u017ee koristiti zglobovima tako \u0161to poma\u017ee neutralizirati slobodne radikale<br \/>\n\u0414\u0456\u0454\u0442\u0438\u0447\u043d\u0430 \u0434\u043e\u0431\u0430\u0432\u043a\u0430<br \/>\nBez GMO \/ bez glutena \/ bez soje<\/li>\n<\/ul>","protected":false},"featured_media":6218,"comment_status":"open","ping_status":"closed","template":"","meta":{"inline_featured_image":false},"product_cat":[15,42,31,60,40],"product_tag":[],"class_list":{"0":"post-1009","1":"product","2":"type-product","3":"status-publish","4":"has-post-thumbnail","6":"product_cat-supplements","7":"product_cat-bone-joint-cartilage","8":"product_cat-brain-cognitive","9":"product_cat-curcumin","10":"product_cat-immune-support","12":"first","13":"instock","14":"featured","15":"shipping-taxable","16":"purchasable","17":"product-type-simple"},"_links":{"self":[{"href":"https:\/\/be-healthy.taniko.me\/uk\/wp-json\/wp\/v2\/product\/1009","targetHints":{"allow":["GET"]}}],"collection":[{"href":"https:\/\/be-healthy.taniko.me\/uk\/wp-json\/wp\/v2\/product"}],"about":[{"href":"https:\/\/be-healthy.taniko.me\/uk\/wp-json\/wp\/v2\/types\/product"}],"replies":[{"embeddable":true,"href":"https:\/\/be-healthy.taniko.me\/uk\/wp-json\/wp\/v2\/comments?post=1009"}],"wp:featuredmedia":[{"embeddable":true,"href":"https:\/\/be-healthy.taniko.me\/uk\/wp-json\/wp\/v2\/media\/6218"}],"wp:attachment":[{"href":"https:\/\/be-healthy.taniko.me\/uk\/wp-json\/wp\/v2\/media?parent=1009"}],"wp:term":[{"taxonomy":"product_cat","embeddable":true,"href":"https:\/\/be-healthy.taniko.me\/uk\/wp-json\/wp\/v2\/product_cat?post=1009"},{"taxonomy":"product_tag","embeddable":true,"href":"https:\/\/be-healthy.taniko.me\/uk\/wp-json\/wp\/v2\/product_tag?post=1009"}],"curies":[{"name":"wp","href":"https:\/\/api.w.org\/{rel}","templated":true}]}}