{"id":1013,"date":"2021-01-11T09:55:46","date_gmt":"2021-01-11T09:55:46","guid":{"rendered":"http:\/\/127.0.0.1\/wp56\/wp_core\/?post_type=product&#038;p=1013"},"modified":"2024-11-05T13:57:59","modified_gmt":"2024-11-05T13:57:59","slug":"betteraves-bio-alsaciennes-1kg","status":"publish","type":"product","link":"https:\/\/be-healthy.taniko.me\/uk\/product\/betteraves-bio-alsaciennes-1kg\/","title":{"rendered":"Swanson, NAC, N-Acetyl L-Cysteine, 600 mg, 60 Veggie Capsules"},"content":{"rendered":"<div class=\"row item-row\">\n<div class=\"col-xs-24\">\n<p>\u041e\u043f\u0438\u0441<br \/>\nAntioksidativna podr\u0161ka<br \/>\nUklju\u010duju\u0107i AjiPure\u00ae<br \/>\n\u0414\u0456\u0454\u0442\u0438\u0447\u043d\u0430 \u0434\u043e\u0431\u0430\u0432\u043a\u0430<br \/>\nSna\u017ean antioksidans koji podr\u017eava zdravlje mozga i jetre<br \/>\nPodr\u017eava detoksikaciju toksina i zaga\u0111iva\u010da iz okoli\u0161a<br \/>\nZnanstveno potkrijepljena kvaliteta od 1969<\/p>\n<p>Kada napadaju slobodni radikali, uzvratite NAC-om! Kao sna\u017ena antioksidativna aminokiselina, Swanson NAC (N-acetil cistein) va\u017eno je oru\u017eje u ratu protiv slobodnih radikala i nudi 600 mg NAC-a po kapsuli. NAC poma\u017ee obnoviti glutation, kriti\u010dnu komponentu tjelesnog obrambenog sustava. Podr\u017eava zdravlje jetre i jo\u0161 mnogo toga.<\/p>\n<p>\u0420\u0435\u043a\u043e\u043c\u0435\u043d\u0434\u0430\u0446\u0456\u0457 \u0456\u0437 \u0437\u0430\u0441\u0442\u043e\u0441\u0443\u0432\u0430\u043d\u043d\u044f<\/p>\n<p>Kao dodatak prehrani, uzmite jednu vege kapsulu dnevno s vodom ili prema preporuci svog lije\u010dnika.<\/p>\n<p>\u0406\u043d\u0448\u0456 \u0456\u043d\u0433\u0440\u0435\u0434\u0456\u0454\u043d\u0442\u0438<\/p>\n<p>Ri\u017eino bra\u0161no, hipromeloza (vegetarijanska kapsula), magnezijev stearat.<\/p>\n<p>\u041f\u043e\u043f\u0435\u0440\u0435\u0434\u0436\u0435\u043d\u043d\u044f<\/p>\n<p>Samo za odrasle. Nemojte uzimati ovaj proizvod ako ste trudni ili dojite. Posavjetujte se sa svojim lije\u010dnikom prije upotrebe ako uzimate bilo koji lijek na recept ili ako imate zdravstveno stanje. Prekinite kori\u0161tenje Ako osjetite gastrointestinalnu nelagodu.<\/p>\n<p>\u010cuvati izvan dohvata djece. Nemojte koristiti ako je pe\u010dat o\u0161te\u0107en. \u010cuvati na hladnom i suhom mjestu.<\/p>\n<\/div>\n<\/div>","protected":false},"excerpt":{"rendered":"<p>Sapodile se obi\u010dno nalaze na egzoti\u010dnom otoku mnogih trgovaca. Nisu tako \u010desti osim u zemljama podrijetla, a to je ju\u017eni Meksiko i Srednja Amerika (Panama, Peurto Rica). Tamo gdje su endemi\u010dni, drvo je poznato kao n\u00edspero na hispanskom jeziku. Drvo mo\u017eete prona\u0107i u niskim i primorskim \u0161umama.<\/p>","protected":false},"featured_media":6217,"comment_status":"open","ping_status":"closed","template":"","meta":{"inline_featured_image":false},"product_cat":[15,56,41,57],"product_tag":[],"class_list":{"0":"post-1013","1":"product","2":"type-product","3":"status-publish","4":"has-post-thumbnail","6":"product_cat-supplements","7":"product_cat-amino-acids","8":"product_cat-anti-aging-longevity","9":"product_cat-antioxidants","11":"first","12":"instock","13":"featured","14":"shipping-taxable","15":"purchasable","16":"product-type-simple"},"_links":{"self":[{"href":"https:\/\/be-healthy.taniko.me\/uk\/wp-json\/wp\/v2\/product\/1013","targetHints":{"allow":["GET"]}}],"collection":[{"href":"https:\/\/be-healthy.taniko.me\/uk\/wp-json\/wp\/v2\/product"}],"about":[{"href":"https:\/\/be-healthy.taniko.me\/uk\/wp-json\/wp\/v2\/types\/product"}],"replies":[{"embeddable":true,"href":"https:\/\/be-healthy.taniko.me\/uk\/wp-json\/wp\/v2\/comments?post=1013"}],"wp:featuredmedia":[{"embeddable":true,"href":"https:\/\/be-healthy.taniko.me\/uk\/wp-json\/wp\/v2\/media\/6217"}],"wp:attachment":[{"href":"https:\/\/be-healthy.taniko.me\/uk\/wp-json\/wp\/v2\/media?parent=1013"}],"wp:term":[{"taxonomy":"product_cat","embeddable":true,"href":"https:\/\/be-healthy.taniko.me\/uk\/wp-json\/wp\/v2\/product_cat?post=1013"},{"taxonomy":"product_tag","embeddable":true,"href":"https:\/\/be-healthy.taniko.me\/uk\/wp-json\/wp\/v2\/product_tag?post=1013"}],"curies":[{"name":"wp","href":"https:\/\/api.w.org\/{rel}","templated":true}]}}