{"id":21,"date":"2020-12-15T04:15:13","date_gmt":"2020-12-15T04:15:13","guid":{"rendered":"http:\/\/127.0.0.1\/wp56\/wp_core\/product\/import-placeholder-for-328\/"},"modified":"2024-11-05T14:14:07","modified_gmt":"2024-11-05T14:14:07","slug":"strawberry-banana","status":"publish","type":"product","link":"https:\/\/be-healthy.taniko.me\/uk\/product\/strawberry-banana\/","title":{"rendered":"NOW Foods, Probiotic-10, 25-100 Billion, 50-100 Veg Capsules"},"content":{"rendered":"<div class=\"row item-row\">\n<div class=\"col-xs-24\">\n<p>\u041e\u043f\u0438\u0441<br \/>\n10 probioti\u010dkih sojeva<br \/>\nZdrava crijevna flora<br \/>\nBez mlije\u010dnih proizvoda, soje i glutena<br \/>\nKlini\u010dki potvr\u0111eni sojevi<br \/>\n\u0411\u0435\u0437 \u0413\u041c\u041e<br \/>\n\u0414\u0456\u0454\u0442\u0438\u0447\u043d\u0430 \u0434\u043e\u0431\u0430\u0432\u043a\u0430<br \/>\nVegetarijanac\/vegan<br \/>\nKo\u0161er<br \/>\nProvjereno soj<br \/>\nProbavni<br \/>\nU obiteljskom vlasni\u0161tvu od 1968<br \/>\nZajam\u010dena GMP kvaliteta<\/p>\n<p>NOW\u00ae Probiotic-10\u2122 nudi uravnote\u017een spektar \u017eivih organizama koji se sastoje od sojeva probioti\u010dkih bakterija otpornih na kiseline za koje je poznato da prirodno koloniziraju ljudski GI trakt. Probioti\u010dke bakterije klju\u010dne su za zdravu probavu. Poma\u017eu u odr\u017eavanju cjelovitosti crijevne sluznice, podr\u017eavaju pravilnu pokretljivost crijeva i sudjeluju u procesu detoksikacije. Probiotic-10\u2122 koristi sojeve bakterija koji su klini\u010dki potvr\u0111eni za podr\u0161ku zdravoj funkciji imunolo\u0161kog sustava.<\/p>\n<p>Identitet probioti\u010dkih sojeva u ovom proizvodu potvr\u0111en je pomo\u0107u tehnologije DNK otiska prsta.<\/p>\n<p>\u0420\u0435\u043a\u043e\u043c\u0435\u043d\u0434\u0430\u0446\u0456\u0457 \u0456\u0437 \u0437\u0430\u0441\u0442\u043e\u0441\u0443\u0432\u0430\u043d\u043d\u044f<\/p>\n<p>Uzmite 1 kapsulu 1 do 2 puta dnevno izme\u0111u obroka ili na prazan \u017eeludac.<\/p>\n<p>\u010cuvajte u hladnjaku nakon otvaranja kako biste zadr\u017eali snagu.<\/p>\n<p>\u0406\u043d\u0448\u0456 \u0456\u043d\u0433\u0440\u0435\u0434\u0456\u0454\u043d\u0442\u0438<\/p>\n<p>Mikrokristalna celuloza, hipromeloza (celulozna kapsula), FOS (fruktooligosaharidi), askorbil palmitat i silicijev dioksid.<\/p>\n<p>Ovaj proizvod je formuliran za pru\u017eanje potencije od 25 milijardi CFU kroz najbolji do sada.<\/p>\n<p>Nije proizvedeno sa sastojcima p\u0161enice, glutena, soje, mlijeka, jaja, ribe, \u0161koljka\u0161a ili ora\u0161astih plodova. Proizvedeno u GMP postrojenju koje obra\u0111uje druge sastojke koji sadr\u017ee te alergene.<\/p>\n<p>\u041f\u043e\u043f\u0435\u0440\u0435\u0434\u0436\u0435\u043d\u043d\u044f<\/p>\n<p>Posavjetujte se s lije\u010dnikom ako ste trudni\/dojite, uzimate lijekove (posebno lijekove za suzbijanje imuniteta) ili imate zdravstveno stanje (osobito ako je imunolo\u0161ki sustav ugro\u017een). \u010cuvati izvan dohvata djece.<\/p>\n<\/div>\n<\/div>","protected":false},"excerpt":{"rendered":"<ul>\n<li>10 probioti\u010dkih sojeva<br \/>\nZdrava crijevna flora<br \/>\nBez mlije\u010dnih proizvoda, soje i glutena<br \/>\nKlini\u010dki potvr\u0111eni sojevi<br \/>\n\u0411\u0435\u0437 \u0413\u041c\u041e<br \/>\n\u0414\u0456\u0454\u0442\u0438\u0447\u043d\u0430 \u0434\u043e\u0431\u0430\u0432\u043a\u0430<br \/>\nVegetarijanac\/vegan<br \/>\nKo\u0161er<br \/>\nProvjereno soj<br \/>\nProbavni<br \/>\nU obiteljskom vlasni\u0161tvu od 1968<br \/>\nZajam\u010dena GMP kvaliteta<\/li>\n<\/ul>","protected":false},"featured_media":6267,"comment_status":"open","ping_status":"closed","template":"","meta":{"inline_featured_image":false},"product_cat":[15,43,69],"product_tag":[],"class_list":{"0":"post-21","1":"product","2":"type-product","3":"status-publish","4":"has-post-thumbnail","6":"product_cat-supplements","7":"product_cat-digestive-support","8":"product_cat-probiotics","10":"first","11":"instock","12":"featured","13":"shipping-taxable","14":"purchasable","15":"product-type-variable","16":"has-default-attributes"},"_links":{"self":[{"href":"https:\/\/be-healthy.taniko.me\/uk\/wp-json\/wp\/v2\/product\/21","targetHints":{"allow":["GET"]}}],"collection":[{"href":"https:\/\/be-healthy.taniko.me\/uk\/wp-json\/wp\/v2\/product"}],"about":[{"href":"https:\/\/be-healthy.taniko.me\/uk\/wp-json\/wp\/v2\/types\/product"}],"replies":[{"embeddable":true,"href":"https:\/\/be-healthy.taniko.me\/uk\/wp-json\/wp\/v2\/comments?post=21"}],"wp:featuredmedia":[{"embeddable":true,"href":"https:\/\/be-healthy.taniko.me\/uk\/wp-json\/wp\/v2\/media\/6267"}],"wp:attachment":[{"href":"https:\/\/be-healthy.taniko.me\/uk\/wp-json\/wp\/v2\/media?parent=21"}],"wp:term":[{"taxonomy":"product_cat","embeddable":true,"href":"https:\/\/be-healthy.taniko.me\/uk\/wp-json\/wp\/v2\/product_cat?post=21"},{"taxonomy":"product_tag","embeddable":true,"href":"https:\/\/be-healthy.taniko.me\/uk\/wp-json\/wp\/v2\/product_tag?post=21"}],"curies":[{"name":"wp","href":"https:\/\/api.w.org\/{rel}","templated":true}]}}