{"id":22,"date":"2020-12-15T04:15:13","date_gmt":"2020-12-15T04:15:13","guid":{"rendered":"http:\/\/127.0.0.1\/wp56\/wp_core\/product\/import-placeholder-for-334\/"},"modified":"2024-11-05T14:17:03","modified_gmt":"2024-11-05T14:17:03","slug":"orange-juice-300ml","status":"publish","type":"product","link":"https:\/\/be-healthy.taniko.me\/uk\/product\/orange-juice-300ml\/","title":{"rendered":"California Gold Nutrition, LactoBif Probiotics, 30 Billion CFU, 60 Veggie Capsules"},"content":{"rendered":"<div class=\"row item-row\">\n<div class=\"col-xs-24\">\n<p>\u041e\u043f\u0438\u0441<\/p>\n<p>Va\u0161e tijelo je puno korisnih bakterija koje podr\u017eavaju va\u017ene funkcije, ali va\u0161 prirodni mikrobiom mo\u017ee postati neuravnote\u017een, \u0161to \u010desto rezultira neugodnim probavnim problemima. Probiotici California Gold Nutrition LactoBif\u00ae 30 mogu vam pomo\u0107i u odr\u017eavanju ravnote\u017ee crijeva uvo\u0111enjem vi\u0161e dobrih bakterija u va\u0161 sustav, \u0161to mo\u017ee pomo\u0107i u promicanju probavnog i imunolo\u0161kog zdravlja i potencijalno ubla\u017eiti uobi\u010dajene probavne simptome.*<\/p>\n<p>Prednosti uzimanja probiotika<br \/>\nOva za\u0161ti\u0107ena mje\u0161avina bakterija prepuna je nekoliko korisnih sojeva probiotika. Na\u0161a formula uklju\u010duje Lactobacillus acidophilus, jedan od najpoznatijih probiotika. Ovaj soj ima antimikrobna i antivirusna svojstva, \u0161to mo\u017ee pomo\u0107i u podr\u0161ci imunolo\u0161kog sustava i sprije\u010diti bolesti.* Osim toga, uklju\u010dili smo jo\u0161 jedan dobro poznati soj, Bifidobacterium longum, koji mo\u017ee pomo\u0107i u promicanju zdravlja crijeva kroz proizvodnju mlije\u010dne i octene kiseline kiselina.* Na\u0161a jedinstvena mje\u0161avina osmi\u0161ljena je za promicanje zdravlja probavnog sustava i mo\u017ee pomo\u0107i u smirivanju uobi\u010dajenih probavnih problema, poput \u017eelu\u010danih tegoba, plinova, zatvora, proljeva i nadutosti.<\/p>\n<p>Probiotici California Gold Nutrition Lactobif\u00ae 30 sadr\u017ee 8 aktivnih sojeva probiotika, uklju\u010duju\u0107i 5 laktobacila i 3 bifidobakterije. Svaka veggie kapsula sadr\u017ei 30 milijardi CFU za isporuku u\u010dinkovitog broja dobrih bakterija u tijelo.<\/p>\n<p>Uzmite 1 kapsulu dnevno, sa ili bez hrane. Najbolje kada se uzima prema uputama kvalificiranog zdravstvenog radnika.<\/p>\n<p>\u0406\u043d\u0448\u0456 \u0456\u043d\u0433\u0440\u0435\u0434\u0456\u0454\u043d\u0442\u0438<\/p>\n<p>Glavni sastojci<br \/>\nMje\u0161avina probioti\u010dkih bakterija.<\/p>\n<\/div>\n<\/div>\n<div class=\"row item-row\">\n<div class=\"col-xs-24\">\n<div class=\"prodOverviewIngred\">\n<p>\u0406\u043d\u0448\u0456 \u0456\u043d\u0433\u0440\u0435\u0434\u0456\u0454\u043d\u0442\u0438<br \/>\nMikrokristalna celuloza, modificirana celuloza (vege kapsula), silicijev dioksid (silicijev dioksid) i magnezijev stearat (izvor povr\u0107a koji nije GMO).<\/p>\n<p>Ovaj proizvod se ne proizvodi od mlijeka, jaja, ribe, rakova, ora\u0161astih plodova, kikirikija, p\u0161enice, soje, sezama ili glutena. Proizvedeno u revidiranom i registriranom objektu tre\u0107e strane koji je sukladan cGMP-u koji mo\u017ee prera\u0111ivati \u200b\u200bdruge proizvode koji sadr\u017ee ove alergene ili sastojke.<\/p>\n<p>\u041f\u043e\u043f\u0435\u0440\u0435\u0434\u0436\u0435\u043d\u043d\u044f<\/p>\n<p>\u010cuvati izvan dohvata djece. Posavjetujte se s ovla\u0161tenim lije\u010dnikom, ljekarnikom, naturopatom ili drugim kvalificiranim zdravstvenim radnikom prije uzimanja dodataka prehrani.<\/p>\n<p>Pojedina\u010dno zatvoren blister s dvostrukom folijom za kvalitetu i va\u0161u za\u0161titu. Nemojte koristiti ako je materijal za blister pakiranje probu\u0161en ili nedostaje. Najbolje \u010duvati na kontroliranoj sobnoj temperaturi od 20\u00baC do 25\u00baC (68\u00baF do 77\u00baF). Neodgovaraju\u0107i uvjeti skladi\u0161tenja, kao \u0161to je produ\u017eeno izlaganje izravnoj sun\u010devoj svjetlosti, visoka toplina i vlaga mogu uzrokovati degradaciju proizvoda tijekom vremena.<\/p>\n<p>Ja\u010dina zajam\u010dena do datuma isteka ako se \u010duva na hladnom i suhom mjestu na 77\u00baF (25\u00baC) ili ni\u017eoj. Hla\u0111enje nije potrebno, ali se toplo preporu\u010duje.\u00b2<\/p>\n<p>\u00b2Sobna temperatura, stabilno na polici: Najbolje \u010duvati na kontroliranoj sobnoj temperaturi 20\u00baC do 25\u00baC (68\u00baF do 77\u00baF) . Produljena izlo\u017eenost temperaturama skladi\u0161tenja vi\u0161im od preporu\u010denih mo\u017ee uzrokovati degradaciju proizvoda i smanjenje \u017eivih i aktivnih probioti\u010dkih bakterija. Ja\u010dina zajam\u010dena do datuma isteka ako se \u010duva na hladnom, suhom mjestu, na 77\u00b0F (25\u00b0C) ili ni\u017eoj.<\/p>\n<\/div>\n<\/div>\n<\/div>","protected":false},"excerpt":{"rendered":"<ul>\n<li>California Gold Nutrition LactoBif\u00ae 30 probiotici<br \/>\nSadr\u017ei 8 aktivnih probioti\u010dkih sojeva, uklju\u010duju\u0107i 5 laktobacila i 3 bifidobakterije<br \/>\nS 30 milijardi CFU po kapsuli<br \/>\nPodr\u017eava zdravlje probave i crijeva*<br \/>\nPromi\u010de zdravlje imunolo\u0161kog sustava*<br \/>\nPogodno za vegetarijance<br \/>\nPojedina\u010dno zatvoren blister s dvostrukom folijom<br \/>\nFormulirano bez mlije\u010dnih proizvoda, glutena, GMO-a ili soje<br \/>\nProizvedeno u cGMP registriranom (certificiranom) pogonu tre\u0107e strane<br \/>\n100% zlatno jamstvo<\/li>\n<\/ul>","protected":false},"featured_media":6252,"comment_status":"open","ping_status":"closed","template":"","meta":{"inline_featured_image":false},"product_cat":[15,43,69],"product_tag":[],"class_list":{"0":"post-22","1":"product","2":"type-product","3":"status-publish","4":"has-post-thumbnail","6":"product_cat-supplements","7":"product_cat-digestive-support","8":"product_cat-probiotics","10":"first","11":"instock","12":"featured","13":"shipping-taxable","14":"purchasable","15":"product-type-simple"},"_links":{"self":[{"href":"https:\/\/be-healthy.taniko.me\/uk\/wp-json\/wp\/v2\/product\/22","targetHints":{"allow":["GET"]}}],"collection":[{"href":"https:\/\/be-healthy.taniko.me\/uk\/wp-json\/wp\/v2\/product"}],"about":[{"href":"https:\/\/be-healthy.taniko.me\/uk\/wp-json\/wp\/v2\/types\/product"}],"replies":[{"embeddable":true,"href":"https:\/\/be-healthy.taniko.me\/uk\/wp-json\/wp\/v2\/comments?post=22"}],"wp:featuredmedia":[{"embeddable":true,"href":"https:\/\/be-healthy.taniko.me\/uk\/wp-json\/wp\/v2\/media\/6252"}],"wp:attachment":[{"href":"https:\/\/be-healthy.taniko.me\/uk\/wp-json\/wp\/v2\/media?parent=22"}],"wp:term":[{"taxonomy":"product_cat","embeddable":true,"href":"https:\/\/be-healthy.taniko.me\/uk\/wp-json\/wp\/v2\/product_cat?post=22"},{"taxonomy":"product_tag","embeddable":true,"href":"https:\/\/be-healthy.taniko.me\/uk\/wp-json\/wp\/v2\/product_tag?post=22"}],"curies":[{"name":"wp","href":"https:\/\/api.w.org\/{rel}","templated":true}]}}