{"id":23,"date":"2020-12-15T04:15:13","date_gmt":"2020-12-15T04:15:13","guid":{"rendered":"http:\/\/127.0.0.1\/wp56\/wp_core\/product\/import-placeholder-for-335\/"},"modified":"2024-11-05T14:20:26","modified_gmt":"2024-11-05T14:20:26","slug":"mighty-mango","status":"publish","type":"product","link":"https:\/\/be-healthy.taniko.me\/uk\/product\/mighty-mango\/","title":{"rendered":"Life Extension, Curcumin Elite, Turmeric Extract, 60 Vegetarian Capsules"},"content":{"rendered":"<div class=\"row item-row\">\n<div class=\"col-xs-24\">\n<p>\u041e\u043f\u0438\u0441<br \/>\n\u0411\u0435\u0437 \u0433\u043b\u044e\u0442\u0435\u043d\u0443<br \/>\nNon-GMO LE certificiran<br \/>\nDo 45,5 puta ve\u0107a bioraspolo\u017eivost<br \/>\n\u0414\u0456\u0454\u0442\u0438\u0447\u043d\u0430 \u0434\u043e\u0431\u0430\u0432\u043a\u0430<\/p>\n<p>Kurkuminoidi su spojevi u kurkuminu koji poma\u017eu u inhibiciji upale za podr\u0161ku zdravlju zglobova i vitalnih organa, promi\u010du zdrav imunolo\u0161ki odgovor, poti\u010du zdravlje srca i pru\u017eaju mo\u0107nu stani\u010dnu za\u0161titu od slobodnih radikala. Ali ukupna koli\u010dina slobodnih kurkuminoida isporu\u010denih standardnim kurkuminom je niska.<\/p>\n<p>Proveli smo godine u potrazi za vrhunskim, visoko bioraspolo\u017eivim oblikom kurkumina, onim koji donosi maksimalne zdravstvene prednosti kako biste vi mogli napredovati. Da bismo to u\u010dinili, morali smo prona\u0107i tehnologiju koja \u0161titi kurkuminoide tijekom probave i isporu\u010duje vi\u0161e slobodnih kurkuminoida po dozi.<\/p>\n<p>Piskavica poma\u017ee u inhibiciji konjugacije<\/p>\n<p>Jednom kada u\u0111u u tijelo, kurkuminoidni spojevi prolaze konjugaciju, normalnu kemijsku reakciju u kojoj se jedan spoj ve\u017ee za drugi. To je problemati\u010dno jer konjugirani kurkuminoidi ne moraju nu\u017eno imati iste zdravstvene prednosti kao oni koji nisu konjugirani.<\/p>\n<p>Ekstrakt kurkume Curcumin Elite\u2122 \u0161titi kurkuminoide od konjugacije kombiniraju\u0107i kurkumin s galaktomananima, vrstom vlakana dobivenih iz sjemenki piskavice. Klini\u010dki i pretklini\u010dki podaci pokazuju da na taj na\u010din proizvodi 45,5 puta ve\u0107u bioraspolo\u017eivost i \u0161iru distribuciju slobodnih kurkuminoida u tkivima nego neformulirani kurkumin.<\/p>\n<p>U klini\u010dkoj studiji, vi\u0161e od 70% ukupnih kurkuminoida u plazmi bilo je jo\u0161 u slobodnom obliku pet sati nakon ingestije. To se prevodi u sveobuhvatniju potporu zdravlju cijelog tijela od dodatka kurkumina.<\/p>\n<div>\n<p>Vrhunski kurkumin, odgovorno nabavljen<\/p>\n<p>Ukupna koli\u010dina slobodnih kurkuminoida koju isporu\u010duje standardni kurkumin (kao \u0161to je onaj u na\u0161oj prethodnoj formulaciji) je niska. Stoga smo se prebacili na Curcumin Elite\u2122 kako bismo na\u0161im kupcima pru\u017eili najbolji mogu\u0107i dodatak prehrani s kurkuminom.<\/p>\n<p>Tako\u0111er je vrijedno napomenuti da kurkumin u Curcumin Elite\u2122 potje\u010de iz mno\u0161tva odgovornih poljoprivrednih kolektiva u Indiji. Curcumin Elite\u2122 zatim se proizvodi putem FenuMAT\u2122, patentirane, ekolo\u0161ki prihvatljive tehnologije ekstrakcije na bazi vode (bez otapala ili kemikalija) tijekom koje se kombinira s vlaknima piskavice.<\/p>\n<p>Zdravstvene prednosti kurkumina<\/p>\n<p>Inhibira upalne \u010dimbenike\u2014ekstrakt kurkumina inhibira upalne \u010dimbenike za promicanje zdravlja zglobova i vitalnih organa.<\/p>\n<p>Kurkumin tako\u0111er inhibira metabolizam arahidonske kiseline, kao i aktivnosti ciklooksigenaze, lipoksigenaze i citokina za promicanje zdravog upalnog odgovora.<\/p>\n<p>Zdravlje mozga i imunolo\u0161kog sustava\u2014ekstrakt kurkumina inhibira upalne \u010dimbenike u tijelu kako bi pospje\u0161io zdravlje imunolo\u0161kog sustava. Kurkumin tako\u0111er mo\u017ee koristiti va\u0161em umu: studije pokazuju da kurkumin podr\u017eava zdravu funkciju mozga i nudi neuro-za\u0161titne prednosti.<\/p>\n<p>Zdravlje probave, zglobova i gu\u0161tera\u010de\u2014Dokazi upu\u0107uju na to da kurkumin poma\u017ee u promicanju zdrave funkcije crijeva i zdravlja zglobova. Kurkumin tako\u0111er podr\u017eava zdravu funkciju gu\u0161tera\u010de poti\u010du\u0107i zdravlje oto\u010di\u0107a gu\u0161tera\u010de.<\/p>\n<p>Stani\u010dna podr\u0161ka protiv slobodnih radikala\u2014Kurkumin tako\u0111er pru\u017ea stani\u010dnu za\u0161titu od slobodnih radikala. Kurkumin tako\u0111er podr\u017eava zdrave razine kolesterola ve\u0107 unutar normalnog raspona, inhibira upalu za promicanje kardiovaskularnog zdravlja i vi\u0161e.<\/p>\n<\/div>\n<\/div>\n<\/div>\n<div class=\"row item-row\">\n<div class=\"col-xs-24\">\n<p>\u0420\u0435\u043a\u043e\u043c\u0435\u043d\u0434\u0430\u0446\u0456\u0457 \u0456\u0437 \u0437\u0430\u0441\u0442\u043e\u0441\u0443\u0432\u0430\u043d\u043d\u044f<\/p>\n<p>Pro\u010ditajte cijelu etiketu i pa\u017eljivo slijedite upute prije uporabe.<\/p>\n<p>Uzmite jednu (1) kapsulu dnevno ili prema preporuci lije\u010dnika.<\/p>\n<p>\u0406\u043d\u0448\u0456 \u0456\u043d\u0433\u0440\u0435\u0434\u0456\u0454\u043d\u0442\u0438<br \/>\nMikrokristalna celuloza, biljna celuloza (kapsula), biljni stearat, silicij.<br \/>\n\u041f\u043e\u043f\u0435\u0440\u0435\u0434\u0436\u0435\u043d\u043d\u044f<br \/>\n\u010cuvati izvan dohvata djece.<br \/>\nNemojte prekora\u010diti preporu\u010denu dozu.<br \/>\nNe kupujte ako je vanjski pe\u010dat slomljen ili o\u0161te\u0107en.<br \/>\nPrilikom kori\u0161tenja dodataka prehrani posavjetujte se sa svojim lije\u010dnikom ako ste podvrgnuti lije\u010denju zbog nekog zdravstvenog stanja ili ako ste trudni ili dojite.<\/p>\n<p>\u010cuvati dobro zatvoreno na hladnom i suhom mjestu.<\/p>\n<\/div>\n<\/div>\n<h6 class=\"a-spacing-mini\"><\/h6>","protected":false},"excerpt":{"rendered":"<ul>\n<li>\u0411\u0435\u0437 \u0433\u043b\u044e\u0442\u0435\u043d\u0443<br \/>\nNon-GMO LE certificiran<br \/>\nDo 45,5 puta ve\u0107a bioraspolo\u017eivost<br \/>\n\u0414\u0456\u0454\u0442\u0438\u0447\u043d\u0430 \u0434\u043e\u0431\u0430\u0432\u043a\u0430<\/li>\n<\/ul>","protected":false},"featured_media":6248,"comment_status":"open","ping_status":"closed","template":"","meta":{"inline_featured_image":false},"product_cat":[15,57,42,31,60,40],"product_tag":[],"class_list":{"0":"post-23","1":"product","2":"type-product","3":"status-publish","4":"has-post-thumbnail","6":"product_cat-supplements","7":"product_cat-antioxidants","8":"product_cat-bone-joint-cartilage","9":"product_cat-brain-cognitive","10":"product_cat-curcumin","11":"product_cat-immune-support","13":"first","14":"instock","15":"featured","16":"shipping-taxable","17":"purchasable","18":"product-type-simple"},"_links":{"self":[{"href":"https:\/\/be-healthy.taniko.me\/uk\/wp-json\/wp\/v2\/product\/23","targetHints":{"allow":["GET"]}}],"collection":[{"href":"https:\/\/be-healthy.taniko.me\/uk\/wp-json\/wp\/v2\/product"}],"about":[{"href":"https:\/\/be-healthy.taniko.me\/uk\/wp-json\/wp\/v2\/types\/product"}],"replies":[{"embeddable":true,"href":"https:\/\/be-healthy.taniko.me\/uk\/wp-json\/wp\/v2\/comments?post=23"}],"wp:featuredmedia":[{"embeddable":true,"href":"https:\/\/be-healthy.taniko.me\/uk\/wp-json\/wp\/v2\/media\/6248"}],"wp:attachment":[{"href":"https:\/\/be-healthy.taniko.me\/uk\/wp-json\/wp\/v2\/media?parent=23"}],"wp:term":[{"taxonomy":"product_cat","embeddable":true,"href":"https:\/\/be-healthy.taniko.me\/uk\/wp-json\/wp\/v2\/product_cat?post=23"},{"taxonomy":"product_tag","embeddable":true,"href":"https:\/\/be-healthy.taniko.me\/uk\/wp-json\/wp\/v2\/product_tag?post=23"}],"curies":[{"name":"wp","href":"https:\/\/api.w.org\/{rel}","templated":true}]}}