{"id":24,"date":"2020-12-15T04:15:13","date_gmt":"2020-12-15T04:15:13","guid":{"rendered":"http:\/\/127.0.0.1\/wp56\/wp_core\/product\/import-placeholder-for-330\/"},"modified":"2024-11-05T14:24:01","modified_gmt":"2024-11-05T14:24:01","slug":"apricot-ram-500ml","status":"publish","type":"product","link":"https:\/\/be-healthy.taniko.me\/uk\/product\/apricot-ram-500ml\/","title":{"rendered":"Doctor&#8217;s Best, Curcumin Phytosome with Meriva, 500 mg, 60 Veggie Caps"},"content":{"rendered":"<ul>\n<li>\n<div class=\"row item-row\">\n<div class=\"col-xs-24\">\n<p>\u041e\u043f\u0438\u0441<br \/>\n\u041d\u0430\u0443\u043a\u043e\u0432\u043e \u043e\u0431\u0491\u0440\u0443\u043d\u0442\u043e\u0432\u0430\u043d\u0435 \u0445\u0430\u0440\u0447\u0443\u0432\u0430\u043d\u043d\u044f<br \/>\nMeriva\u00ae &#8211; bioraspolo\u017eivi kurkumin<br \/>\nPoma\u017ee u promicanju zdravih zglobova<br \/>\nVegansko \/ bez GMO \/ bez glutena \/ bez soje<br \/>\n\u0414\u0456\u0454\u0442\u0438\u0447\u043d\u0430 \u0434\u043e\u0431\u0430\u0432\u043a\u0430<\/p>\n<p>Doctor&#8217;s Best Curcumin Phytosome\u00ae s Merivom\u00ae koristi patentiranu Phytosome\u00ae tehnologiju koja omogu\u0107uje u\u010dinkovitiju apsorpciju hranjivih tvari kurkumina (kurkuminoidi). Kurkumin je \u017euti pigment kurkume i ima dugu povijest u ayurvedskoj i kineskoj medicini. Kao sna\u017ean antioksidans i hvata\u010d slobodnih radikala, ima mnoge tradicionalne namjene. Kurkumin je jedan od najistra\u017eivanijih botanika u literaturi. Curcumin Phytosome\u00ae, sa suncokretovim lecitinom, nudi vrhunsku bioraspolo\u017eivost.<\/p>\n<p>Poma\u017ee u isporuci kurkuminoida s pobolj\u0161anom stabilno\u0161\u0107u i superiornom bioraspolo\u017eivo\u0161\u0107u<br \/>\nPoma\u017ee u promicanju zdravog funkcioniranja zglobova, o\u010diju, prostate i drugih organa<br \/>\nPoma\u017ee u podr\u0161ci zdravom upravljanju antioksidativnom obranom<br \/>\n\u0420\u0435\u043a\u043e\u043c\u0435\u043d\u0434\u0430\u0446\u0456\u0457 \u0456\u0437 \u0437\u0430\u0441\u0442\u043e\u0441\u0443\u0432\u0430\u043d\u043d\u044f<\/p>\n<p>Upotreba za odrasle: Uzmite 2 kapsule dnevno, uz hranu ili prema preporuci lije\u010dnika nutricionista.<\/p>\n<p>\u0406\u043d\u0448\u0456 \u0456\u043d\u0433\u0440\u0435\u0434\u0456\u0454\u043d\u0442\u0438<\/p>\n<p>Hipromeloza (vegetarijanska kapsula), celuloza, magnezijev stearat (biljni izvor), silicijev dioksid.<\/p>\n<p>\u041f\u043e\u043f\u0435\u0440\u0435\u0434\u0436\u0435\u043d\u043d\u044f<\/p>\n<p>\u010cuvati izvan dohvata djece.<\/p>\n<p>\u0417\u0431\u0435\u0440\u0456\u0433\u0430\u0442\u0438 \u0432 \u0441\u0443\u0445\u043e\u043c\u0443 \u043f\u0440\u043e\u0445\u043e\u043b\u043e\u0434\u043d\u043e\u043c\u0443 \u043c\u0456\u0441\u0446\u0456.<\/p>\n<\/div>\n<\/div>\n<\/li>\n<\/ul>","protected":false},"excerpt":{"rendered":"<ul>\n<li>\u041d\u0430\u0443\u043a\u043e\u0432\u043e \u043e\u0431\u0491\u0440\u0443\u043d\u0442\u043e\u0432\u0430\u043d\u0435 \u0445\u0430\u0440\u0447\u0443\u0432\u0430\u043d\u043d\u044f<br \/>\nMeriva\u00ae &#8211; bioraspolo\u017eivi kurkumin<br \/>\nPoma\u017ee u promicanju zdravih zglobova<br \/>\nVegansko \/ bez GMO \/ bez glutena \/ bez soje<br \/>\n\u0414\u0456\u0454\u0442\u0438\u0447\u043d\u0430 \u0434\u043e\u0431\u0430\u0432\u043a\u0430<\/li>\n<\/ul>","protected":false},"featured_media":6244,"comment_status":"open","ping_status":"closed","template":"","meta":{"inline_featured_image":false},"product_cat":[15,57,31,60,40],"product_tag":[],"class_list":{"0":"post-24","1":"product","2":"type-product","3":"status-publish","4":"has-post-thumbnail","6":"product_cat-supplements","7":"product_cat-antioxidants","8":"product_cat-brain-cognitive","9":"product_cat-curcumin","10":"product_cat-immune-support","12":"first","13":"instock","14":"featured","15":"shipping-taxable","16":"purchasable","17":"product-type-simple"},"_links":{"self":[{"href":"https:\/\/be-healthy.taniko.me\/uk\/wp-json\/wp\/v2\/product\/24","targetHints":{"allow":["GET"]}}],"collection":[{"href":"https:\/\/be-healthy.taniko.me\/uk\/wp-json\/wp\/v2\/product"}],"about":[{"href":"https:\/\/be-healthy.taniko.me\/uk\/wp-json\/wp\/v2\/types\/product"}],"replies":[{"embeddable":true,"href":"https:\/\/be-healthy.taniko.me\/uk\/wp-json\/wp\/v2\/comments?post=24"}],"wp:featuredmedia":[{"embeddable":true,"href":"https:\/\/be-healthy.taniko.me\/uk\/wp-json\/wp\/v2\/media\/6244"}],"wp:attachment":[{"href":"https:\/\/be-healthy.taniko.me\/uk\/wp-json\/wp\/v2\/media?parent=24"}],"wp:term":[{"taxonomy":"product_cat","embeddable":true,"href":"https:\/\/be-healthy.taniko.me\/uk\/wp-json\/wp\/v2\/product_cat?post=24"},{"taxonomy":"product_tag","embeddable":true,"href":"https:\/\/be-healthy.taniko.me\/uk\/wp-json\/wp\/v2\/product_tag?post=24"}],"curies":[{"name":"wp","href":"https:\/\/api.w.org\/{rel}","templated":true}]}}