{"id":25,"date":"2020-12-15T04:15:13","date_gmt":"2020-12-15T04:15:13","guid":{"rendered":"http:\/\/127.0.0.1\/wp56\/wp_core\/product\/import-placeholder-for-329\/"},"modified":"2024-11-05T14:22:01","modified_gmt":"2024-11-05T14:22:01","slug":"veg-juice-110ml","status":"publish","type":"product","link":"https:\/\/be-healthy.taniko.me\/uk\/product\/veg-juice-110ml\/","title":{"rendered":"Sports Research, Turmeric Curcumin, 500 mg, 120 Softgels"},"content":{"rendered":"<div class=\"row item-row\">\n<div class=\"col-xs-24\">\n<p>\u041e\u043f\u0438\u0441<\/p>\n<p>SR\u00ae Kurkuma Kurkumin koji sadr\u017ei C3 Complex\u00ae, vrhunski oblik kurkumina, standardiziran na 475 mg kurkuminoida po mekoj gelu i u kombinaciji s djevi\u010danskim kokosovim uljem i BioPerine\u00ae (ekstrakt crnog papra).<\/p>\n<p>\u0420\u0435\u043a\u043e\u043c\u0435\u043d\u0434\u0430\u0446\u0456\u0457 \u0456\u0437 \u0437\u0430\u0441\u0442\u043e\u0441\u0443\u0432\u0430\u043d\u043d\u044f<\/p>\n<p>Odrasli uzimaju 1 softgel 1-3 puta dnevno s hranom ili prema preporuci kvalificiranog zdravstvenog djelatnika.<\/p>\n<p>\u0406\u043d\u0448\u0456 \u0456\u043d\u0433\u0440\u0435\u0434\u0456\u0454\u043d\u0442\u0438<\/p>\n<p>Organsko djevi\u010dansko kokosovo ulje, softgel kapsula (\u017eelatina, biljni glicerin, pro\u010di\u0161\u0107ena voda), organski p\u010delinji vosak.<\/p>\n<p>Sadr\u017ei: ora\u0161asti plodovi (kokos).<\/p>\n<p>\u041f\u043e\u043f\u0435\u0440\u0435\u0434\u0436\u0435\u043d\u043d\u044f<\/p>\n<p>\u010cuvati izvan dohvata djece i ku\u0107nih ljubimaca. Posavjetujte se s kvalificiranim zdravstvenim radnikom prije kori\u0161tenja ovog proizvoda, osobito ako ste trudni, dojite, imate dijagnosticirana medicinska stanja ili uzimate lijekove na recept. Nemojte prekora\u010diti preporu\u010deni dnevni unos. Nemojte koristiti ako je sigurnosna brtva o\u0161te\u0107ena ili nedostaje. \u010cuvati na sobnoj temperaturi, na suhom mjestu. Za\u0161titite proizvod od prekomjerne topline, smrzavanja, vlage i svjetlosti.<\/p>\n<\/div>\n<\/div>","protected":false},"excerpt":{"rendered":"<ul>\n<li>C3 Complex\u00ae<br \/>\n500 mg kurkume<br \/>\n475 mg kurkuminoida<br \/>\nS Bioperine\u00ae ekstraktom crnog papra<br \/>\nS kokosovim uljem<br \/>\n\u0414\u0456\u0454\u0442\u0438\u0447\u043d\u0430 \u0434\u043e\u0431\u0430\u0432\u043a\u0430<\/p>\n<p>Kvaliteta je va\u017ena:<\/p>\n<p>Igen\u2122 testiran bez GMO-a<br \/>\n\u0411\u0435\u0437 \u0433\u043b\u044e\u0442\u0435\u043d\u0443<br \/>\nTestirana tre\u0107a strana<br \/>\nSukladno cGMP-u<\/li>\n<\/ul>","protected":false},"featured_media":6241,"comment_status":"open","ping_status":"closed","template":"","meta":{"inline_featured_image":false},"product_cat":[15,57,42,31,60,40],"product_tag":[],"class_list":{"0":"post-25","1":"product","2":"type-product","3":"status-publish","4":"has-post-thumbnail","6":"product_cat-supplements","7":"product_cat-antioxidants","8":"product_cat-bone-joint-cartilage","9":"product_cat-brain-cognitive","10":"product_cat-curcumin","11":"product_cat-immune-support","13":"first","14":"instock","15":"featured","16":"shipping-taxable","17":"purchasable","18":"product-type-simple"},"_links":{"self":[{"href":"https:\/\/be-healthy.taniko.me\/uk\/wp-json\/wp\/v2\/product\/25","targetHints":{"allow":["GET"]}}],"collection":[{"href":"https:\/\/be-healthy.taniko.me\/uk\/wp-json\/wp\/v2\/product"}],"about":[{"href":"https:\/\/be-healthy.taniko.me\/uk\/wp-json\/wp\/v2\/types\/product"}],"replies":[{"embeddable":true,"href":"https:\/\/be-healthy.taniko.me\/uk\/wp-json\/wp\/v2\/comments?post=25"}],"wp:featuredmedia":[{"embeddable":true,"href":"https:\/\/be-healthy.taniko.me\/uk\/wp-json\/wp\/v2\/media\/6241"}],"wp:attachment":[{"href":"https:\/\/be-healthy.taniko.me\/uk\/wp-json\/wp\/v2\/media?parent=25"}],"wp:term":[{"taxonomy":"product_cat","embeddable":true,"href":"https:\/\/be-healthy.taniko.me\/uk\/wp-json\/wp\/v2\/product_cat?post=25"},{"taxonomy":"product_tag","embeddable":true,"href":"https:\/\/be-healthy.taniko.me\/uk\/wp-json\/wp\/v2\/product_tag?post=25"}],"curies":[{"name":"wp","href":"https:\/\/api.w.org\/{rel}","templated":true}]}}