{"id":27,"date":"2020-12-15T04:15:14","date_gmt":"2020-12-15T04:15:14","guid":{"rendered":"http:\/\/127.0.0.1\/wp56\/wp_core\/product\/import-placeholder-for-337\/"},"modified":"2024-11-05T14:11:31","modified_gmt":"2024-11-05T14:11:31","slug":"mango-juice","status":"publish","type":"product","link":"https:\/\/be-healthy.taniko.me\/uk\/product\/mango-juice\/","title":{"rendered":"Swanson, Full Spectrum Turmeric, 720 mg, 100 Capsules"},"content":{"rendered":"<div class=\"row item-row\">\n<div class=\"col-xs-24\">\n<p>\u041e\u043f\u0438\u0441<\/p>\n<p>Swanson kurkuma \u0161titi va\u0161u jetru i probavni sustav! Dok kuhari mo\u017eda najvi\u0161e poznaju kurkumu kao za\u010din koji se koristi u curryjima, travari je poznaju kao izvanredan tonik za jetru i gastrointestinalni sustav. \u010cini se da je klju\u010d dobrobiti kurkume njena visoka koncentracija prirodnih spojeva poznatih kao kurkuminoidi, koji posjeduju sna\u017ena antioksidativna svojstva.<\/p>\n<p>\u0420\u0435\u043a\u043e\u043c\u0435\u043d\u0434\u0430\u0446\u0456\u0457 \u0456\u0437 \u0437\u0430\u0441\u0442\u043e\u0441\u0443\u0432\u0430\u043d\u043d\u044f<\/p>\n<p>Kao dodatak prehrani, uzmite dvije kapsule jednom dnevno s vodom.<\/p>\n<p>\u0406\u043d\u0448\u0456 \u0456\u043d\u0433\u0440\u0435\u0434\u0456\u0454\u043d\u0442\u0438<\/p>\n<p>\u017delatina, magnezijev stearat.<\/p>\n<p>\u041f\u043e\u043f\u0435\u0440\u0435\u0434\u0436\u0435\u043d\u043d\u044f<\/p>\n<p>Samo za odrasle. Posavjetujte se sa svojim lije\u010dnikom prije kori\u0161tenja ovog ili bilo kojeg proizvoda ako ste trudni ili dojite, uzimate lijekove ili imate zdravstveno stanje, osobito ako imate ili ste imali problema sa \u017eu\u010dnim mjehurom. Prekinite kori\u0161tenje ako osjetite gastrointestinalnu nelagodu.<\/p>\n<p>\u010cuvati izvan dohvata djece. Nemojte koristiti ako je pe\u010dat o\u0161te\u0107en. \u010cuvati na hladnom i suhom mjestu.<\/p>\n<\/div>\n<\/div>","protected":false},"excerpt":{"rendered":"<ul>\n<li>Zdravlje i pokretljivost zglobova<br \/>\n720 mg po kapsuli<br \/>\nBiljni dodatak<br \/>\nPodr\u017eava zdravlje ko\u017ee plus zdravlje zglobova, kretanje i fizi\u010dku funkciju<br \/>\nNudi antioksidacijsku podr\u0161ku<br \/>\nZnanstveno potkrijepljena kvaliteta od 1969<\/li>\n<\/ul>","protected":false},"featured_media":6239,"comment_status":"open","ping_status":"closed","template":"","meta":{"inline_featured_image":false},"product_cat":[15,57,42,31,60,40],"product_tag":[],"class_list":{"0":"post-27","1":"product","2":"type-product","3":"status-publish","4":"has-post-thumbnail","6":"product_cat-supplements","7":"product_cat-antioxidants","8":"product_cat-bone-joint-cartilage","9":"product_cat-brain-cognitive","10":"product_cat-curcumin","11":"product_cat-immune-support","13":"first","14":"instock","15":"featured","16":"shipping-taxable","17":"purchasable","18":"product-type-simple"},"_links":{"self":[{"href":"https:\/\/be-healthy.taniko.me\/uk\/wp-json\/wp\/v2\/product\/27","targetHints":{"allow":["GET"]}}],"collection":[{"href":"https:\/\/be-healthy.taniko.me\/uk\/wp-json\/wp\/v2\/product"}],"about":[{"href":"https:\/\/be-healthy.taniko.me\/uk\/wp-json\/wp\/v2\/types\/product"}],"replies":[{"embeddable":true,"href":"https:\/\/be-healthy.taniko.me\/uk\/wp-json\/wp\/v2\/comments?post=27"}],"wp:featuredmedia":[{"embeddable":true,"href":"https:\/\/be-healthy.taniko.me\/uk\/wp-json\/wp\/v2\/media\/6239"}],"wp:attachment":[{"href":"https:\/\/be-healthy.taniko.me\/uk\/wp-json\/wp\/v2\/media?parent=27"}],"wp:term":[{"taxonomy":"product_cat","embeddable":true,"href":"https:\/\/be-healthy.taniko.me\/uk\/wp-json\/wp\/v2\/product_cat?post=27"},{"taxonomy":"product_tag","embeddable":true,"href":"https:\/\/be-healthy.taniko.me\/uk\/wp-json\/wp\/v2\/product_tag?post=27"}],"curies":[{"name":"wp","href":"https:\/\/api.w.org\/{rel}","templated":true}]}}