{"id":29,"date":"2020-12-15T04:15:15","date_gmt":"2020-12-15T04:15:15","guid":{"rendered":"http:\/\/127.0.0.1\/wp56\/wp_core\/product\/import-placeholder-for-331\/"},"modified":"2024-11-05T14:04:39","modified_gmt":"2024-11-05T14:04:39","slug":"penut-butter","status":"publish","type":"product","link":"https:\/\/be-healthy.taniko.me\/uk\/product\/penut-butter\/","title":{"rendered":"Natural Factors, CurcuminRich, Theracurmin, 120 Vegetarian Capsules"},"content":{"rendered":"<div class=\"row item-row\">\n<div class=\"col-xs-24\">\n<p>\u041e\u043f\u0438\u0441<\/p>\n<p>Kada se konzumira oralno, apsorpcija (bioraspolo\u017eivost) obi\u010dnog kurkumina je prili\u010dno lo\u0161a. Razlog je taj \u0161to je kurkumin relativno netopljiv u vodi te se brzo transformira i izlu\u010duje iz tijela. Slaba apsorpcija bila je razlog za\u0161to nisu sve klini\u010dke studije pokazale da je obi\u010dni kurkumin u\u010dinkovit \u010dak i kada su davane izuzetno velike doze.<\/p>\n<p>Ali CurcuminRich sadr\u017ei Theracurmin &#8211; prirodni pripravak koji koristi napredne tehnike za smanjenje veli\u010dine \u010destica kurkumina unutar biljne gume (gum ghatti) kako bi se dramati\u010dno pove\u0107ala njegova topljivost i bioraspolo\u017eivost. Detaljne studije apsorpcije dokazale su da je Theracurmin oblik kurkumina koji se najbolje apsorbira na tr\u017ei\u0161tu. \u2021 Ova pobolj\u0161ana apsorpcija s Theracurminom izuzetno je va\u017ena za postizanje zdravstvenih dobrobiti koje kurkumin pru\u017ea.<\/p>\n<p>Veliki napredak u apsorpciji kurkumina!<\/p>\n<p>Nije va\u017eno koliko \u0107ete uzeti, va\u017eno je koliko \u0107ete apsorbirati!<\/p>\n<p>Theracurmin predstavlja veliko znanstveno otkri\u0107e i broj 1 apsorbirani je oblik kurkumina. \u2021 Napokon se mo\u0107ne zdravstvene dobrobiti kurkumina mogu u potpunosti spoznati!<\/p>\n<p>Kori\u0161tenje napredne tehnologije za sigurno i u\u010dinkovito:<\/p>\n<p>Podr\u017eava prirodnu upalnu reakciju tijela<br \/>\nIspoljava sna\u017eno antioksidativno djelovanje<br \/>\nPodr\u017eava zdravlje i funkciju zglobova<br \/>\nPromovirajte zdravlje srca i krvo\u017eilnog sustava<\/p>\n<div>\n<p>Kurkumin je \u017euti pigment u kurkumi s mnogim cijenjenim zdravstvenim prednostima, ali ga tijelo te\u0161ko apsorbira. Theracurmin je prirodni pripravak kurkumina koji koristi napredne tehnike za smanjenje veli\u010dine \u010destica kurkumina, dramati\u010dno pove\u0107avaju\u0107i njegovu topljivost i bioraspolo\u017eivost. Detaljne studije apsorpcije dokazale su da je Theracurmin oblik kurkumina koji se najbolje apsorbira na tr\u017ei\u0161tu. \u2021<\/p>\n<p>\u2021 Znanstveno ispitivanje otkrilo je da je Theracurmin bioraspolo\u017eiviji u odnosu miligram na miligram od drugih vode\u0107ih^ pobolj\u0161anih i uobi\u010dajenih oblika kurkumina.<\/p>\n<p>^Izmjereno prema podacima SPINS-a 2014.<\/p>\n<p>Isura\u2122:<br \/>\nNon-GMO: Dokumentacija<br \/>\nSpecifikacija mase: Laboratorijski ispitano<\/p>\n<p>\u0420\u0435\u043a\u043e\u043c\u0435\u043d\u0434\u0430\u0446\u0456\u0457 \u0456\u0437 \u0437\u0430\u0441\u0442\u043e\u0441\u0443\u0432\u0430\u043d\u043d\u044f<\/p>\n<p>1 kapsula do 2 puta dnevno ili prema uputama zdravstvenog radnika.<\/p>\n<p>\u0406\u043d\u0448\u0456 \u0456\u043d\u0433\u0440\u0435\u0434\u0456\u0454\u043d\u0442\u0438<\/p>\n<p>Mikrokristalna celuloza, vegetarijanska kapsula (ugljikohidratna guma [celuloza], pro\u010di\u0161\u0107ena voda), magnezijev stearat (biljnog stupnja), silicij.<\/p>\n<p>Ne sadr\u017ei umjetna bojila, konzervanse ni sladila; bez mlije\u010dnih proizvoda, \u0161kroba, \u0161e\u0107era, p\u0161enice, glutena, kvasca, soje, jaja, ribe, \u0161koljki, \u017eivotinjskih proizvoda, soli, ora\u0161astih plodova ili GMO-a.<\/p>\n<p>Proizveden od strane Natural Factors kako bi se osigurala sigurnost i u\u010dinkovitost u skladu s dobrim proizvo\u0111a\u010dkim praksama (GMP) FDA i Health Canada.<\/p>\n<p>\u041f\u043e\u043f\u0435\u0440\u0435\u0434\u0436\u0435\u043d\u043d\u044f<\/p>\n<p>Kao i kod svakog drugog dodatka, posavjetujte se sa svojim zdravstvenim radnikom prije upotrebe ako ste trudni, dojite ili poku\u0161avate zatrudnjeti, ili ako uzimate lijekove, imate zdravstveno stanje ili o\u010dekujete operaciju. \u010cuvati izvan dohvata djece.<\/p>\n<p>Zatvoreno za va\u0161u za\u0161titu. Nemojte koristiti ako je pe\u010dat o\u0161te\u0107en. Za svje\u017einu \u010duvajte na hladnom i suhom mjestu.<\/p>\n<\/div>\n<\/div>\n<\/div>","protected":false},"excerpt":{"rendered":"<ul>\n<li>\u0414\u0456\u0454\u0442\u0438\u0447\u043d\u0430 \u0434\u043e\u0431\u0430\u0432\u043a\u0430<br \/>\n#1 Apsorbirani oblik kurkumina\u2021<br \/>\nZdrava reakcija na upalu<br \/>\nPrikladno za vegetarijance\/vegane<br \/>\n\u010cisto\u0107a i snaga zajam\u010dena<\/li>\n<\/ul>","protected":false},"featured_media":6228,"comment_status":"open","ping_status":"closed","template":"","meta":{"inline_featured_image":false},"product_cat":[15,57,42,31,60,40],"product_tag":[],"class_list":{"0":"post-29","1":"product","2":"type-product","3":"status-publish","4":"has-post-thumbnail","6":"product_cat-supplements","7":"product_cat-antioxidants","8":"product_cat-bone-joint-cartilage","9":"product_cat-brain-cognitive","10":"product_cat-curcumin","11":"product_cat-immune-support","13":"first","14":"instock","15":"featured","16":"shipping-taxable","17":"purchasable","18":"product-type-simple"},"_links":{"self":[{"href":"https:\/\/be-healthy.taniko.me\/uk\/wp-json\/wp\/v2\/product\/29","targetHints":{"allow":["GET"]}}],"collection":[{"href":"https:\/\/be-healthy.taniko.me\/uk\/wp-json\/wp\/v2\/product"}],"about":[{"href":"https:\/\/be-healthy.taniko.me\/uk\/wp-json\/wp\/v2\/types\/product"}],"replies":[{"embeddable":true,"href":"https:\/\/be-healthy.taniko.me\/uk\/wp-json\/wp\/v2\/comments?post=29"}],"wp:featuredmedia":[{"embeddable":true,"href":"https:\/\/be-healthy.taniko.me\/uk\/wp-json\/wp\/v2\/media\/6228"}],"wp:attachment":[{"href":"https:\/\/be-healthy.taniko.me\/uk\/wp-json\/wp\/v2\/media?parent=29"}],"wp:term":[{"taxonomy":"product_cat","embeddable":true,"href":"https:\/\/be-healthy.taniko.me\/uk\/wp-json\/wp\/v2\/product_cat?post=29"},{"taxonomy":"product_tag","embeddable":true,"href":"https:\/\/be-healthy.taniko.me\/uk\/wp-json\/wp\/v2\/product_tag?post=29"}],"curies":[{"name":"wp","href":"https:\/\/api.w.org\/{rel}","templated":true}]}}