{"id":31,"date":"2020-12-15T04:15:15","date_gmt":"2020-12-15T04:15:15","guid":{"rendered":"http:\/\/127.0.0.1\/wp56\/wp_core\/product\/import-placeholder-for-339\/"},"modified":"2024-11-05T14:06:08","modified_gmt":"2024-11-05T14:06:08","slug":"fine-cut-orange","status":"publish","type":"product","link":"https:\/\/be-healthy.taniko.me\/uk\/product\/fine-cut-orange\/","title":{"rendered":"NOW Foods, Curcumin Softgels, 120 Softgels"},"content":{"rendered":"<div class=\"row item-row\">\n<div class=\"col-xs-24\">\n<p>\u041e\u043f\u0438\u0441<\/p>\n<p>Kurkumin je glavna bioaktivna komponenta koja se nalazi u korijenu kurkume (Curcuma longa), biljke koja pripada obitelji \u0111umbira. Kurkuma se stolje\u0107ima koristila kao bojilo i sredstvo za pobolj\u0161anje okusa u ju\u017enoazijskim kuhinjama, a tisu\u0107ama godina je preporu\u010duju i tradicionalni ayurvedski travari. Moderni znanstvenici opse\u017eno su istra\u017eivali kurkumin zbog njegovih razli\u010ditih biolo\u0161kih aktivnosti.<\/p>\n<p>\u0420\u0435\u043a\u043e\u043c\u0435\u043d\u0434\u0430\u0446\u0456\u0457 \u0456\u0437 \u0437\u0430\u0441\u0442\u043e\u0441\u0443\u0432\u0430\u043d\u043d\u044f<\/p>\n<p>Uzmite 1 softgel 2 do 4 puta dnevno s hranom.<\/p>\n<p>\u0406\u043d\u0448\u0456 \u0456\u043d\u0433\u0440\u0435\u0434\u0456\u0454\u043d\u0442\u0438<\/p>\n<p>Suncokretovo ulje, softgel kapsula (\u017eelatina, glicerin, voda, sorbitol, karamel boja), p\u010delinji vosak i ekstrakt ru\u017emarina (list).<\/p>\n<p>Nije proizveden od sastojaka p\u0161enice, glutena, soje, mlijeka, jaja, ribe ili \u0161koljki. Proizvedeno u GMP postrojenju koje obra\u0111uje druge sastojke koji sadr\u017ee te alergene.<\/p>\n<p>\u041f\u043e\u043f\u0435\u0440\u0435\u0434\u0436\u0435\u043d\u043d\u044f<\/p>\n<p>Samo za odrasle. Posavjetujte se s lije\u010dnikom ako ste trudni\/dojite, uzimate lijekove, imate zdravstveno stanje ili imate bilo kakvu povijest problema s jetrom, \u017eu\u010dnim mjehurom ili gastrointestinalnim problemima. \u010cuvati izvan dohvata djece.<\/p>\n<p>U ovom proizvodu mo\u017ee do\u0107i do prirodne varijacije boje.<\/p>\n<p>\u010cuvati na hladnom i suhom mjestu nakon otvaranja.<\/p>\n<\/div>\n<\/div>","protected":false},"excerpt":{"rendered":"<ul>\n<li>Iz ekstrakta korijena kurkume<br \/>\nBiljni dodatak<br \/>\nStandardizirani ekstrakt<br \/>\n95% kurkuminoida<br \/>\nMeke gelove za pobolj\u0161anu topljivost<br \/>\n\u0414\u0456\u0454\u0442\u0438\u0447\u043d\u0430 \u0434\u043e\u0431\u0430\u0432\u043a\u0430<br \/>\nBiljke\/Bilje<br \/>\nU obiteljskom vlasni\u0161tvu od 1968<br \/>\nZajam\u010dena GMP kvaliteta<\/li>\n<\/ul>","protected":false},"featured_media":6233,"comment_status":"open","ping_status":"closed","template":"","meta":{"inline_featured_image":false},"product_cat":[15,57,42,31,60,40],"product_tag":[],"class_list":{"0":"post-31","1":"product","2":"type-product","3":"status-publish","4":"has-post-thumbnail","6":"product_cat-supplements","7":"product_cat-antioxidants","8":"product_cat-bone-joint-cartilage","9":"product_cat-brain-cognitive","10":"product_cat-curcumin","11":"product_cat-immune-support","13":"first","14":"instock","15":"featured","16":"shipping-taxable","17":"purchasable","18":"product-type-simple"},"_links":{"self":[{"href":"https:\/\/be-healthy.taniko.me\/uk\/wp-json\/wp\/v2\/product\/31","targetHints":{"allow":["GET"]}}],"collection":[{"href":"https:\/\/be-healthy.taniko.me\/uk\/wp-json\/wp\/v2\/product"}],"about":[{"href":"https:\/\/be-healthy.taniko.me\/uk\/wp-json\/wp\/v2\/types\/product"}],"replies":[{"embeddable":true,"href":"https:\/\/be-healthy.taniko.me\/uk\/wp-json\/wp\/v2\/comments?post=31"}],"wp:featuredmedia":[{"embeddable":true,"href":"https:\/\/be-healthy.taniko.me\/uk\/wp-json\/wp\/v2\/media\/6233"}],"wp:attachment":[{"href":"https:\/\/be-healthy.taniko.me\/uk\/wp-json\/wp\/v2\/media?parent=31"}],"wp:term":[{"taxonomy":"product_cat","embeddable":true,"href":"https:\/\/be-healthy.taniko.me\/uk\/wp-json\/wp\/v2\/product_cat?post=31"},{"taxonomy":"product_tag","embeddable":true,"href":"https:\/\/be-healthy.taniko.me\/uk\/wp-json\/wp\/v2\/product_tag?post=31"}],"curies":[{"name":"wp","href":"https:\/\/api.w.org\/{rel}","templated":true}]}}