{"id":3957,"date":"2021-07-03T05:11:12","date_gmt":"2021-07-03T05:11:12","guid":{"rendered":"http:\/\/192.168.0.73\/wp\/amino\/?post_type=product&#038;p=3957"},"modified":"2024-11-05T13:56:25","modified_gmt":"2024-11-05T13:56:25","slug":"wild-pecan-nuts","status":"publish","type":"product","link":"https:\/\/be-healthy.taniko.me\/uk\/product\/wild-pecan-nuts\/","title":{"rendered":"NOW Foods, NAC, 1,000 mg, 120 Tablets"},"content":{"rendered":"<div class=\"row item-row\">\n<div class=\"col-xs-24\">\n<p>\u041e\u043f\u0438\u0441<\/p>\n<p>N-acetil cistein (NAC) je stabilan oblik neesencijalne aminokiseline cisteina. To je aminokiselina koja sadr\u017ei sumpor koja djeluje kao stabilizator za stvaranje proteinskih struktura, te poti\u010de stvaranje glutationa. Glutation je sna\u017ean spoj za hvatanje slobodnih radikala koji tako\u0111er poma\u017ee u odr\u017eavanju normalne, uravnote\u017eene funkcije imunolo\u0161kog sustava. Osim toga, NAC mo\u017ee pomo\u0107i u odr\u017eavanju zdravog mozga i neurona.<\/p>\n<p>\u0420\u0435\u043a\u043e\u043c\u0435\u043d\u0434\u0430\u0446\u0456\u0457 \u0456\u0437 \u0437\u0430\u0441\u0442\u043e\u0441\u0443\u0432\u0430\u043d\u043d\u044f<\/p>\n<p>Uzmite 1 tabletu 1 do 3 puta dnevno.<\/p>\n<p>\u0406\u043d\u0448\u0456 \u0456\u043d\u0433\u0440\u0435\u0434\u0456\u0454\u043d\u0442\u0438<\/p>\n<p>Mikrokristalna celuloza, hidroksipropil celuloza, stearinska kiselina (biljni izvor), vegetarijanski premaz [hipromeloza (celuloza), stearinska kiselina (biljni izvor), suncokretov lecitin, trietil citrat, suncokretovo ulje] i silicijev dioksid.<\/p>\n<p>Nije proizvedeno sa sastojcima p\u0161enice, glutena, soje, mlijeka, jaja, ribe, \u0161koljki, oraha ili sezama. Proizvedeno u GMP postrojenju koje obra\u0111uje druge sastojke koji sadr\u017ee te alergene.<\/p>\n<p>\u041f\u043e\u043f\u0435\u0440\u0435\u0434\u0436\u0435\u043d\u043d\u044f<\/p>\n<p>U ovom proizvodu mo\u017ee do\u0107i do prirodne varijacije boje.<\/p>\n<p>\u010cuvati na hladnom i suhom mjestu nakon otvaranja.<\/p>\n<p>Samo za odrasle. Posavjetujte se s lije\u010dnikom ako ste trudni\/dojite, uzimate lijekove (osobito nitroglicerin) ili imate zdravstveno stanje. \u010cuvati izvan dohvata djece.<\/p>\n<\/div>\n<\/div>","protected":false},"excerpt":{"rendered":"<ul>\n<li>Za\u0161tita od slobodnih radikala<br \/>\nPodr\u0161ka imunolo\u0161kom sustavu<br \/>\nPodr\u017eava zdravlje jetre<br \/>\n\u0411\u0435\u0437 \u0413\u041c\u041e<br \/>\n\u0414\u0456\u0454\u0442\u0438\u0447\u043d\u0430 \u0434\u043e\u0431\u0430\u0432\u043a\u0430<br \/>\nVegetarijanac\/vegan<br \/>\nKo\u0161er<br \/>\nAminokiseline<br \/>\nU obiteljskom vlasni\u0161tvu od 1968<br \/>\nZajam\u010dena GMP kvaliteta<br \/>\nHalal<\/li>\n<\/ul>","protected":false},"featured_media":6210,"comment_status":"open","ping_status":"closed","template":"","meta":{"inline_featured_image":false},"product_cat":[15,56,41,57],"product_tag":[],"class_list":{"0":"post-3957","1":"product","2":"type-product","3":"status-publish","4":"has-post-thumbnail","6":"product_cat-supplements","7":"product_cat-amino-acids","8":"product_cat-anti-aging-longevity","9":"product_cat-antioxidants","11":"first","12":"instock","13":"featured","14":"shipping-taxable","15":"purchasable","16":"product-type-simple"},"_links":{"self":[{"href":"https:\/\/be-healthy.taniko.me\/uk\/wp-json\/wp\/v2\/product\/3957","targetHints":{"allow":["GET"]}}],"collection":[{"href":"https:\/\/be-healthy.taniko.me\/uk\/wp-json\/wp\/v2\/product"}],"about":[{"href":"https:\/\/be-healthy.taniko.me\/uk\/wp-json\/wp\/v2\/types\/product"}],"replies":[{"embeddable":true,"href":"https:\/\/be-healthy.taniko.me\/uk\/wp-json\/wp\/v2\/comments?post=3957"}],"wp:featuredmedia":[{"embeddable":true,"href":"https:\/\/be-healthy.taniko.me\/uk\/wp-json\/wp\/v2\/media\/6210"}],"wp:attachment":[{"href":"https:\/\/be-healthy.taniko.me\/uk\/wp-json\/wp\/v2\/media?parent=3957"}],"wp:term":[{"taxonomy":"product_cat","embeddable":true,"href":"https:\/\/be-healthy.taniko.me\/uk\/wp-json\/wp\/v2\/product_cat?post=3957"},{"taxonomy":"product_tag","embeddable":true,"href":"https:\/\/be-healthy.taniko.me\/uk\/wp-json\/wp\/v2\/product_tag?post=3957"}],"curies":[{"name":"wp","href":"https:\/\/api.w.org\/{rel}","templated":true}]}}