{"id":3961,"date":"2021-07-03T05:12:46","date_gmt":"2021-07-03T05:12:46","guid":{"rendered":"http:\/\/192.168.0.73\/wp\/amino\/?post_type=product&#038;p=3961"},"modified":"2024-11-05T13:53:31","modified_gmt":"2024-11-05T13:53:31","slug":"macadamia-nuts","status":"publish","type":"product","link":"https:\/\/be-healthy.taniko.me\/uk\/product\/macadamia-nuts\/","title":{"rendered":"Doctor&#8217;s Best, Quercetin Bromelain, 180 Veggie Caps"},"content":{"rendered":"<div class=\"row item-row\">\n<div class=\"col-xs-24\">\n<p>\u041e\u043f\u0438\u0441<\/p>\n<p>Flavonoidi su hranjive tvari koje se nalaze u \u0161arenom vo\u0107u i biljkama koje su korisne za ljudsko zdravlje. Kvercetin doprinosi briljantnoj bogatoj zlatnoj boji biljke Dimorphandra mollis, koja opskrbljuje flavonoide ekstrahirane iz mahuna sjemena. Proteoliti\u010dka svojstva bromelaina poma\u017eu u razgradnji proteina \u0161to poma\u017ee pri probavi. Bromelain je prirodni enzim iz stabljika ananasa koji poma\u017ee pove\u0107ati bioraspolo\u017eivost i pozitivne prednosti flavonoida kvercetina, podupiru\u0107i odr\u017eivi imunolo\u0161ki odgovor.<\/p>\n<p>Poma\u017ee u odr\u017eavanju odr\u017eivog imunolo\u0161kog odgovora<br \/>\nPoma\u017ee u odr\u017eavanju zdravlja cirkulacije i zglobova<br \/>\nEnzim bromelain podr\u017eava zdravlje probavnog sustava<br \/>\n\u0420\u0435\u043a\u043e\u043c\u0435\u043d\u0434\u0430\u0446\u0456\u0457 \u0456\u0437 \u0437\u0430\u0441\u0442\u043e\u0441\u0443\u0432\u0430\u043d\u043d\u044f<\/p>\n<p>Upotreba za odrasle: Uzmite 2 kapsule dnevno bez hrane ili prema preporuci lije\u010dnika nutricionista.<\/p>\n<p>\u0406\u043d\u0448\u0456 \u0456\u043d\u0433\u0440\u0435\u0434\u0456\u0454\u043d\u0442\u0438<\/p>\n<p>Ri\u017ein prah, hipromeloza (vegetarijanska kapsula), maltodekstrin, magnezijev stearat (biljni izvor), silicijev dioksid.<\/p>\n<p>\u041f\u043e\u043f\u0435\u0440\u0435\u0434\u0436\u0435\u043d\u043d\u044f<\/p>\n<p>Nemojte koristiti ovaj proizvod ako uzimate digoksin.<\/p>\n<p>\u0417\u0431\u0435\u0440\u0456\u0433\u0430\u0442\u0438 \u0432 \u0441\u0443\u0445\u043e\u043c\u0443 \u043f\u0440\u043e\u0445\u043e\u043b\u043e\u0434\u043d\u043e\u043c\u0443 \u043c\u0456\u0441\u0446\u0456.<\/p>\n<\/div>\n<\/div>","protected":false},"excerpt":{"rendered":"<ul>\n<li>\u041d\u0430\u0443\u043a\u043e\u0432\u043e \u043e\u0431\u0491\u0440\u0443\u043d\u0442\u043e\u0432\u0430\u043d\u0435 \u0445\u0430\u0440\u0447\u0443\u0432\u0430\u043d\u043d\u044f<br \/>\n\u0414\u0456\u0454\u0442\u0438\u0447\u043d\u0430 \u0434\u043e\u0431\u0430\u0432\u043a\u0430<br \/>\nveganska<br \/>\nPoma\u017ee u odr\u017eavanju zdravog imuniteta<br \/>\nBez GMO-a\/bez glutena\/bez soje<\/li>\n<\/ul>","protected":false},"featured_media":6207,"comment_status":"open","ping_status":"closed","template":"","meta":{"inline_featured_image":false},"product_cat":[15,57,40],"product_tag":[],"class_list":{"0":"post-3961","1":"product","2":"type-product","3":"status-publish","4":"has-post-thumbnail","6":"product_cat-supplements","7":"product_cat-antioxidants","8":"product_cat-immune-support","10":"first","11":"instock","12":"featured","13":"shipping-taxable","14":"purchasable","15":"product-type-simple"},"_links":{"self":[{"href":"https:\/\/be-healthy.taniko.me\/uk\/wp-json\/wp\/v2\/product\/3961","targetHints":{"allow":["GET"]}}],"collection":[{"href":"https:\/\/be-healthy.taniko.me\/uk\/wp-json\/wp\/v2\/product"}],"about":[{"href":"https:\/\/be-healthy.taniko.me\/uk\/wp-json\/wp\/v2\/types\/product"}],"replies":[{"embeddable":true,"href":"https:\/\/be-healthy.taniko.me\/uk\/wp-json\/wp\/v2\/comments?post=3961"}],"wp:featuredmedia":[{"embeddable":true,"href":"https:\/\/be-healthy.taniko.me\/uk\/wp-json\/wp\/v2\/media\/6207"}],"wp:attachment":[{"href":"https:\/\/be-healthy.taniko.me\/uk\/wp-json\/wp\/v2\/media?parent=3961"}],"wp:term":[{"taxonomy":"product_cat","embeddable":true,"href":"https:\/\/be-healthy.taniko.me\/uk\/wp-json\/wp\/v2\/product_cat?post=3961"},{"taxonomy":"product_tag","embeddable":true,"href":"https:\/\/be-healthy.taniko.me\/uk\/wp-json\/wp\/v2\/product_tag?post=3961"}],"curies":[{"name":"wp","href":"https:\/\/api.w.org\/{rel}","templated":true}]}}