{"id":3962,"date":"2021-07-03T05:13:39","date_gmt":"2021-07-03T05:13:39","guid":{"rendered":"http:\/\/192.168.0.73\/wp\/amino\/?post_type=product&#038;p=3962"},"modified":"2024-11-05T13:52:04","modified_gmt":"2024-11-05T13:52:04","slug":"fresh-mango-1kg","status":"publish","type":"product","link":"https:\/\/be-healthy.taniko.me\/uk\/product\/fresh-mango-1kg\/","title":{"rendered":"NOW Foods, Quercetin with Bromelain, 60|120|240 Veg Capsules"},"content":{"rendered":"<div class=\"row item-row\">\n<div class=\"col-xs-24\">\n<p>\u041e\u043f\u0438\u0441<\/p>\n<p>Kvercetin je prirodni hvata\u010d slobodnih radikala koji podr\u017eava zdravu sezonsku funkciju imunolo\u0161kog sustava. Laboratorijske studije su pokazale da kvercetin tako\u0111er mo\u017ee pomo\u0107i u promicanju normalne respiratorne funkcije. Bromelain ima dugu povijest kori\u0161tenja od strane travara i poznato je da poma\u017ee u uravnote\u017eenom odgovoru imunolo\u0161kog sustava na izazove okoli\u0161a. Ova komplementarna kombinacija mo\u017ee stoga promovirati zdravlje di\u0161nog sustava tijekom cijele godine i podr\u017eati ukupnu sezonsku udobnost.<\/p>\n<p>\u0420\u0435\u043a\u043e\u043c\u0435\u043d\u0434\u0430\u0446\u0456\u0457 \u0456\u0437 \u0437\u0430\u0441\u0442\u043e\u0441\u0443\u0432\u0430\u043d\u043d\u044f<\/p>\n<p>Uzmite 2 kapsule 20 minuta prije jela, dva puta dnevno. Osobe s osjetljivim \u017eelucem mogu radije uzimati kapsule s hranom.<\/p>\n<p>\u0406\u043d\u0448\u0456 \u0456\u043d\u0433\u0440\u0435\u0434\u0456\u0454\u043d\u0442\u0438<\/p>\n<p>Ri\u017eino bra\u0161no, hipromeloza (celulozna kapsula), mikrokristalna celuloza, magnezijev stearat (biljni izvor) i silicijev dioksid.<\/p>\n<p>Bez citrusa. Nije proizveden od sastojaka kvasca, p\u0161enice, glutena, soje, mlijeka, jaja, ribe, \u0161koljki ili ora\u0161astih plodova. Proizvedeno u GMP postrojenju koje obra\u0111uje druge sastojke koji sadr\u017ee te alergene.<\/p>\n<p>\u041f\u043e\u043f\u0435\u0440\u0435\u0434\u0436\u0435\u043d\u043d\u044f<\/p>\n<p>U ovom proizvodu mo\u017ee do\u0107i do prirodne varijacije boje.<\/p>\n<p>\u010cuvati na hladnom i suhom mjestu nakon otvaranja.<\/p>\n<p>Oprez: Samo za odrasle. Nemojte koristiti ovaj proizvod ako ste alergi\u010dni na ananas. Kvercetin mo\u017ee stupiti u interakciju s raznim lijekovima; posavjetujte se s lije\u010dnikom prije upotrebe ovog proizvoda ako uzimate lijekove na recept. Posavjetujte se s lije\u010dnikom ako ste trudni\/dojite ili imate zdravstveno stanje (osobito disfunkciju bubrega). \u010cuvati izvan dohvata djece.<\/p>\n<\/div>\n<\/div>","protected":false},"excerpt":{"rendered":"<ul>\n<li>Uravnote\u017een imunolo\u0161ki sustav<br \/>\nPodr\u017eava zdravu sezonsku imunolo\u0161ku funkciju<br \/>\n\u0414\u0456\u0454\u0442\u0438\u0447\u043d\u0430 \u0434\u043e\u0431\u0430\u0432\u043a\u0430<br \/>\n\u0411\u0435\u0437 \u0413\u041c\u041e<br \/>\nVegetarijanac &#8211; Vegan<br \/>\nKo\u0161er<br \/>\nOp\u0107e zdravlje<br \/>\nU obiteljskom vlasni\u0161tvu od 1968<br \/>\nZajam\u010dena GMP kvaliteta<\/li>\n<\/ul>","protected":false},"featured_media":6203,"comment_status":"open","ping_status":"closed","template":"","meta":{"inline_featured_image":false},"product_cat":[15,57,40],"product_tag":[],"class_list":{"0":"post-3962","1":"product","2":"type-product","3":"status-publish","4":"has-post-thumbnail","6":"product_cat-supplements","7":"product_cat-antioxidants","8":"product_cat-immune-support","10":"first","11":"instock","12":"featured","13":"shipping-taxable","14":"purchasable","15":"product-type-variable"},"_links":{"self":[{"href":"https:\/\/be-healthy.taniko.me\/uk\/wp-json\/wp\/v2\/product\/3962","targetHints":{"allow":["GET"]}}],"collection":[{"href":"https:\/\/be-healthy.taniko.me\/uk\/wp-json\/wp\/v2\/product"}],"about":[{"href":"https:\/\/be-healthy.taniko.me\/uk\/wp-json\/wp\/v2\/types\/product"}],"replies":[{"embeddable":true,"href":"https:\/\/be-healthy.taniko.me\/uk\/wp-json\/wp\/v2\/comments?post=3962"}],"wp:featuredmedia":[{"embeddable":true,"href":"https:\/\/be-healthy.taniko.me\/uk\/wp-json\/wp\/v2\/media\/6203"}],"wp:attachment":[{"href":"https:\/\/be-healthy.taniko.me\/uk\/wp-json\/wp\/v2\/media?parent=3962"}],"wp:term":[{"taxonomy":"product_cat","embeddable":true,"href":"https:\/\/be-healthy.taniko.me\/uk\/wp-json\/wp\/v2\/product_cat?post=3962"},{"taxonomy":"product_tag","embeddable":true,"href":"https:\/\/be-healthy.taniko.me\/uk\/wp-json\/wp\/v2\/product_tag?post=3962"}],"curies":[{"name":"wp","href":"https:\/\/api.w.org\/{rel}","templated":true}]}}