{"id":4215,"date":"2021-07-06T01:15:19","date_gmt":"2021-07-06T01:15:19","guid":{"rendered":"http:\/\/192.168.0.73\/wp\/amino\/?post_type=product&#038;p=4215"},"modified":"2024-11-05T13:50:20","modified_gmt":"2024-11-05T13:50:20","slug":"fresh-avocado-1kg","status":"publish","type":"product","link":"https:\/\/be-healthy.taniko.me\/uk\/product\/fresh-avocado-1kg\/","title":{"rendered":"Solgar, Biotin, 5,000 mcg, 100 Vegetable Capsules"},"content":{"rendered":"<div class=\"row item-row\">\n<div class=\"col-xs-24\">\n<p>\u041e\u043f\u0438\u0441<br \/>\nOd 1947. god<br \/>\nSuper Potencija<br \/>\nPodr\u017eava zdravu ko\u017eu, nokte i kosu<br \/>\n\u0411\u0435\u0437 \u0413\u041c\u041e<br \/>\nBez p\u0161enice i mlije\u010dnih proizvoda<br \/>\nCertificirano bez glutena<br \/>\nPrikladno za vegane<br \/>\nko\u0161er parve<br \/>\n\u0414\u0456\u0454\u0442\u0438\u0447\u043d\u0430 \u0434\u043e\u0431\u0430\u0432\u043a\u0430<\/p>\n<p>Biotin je u vodi topiv vitamin B. Poma\u017ee u odr\u017eavanju zdrave ko\u017ee, noktiju i kose te je neophodan za pravilan rad odre\u0111enih enzima. Biotin tako\u0111er podr\u017eava proizvodnju stani\u010dne energije u tijelu pretvaranjem hrane u energiju, a potreban je za metabolizam proteina, ugljikohidrata i masti.<\/p>\n<p>\u0420\u0435\u043a\u043e\u043c\u0435\u043d\u0434\u0430\u0446\u0456\u0457 \u0456\u0437 \u0437\u0430\u0441\u0442\u043e\u0441\u0443\u0432\u0430\u043d\u043d\u044f<\/p>\n<p>Kao dodatak prehrani za odrasle, uzmite jednu (1) biljnu kapsulu dnevno, po mogu\u0107nosti uz obrok ili prema uputama lije\u010dnika.<\/p>\n<p>\u0406\u043d\u0448\u0456 \u0456\u043d\u0433\u0440\u0435\u0434\u0456\u0454\u043d\u0442\u0438<\/p>\n<p>Mikrokristalna celuloza, biljna celuloza, biljni magnezijev stearat, silicij.<\/p>\n<p>BEZ: glutena, p\u0161enice, mlije\u010dnih proizvoda, soje, kvasca, \u0161e\u0107era, natrija, umjetne arome, zasla\u0111iva\u010da i boja.<\/p>\n<p>\u041f\u043e\u043f\u0435\u0440\u0435\u0434\u0436\u0435\u043d\u043d\u044f<\/p>\n<p>Ako ste trudni, dojite, uzimate bilo kakve lijekove, imate bilo kakvo zdravstveno stanje ili se planirate podvrgnuti bilo kakvom klini\u010dkom laboratorijskom testiranju, posavjetujte se sa svojim lije\u010dnikom prije uporabe. Neki dodaci mogu stupiti u interakciju s odre\u0111enim lijekovima i\/ili ometati odre\u0111ene laboratorijske pretrage. Preporu\u010dljivo je posavjetovati se sa svojim lije\u010dnikom prije upotrebe doza biotina iznad 2500 mcg dnevno. Ako se pojave bilo kakve nuspojave, prestanite koristiti i obratite se svom lije\u010dniku. \u010cuvati izvan dohvata djece. \u010cuvati na sobnoj temperaturi. Nemojte koristiti ako vanjska brtva boce nedostaje ili je o\u0161te\u0107ena.<\/p>\n<\/div>\n<\/div>","protected":false},"excerpt":{"rendered":"<p>\u041e\u043f\u0438\u0441<br \/>\nOd 1947. god<br \/>\nSuper Potencija<br \/>\nPodr\u017eava zdravu ko\u017eu, nokte i kosu<br \/>\n\u0411\u0435\u0437 \u0413\u041c\u041e<br \/>\nBez p\u0161enice i mlije\u010dnih proizvoda<br \/>\nCertificirano bez glutena<br \/>\nPrikladno za vegane<br \/>\nko\u0161er parve<br \/>\n\u0414\u0456\u0454\u0442\u0438\u0447\u043d\u0430 \u0434\u043e\u0431\u0430\u0432\u043a\u0430<\/p>","protected":false},"featured_media":6200,"comment_status":"open","ping_status":"closed","template":"","meta":{"inline_featured_image":false},"product_cat":[15,39,37],"product_tag":[],"class_list":{"0":"post-4215","1":"product","2":"type-product","3":"status-publish","4":"has-post-thumbnail","6":"product_cat-supplements","7":"product_cat-biotin","8":"product_cat-hair-skin-nails","10":"first","11":"instock","12":"featured","13":"shipping-taxable","14":"purchasable","15":"product-type-simple"},"_links":{"self":[{"href":"https:\/\/be-healthy.taniko.me\/uk\/wp-json\/wp\/v2\/product\/4215","targetHints":{"allow":["GET"]}}],"collection":[{"href":"https:\/\/be-healthy.taniko.me\/uk\/wp-json\/wp\/v2\/product"}],"about":[{"href":"https:\/\/be-healthy.taniko.me\/uk\/wp-json\/wp\/v2\/types\/product"}],"replies":[{"embeddable":true,"href":"https:\/\/be-healthy.taniko.me\/uk\/wp-json\/wp\/v2\/comments?post=4215"}],"wp:featuredmedia":[{"embeddable":true,"href":"https:\/\/be-healthy.taniko.me\/uk\/wp-json\/wp\/v2\/media\/6200"}],"wp:attachment":[{"href":"https:\/\/be-healthy.taniko.me\/uk\/wp-json\/wp\/v2\/media?parent=4215"}],"wp:term":[{"taxonomy":"product_cat","embeddable":true,"href":"https:\/\/be-healthy.taniko.me\/uk\/wp-json\/wp\/v2\/product_cat?post=4215"},{"taxonomy":"product_tag","embeddable":true,"href":"https:\/\/be-healthy.taniko.me\/uk\/wp-json\/wp\/v2\/product_tag?post=4215"}],"curies":[{"name":"wp","href":"https:\/\/api.w.org\/{rel}","templated":true}]}}