{"id":4217,"date":"2021-07-06T01:57:41","date_gmt":"2021-07-06T01:57:41","guid":{"rendered":"http:\/\/192.168.0.73\/wp\/amino\/?post_type=product&#038;p=4217"},"modified":"2024-11-05T13:47:53","modified_gmt":"2024-11-05T13:47:53","slug":"fresh-strawberry-1kg","status":"publish","type":"product","link":"https:\/\/be-healthy.taniko.me\/uk\/product\/fresh-strawberry-1kg\/","title":{"rendered":"Swanson, Biotin, 5,000 mcg, 100 Capsules"},"content":{"rendered":"<div class=\"row item-row\">\n<div class=\"col-xs-24\">\n<h3><strong>Description<\/strong><\/h3>\n<div>\n<ul>\n<li>Hrani kosu, ko\u017eu i nokte<br \/>\nVitaminski dodatak<br \/>\nPoma\u017ee njegovati kosu, ko\u017eu i nokte<br \/>\nPodr\u017eava proizvodnju energije<br \/>\nPodr\u017eava metabolizam ugljikohidrata, proteina i masti<\/p>\n<p>Zablistajte! \u010cesto nazivan &#8220;hranjivim tvarima za ljepotu&#8221; zbog hranjivih tvari koje pru\u017ea zdravoj kosi i vlasi\u0161tu, ovaj \u010dlan kompleksa vitamina B klju\u010dni je kofaktor enzima uklju\u010denih u metabolizam masnih kiselina, poma\u017eu\u0107i u opskrbi stanica energijom. Swanson Premium Biotin donosi 5000 mcg (5 mg) D-biotina, prirodnog, biolo\u0161ki aktivnog oblika. Jedan recenzent navodi da je Swanson Premium najbolja marka biotina zbog male veli\u010dine tablete u usporedbi s drugim markama.<\/p>\n<p>\u0420\u0435\u043a\u043e\u043c\u0435\u043d\u0434\u0430\u0446\u0456\u0457 \u0456\u0437 \u0437\u0430\u0441\u0442\u043e\u0441\u0443\u0432\u0430\u043d\u043d\u044f<\/p>\n<p>Kao dodatak prehrani, uzmite jednu kapsulu dnevno s vodom.<\/p>\n<p>\u0406\u043d\u0448\u0456 \u0456\u043d\u0433\u0440\u0435\u0434\u0456\u0454\u043d\u0442\u0438<\/p>\n<p>Ri\u017eino bra\u0161no, \u017eelatina.<\/p>\n<p>\u041f\u043e\u043f\u0435\u0440\u0435\u0434\u0436\u0435\u043d\u043d\u044f<\/p>\n<p>Samo za odrasle. Posavjetujte se sa svojim lije\u010dnikom prije kori\u0161tenja ovog ili bilo kojeg proizvoda ako ste trudni ili dojite, uzimate lijekove ili imate zdravstveno stanje.<\/p>\n<p>\u010cuvati izvan dohvata djece. Nemojte koristiti ako je pe\u010dat o\u0161te\u0107en. \u010cuvati na hladnom i suhom mjestu.<\/li>\n<\/ul>\n<\/div>\n<\/div>\n<\/div>","protected":false},"excerpt":{"rendered":"<p>Hrani kosu, ko\u017eu i nokte<br \/>\nVitaminski dodatak<br \/>\nPoma\u017ee njegovati kosu, ko\u017eu i nokte<br \/>\nPodr\u017eava proizvodnju energije<br \/>\nPodr\u017eava metabolizam ugljikohidrata, proteina i masti<\/p>","protected":false},"featured_media":6197,"comment_status":"open","ping_status":"closed","template":"","meta":{"inline_featured_image":false},"product_cat":[15,39,37],"product_tag":[],"class_list":{"0":"post-4217","1":"product","2":"type-product","3":"status-publish","4":"has-post-thumbnail","6":"product_cat-supplements","7":"product_cat-biotin","8":"product_cat-hair-skin-nails","10":"first","11":"instock","12":"featured","13":"shipping-taxable","14":"purchasable","15":"product-type-simple"},"_links":{"self":[{"href":"https:\/\/be-healthy.taniko.me\/uk\/wp-json\/wp\/v2\/product\/4217","targetHints":{"allow":["GET"]}}],"collection":[{"href":"https:\/\/be-healthy.taniko.me\/uk\/wp-json\/wp\/v2\/product"}],"about":[{"href":"https:\/\/be-healthy.taniko.me\/uk\/wp-json\/wp\/v2\/types\/product"}],"replies":[{"embeddable":true,"href":"https:\/\/be-healthy.taniko.me\/uk\/wp-json\/wp\/v2\/comments?post=4217"}],"wp:featuredmedia":[{"embeddable":true,"href":"https:\/\/be-healthy.taniko.me\/uk\/wp-json\/wp\/v2\/media\/6197"}],"wp:attachment":[{"href":"https:\/\/be-healthy.taniko.me\/uk\/wp-json\/wp\/v2\/media?parent=4217"}],"wp:term":[{"taxonomy":"product_cat","embeddable":true,"href":"https:\/\/be-healthy.taniko.me\/uk\/wp-json\/wp\/v2\/product_cat?post=4217"},{"taxonomy":"product_tag","embeddable":true,"href":"https:\/\/be-healthy.taniko.me\/uk\/wp-json\/wp\/v2\/product_tag?post=4217"}],"curies":[{"name":"wp","href":"https:\/\/api.w.org\/{rel}","templated":true}]}}