{"id":5986,"date":"2020-12-15T04:15:12","date_gmt":"2020-12-15T04:15:12","guid":{"rendered":"http:\/\/127.0.0.1\/wp56\/wp_core\/product\/import-placeholder-for-324\/"},"modified":"2024-11-05T14:27:29","modified_gmt":"2024-11-05T14:27:29","slug":"orange-marmalade","status":"publish","type":"product","link":"https:\/\/be-healthy.taniko.me\/uk\/product\/orange-marmalade\/","title":{"rendered":"NOW Foods, Woman&#8217;s Probiotic , 20 Billion, 50 Veg Capsules"},"content":{"rendered":"<div class=\"row item-row\">\n<div class=\"col-xs-24\">\n<p>\u041e\u043f\u0438\u0441<\/p>\n<p>NOW\u00ae Women&#8217;s Probiotic posebno je formuliran kori\u0161tenjem tri klini\u010dki testirana soja probiotika za podr\u0161ku \u017eenskom zdravlju u svim fazama \u017eivota. Ovaj proizvod sadr\u017ei L. rhamnosus HN001 i L. acidophilus La-14 za koje se pokazalo da koloniziraju vaginalni trakt i poma\u017eu u odr\u017eavanju zdravog pH vagine kada se uzimaju oralno. I sojevi B. lactis HN019 i HN001 mogu pomo\u0107i u podr\u017eavanju zdrave funkcije imunolo\u0161kog sustava kod trudnica i dojilja. HN019 tako\u0111er podr\u017eava pravilnost GI i smanjuje povremene plinove i nadutost. Ovi specijalizirani sojevi tako\u0111er podr\u017eavaju zdravu, uravnote\u017eenu funkciju imunolo\u0161kog sustava kod \u017eena svih dobi.<\/p>\n<p>\u0420\u0435\u043a\u043e\u043c\u0435\u043d\u0434\u0430\u0446\u0456\u0457 \u0456\u0437 \u0437\u0430\u0441\u0442\u043e\u0441\u0443\u0432\u0430\u043d\u043d\u044f<\/p>\n<p>Uzimati 1 kapsulu dnevno.<\/p>\n<p>\u010cuvajte u hladnjaku da zadr\u017eite snagu.<\/p>\n<p>\u0406\u043d\u0448\u0456 \u0456\u043d\u0433\u0440\u0435\u0434\u0456\u0454\u043d\u0442\u0438<\/p>\n<p>Mikrokristalna celuloza, hipromeloza (celulozna kapsula), magnezijev stearat (biljni izvor) i silicijev dioksid.<\/p>\n<p>Nije proizvedeno sa sastojcima p\u0161enice, glutena, soje, mlijeka, jaja, ribe, \u0161koljka\u0161a ili ora\u0161astih plodova. Proizvedeno u GMP postrojenju koje obra\u0111uje druge sastojke koji sadr\u017ee te alergene.<\/p>\n<p>Identitet probioti\u010dkih sojeva u ovom proizvodu potvr\u0111en je pomo\u0107u tehnologije DNK otiska prsta.<\/p>\n<p>\u041f\u043e\u043f\u0435\u0440\u0435\u0434\u0436\u0435\u043d\u043d\u044f<\/p>\n<p>Posavjetujte se s lije\u010dnikom ako ste trudni\/dojite, uzimate lijekove (posebno lijekove za suzbijanje imuniteta) ili imate zdravstveno stanje (osobito ako je imunolo\u0161ki sustav ugro\u017een). \u010cuvati izvan dohvata djece.<\/p>\n<\/div>\n<\/div>\n<h6 class=\"a-spacing-mini\"><\/h6>","protected":false},"excerpt":{"rendered":"<ul>\n<li>Ravnote\u017ea \u017eenske flore<br \/>\nPodr\u017eava zdravlje vagine<br \/>\nSmanjuje povremenu nadutost<br \/>\nKo\u0161er<br \/>\n\u0414\u0456\u0454\u0442\u0438\u0447\u043d\u0430 \u0434\u043e\u0431\u0430\u0432\u043a\u0430<br \/>\nVegetarijanac\/vegan<br \/>\nProvjereno soj<br \/>\nU obiteljskom vlasni\u0161tvu od 1968<br \/>\nZajam\u010dena GMP kvaliteta<\/li>\n<\/ul>","protected":false},"featured_media":6279,"comment_status":"open","ping_status":"closed","template":"","meta":{"inline_featured_image":false},"product_cat":[15,43,69,47],"product_tag":[],"class_list":{"0":"post-5986","1":"product","2":"type-product","3":"status-publish","4":"has-post-thumbnail","6":"product_cat-supplements","7":"product_cat-digestive-support","8":"product_cat-probiotics","9":"product_cat-womans-health","11":"first","12":"instock","13":"featured","14":"shipping-taxable","15":"purchasable","16":"product-type-simple"},"_links":{"self":[{"href":"https:\/\/be-healthy.taniko.me\/uk\/wp-json\/wp\/v2\/product\/5986","targetHints":{"allow":["GET"]}}],"collection":[{"href":"https:\/\/be-healthy.taniko.me\/uk\/wp-json\/wp\/v2\/product"}],"about":[{"href":"https:\/\/be-healthy.taniko.me\/uk\/wp-json\/wp\/v2\/types\/product"}],"replies":[{"embeddable":true,"href":"https:\/\/be-healthy.taniko.me\/uk\/wp-json\/wp\/v2\/comments?post=5986"}],"wp:featuredmedia":[{"embeddable":true,"href":"https:\/\/be-healthy.taniko.me\/uk\/wp-json\/wp\/v2\/media\/6279"}],"wp:attachment":[{"href":"https:\/\/be-healthy.taniko.me\/uk\/wp-json\/wp\/v2\/media?parent=5986"}],"wp:term":[{"taxonomy":"product_cat","embeddable":true,"href":"https:\/\/be-healthy.taniko.me\/uk\/wp-json\/wp\/v2\/product_cat?post=5986"},{"taxonomy":"product_tag","embeddable":true,"href":"https:\/\/be-healthy.taniko.me\/uk\/wp-json\/wp\/v2\/product_tag?post=5986"}],"curies":[{"name":"wp","href":"https:\/\/api.w.org\/{rel}","templated":true}]}}