{"id":5987,"date":"2020-12-15T04:15:12","date_gmt":"2020-12-15T04:15:12","guid":{"rendered":"http:\/\/127.0.0.1\/wp56\/wp_core\/product\/import-placeholder-for-325\/"},"modified":"2024-11-05T14:25:33","modified_gmt":"2024-11-05T14:25:33","slug":"fresh-orange-1kg","status":"publish","type":"product","link":"https:\/\/be-healthy.taniko.me\/uk\/product\/fresh-orange-1kg\/","title":{"rendered":"Jarrow Formulas, Vegan Saccharomyces Boulardii + MOS, 5 Billion CFU, 90-180  Veggie Capsules"},"content":{"rendered":"<div class=\"row item-row\">\n<div class=\"col-xs-24\">\n<p>\u041e\u043f\u0438\u0441<br \/>\nBez hla\u0111enja<br \/>\nKlini\u010dki ispitan probiotik<br \/>\nProbiotik + prebiotik<br \/>\nPobolj\u0161ana crijevna za\u0161tita<br \/>\n\u0411\u0435\u0437 \u0433\u043b\u044e\u0442\u0435\u043d\u0443<br \/>\nDodatak probioticima<br \/>\nProbiotici<br \/>\nIgen\u2122 testiran bez GMO-a<\/p>\n<p>Saccharomyces Boulardii je probioti\u010dki kvasac za koji se klini\u010dki pokazalo da koristi osobama kojima je ve\u0107a potreba za crijevnom potporom, poput onih koji putuju. MOS je prebiotik koji hrani korisne bakterije u crijevima.<\/p>\n<p>\u0420\u0435\u043a\u043e\u043c\u0435\u043d\u0434\u0430\u0446\u0456\u0457 \u0456\u0437 \u0437\u0430\u0441\u0442\u043e\u0441\u0443\u0432\u0430\u043d\u043d\u044f<\/p>\n<p>Odrasli uzimaju 1 kapsulu jednom dnevno s vodom ili prema uputama svog kvalificiranog zdravstvenog radnika. Mo\u017ee se uzimati s hranom ili na prazan \u017eeludac.<\/p>\n<p>\u0406\u043d\u0448\u0456 \u0456\u043d\u0433\u0440\u0435\u0434\u0456\u0454\u043d\u0442\u0438<\/p>\n<p>\u0160krob tapioke, kapsula (hidroksipropilmetilceluloza, voda), silicijev dioksid i askorbinska kiselina (antioksidans).<\/p>\n<p>Bez p\u0161enice, glutena, soje, mlije\u010dnih proizvoda, jaja, ribe\/\u0161koljaka, kikirikija\/ora\u0161astih plodova ili sezama.<\/p>\n<p>\u041f\u043e\u043f\u0435\u0440\u0435\u0434\u0436\u0435\u043d\u043d\u044f<\/p>\n<p>Posavjetujte se sa zdravstvenim radnikom prije kori\u0161tenja ovog proizvoda ako ste trudni, dojite, mla\u0111i ste od 18 godina, uzimate lijekove ili imate zdravstveno stanje (kompromitirani imunolo\u0161ki sustav); ako se jave ne\u017eeljene reakcije, prekinite s upotrebom.<\/p>\n<p>\u010cuvati izvan dohvata djece. \u010cuvati na hladnom i suhom mjestu<\/p>\n<p>Nemojte koristiti ako je sigurnosna brtva o\u0161te\u0107ena ili nedostaje.<\/p>\n<p>Sadr\u017eaj punjenja kapsule mo\u017ee se promijeniti zbog veli\u010dine \u010destica sirovog materijala. Me\u0111utim, mo\u0107 ostaje ista.<\/p>\n<p>Minimalno 5 milijardi \u017eivih stanica u trenutku konzumiranja, pod preporu\u010denim uvjetima skladi\u0161tenja i unutar datuma najbolje upotrijebiti do.<\/p>\n<p>Nije potrebno hla\u0111enje.<\/p>\n<p>Nije potrebno hla\u0111enje i mo\u017ee se \u010duvati na sobnoj temperaturi na hladnom i suhom mjestu. Izbjegavajte skladi\u0161tenje na temperaturi iznad 77\u00baF (25\u00baC). Hla\u0111enje, me\u0111utim, produljuje rok trajanja.<\/p>\n<\/div>\n<\/div>","protected":false},"excerpt":{"rendered":"<ul>\n<li>Bez hla\u0111enja<br \/>\nKlini\u010dki ispitan probiotik<br \/>\nProbiotik + prebiotik<br \/>\nPobolj\u0161ana crijevna za\u0161tita<br \/>\n\u0411\u0435\u0437 \u0433\u043b\u044e\u0442\u0435\u043d\u0443<br \/>\nDodatak probioticima<br \/>\nProbiotici<br \/>\nIgen\u2122 testiran bez GMO-a<\/li>\n<\/ul>","protected":false},"featured_media":6285,"comment_status":"open","ping_status":"closed","template":"","meta":{"inline_featured_image":false},"product_cat":[15,43,69],"product_tag":[],"class_list":{"0":"post-5987","1":"product","2":"type-product","3":"status-publish","4":"has-post-thumbnail","6":"product_cat-supplements","7":"product_cat-digestive-support","8":"product_cat-probiotics","10":"first","11":"instock","12":"featured","13":"shipping-taxable","14":"purchasable","15":"product-type-variable"},"_links":{"self":[{"href":"https:\/\/be-healthy.taniko.me\/uk\/wp-json\/wp\/v2\/product\/5987","targetHints":{"allow":["GET"]}}],"collection":[{"href":"https:\/\/be-healthy.taniko.me\/uk\/wp-json\/wp\/v2\/product"}],"about":[{"href":"https:\/\/be-healthy.taniko.me\/uk\/wp-json\/wp\/v2\/types\/product"}],"replies":[{"embeddable":true,"href":"https:\/\/be-healthy.taniko.me\/uk\/wp-json\/wp\/v2\/comments?post=5987"}],"wp:featuredmedia":[{"embeddable":true,"href":"https:\/\/be-healthy.taniko.me\/uk\/wp-json\/wp\/v2\/media\/6285"}],"wp:attachment":[{"href":"https:\/\/be-healthy.taniko.me\/uk\/wp-json\/wp\/v2\/media?parent=5987"}],"wp:term":[{"taxonomy":"product_cat","embeddable":true,"href":"https:\/\/be-healthy.taniko.me\/uk\/wp-json\/wp\/v2\/product_cat?post=5987"},{"taxonomy":"product_tag","embeddable":true,"href":"https:\/\/be-healthy.taniko.me\/uk\/wp-json\/wp\/v2\/product_tag?post=5987"}],"curies":[{"name":"wp","href":"https:\/\/api.w.org\/{rel}","templated":true}]}}