{"id":6296,"date":"2023-12-05T19:19:15","date_gmt":"2023-12-05T19:19:15","guid":{"rendered":"https:\/\/be-healthy.taniko.me\/?post_type=product&#038;p=6296"},"modified":"2024-10-24T20:54:18","modified_gmt":"2024-10-24T20:54:18","slug":"sports-research-omega-3-fish-oil-triple-strength-1250-mg-90-softgels","status":"publish","type":"product","link":"https:\/\/be-healthy.taniko.me\/uk\/product\/sports-research-omega-3-fish-oil-triple-strength-1250-mg-90-softgels\/","title":{"rendered":"Sports Research, Omega-3 Fish Oil, Triple Strength, 1,250 mg, 30\\60\\90\\120\\180 Softgels"},"content":{"rendered":"<div class=\"row item-row\">\n<div class=\"col-xs-24\">\n<h3>\u041e\u043f\u0438\u0441<\/h3>\n<p>Omega-3 je vrsta masne kiseline koja je neophodna za pravilno funkcioniranje va\u0161eg tijela. Omega-3 riblje ulje izvrsno je za zdravlje srca, mozga i imuniteta. I dok u moru mo\u017ee biti mnogo riba, nisu sve stvorene jednake. Omega-3 riblje ulje trostruke snage tvrtke Sports Research\u00ae potje\u010de iz divljeg aljaskog pollocka i koristi proces pro\u010di\u0161\u0107avanja u 10 koraka za isporuku ultra-koncentrirane doze bez tipi\u010dnog okusa ribe.<\/p>\n<p>\u25b2Trostruka snaga Omega-3 (u obliku triglicerida [TG kao rTG]) u usporedbi sa standardnim mekim gelovima ribljeg ulja sa samo 10-30% sadr\u017eaja Omega-3.<\/p>\n<h4>\u0420\u0435\u043a\u043e\u043c\u0435\u043d\u0434\u0430\u0446\u0456\u0457 \u0456\u0437 \u0437\u0430\u0441\u0442\u043e\u0441\u0443\u0432\u0430\u043d\u043d\u044f<\/h4>\n<p>Odrasli uzimaju 1 meku gel dnevno s hranom ili prema preporuci kvalificiranog zdravstvenog djelatnika.<\/p>\n<h4>\u0406\u043d\u0448\u0456 \u0456\u043d\u0433\u0440\u0435\u0434\u0456\u0454\u043d\u0442\u0438<\/h4>\n<p>Softgel kapsula (riblja \u017eelatina, [tilapija], biljni glicerin, pro\u010di\u0161\u0107ena voda), tokoferoli.<\/p>\n<p>Sadr\u017ei: ribu (aljaski pollock).<\/p>\n<p>Iz MSC certificiranog odr\u017eivog ribarstva.<\/p>\n<h4>\u041f\u043e\u043f\u0435\u0440\u0435\u0434\u0436\u0435\u043d\u043d\u044f<\/h4>\n<p>\u010cuvati izvan dohvata djece i ku\u0107nih ljubimaca. Posavjetujte se s kvalificiranim zdravstvenim radnikom prije kori\u0161tenja ovog proizvoda, osobito ako ste trudni, dojite, imate dijagnosticiranu bolest, uzimate lijekove na recept (npr. razrje\u0111iva\u010de krvi) ili planirate kirur\u0161ki zahvat. Nemojte prekora\u010diti preporu\u010deni dnevni unos. Nemojte koristiti ako je sigurnosna brtva o\u0161te\u0107ena ili nedostaje. \u010cuvati na sobnoj temperaturi, na suhom mjestu. Za\u0161titite proizvod od prekomjerne topline, smrzavanja, vlage i svjetlosti.<\/p>\n<\/div>\n<\/div>","protected":false},"excerpt":{"rendered":"<ul>\n<li>Trostruka snaga\u25b4<\/li>\n<li>1250 mg ribljeg ulja | 1055 mg Omega-3<\/li>\n<li>Podr\u017eava zdravlje mozga i srca<\/li>\n<li>\u0411\u0435\u0437 \u0433\u043b\u044e\u0442\u0435\u043d\u0443<\/li>\n<li>Uhva\u0107en divlji<\/li>\n<li>\u0414\u0456\u0454\u0442\u0438\u0447\u043d\u0430 \u0434\u043e\u0431\u0430\u0432\u043a\u0430<\/li>\n<li>Igen Non GMO testiran<\/li>\n<li>IFOS<\/li>\n<li>Testirana tre\u0107a strana<\/li>\n<li>Sukladno cGMP-u<\/li>\n<li>Friend of The Sea\u00ae s certifikatom FOS-Wild\u00ae<\/li>\n<li>Ne sadr\u017ei BPA<\/li>\n<li>Kvaliteta je va\u017ena<\/li>\n<\/ul>","protected":false},"featured_media":6303,"comment_status":"open","ping_status":"closed","template":"","meta":{"inline_featured_image":false},"product_cat":[15,31,29,30],"product_tag":[],"class_list":{"0":"post-6296","1":"product","2":"type-product","3":"status-publish","4":"has-post-thumbnail","6":"product_cat-supplements","7":"product_cat-brain-cognitive","8":"product_cat-heart","9":"product_cat-omega","11":"first","12":"instock","13":"featured","14":"shipping-taxable","15":"purchasable","16":"product-type-variable"},"_links":{"self":[{"href":"https:\/\/be-healthy.taniko.me\/uk\/wp-json\/wp\/v2\/product\/6296","targetHints":{"allow":["GET"]}}],"collection":[{"href":"https:\/\/be-healthy.taniko.me\/uk\/wp-json\/wp\/v2\/product"}],"about":[{"href":"https:\/\/be-healthy.taniko.me\/uk\/wp-json\/wp\/v2\/types\/product"}],"replies":[{"embeddable":true,"href":"https:\/\/be-healthy.taniko.me\/uk\/wp-json\/wp\/v2\/comments?post=6296"}],"wp:featuredmedia":[{"embeddable":true,"href":"https:\/\/be-healthy.taniko.me\/uk\/wp-json\/wp\/v2\/media\/6303"}],"wp:attachment":[{"href":"https:\/\/be-healthy.taniko.me\/uk\/wp-json\/wp\/v2\/media?parent=6296"}],"wp:term":[{"taxonomy":"product_cat","embeddable":true,"href":"https:\/\/be-healthy.taniko.me\/uk\/wp-json\/wp\/v2\/product_cat?post=6296"},{"taxonomy":"product_tag","embeddable":true,"href":"https:\/\/be-healthy.taniko.me\/uk\/wp-json\/wp\/v2\/product_tag?post=6296"}],"curies":[{"name":"wp","href":"https:\/\/api.w.org\/{rel}","templated":true}]}}