{"id":6319,"date":"2023-12-05T21:35:36","date_gmt":"2023-12-05T21:35:36","guid":{"rendered":"https:\/\/be-healthy.taniko.me\/?post_type=product&#038;p=6319"},"modified":"2024-10-24T19:45:26","modified_gmt":"2024-10-24T19:45:26","slug":"now-foods-omega-3-180-epa-120-dha-30100180200500-softgels","status":"publish","type":"product","link":"https:\/\/be-healthy.taniko.me\/uk\/product\/now-foods-omega-3-180-epa-120-dha-30100180200500-softgels\/","title":{"rendered":"NOW Foods, Omega-3, 180 EPA \/120 DHA, 30\\100\\180\\200\\500 Softgels"},"content":{"rendered":"<div class=\"row item-row\">\n<div class=\"col-xs-24\">\n<h3>\u041e\u043f\u0438\u0441<\/h3>\n<p>Podr\u017eavaju\u0107a, ali ne i uvjerljiva istra\u017eivanja pokazuju da konzumacija EPA i DHA Omega-3 masnih kiselina mo\u017ee smanjiti rizik od koronarne bolesti srca.<\/p>\n<p>Koncentrat ribljeg ulja proizvodi se prema strogim standardima kontrole kvalitete. Testirano je da ne sadr\u017ei potencijalno \u0161tetne razine kontaminanata kao \u0161to su PCB, dioksini, \u017eiva i drugi te\u0161ki metali.<\/p>\n<h4>\u0420\u0435\u043a\u043e\u043c\u0435\u043d\u0434\u0430\u0446\u0456\u0457 \u0456\u0437 \u0437\u0430\u0441\u0442\u043e\u0441\u0443\u0432\u0430\u043d\u043d\u044f<\/h4>\n<p>Uzmite 2 softgela dva puta dnevno s hranom.<\/p>\n<h4>\u0406\u043d\u0448\u0456 \u0456\u043d\u0433\u0440\u0435\u0434\u0456\u0454\u043d\u0442\u0438<\/h4>\n<p>Softgel kapsula [gove\u0111a \u017eelatina (bez bse), glicerin, voda] i d-alfa tokoferol.<\/p>\n<p>Sadr\u017ei ribu (in\u0107uni, sardine, tuna).<\/p>\n<p>d-alfa tokoferol iz ne-GMO soje.<\/p>\n<p>Nije proizveden od sastojaka kvasca, p\u0161enice, glutena, mlijeka, jaja ili \u0161koljki. Proizvedeno u GMP postrojenju koje obra\u0111uje druge sastojke koji sadr\u017ee te alergene.<\/p>\n<h4>\u041f\u043e\u043f\u0435\u0440\u0435\u0434\u0436\u0435\u043d\u043d\u044f<\/h4>\n<p>Samo za odrasle. Posavjetujte se s lije\u010dnikom ako ste trudni\/dojite, uzimate lijekove ili imate zdravstveno stanje. \u010cuvati izvan dohvata djece.<\/p>\n<p>U ovom proizvodu mo\u017ee do\u0107i do prirodne varijacije boje.<\/p>\n<p>\u010cuvati na hladnom i suhom mjestu nakon otvaranja.<\/p>\n<\/div>\n<\/div>","protected":false},"excerpt":{"rendered":"<ul>\n<li>Kardiovaskularna podr\u0161ka<\/li>\n<li>1000 mg ribljeg ulja po mekoj gelu<\/li>\n<li>180 EPA\/120 DHA po mekoj gelu<\/li>\n<li>Podr\u017eava zdravlje srca<\/li>\n<li>\u0411\u0435\u0437 \u0413\u041c\u041e<\/li>\n<li>\u0414\u0456\u0454\u0442\u0438\u0447\u043d\u0430 \u0434\u043e\u0431\u0430\u0432\u043a\u0430<\/li>\n<li>Kosher &#8211; Sadr\u017ei \u017eelatinu<\/li>\n<li>GOED Omega-3 ponosni \u010dlan<\/li>\n<li>Omega-3\/riblje ulje<\/li>\n<li>U obiteljskom vlasni\u0161tvu od 1968<\/li>\n<li>GMP osiguranje kvalitete<\/li>\n<\/ul>","protected":false},"featured_media":6332,"comment_status":"open","ping_status":"closed","template":"","meta":{"inline_featured_image":false},"product_cat":[15,31,29,30],"product_tag":[],"class_list":{"0":"post-6319","1":"product","2":"type-product","3":"status-publish","4":"has-post-thumbnail","6":"product_cat-supplements","7":"product_cat-brain-cognitive","8":"product_cat-heart","9":"product_cat-omega","11":"first","12":"instock","13":"featured","14":"shipping-taxable","15":"purchasable","16":"product-type-variable"},"_links":{"self":[{"href":"https:\/\/be-healthy.taniko.me\/uk\/wp-json\/wp\/v2\/product\/6319","targetHints":{"allow":["GET"]}}],"collection":[{"href":"https:\/\/be-healthy.taniko.me\/uk\/wp-json\/wp\/v2\/product"}],"about":[{"href":"https:\/\/be-healthy.taniko.me\/uk\/wp-json\/wp\/v2\/types\/product"}],"replies":[{"embeddable":true,"href":"https:\/\/be-healthy.taniko.me\/uk\/wp-json\/wp\/v2\/comments?post=6319"}],"wp:featuredmedia":[{"embeddable":true,"href":"https:\/\/be-healthy.taniko.me\/uk\/wp-json\/wp\/v2\/media\/6332"}],"wp:attachment":[{"href":"https:\/\/be-healthy.taniko.me\/uk\/wp-json\/wp\/v2\/media?parent=6319"}],"wp:term":[{"taxonomy":"product_cat","embeddable":true,"href":"https:\/\/be-healthy.taniko.me\/uk\/wp-json\/wp\/v2\/product_cat?post=6319"},{"taxonomy":"product_tag","embeddable":true,"href":"https:\/\/be-healthy.taniko.me\/uk\/wp-json\/wp\/v2\/product_tag?post=6319"}],"curies":[{"name":"wp","href":"https:\/\/api.w.org\/{rel}","templated":true}]}}