{"id":6344,"date":"2023-12-05T21:45:33","date_gmt":"2023-12-05T21:45:33","guid":{"rendered":"https:\/\/be-healthy.taniko.me\/?post_type=product&#038;p=6344"},"modified":"2024-10-24T19:39:43","modified_gmt":"2024-10-24T19:39:43","slug":"solgar-omega-3-epa-dha-triple-strength-950-mg-100-softgels","status":"publish","type":"product","link":"https:\/\/be-healthy.taniko.me\/uk\/product\/solgar-omega-3-epa-dha-triple-strength-950-mg-100-softgels\/","title":{"rendered":"Solgar, Omega 3, EPA &#038; DHA, Triple Strength, 950 mg, 100 Softgels"},"content":{"rendered":"<div class=\"row item-row\">\n<div class=\"col-xs-24\">\n<h3>\u041e\u043f\u0438\u0441<\/h3>\n<p>Omega 3 950 mg najve\u0107a je Solgarova koncentracija prirodnih polinezasi\u0107enih Omega 3 EPA i DHA iz hladnovodnih riba. Ova formulacija podr\u017eava zdravlje kardiovaskularnog sustava, zglobova i ko\u017ee. Molekularno se destilira kako bi se uklonila \u017eiva.<\/p>\n<h4>\u0420\u0435\u043a\u043e\u043c\u0435\u043d\u0434\u0430\u0446\u0456\u0457 \u0456\u0437 \u0437\u0430\u0441\u0442\u043e\u0441\u0443\u0432\u0430\u043d\u043d\u044f<\/h4>\n<p>Kao dodatak prehrani za odrasle, uzmite jednu (1) softgel dva puta dnevno, po mogu\u0107nosti uz obrok ili prema uputama lije\u010dnika.<\/p>\n<h4>\u0406\u043d\u0448\u0456 \u0456\u043d\u0433\u0440\u0435\u0434\u0456\u0454\u043d\u0442\u0438<\/h4>\n<p>Riblje ulje, \u017eelatina, biljni glicerin, prirodni mije\u0161ani tokoferoli.<\/p>\n<p>Sadr\u017ei ribu (in\u0107un, haringa, sku\u0161a, sardina).<\/p>\n<p>Bez: glutena, p\u0161enice, mlije\u010dnih proizvoda, kvasca, \u0161e\u0107era, natrija, umjetnih aroma, zasla\u0111iva\u010da, konzervansa i boja.<\/p>\n<h4>\u041f\u043e\u043f\u0435\u0440\u0435\u0434\u0436\u0435\u043d\u043d\u044f<\/h4>\n<p>Ako ste trudni, dojite, uzimate bilo kakve lijekove, uklju\u010duju\u0107i razrje\u0111iva\u010de krvi, planirate bilo kakav medicinski ili kirur\u0161ki zahvat ili imate bilo kakvo zdravstveno stanje, obratite se svom lije\u010dniku prije uzimanja bilo kojeg dodatka prehrani. Prekinite kori\u0161tenje i obratite se svom lije\u010dniku ako se pojave bilo kakve nuspojave. \u010cuvati izvan dohvata djece. \u010cuvati na sobnoj temperaturi. Nemojte koristiti ako vanjska brtva boce nedostaje ili je o\u0161te\u0107ena.<\/p>\n<\/div>\n<\/div>","protected":false},"excerpt":{"rendered":"<ul>\n<li>Od 1947. god<\/li>\n<li>Zdravo srce<\/li>\n<li>Pro\u010di\u0161\u0107eno za uklanjanje Merkura<\/li>\n<li>\u0411\u0435\u0437 \u0413\u041c\u041e<\/li>\n<li>Bez glutena, p\u0161enice i mlije\u010dnih proizvoda<\/li>\n<li>\u0414\u0456\u0454\u0442\u0438\u0447\u043d\u0430 \u0434\u043e\u0431\u0430\u0432\u043a\u0430<\/li>\n<\/ul>","protected":false},"featured_media":6346,"comment_status":"open","ping_status":"closed","template":"","meta":{"inline_featured_image":false},"product_cat":[15,31,29,30],"product_tag":[],"class_list":{"0":"post-6344","1":"product","2":"type-product","3":"status-publish","4":"has-post-thumbnail","6":"product_cat-supplements","7":"product_cat-brain-cognitive","8":"product_cat-heart","9":"product_cat-omega","11":"first","12":"instock","13":"featured","14":"shipping-taxable","15":"purchasable","16":"product-type-simple"},"_links":{"self":[{"href":"https:\/\/be-healthy.taniko.me\/uk\/wp-json\/wp\/v2\/product\/6344","targetHints":{"allow":["GET"]}}],"collection":[{"href":"https:\/\/be-healthy.taniko.me\/uk\/wp-json\/wp\/v2\/product"}],"about":[{"href":"https:\/\/be-healthy.taniko.me\/uk\/wp-json\/wp\/v2\/types\/product"}],"replies":[{"embeddable":true,"href":"https:\/\/be-healthy.taniko.me\/uk\/wp-json\/wp\/v2\/comments?post=6344"}],"wp:featuredmedia":[{"embeddable":true,"href":"https:\/\/be-healthy.taniko.me\/uk\/wp-json\/wp\/v2\/media\/6346"}],"wp:attachment":[{"href":"https:\/\/be-healthy.taniko.me\/uk\/wp-json\/wp\/v2\/media?parent=6344"}],"wp:term":[{"taxonomy":"product_cat","embeddable":true,"href":"https:\/\/be-healthy.taniko.me\/uk\/wp-json\/wp\/v2\/product_cat?post=6344"},{"taxonomy":"product_tag","embeddable":true,"href":"https:\/\/be-healthy.taniko.me\/uk\/wp-json\/wp\/v2\/product_tag?post=6344"}],"curies":[{"name":"wp","href":"https:\/\/api.w.org\/{rel}","templated":true}]}}