{"id":6347,"date":"2023-12-06T15:28:45","date_gmt":"2023-12-06T15:28:45","guid":{"rendered":"https:\/\/be-healthy.taniko.me\/?post_type=product&#038;p=6347"},"modified":"2024-10-24T19:36:52","modified_gmt":"2024-10-24T19:36:52","slug":"california-gold-nutrition-antarctic-krill-oil-omega-3-phospholipids-complex-with-astaxanthin-natural-strawberry-and-lemon-flavor-500-mg-120-fish-gelatin-softgels","status":"publish","type":"product","link":"https:\/\/be-healthy.taniko.me\/uk\/product\/california-gold-nutrition-antarctic-krill-oil-omega-3-phospholipids-complex-with-astaxanthin-natural-strawberry-and-lemon-flavor-500-mg-120-fish-gelatin-softgels\/","title":{"rendered":"California Gold Nutrition, Antarctic Krill Oil, Omega-3 Phospholipids Complex with Astaxanthin, Natural Strawberry and Lemon Flavor, 500 mg, 120 Fish Gelatin Softgels"},"content":{"rendered":"<div class=\"row item-row\">\n<div class=\"col-xs-24\">\n<h3>\u041e\u043f\u0438\u0441<\/h3>\n<p>Ulje krila dobiva se iz male morske \u017eivotinje nalik ra\u010di\u0107u i poznato je po svojim potencijalnim zdravstvenim prednostima zbog prirodno prisutnih omega-3 masnih kiselina, fosfolipida i astaksantina prisutnih u njemu. California Gold Nutrition Antarctic Krill Oil sadr\u017ei vrhunsko kril ulje u prakti\u010dnom dnevnom dodatku za pomo\u0107 u odr\u017eavanju zdravog srca, mozga, o\u010diju i jetre.*<\/p>\n<p>Prednosti krilovog ulja<\/p>\n<p>Ulje krila privuklo je pa\u017enju ne samo zbog korisnih omega-3 masnih kiselina koje sadr\u017ei, ve\u0107 i zbog svoje bioraspolo\u017eivosti i prisutnosti antioksidansa poznatog kao astaksantin. Istra\u017eivanja pokazuju da bi bioraspolo\u017eivost krilovog ulja mogla biti visoka jer je veliki dio EPA i DHA vezan za fosfolipide koji poma\u017eu u u\u010dinkovitom prijenosu esencijalnih hranjivih tvari u tjelesne stanice.* Omega-3 fosfolipidi i astaksantin u krilovom ulju mogu pomo\u0107i u podr\u017eavaju zdravu funkciju srca, mozga, o\u010diju i jetre.*<\/p>\n<p>California Gold Nutrition Antarctic Krill Oil sadr\u017ei RIMFROST Krill ulje s prirodnim (ne oboga\u0107enim) astaksantinom koji se odgovorno dobiva iz netaknutih voda Ju\u017enog oceana. Ulje krila sadr\u017eano je u ribljim \u017eelatinskim mekim gelovima koji koriste prirodni premaz s okusom jagode i limuna kako bi se prikrila prirodna aroma ulja krila. Kada se uzima prema uputama, to osigurava pribli\u017eno 4-mjese\u010dnu zalihu<\/p>\n<\/div>\n<\/div>\n<div class=\"row item-row\">\n<div class=\"col-xs-24\">\n<h4>\u0420\u0435\u043a\u043e\u043c\u0435\u043d\u0434\u0430\u0446\u0456\u0457 \u0456\u0437 \u0437\u0430\u0441\u0442\u043e\u0441\u0443\u0432\u0430\u043d\u043d\u044f<\/h4>\n<p>Uzmite 1 meku gel dnevno uz hranu. Najbolje kada se uzima prema uputama kvalificiranog zdravstvenog radnika.<\/p>\n<h4>\u0406\u043d\u0448\u0456 \u0456\u043d\u0433\u0440\u0435\u0434\u0456\u0454\u043d\u0442\u0438<\/h4>\n<p>Glavni sastojci<br \/>\nKoncentrat krilovog ulja<\/p>\n<h4>\u0406\u043d\u0448\u0456 \u0456\u043d\u0433\u0440\u0435\u0434\u0456\u0454\u043d\u0442\u0438<\/h4>\n<p>Softgel \u017eelatina (riblja \u017eelatina [od tilapije], pro\u010di\u0161\u0107ena voda, biljni glicerin i sorbitol) i prirodne arome.<\/p>\n<p>Sadr\u017ei: rakove \u0161koljke (kril) i ribu<\/p>\n<p>Ne proizvodi se od mlijeka, jaja, ora\u0161astih plodova, kikirikija, p\u0161enice, soje, sezama ili glutena. Proizvedeno u objektu koji je registriran od strane FDA, revidiran od strane tre\u0107e strane i koji je uskla\u0111en s cGMP-om koji mo\u017ee prera\u0111ivati \u200b\u200bdruge proizvode koji sadr\u017ee te alergene ili sastojke.<\/p>\n<h4>\u041f\u043e\u043f\u0435\u0440\u0435\u0434\u0436\u0435\u043d\u043d\u044f<\/h4>\n<p>\u010cuvati izvan dohvata djece. Trudnice ili dojilje, kroni\u010dni bolesnici, starije osobe, osobe mla\u0111e od 18 godina, osobe koje uzimaju lijekove na recept (npr. razrje\u0111iva\u010de krvi) kao i one s lije\u010dni\u010dkom dijagnozom zdravstvenog stanja trebaju se posavjetovati s lije\u010dnikom, ljekarnikom, naturopatom ili drugim kvalificirani zdravstveni djelatnik prije uzimanja dodataka prehrani.<\/p>\n<p>Zatvoreno za va\u0161u za\u0161titu. Nemojte koristiti ako pe\u010dat nedostaje ili je slomljen. \u010cuvati na hladnom i suhom mjestu. Za\u0161tititi od topline, svjetlosti i vlage.<\/p>\n<p>\u2666Prirodni premaz za okus dodan kako bi se prikrila prirodna aroma kril ulja.<\/p>\n<\/div>\n<\/div>","protected":false},"excerpt":{"rendered":"<ul>\n<li>California Gold Nutrition ulje antarkti\u010dkog krila, 500 mg<\/li>\n<li>Sadr\u017ei Omega-3 fosfolipide s prirodnim astaksantinom (nije oboga\u0107en)<\/li>\n<li>Formulirano s RIMFROST uljem antarkti\u010dkog krila dobivenog iz netaknutog Ju\u017enog oceana<\/li>\n<li>Poma\u017ee u odr\u017eavanju zdravog srca, mozga, o\u010diju i jetre*<\/li>\n<li>Prirodni okus jagode i limuna\u2666<\/li>\n<li>Formulirano bez glutena, GMO-a ili soje<\/li>\n<li>Proizvedeno u cGMP registriranom (certificiranom) pogonu tre\u0107e strane<\/li>\n<li>100% zlatno jamstvo<\/li>\n<\/ul>","protected":false},"featured_media":6356,"comment_status":"open","ping_status":"closed","template":"","meta":{"inline_featured_image":false},"product_cat":[15,31,29,30],"product_tag":[],"class_list":{"0":"post-6347","1":"product","2":"type-product","3":"status-publish","4":"has-post-thumbnail","6":"product_cat-supplements","7":"product_cat-brain-cognitive","8":"product_cat-heart","9":"product_cat-omega","11":"first","12":"instock","13":"featured","14":"shipping-taxable","15":"purchasable","16":"product-type-variable"},"_links":{"self":[{"href":"https:\/\/be-healthy.taniko.me\/uk\/wp-json\/wp\/v2\/product\/6347","targetHints":{"allow":["GET"]}}],"collection":[{"href":"https:\/\/be-healthy.taniko.me\/uk\/wp-json\/wp\/v2\/product"}],"about":[{"href":"https:\/\/be-healthy.taniko.me\/uk\/wp-json\/wp\/v2\/types\/product"}],"replies":[{"embeddable":true,"href":"https:\/\/be-healthy.taniko.me\/uk\/wp-json\/wp\/v2\/comments?post=6347"}],"wp:featuredmedia":[{"embeddable":true,"href":"https:\/\/be-healthy.taniko.me\/uk\/wp-json\/wp\/v2\/media\/6356"}],"wp:attachment":[{"href":"https:\/\/be-healthy.taniko.me\/uk\/wp-json\/wp\/v2\/media?parent=6347"}],"wp:term":[{"taxonomy":"product_cat","embeddable":true,"href":"https:\/\/be-healthy.taniko.me\/uk\/wp-json\/wp\/v2\/product_cat?post=6347"},{"taxonomy":"product_tag","embeddable":true,"href":"https:\/\/be-healthy.taniko.me\/uk\/wp-json\/wp\/v2\/product_tag?post=6347"}],"curies":[{"name":"wp","href":"https:\/\/api.w.org\/{rel}","templated":true}]}}