{"id":6372,"date":"2023-12-06T18:45:39","date_gmt":"2023-12-06T18:45:39","guid":{"rendered":"https:\/\/be-healthy.taniko.me\/?post_type=product&#038;p=6372"},"modified":"2024-10-24T19:27:03","modified_gmt":"2024-10-24T19:27:03","slug":"carlson-wild-norwegian-ecosmart-omega-3-natural-lemon-500-mg-90120180-soft-gels","status":"publish","type":"product","link":"https:\/\/be-healthy.taniko.me\/uk\/product\/carlson-wild-norwegian-ecosmart-omega-3-natural-lemon-500-mg-90120180-soft-gels\/","title":{"rendered":"Carlson, Wild Norwegian EcoSmart Omega-3, Natural Lemon, 500 mg, 90|120|180 Soft Gels"},"content":{"rendered":"<div class=\"row item-row\">\n<div class=\"col-xs-24\">\n<h3>\u041e\u043f\u0438\u0441<\/h3>\n<p>Carlson\u00ae specijaliziran za najbolje norve\u0161ke Omega-3 od 1982.<\/p>\n<p>EcoSmart\u00ae Omega-3 je ekolo\u0161ki prihvatljiv proizvod s certifikatom Friend of the Sea koji je napravljen od vrlo odr\u017eive vrste lignji. EcoSmart Omega-3 pru\u017ea 1000 mg omega-3 masnih kiselina po porciji, \u0161to podr\u017eava zdravlje srca, mozga i vida. EcoSmart Omega-3 je zdrav za nas i zdrav za na\u0161u Zemlju.<\/p>\n<h4>\u0420\u0435\u043a\u043e\u043c\u0435\u043d\u0434\u0430\u0446\u0456\u0457 \u0456\u0437 \u0437\u0430\u0441\u0442\u043e\u0441\u0443\u0432\u0430\u043d\u043d\u044f<\/h4>\n<p>Odrasli: uzmite dva meka gela dnevno uz obrok.<\/p>\n<h4>\u0406\u043d\u0448\u0456 \u0456\u043d\u0433\u0440\u0435\u0434\u0456\u0454\u043d\u0442\u0438<\/h4>\n<p>Soft gel shell (gove\u0111a \u017eelatina, glicerin, voda), prirodna aroma limuna, mije\u0161ani tokoferol, suncokretovo ulje.<\/p>\n<p>Sadr\u017ei lignje.<\/p>\n<p>\u010cisto\u0107a zajam\u010dena<\/p>\n<p>Ovaj proizvod se redovito testira (koriste\u0107i me\u0111unarodne protokole AOAC) na svje\u017einu, snagu i \u010disto\u0107u od strane neovisnog laboratorija registriranog od strane FDA i utvr\u0111eno je da je svje\u017e, potpuno sna\u017ean i bez \u0161tetnih razina \u017eive, kadmija, olova, PCB-a i 28 drugih zaga\u0111iva\u010da.<\/p>\n<\/div>\n<\/div>","protected":false},"excerpt":{"rendered":"<ul>\n<li>Prijatelj mora<\/li>\n<li>Svje\u017eina i mo\u0107 &#8211; \u010disto\u0107a zajam\u010dena<\/li>\n<li>Odr\u017eivi izvor<\/li>\n<li>\u0414\u0456\u0454\u0442\u0438\u0447\u043d\u0430 \u0434\u043e\u0431\u0430\u0432\u043a\u0430<\/li>\n<li>Zdravlje srca<\/li>\n<li>Funkcija mozga<\/li>\n<li>Podr\u0161ka za vid<\/li>\n<li>\u0411\u0435\u0437 \u0433\u043b\u044e\u0442\u0435\u043d\u0443<\/li>\n<li>No Artificial Preservatives<\/li>\n<li>IFOS<\/li>\n<\/ul>","protected":false},"featured_media":6377,"comment_status":"open","ping_status":"closed","template":"","meta":{"inline_featured_image":false},"product_cat":[15,31,29,30],"product_tag":[],"class_list":{"0":"post-6372","1":"product","2":"type-product","3":"status-publish","4":"has-post-thumbnail","6":"product_cat-supplements","7":"product_cat-brain-cognitive","8":"product_cat-heart","9":"product_cat-omega","11":"first","12":"instock","13":"featured","14":"shipping-taxable","15":"purchasable","16":"product-type-variable"},"_links":{"self":[{"href":"https:\/\/be-healthy.taniko.me\/uk\/wp-json\/wp\/v2\/product\/6372","targetHints":{"allow":["GET"]}}],"collection":[{"href":"https:\/\/be-healthy.taniko.me\/uk\/wp-json\/wp\/v2\/product"}],"about":[{"href":"https:\/\/be-healthy.taniko.me\/uk\/wp-json\/wp\/v2\/types\/product"}],"replies":[{"embeddable":true,"href":"https:\/\/be-healthy.taniko.me\/uk\/wp-json\/wp\/v2\/comments?post=6372"}],"wp:featuredmedia":[{"embeddable":true,"href":"https:\/\/be-healthy.taniko.me\/uk\/wp-json\/wp\/v2\/media\/6377"}],"wp:attachment":[{"href":"https:\/\/be-healthy.taniko.me\/uk\/wp-json\/wp\/v2\/media?parent=6372"}],"wp:term":[{"taxonomy":"product_cat","embeddable":true,"href":"https:\/\/be-healthy.taniko.me\/uk\/wp-json\/wp\/v2\/product_cat?post=6372"},{"taxonomy":"product_tag","embeddable":true,"href":"https:\/\/be-healthy.taniko.me\/uk\/wp-json\/wp\/v2\/product_tag?post=6372"}],"curies":[{"name":"wp","href":"https:\/\/api.w.org\/{rel}","templated":true}]}}