{"id":6392,"date":"2023-12-06T21:06:36","date_gmt":"2023-12-06T21:06:36","guid":{"rendered":"https:\/\/be-healthy.taniko.me\/?post_type=product&#038;p=6392"},"modified":"2024-10-24T19:25:03","modified_gmt":"2024-10-24T19:25:03","slug":"solgar-quercetin-complex-with-ester-c-plus-100-vegetable-capsules","status":"publish","type":"product","link":"https:\/\/be-healthy.taniko.me\/uk\/product\/solgar-quercetin-complex-with-ester-c-plus-100-vegetable-capsules\/","title":{"rendered":"Solgar, Quercetin Complex with Ester-C Plus, 50|100 Vegetable Capsules"},"content":{"rendered":"<div class=\"row item-row\">\n<div class=\"col-xs-24\">\n<h3>\u041e\u043f\u0438\u0441<\/h3>\n<p>Solgar\u00ae kompleks kvercetina uklju\u010duje va\u017ean bioflavonoid kvercetin u sinergisti\u010dkoj formuli s Ester-C Plus za pru\u017eanje jedinstvenih antioksidansa kao i podr\u0161ku zdravlju imunolo\u0161kog sustava. Kvercetin se nalazi u luku i drugim namirnicama. Posjeduje antioksidativna svojstva koja poma\u017eu stabilizirati stani\u010dne membrane. Ester-C Plus pru\u017ea patentirani pH neutralni (nekiseli) oblik vitamina c koji je nje\u017ean za \u017eeludac. Ester-C Plus nudi dodatne prednosti uklju\u010divanja bobica acerole, bioflavonoida citrusa, rutina i plodova \u0161ipka. Ova formula tako\u0111er sadr\u017ei bromelain, prirodni enzim dobiven iz ananasa.<\/p>\n<h4>\u0420\u0435\u043a\u043e\u043c\u0435\u043d\u0434\u0430\u0446\u0456\u0457 \u0456\u0437 \u0437\u0430\u0441\u0442\u043e\u0441\u0443\u0432\u0430\u043d\u043d\u044f<\/h4>\n<p>Kao dodatak prehrani za odrasle, uzmite dvije (2) biljne kapsule dva puta dnevno, po mogu\u0107nosti uz obrok ili prema uputama lije\u010dnika.<\/p>\n<h4>\u0406\u043d\u0448\u0456 \u0456\u043d\u0433\u0440\u0435\u0434\u0456\u0454\u043d\u0442\u0438<\/h4>\n<p>Biljna celuloza, biljna stearinska kiselina, mikrokristalna celuloza, silicij, biljni magnezijev stearat.<\/p>\n<p>Ne sadr\u017ei: gluten, p\u0161enicu, mlije\u010dne proizvode, soju, kvasac, \u0161e\u0107er, natrij, umjetne arome, zasla\u0111iva\u010de, konzervanse i boje.<\/p>\n<h4>\u041f\u043e\u043f\u0435\u0440\u0435\u0434\u0436\u0435\u043d\u043d\u044f<\/h4>\n<p>Ako ste trudni, dojite, uzimate bilo kakve lijekove ili imate bilo kakvo zdravstveno stanje, obratite se svom lije\u010dniku prije uzimanja bilo kojeg dodatka prehrani. Prekinite kori\u0161tenje i obratite se svom lije\u010dniku ako se pojave bilo kakve nuspojave. \u010cuvati izvan dohvata djece. \u010cuvati na sobnoj temperaturi. Nemojte koristiti ako vanjska brtva boce nedostaje, potrgana je ili je na bilo koji na\u010din o\u0161te\u0107ena.<\/p>\n<\/div>\n<\/div>","protected":false},"excerpt":{"rendered":"<ul>\n<li>Od 1947. god<\/li>\n<li>S Ester-C Plus<\/li>\n<li>Jedinstvena sinergijska formula<\/li>\n<li>Potpora imunolo\u0161kom zdravlju<\/li>\n<li>Bez glutena, p\u0161enice i mlije\u010dnih proizvoda<\/li>\n<li>Prikladno za vegane<\/li>\n<li>Certificirano bez glutena<\/li>\n<li>Ko\u0161er parve<\/li>\n<li>\u0414\u0456\u0454\u0442\u0438\u0447\u043d\u0430 \u0434\u043e\u0431\u0430\u0432\u043a\u0430<\/li>\n<\/ul>","protected":false},"featured_media":6396,"comment_status":"open","ping_status":"closed","template":"","meta":{"inline_featured_image":false},"product_cat":[15,57,40],"product_tag":[],"class_list":{"0":"post-6392","1":"product","2":"type-product","3":"status-publish","4":"has-post-thumbnail","6":"product_cat-supplements","7":"product_cat-antioxidants","8":"product_cat-immune-support","10":"first","11":"instock","12":"featured","13":"shipping-taxable","14":"purchasable","15":"product-type-variable"},"_links":{"self":[{"href":"https:\/\/be-healthy.taniko.me\/uk\/wp-json\/wp\/v2\/product\/6392","targetHints":{"allow":["GET"]}}],"collection":[{"href":"https:\/\/be-healthy.taniko.me\/uk\/wp-json\/wp\/v2\/product"}],"about":[{"href":"https:\/\/be-healthy.taniko.me\/uk\/wp-json\/wp\/v2\/types\/product"}],"replies":[{"embeddable":true,"href":"https:\/\/be-healthy.taniko.me\/uk\/wp-json\/wp\/v2\/comments?post=6392"}],"wp:featuredmedia":[{"embeddable":true,"href":"https:\/\/be-healthy.taniko.me\/uk\/wp-json\/wp\/v2\/media\/6396"}],"wp:attachment":[{"href":"https:\/\/be-healthy.taniko.me\/uk\/wp-json\/wp\/v2\/media?parent=6392"}],"wp:term":[{"taxonomy":"product_cat","embeddable":true,"href":"https:\/\/be-healthy.taniko.me\/uk\/wp-json\/wp\/v2\/product_cat?post=6392"},{"taxonomy":"product_tag","embeddable":true,"href":"https:\/\/be-healthy.taniko.me\/uk\/wp-json\/wp\/v2\/product_tag?post=6392"}],"curies":[{"name":"wp","href":"https:\/\/api.w.org\/{rel}","templated":true}]}}