{"id":6399,"date":"2023-12-06T21:13:19","date_gmt":"2023-12-06T21:13:19","guid":{"rendered":"https:\/\/be-healthy.taniko.me\/?post_type=product&#038;p=6399"},"modified":"2024-10-24T19:23:17","modified_gmt":"2024-10-24T19:23:17","slug":"naturewise-organic-turmeric-curcumin-180-vegan-capsules","status":"publish","type":"product","link":"https:\/\/be-healthy.taniko.me\/uk\/product\/naturewise-organic-turmeric-curcumin-180-vegan-capsules\/","title":{"rendered":"NatureWise, Organic Turmeric Curcumin, 180 Vegan Capsules"},"content":{"rendered":"<div class=\"row item-row\">\n<div class=\"col-xs-24\">\n<h3>\u041e\u043f\u0438\u0441<\/h3>\n<p>&nbsp;<\/p>\n<p>Za\u010din \u017eivota<\/p>\n<p>Prirodno dobiven iz korijena kurkume, tradicionalnog azijskog lijeka i za\u010dina za kuhanje, smatra se da kurkumin podr\u017eava zdravlje srca, mozga i zglobova promicanjem zdrave upalne reakcije i za\u0161titom stanica od oksidativnog stresa.<\/p>\n<p>Na\u0161a vrhunska formula napravljena je od organskog ekstrakta kurkume standardiziranog na 95% kurkuminoida. Pobolj\u0161an je organskim \u0111umbirom i BioPerine\u00ae za pove\u0107anje bioraspolo\u017eivosti.<\/p>\n<h4>\u0420\u0435\u043a\u043e\u043c\u0435\u043d\u0434\u0430\u0446\u0456\u0457 \u0456\u0437 \u0437\u0430\u0441\u0442\u043e\u0441\u0443\u0432\u0430\u043d\u043d\u044f<\/h4>\n<p>Odrasli uzimaju 3 kapsule dnevno uz obrok ili prema preporuci svog lije\u010dnika.*<\/p>\n<p>*NatureWise Kurkuma Kurkumin uvijek treba uzimati zajedno sa zdravom prehranom i redovitim programom vje\u017ebanja.<\/p>\n<h4>\u0406\u043d\u0448\u0456 \u0456\u043d\u0433\u0440\u0435\u0434\u0456\u0454\u043d\u0442\u0438<\/h4>\n<p>Celulozna kapsula, ri\u017eino bra\u0161no, organske ri\u017eine mekinje.<\/p>\n<p>Ovaj proizvod ne sadr\u017ei: p\u0161enicu, gluten, mlije\u010dne proizvode, kukuruz, soju, jaja, ora\u0161aste plodove, kikiriki, ribu ili \u0161koljke.<\/p>\n<h4>\u041f\u043e\u043f\u0435\u0440\u0435\u0434\u0436\u0435\u043d\u043d\u044f<\/h4>\n<p>Oprez: Kao i kod bilo kojeg dodatka prehrani, trebate se posavjetovati sa svojim lije\u010dnikom prije upotrebe, osobito ako ste trudni, dojite, imate zdravstveno stanje, uzimate lijekove ili imate poznate nuspojave ili alergije.<\/p>\n<p>\u010cuvati izvan dohvata djece. Nemojte koristiti ako je sigurnosna brtva o\u0161te\u0107ena ili nedostaje. \u010cuvati na hladnom i suhom mjestu.<\/p>\n<\/div>\n<\/div>","protected":false},"excerpt":{"rendered":"<ul>\n<li>Plus organski \u0111umbir &amp; BioPerine\u00ae<\/li>\n<li>2250 mg organske kurkume kurkumin<\/li>\n<li>500 mg kurkuminoida standardiziranih na 95% za podr\u0161ku zdravlju srca i promicanje jakih zglobova<\/li>\n<li>\u0414\u0456\u0454\u0442\u0438\u0447\u043d\u0430 \u0434\u043e\u0431\u0430\u0432\u043a\u0430<\/li>\n<li>Veganska<\/li>\n<li>\u0411\u0435\u0437 \u0413\u041c\u041e<\/li>\n<li>\u0411\u0435\u0437 \u0433\u043b\u044e\u0442\u0435\u043d\u0443<\/li>\n<li>Bez soje<\/li>\n<\/ul>","protected":false},"featured_media":6401,"comment_status":"open","ping_status":"closed","template":"","meta":{"inline_featured_image":false},"product_cat":[15,57,42,31,60,40],"product_tag":[],"class_list":{"0":"post-6399","1":"product","2":"type-product","3":"status-publish","4":"has-post-thumbnail","6":"product_cat-supplements","7":"product_cat-antioxidants","8":"product_cat-bone-joint-cartilage","9":"product_cat-brain-cognitive","10":"product_cat-curcumin","11":"product_cat-immune-support","13":"first","14":"instock","15":"featured","16":"shipping-taxable","17":"purchasable","18":"product-type-simple"},"_links":{"self":[{"href":"https:\/\/be-healthy.taniko.me\/uk\/wp-json\/wp\/v2\/product\/6399","targetHints":{"allow":["GET"]}}],"collection":[{"href":"https:\/\/be-healthy.taniko.me\/uk\/wp-json\/wp\/v2\/product"}],"about":[{"href":"https:\/\/be-healthy.taniko.me\/uk\/wp-json\/wp\/v2\/types\/product"}],"replies":[{"embeddable":true,"href":"https:\/\/be-healthy.taniko.me\/uk\/wp-json\/wp\/v2\/comments?post=6399"}],"wp:featuredmedia":[{"embeddable":true,"href":"https:\/\/be-healthy.taniko.me\/uk\/wp-json\/wp\/v2\/media\/6401"}],"wp:attachment":[{"href":"https:\/\/be-healthy.taniko.me\/uk\/wp-json\/wp\/v2\/media?parent=6399"}],"wp:term":[{"taxonomy":"product_cat","embeddable":true,"href":"https:\/\/be-healthy.taniko.me\/uk\/wp-json\/wp\/v2\/product_cat?post=6399"},{"taxonomy":"product_tag","embeddable":true,"href":"https:\/\/be-healthy.taniko.me\/uk\/wp-json\/wp\/v2\/product_tag?post=6399"}],"curies":[{"name":"wp","href":"https:\/\/api.w.org\/{rel}","templated":true}]}}