{"id":6402,"date":"2023-12-06T21:22:43","date_gmt":"2023-12-06T21:22:43","guid":{"rendered":"https:\/\/be-healthy.taniko.me\/?post_type=product&#038;p=6402"},"modified":"2024-10-24T19:03:27","modified_gmt":"2024-10-24T19:03:27","slug":"doctors-best-high-absorption-coq10-with-bioperine-100-mg-60-veggie-caps","status":"publish","type":"product","link":"https:\/\/be-healthy.taniko.me\/uk\/product\/doctors-best-high-absorption-coq10-with-bioperine-100-mg-60-veggie-caps\/","title":{"rendered":"Doctor&#8217;s Best, High Absorption CoQ10 with BioPerine, 100 mg, 60 Veggie Caps"},"content":{"rendered":"<div class=\"row item-row\">\n<div class=\"col-xs-24\">\n<div class=\"col-xs-24 col-md-14\">\n<div class=\"row item-row\">\n<div class=\"col-xs-24\">\n<h3>\u041e\u043f\u0438\u0441<\/h3>\n<p>Doctor&#8217;s Best CoQ10 visoke apsorpcije sadr\u017ei \u010disti koenzim Q10 (ubikinon) plus BioPerine\u00ae. CoQ10 poma\u017ee pri radu srca i vitalan je za proizvodnju ATP-a (adenozin trifosfata), osobito u srcu. Stres, slobodni radikali, statini i starenje mogu utjecati na razine CoQ10. CoQ10 je vrlo va\u017ean za stvaranje energije, kontrakciju mi\u0161i\u0107a i sintezu proteina. Istra\u017eivanja su pokazala da BioPerine\u00ae pove\u0107ava apsorpciju CoQ10.<\/p>\n<ul>\n<li>Poma\u017ee u odr\u017eavanju zdravlja srca i stani\u010dne energije<\/li>\n<li>Poma\u017ee obnoviti CoQ10 koji se mo\u017ee smanjiti starenjem i lijekovima statinima^<\/li>\n<li>Formulirano s BioPerine\u00ae ekstraktom crnog papra za pobolj\u0161anje apsorpcije i bioraspolo\u017eivosti<\/li>\n<\/ul>\n<p>^CoQ10 nije namijenjen da slu\u017ei kao zamjena za terapiju statinima, niti biste trebali prekinuti uzimanje bilo kojeg propisanog lijeka tijekom suplementacije s CoQ10.<\/p>\n<h3>\u0420\u0435\u043a\u043e\u043c\u0435\u043d\u0434\u0430\u0446\u0456\u0457 \u0456\u0437 \u0437\u0430\u0441\u0442\u043e\u0441\u0443\u0432\u0430\u043d\u043d\u044f<\/h3>\n<p>Upotreba za odrasle: Uzmite 1 kapsulu dnevno, po mogu\u0107nosti s hranom za maksimalnu apsorpciju, ili prema preporuci nutricionista.<\/p>\n<h3>\u0406\u043d\u0448\u0456 \u0456\u043d\u0433\u0440\u0435\u0434\u0456\u0454\u043d\u0442\u0438<\/h3>\n<p>Ri\u017ein prah, hipromeloza (vegetarijanska kapsula), magnezijev stearat (biljni izvor), silicijev dioksid.<\/p>\n<h4>\u041f\u043e\u043f\u0435\u0440\u0435\u0434\u0436\u0435\u043d\u043d\u044f<\/h4>\n<p>\u0417\u0431\u0435\u0440\u0456\u0433\u0430\u0442\u0438 \u0432 \u0441\u0443\u0445\u043e\u043c\u0443 \u043f\u0440\u043e\u0445\u043e\u043b\u043e\u0434\u043d\u043e\u043c\u0443 \u043c\u0456\u0441\u0446\u0456.<\/p>\n<\/div>\n<\/div>\n<div class=\"row item-row\">\n<div class=\"col-xs-24\"><\/div>\n<\/div>\n<div class=\"row item-row\">\n<div class=\"col-xs-24\"><\/div>\n<\/div>\n<\/div>\n<div class=\"col-xs-24 col-md-10\">\n<div class=\"supplement-facts-container\">\n<table border=\"1\" width=\"100%\" cellspacing=\"0\" cellpadding=\"3\">\n<tbody>\n<tr align=\"left\" valign=\"top\">\n<td colspan=\"3\"><strong>Supplement Facts<\/strong><\/td>\n<\/tr>\n<tr align=\"left\" valign=\"top\">\n<td colspan=\"3\"><strong>Serving Size:<\/strong>\u00a01 Veggie Capsule<\/td>\n<\/tr>\n<tr align=\"left\" valign=\"top\">\n<td colspan=\"3\"><strong>Servings Per Container:<\/strong>\u00a060<\/td>\n<\/tr>\n<tr align=\"left\" valign=\"top\">\n<td width=\"70%\"><\/td>\n<td width=\"15%\"><strong>Amount Per Serving<\/strong><\/td>\n<td width=\"15%\"><strong>% Daily Value<\/strong><\/td>\n<\/tr>\n<tr align=\"left\" valign=\"top\">\n<td>Coenzyme Q10 (Ubiquinone)<\/td>\n<td>100 mg<\/td>\n<td>\u2020<\/td>\n<\/tr>\n<tr align=\"left\" valign=\"top\">\n<td>Black pepper ext. (Piper nigrum) (fruit)<br \/>\n(standardized to contain 95% Piperine) (BioPerine\u00ae)<\/td>\n<td>5 mg<\/td>\n<td>\u2020<\/td>\n<\/tr>\n<tr align=\"left\" valign=\"top\">\n<td colspan=\"3\">\u2020Daily Value not established.<\/td>\n<\/tr>\n<\/tbody>\n<\/table>\n<\/div>\n<\/div>\n<\/div>\n<\/div>","protected":false},"excerpt":{"rendered":"<ul>\n<li>\u041d\u0430\u0443\u043a\u043e\u0432\u043e \u043e\u0431\u0491\u0440\u0443\u043d\u0442\u043e\u0432\u0430\u043d\u0435 \u0445\u0430\u0440\u0447\u0443\u0432\u0430\u043d\u043d\u044f<\/li>\n<li>Prirodno fermentirana dokazana mo\u0107<\/li>\n<li>\u0414\u0456\u0454\u0442\u0438\u0447\u043d\u0430 \u0434\u043e\u0431\u0430\u0432\u043a\u0430<\/li>\n<li>Vegan\u2122<\/li>\n<li>Srce i energija<\/li>\n<li>Bez GMO \/ bez glutena \/ bez soje<\/li>\n<li>USP potvr\u0111en, prirodno fermentirani CoQ10<\/li>\n<\/ul>","protected":false},"featured_media":6404,"comment_status":"open","ping_status":"closed","template":"","meta":{"inline_featured_image":false},"product_cat":[15,41,57,29],"product_tag":[],"class_list":{"0":"post-6402","1":"product","2":"type-product","3":"status-publish","4":"has-post-thumbnail","6":"product_cat-supplements","7":"product_cat-anti-aging-longevity","8":"product_cat-antioxidants","9":"product_cat-heart","11":"first","12":"instock","13":"featured","14":"shipping-taxable","15":"purchasable","16":"product-type-simple"},"_links":{"self":[{"href":"https:\/\/be-healthy.taniko.me\/uk\/wp-json\/wp\/v2\/product\/6402","targetHints":{"allow":["GET"]}}],"collection":[{"href":"https:\/\/be-healthy.taniko.me\/uk\/wp-json\/wp\/v2\/product"}],"about":[{"href":"https:\/\/be-healthy.taniko.me\/uk\/wp-json\/wp\/v2\/types\/product"}],"replies":[{"embeddable":true,"href":"https:\/\/be-healthy.taniko.me\/uk\/wp-json\/wp\/v2\/comments?post=6402"}],"wp:featuredmedia":[{"embeddable":true,"href":"https:\/\/be-healthy.taniko.me\/uk\/wp-json\/wp\/v2\/media\/6404"}],"wp:attachment":[{"href":"https:\/\/be-healthy.taniko.me\/uk\/wp-json\/wp\/v2\/media?parent=6402"}],"wp:term":[{"taxonomy":"product_cat","embeddable":true,"href":"https:\/\/be-healthy.taniko.me\/uk\/wp-json\/wp\/v2\/product_cat?post=6402"},{"taxonomy":"product_tag","embeddable":true,"href":"https:\/\/be-healthy.taniko.me\/uk\/wp-json\/wp\/v2\/product_tag?post=6402"}],"curies":[{"name":"wp","href":"https:\/\/api.w.org\/{rel}","templated":true}]}}