{"id":6408,"date":"2023-12-06T21:34:14","date_gmt":"2023-12-06T21:34:14","guid":{"rendered":"https:\/\/be-healthy.taniko.me\/?post_type=product&#038;p=6408"},"modified":"2024-10-24T18:47:58","modified_gmt":"2024-10-24T18:47:58","slug":"doctors-best-lutein-with-lutemax-2020-20-mg-180-softgels","status":"publish","type":"product","link":"https:\/\/be-healthy.taniko.me\/uk\/product\/doctors-best-lutein-with-lutemax-2020-20-mg-180-softgels\/","title":{"rendered":"Doctor&#8217;s Best, Lutein with Lutemax 2020, 20 mg, 180 Softgels"},"content":{"rendered":"<div class=\"row item-row\">\n<div class=\"col-xs-24\">\n<h3>\u041e\u043f\u0438\u0441<\/h3>\n<p>Doctor&#8217;s Best Lutein s Lutemax\u00ae 2020 sadr\u017ei visoko istra\u017een, optimalan omjer luteina i zeaksantina koji poma\u017ee u za\u0161titi va\u0161ih o\u010diju od \u0161tetnog visokoenergetskog plavog svjetla u svakodnevnom okru\u017eenju, uklju\u010duju\u0107i ve\u0107inu digitalnih ekrana, sun\u010devu svjetlost i unutarnju rasvjetu. Ovaj prirodni ekstrakt cvijeta nevena poma\u017ee neutralizirati slobodne radikale kako bi podr\u017eao funkciju vida i zdravlje o\u010diju od \u010deste uporabe digitalnih ure\u0111aja.<\/p>\n<ul>\n<li>Pomozite u podr\u017eavanju vizualne funkcije.<\/li>\n<li>Poma\u017ee u za\u0161titi o\u010diju od \u0161tetnog plavog svjetla visoke energije u svakodnevnom okru\u017eenju.<\/li>\n<li>Poma\u017ee u odr\u017eavanju zdravlja o\u010diju pri kori\u0161tenju digitalnih ure\u0111aja.<\/li>\n<li>Poma\u017ee neutralizirati slobodne radikale.<\/li>\n<\/ul>\n<p>&nbsp;<\/p>\n<h4>\u0420\u0435\u043a\u043e\u043c\u0435\u043d\u0434\u0430\u0446\u0456\u0457 \u0456\u0437 \u0437\u0430\u0441\u0442\u043e\u0441\u0443\u0432\u0430\u043d\u043d\u044f<\/h4>\n<p>Preporu\u010dena upotreba za odrasle: Uzmite 1 meku gel dnevno, s hranom ili bez nje, ili prema preporuci nutricionisti\u010dkog lije\u010dnika.<\/p>\n<h4>\u0406\u043d\u0448\u0456 \u0456\u043d\u0433\u0440\u0435\u0434\u0456\u0454\u043d\u0442\u0438<\/h4>\n<p>Suncokretovo ulje, softgel kapsula (\u017eelatina, glicerin, pro\u010di\u0161\u0107ena voda).<\/p>\n<h3>\u041f\u043e\u043f\u0435\u0440\u0435\u0434\u0436\u0435\u043d\u043d\u044f<\/h3>\n<p>\u0417\u0431\u0435\u0440\u0456\u0433\u0430\u0442\u0438 \u0432 \u0441\u0443\u0445\u043e\u043c\u0443 \u043f\u0440\u043e\u0445\u043e\u043b\u043e\u0434\u043d\u043e\u043c\u0443 \u043c\u0456\u0441\u0446\u0456.<\/p>\n<p>&nbsp;<\/p>\n<\/div>\n<\/div>\n<div class=\"row item-row\">\n<div class=\"col-xs-24\">\n<div class=\"prodOverviewDetail\">\n<table border=\"1\" width=\"100%\" cellspacing=\"0\" cellpadding=\"3\">\n<tbody>\n<tr>\n<td colspan=\"3\"><strong>Supplement facts<\/strong><\/td>\n<\/tr>\n<tr>\n<td colspan=\"3\"><strong>Serving Size:<\/strong>\u00a01 softgel<\/td>\n<\/tr>\n<tr>\n<td colspan=\"3\"><strong>Servings Per Container:<\/strong>\u00a0180<\/td>\n<\/tr>\n<tr>\n<td width=\"70%\"><\/td>\n<td width=\"15%\"><strong>Amount Per Serving<\/strong><\/td>\n<td width=\"15%\"><strong>% Daily Value<\/strong><\/td>\n<\/tr>\n<tr>\n<td>Lutein (from Lutemax\u00ae 2020 marigold flower ext., (Tagetes erecta))<\/td>\n<td>20 mg<\/td>\n<td>\u2020<\/td>\n<\/tr>\n<tr>\n<td>Zeaxanthin Isomers (from Lutemax\u00ae 2020 marigold flower ext.) (Tagetes erecta))<\/td>\n<td>4 mg<\/td>\n<td>\u2020<\/td>\n<\/tr>\n<tr>\n<td colspan=\"3\">\u2020Daily Value not established.<\/td>\n<\/tr>\n<\/tbody>\n<\/table>\n<\/div>\n<\/div>\n<\/div>","protected":false},"excerpt":{"rendered":"<ul>\n<li>\u041d\u0430\u0443\u043a\u043e\u0432\u043e \u043e\u0431\u0491\u0440\u0443\u043d\u0442\u043e\u0432\u0430\u043d\u0435 \u0445\u0430\u0440\u0447\u0443\u0432\u0430\u043d\u043d\u044f<\/li>\n<li>Lutein i zeaksantin<\/li>\n<li>Poma\u017ee u odr\u017eavanju vizualne funkcije i neutralizira slobodne radikale<\/li>\n<li>\u0414\u0456\u0454\u0442\u0438\u0447\u043d\u0430 \u0434\u043e\u0431\u0430\u0432\u043a\u0430<\/li>\n<li>Bez GMO-a \/ bez glutena<\/li>\n<\/ul>","protected":false},"featured_media":6410,"comment_status":"open","ping_status":"closed","template":"","meta":{"inline_featured_image":false},"product_cat":[15,57],"product_tag":[],"class_list":{"0":"post-6408","1":"product","2":"type-product","3":"status-publish","4":"has-post-thumbnail","6":"product_cat-supplements","7":"product_cat-antioxidants","9":"first","10":"instock","11":"featured","12":"shipping-taxable","13":"purchasable","14":"product-type-simple"},"_links":{"self":[{"href":"https:\/\/be-healthy.taniko.me\/uk\/wp-json\/wp\/v2\/product\/6408","targetHints":{"allow":["GET"]}}],"collection":[{"href":"https:\/\/be-healthy.taniko.me\/uk\/wp-json\/wp\/v2\/product"}],"about":[{"href":"https:\/\/be-healthy.taniko.me\/uk\/wp-json\/wp\/v2\/types\/product"}],"replies":[{"embeddable":true,"href":"https:\/\/be-healthy.taniko.me\/uk\/wp-json\/wp\/v2\/comments?post=6408"}],"wp:featuredmedia":[{"embeddable":true,"href":"https:\/\/be-healthy.taniko.me\/uk\/wp-json\/wp\/v2\/media\/6410"}],"wp:attachment":[{"href":"https:\/\/be-healthy.taniko.me\/uk\/wp-json\/wp\/v2\/media?parent=6408"}],"wp:term":[{"taxonomy":"product_cat","embeddable":true,"href":"https:\/\/be-healthy.taniko.me\/uk\/wp-json\/wp\/v2\/product_cat?post=6408"},{"taxonomy":"product_tag","embeddable":true,"href":"https:\/\/be-healthy.taniko.me\/uk\/wp-json\/wp\/v2\/product_tag?post=6408"}],"curies":[{"name":"wp","href":"https:\/\/api.w.org\/{rel}","templated":true}]}}