{"id":6411,"date":"2023-12-06T21:38:43","date_gmt":"2023-12-06T21:38:43","guid":{"rendered":"https:\/\/be-healthy.taniko.me\/?post_type=product&#038;p=6411"},"modified":"2024-10-24T18:42:51","modified_gmt":"2024-10-24T18:42:51","slug":"doctors-best-alpha-lipoic-acid-600-600-mg-60-veggie-caps","status":"publish","type":"product","link":"https:\/\/be-healthy.taniko.me\/uk\/product\/doctors-best-alpha-lipoic-acid-600-600-mg-60-veggie-caps\/","title":{"rendered":"Doctor&#8217;s Best, Alpha-Lipoic Acid 600, 600 mg, 60 Veggie Caps"},"content":{"rendered":"<div class=\"row item-row\">\n<div class=\"col-xs-24\">\n<h3>\u041e\u043f\u0438\u0441<\/h3>\n<p>Alfa-lipoi\u010dna kiselina (ALA) igra va\u017enu ulogu u metabolizmu glukoze koja proizvodi stani\u010dnu energiju u tijelu. ALA se prirodno pojavljuje i djeluje kao antioksidans u cijelom tijelu koji poma\u017ee regenerirati druge antioksidanse kao \u0161to su vitamin C, vitamin E i glutation. ALA je izrazit antioksidans koji je i hidrofoban i hidrofilan koji optimizira sposobnost tijela da ukloni slobodne radikale od ukupnog blagostanja.<\/p>\n<ul>\n<li>Poma\u017ee pri metabolizmu glukoze za stani\u010dnu energiju.<\/li>\n<li>Poma\u017ee regeneraciju antioksidansa kao \u0161to su vitamin C, vitamin E i glutation.<\/li>\n<li>Poma\u017ee tijelu u za\u0161titi od slobodnih radikala.<\/li>\n<\/ul>\n<h4>\n\u0420\u0435\u043a\u043e\u043c\u0435\u043d\u0434\u0430\u0446\u0456\u0457 \u0456\u0437 \u0437\u0430\u0441\u0442\u043e\u0441\u0443\u0432\u0430\u043d\u043d\u044f<\/h4>\n<p>Uzmite 1 kapsulu dnevno, po mogu\u0107nosti na prazan \u017eeludac, prema preporuci nutricionista.<\/p>\n<h4>\u0406\u043d\u0448\u0456 \u0456\u043d\u0433\u0440\u0435\u0434\u0456\u0454\u043d\u0442\u0438<\/h4>\n<p>Hipromeloza (vegetarijanska kapsula), mikrokristalna celuloza, silicijev dioksid, magnezijev stearat (biljni izvor).<\/p>\n<h4>\u041f\u043e\u043f\u0435\u0440\u0435\u0434\u0436\u0435\u043d\u043d\u044f<\/h4>\n<p>Posavjetujte se s lije\u010dnikom prije uporabe ako ste trudni, dojite, lije\u010dite se zbog bolesti ili uzimate recepte.<\/p>\n<p>\u0417\u0431\u0435\u0440\u0456\u0433\u0430\u0442\u0438 \u0432 \u0441\u0443\u0445\u043e\u043c\u0443 \u043f\u0440\u043e\u0445\u043e\u043b\u043e\u0434\u043d\u043e\u043c\u0443 \u043c\u0456\u0441\u0446\u0456.<\/p>\n<p>&nbsp;<\/p>\n<\/div>\n<\/div>\n<div class=\"row item-row\">\n<div class=\"col-xs-24\">\n<div class=\"prodOverviewDetail\">\n<table border=\"1\" width=\"100%\" cellspacing=\"0\" cellpadding=\"3\">\n<tbody>\n<tr valign=\"top\">\n<td colspan=\"3\"><strong>Supplement facts<\/strong><\/td>\n<\/tr>\n<tr valign=\"top\">\n<td colspan=\"3\"><strong>Serving Size:<\/strong>\u00a01 Veggie Capsule<\/td>\n<\/tr>\n<tr valign=\"top\">\n<td colspan=\"3\"><strong>Servings Per Container:<\/strong>\u00a060<\/td>\n<\/tr>\n<tr valign=\"top\">\n<td width=\"70%\"><\/td>\n<td width=\"15%\"><strong>Amount per serving<\/strong><\/td>\n<td width=\"15%\"><strong>%Daily Value<\/strong><\/td>\n<\/tr>\n<tr valign=\"top\">\n<td>Alpha-lipoic acid<\/td>\n<td>600 mg<\/td>\n<td>\u2020<\/td>\n<\/tr>\n<tr valign=\"top\">\n<td colspan=\"3\">\u2020Daily Value not established.<\/td>\n<\/tr>\n<\/tbody>\n<\/table>\n<\/div>\n<\/div>\n<\/div>","protected":false},"excerpt":{"rendered":"<ul>\n<li>\u041d\u0430\u0443\u043a\u043e\u0432\u043e \u043e\u0431\u0491\u0440\u0443\u043d\u0442\u043e\u0432\u0430\u043d\u0435 \u0445\u0430\u0440\u0447\u0443\u0432\u0430\u043d\u043d\u044f<\/li>\n<li>\u0414\u0456\u0454\u0442\u0438\u0447\u043d\u0430 \u0434\u043e\u0431\u0430\u0432\u043a\u0430<\/li>\n<li>Poma\u017ee u podr\u017eavanju metabolizma glukoze i regeneraciji antioksidansa<\/li>\n<li>Vegan\u2122<\/li>\n<li>Bez GMO \/ bez glutena \/ bez soje<\/li>\n<\/ul>","protected":false},"featured_media":6413,"comment_status":"open","ping_status":"closed","template":"","meta":{"inline_featured_image":false},"product_cat":[15,66],"product_tag":[],"class_list":{"0":"post-6411","1":"product","2":"type-product","3":"status-publish","4":"has-post-thumbnail","6":"product_cat-supplements","7":"product_cat-minerals","9":"first","10":"instock","11":"featured","12":"shipping-taxable","13":"purchasable","14":"product-type-simple"},"_links":{"self":[{"href":"https:\/\/be-healthy.taniko.me\/uk\/wp-json\/wp\/v2\/product\/6411","targetHints":{"allow":["GET"]}}],"collection":[{"href":"https:\/\/be-healthy.taniko.me\/uk\/wp-json\/wp\/v2\/product"}],"about":[{"href":"https:\/\/be-healthy.taniko.me\/uk\/wp-json\/wp\/v2\/types\/product"}],"replies":[{"embeddable":true,"href":"https:\/\/be-healthy.taniko.me\/uk\/wp-json\/wp\/v2\/comments?post=6411"}],"wp:featuredmedia":[{"embeddable":true,"href":"https:\/\/be-healthy.taniko.me\/uk\/wp-json\/wp\/v2\/media\/6413"}],"wp:attachment":[{"href":"https:\/\/be-healthy.taniko.me\/uk\/wp-json\/wp\/v2\/media?parent=6411"}],"wp:term":[{"taxonomy":"product_cat","embeddable":true,"href":"https:\/\/be-healthy.taniko.me\/uk\/wp-json\/wp\/v2\/product_cat?post=6411"},{"taxonomy":"product_tag","embeddable":true,"href":"https:\/\/be-healthy.taniko.me\/uk\/wp-json\/wp\/v2\/product_tag?post=6411"}],"curies":[{"name":"wp","href":"https:\/\/api.w.org\/{rel}","templated":true}]}}