{"id":6414,"date":"2023-12-06T21:45:04","date_gmt":"2023-12-06T21:45:04","guid":{"rendered":"https:\/\/be-healthy.taniko.me\/?post_type=product&#038;p=6414"},"modified":"2024-10-24T18:40:26","modified_gmt":"2024-10-24T18:40:26","slug":"now-foods-glutathione-500-mg-60-veg-capsules","status":"publish","type":"product","link":"https:\/\/be-healthy.taniko.me\/uk\/product\/now-foods-glutathione-500-mg-60-veg-capsules\/","title":{"rendered":"NOW Foods, Glutathione, 500 mg, 60 Veg Capsules"},"content":{"rendered":"<div class=\"row item-row\">\n<div class=\"col-xs-24\">\n<h3>\u041e\u043f\u0438\u0441<\/h3>\n<p>Glutation je mala peptidna molekula sastavljena od tri aminokiseline: cisteina, glutaminske kiseline i glicina. Proizvodi ga svaka stanica u tijelu, s posebno visokim razinama u jetri. Glutation je klju\u010dan za zdravu funkciju imunolo\u0161kog sustava i neophodan je za pravilne procese detoksikacije. Tako\u0111er igra klju\u010dnu ulogu u odr\u017eavanju zdravlja stanica izravnim neutraliziranjem slobodnih radikala, kao i odr\u017eavanjem aktivnosti vitamina C i E. Ekstrakt \u010di\u010dka i alfa lipoi\u010dna kiselina uklju\u010deni su kao komplementarni sastojci.<\/p>\n<h4>\u0420\u0435\u043a\u043e\u043c\u0435\u043d\u0434\u0430\u0446\u0456\u0457 \u0456\u0437 \u0437\u0430\u0441\u0442\u043e\u0441\u0443\u0432\u0430\u043d\u043d\u044f<\/h4>\n<p>Uzmite 1 kapsulu dnevno, najbolje na prazan \u017eeludac.<\/p>\n<h4>\u0406\u043d\u0448\u0456 \u0456\u043d\u0433\u0440\u0435\u0434\u0456\u0454\u043d\u0442\u0438<\/h4>\n<p>Hipromeloza (celulozna kapsula), mikrokristalna celuloza, magnezijev stearat (biljni izvor) i silicijev dioksid.<\/p>\n<p>Nije proizvedeno sa sastojcima p\u0161enice, glutena, soje, mlijeka, jaja, ribe, \u0161koljka\u0161a ili ora\u0161astih plodova. Proizvedeno u GMP postrojenju koje obra\u0111uje druge sastojke koji sadr\u017ee te alergene.<\/p>\n<h4>\u041f\u043e\u043f\u0435\u0440\u0435\u0434\u0436\u0435\u043d\u043d\u044f<\/h4>\n<p>\u010cuvati na hladnom i suhom mjestu nakon otvaranja.<\/p>\n<p>Samo za odrasle. Posavjetujte se s lije\u010dnikom ako ste trudni\/dojite, uzimate lijekove ili imate zdravstveno stanje. \u010cuvati izvan dohvata djece.<\/p>\n<p>U ovom proizvodu mo\u017ee do\u0107i do prirodne varijacije boje.<\/p>\n<p>&nbsp;<\/p>\n<\/div>\n<\/div>\n<div class=\"row item-row\">\n<div class=\"col-xs-24\">\n<div class=\"prodOverviewDetail\">\n<table border=\"1\" width=\"100%\" cellspacing=\"0\" cellpadding=\"3\">\n<tbody>\n<tr valign=\"top\">\n<td colspan=\"3\"><strong>Supplement facts<\/strong><\/td>\n<\/tr>\n<tr valign=\"top\">\n<td colspan=\"3\"><strong>Serving Size:<\/strong>\u00a01 Veg Capsule<\/td>\n<\/tr>\n<tr valign=\"top\">\n<td width=\"70%\"><\/td>\n<td width=\"15%\"><strong>Amount Per Serving<\/strong><\/td>\n<td width=\"15%\"><strong>%Daily Value<\/strong><\/td>\n<\/tr>\n<tr valign=\"top\">\n<td>Glutathione (Reduced Form)<\/td>\n<td>500 mg<\/td>\n<td>**<\/td>\n<\/tr>\n<tr valign=\"top\">\n<td>Milk Thistle Extract (Silybum marianum) (Fruit\/Seeds) (Standardized to 80 mg Silymarin Flavonoids &#8211; equivalent 80%)<\/td>\n<td>100 mg<\/td>\n<td>**<\/td>\n<\/tr>\n<tr valign=\"top\">\n<td>Alpha Lipoic Acid<\/td>\n<td>50 mg<\/td>\n<td>**<\/td>\n<\/tr>\n<tr valign=\"top\">\n<td colspan=\"3\">**Daily Value not established.<\/td>\n<\/tr>\n<\/tbody>\n<\/table>\n<\/div>\n<\/div>\n<\/div>","protected":false},"excerpt":{"rendered":"<ul>\n<li>Neutralizator slobodnih radikala<\/li>\n<li>Smanjeni aktivni oblik<\/li>\n<li>S ekstraktom \u010di\u010dka i alfa lipoi\u010dnom kiselinom<\/li>\n<li>\u0411\u0435\u0437 \u0413\u041c\u041e<\/li>\n<li>\u0414\u0456\u0454\u0442\u0438\u0447\u043d\u0430 \u0434\u043e\u0431\u0430\u0432\u043a\u0430<\/li>\n<li>Vegetarijanac\/vegan<\/li>\n<li>Ko\u0161er<\/li>\n<li>Aminokiseline<\/li>\n<li>U obiteljskom vlasni\u0161tvu od 1968<\/li>\n<li>Zajam\u010dena GMP kvaliteta<\/li>\n<\/ul>","protected":false},"featured_media":6416,"comment_status":"open","ping_status":"closed","template":"","meta":{"inline_featured_image":false},"product_cat":[15,66],"product_tag":[],"class_list":{"0":"post-6414","1":"product","2":"type-product","3":"status-publish","4":"has-post-thumbnail","6":"product_cat-supplements","7":"product_cat-minerals","9":"first","10":"instock","11":"featured","12":"shipping-taxable","13":"purchasable","14":"product-type-simple"},"_links":{"self":[{"href":"https:\/\/be-healthy.taniko.me\/uk\/wp-json\/wp\/v2\/product\/6414","targetHints":{"allow":["GET"]}}],"collection":[{"href":"https:\/\/be-healthy.taniko.me\/uk\/wp-json\/wp\/v2\/product"}],"about":[{"href":"https:\/\/be-healthy.taniko.me\/uk\/wp-json\/wp\/v2\/types\/product"}],"replies":[{"embeddable":true,"href":"https:\/\/be-healthy.taniko.me\/uk\/wp-json\/wp\/v2\/comments?post=6414"}],"wp:featuredmedia":[{"embeddable":true,"href":"https:\/\/be-healthy.taniko.me\/uk\/wp-json\/wp\/v2\/media\/6416"}],"wp:attachment":[{"href":"https:\/\/be-healthy.taniko.me\/uk\/wp-json\/wp\/v2\/media?parent=6414"}],"wp:term":[{"taxonomy":"product_cat","embeddable":true,"href":"https:\/\/be-healthy.taniko.me\/uk\/wp-json\/wp\/v2\/product_cat?post=6414"},{"taxonomy":"product_tag","embeddable":true,"href":"https:\/\/be-healthy.taniko.me\/uk\/wp-json\/wp\/v2\/product_tag?post=6414"}],"curies":[{"name":"wp","href":"https:\/\/api.w.org\/{rel}","templated":true}]}}