{"id":6420,"date":"2023-12-06T21:58:38","date_gmt":"2023-12-06T21:58:38","guid":{"rendered":"https:\/\/be-healthy.taniko.me\/?post_type=product&#038;p=6420"},"modified":"2024-10-24T15:25:43","modified_gmt":"2024-10-24T15:25:43","slug":"doctors-best-high-absorption-magnesium-100-mg-120-tablets","status":"publish","type":"product","link":"https:\/\/be-healthy.taniko.me\/uk\/product\/doctors-best-high-absorption-magnesium-100-mg-120-tablets\/","title":{"rendered":"Doctor&#8217;s Best, High Absorption Magnesium, 100 mg, 120 Tablets"},"content":{"rendered":"<div class=\"row item-row\">\n<div class=\"col-xs-24\">\n<h3>\u041e\u043f\u0438\u0441<\/h3>\n<p>Doctor&#8217;s Best magnezij osigurava dnevnu dozu magnezija visoke apsorpcije bez gastrointestinalnih smetnji.<\/p>\n<p>Ova vrhunska formula sa 100% keliranim lizinatom glicinatom magnezija u\u010dinkovito apsorbira kako bi podr\u017eala opu\u0161tanje mi\u0161i\u0107a i optimalnu funkciju \u017eivaca.<\/p>\n<ul>\n<li>Podr\u017eava opu\u0161tanje mi\u0161i\u0107a i miran san<\/li>\n<li>Neophodan u 300 enzimskih sustava koji podr\u017eavaju biokemijske funkcije<\/li>\n<li>Do 6x bolje apsorbira od ostalih oblika magnezija<\/li>\n<\/ul>\n<h4>\u0420\u0435\u043a\u043e\u043c\u0435\u043d\u0434\u0430\u0446\u0456\u0457 \u0456\u0437 \u0437\u0430\u0441\u0442\u043e\u0441\u0443\u0432\u0430\u043d\u043d\u044f<\/h4>\n<p>Uzmite 2 tablete dva puta dnevno ili prema preporuci nutricionista.<\/p>\n<p>&nbsp;<\/p>\n<h4>\u0406\u043d\u0448\u0456 \u0456\u043d\u0433\u0440\u0435\u0434\u0456\u0454\u043d\u0442\u0438<\/h4>\n<p>Mikrokristalna celuloza, kroskarmeloza natrij, magnezijev stearat (biljni izvor), stearinska kiselina, hipromeloza i hidroksipropil celuloza (prevlaka).<\/p>\n<p>&nbsp;<\/p>\n<h4>\u041f\u043e\u043f\u0435\u0440\u0435\u0434\u0436\u0435\u043d\u043d\u044f<\/h4>\n<p>\u0417\u0431\u0435\u0440\u0456\u0433\u0430\u0442\u0438 \u0432 \u0441\u0443\u0445\u043e\u043c\u0443 \u043f\u0440\u043e\u0445\u043e\u043b\u043e\u0434\u043d\u043e\u043c\u0443 \u043c\u0456\u0441\u0446\u0456.<\/p>\n<table style=\"font-size: 16px;\" border=\"1\" width=\"100%\" cellspacing=\"0\" cellpadding=\"3\">\n<tbody>\n<tr align=\"left\" valign=\"top\">\n<td colspan=\"3\"><strong>Supplement facts<\/strong><\/td>\n<\/tr>\n<tr align=\"left\" valign=\"top\">\n<td colspan=\"3\"><strong>Serving Size:\u00a0<\/strong>2 Veggie Capsules<\/td>\n<\/tr>\n<tr align=\"left\" valign=\"top\">\n<td colspan=\"3\"><strong>Serving Per Container:\u00a0<\/strong>60<\/td>\n<\/tr>\n<tr align=\"left\" valign=\"top\">\n<td width=\"70%\"><\/td>\n<td width=\"15%\"><strong>Amount Per Serving<\/strong><\/td>\n<td width=\"15%\"><strong>%Daily Value<\/strong><\/td>\n<\/tr>\n<tr align=\"left\" valign=\"top\">\n<td>Magnesium (from 1,050 mg magnesium lysinate glycinate chelate) (Albion\u00ae)<\/td>\n<td>105 mg<\/td>\n<td>25%<\/td>\n<\/tr>\n<\/tbody>\n<\/table>\n<\/div>\n<\/div>","protected":false},"excerpt":{"rendered":"<ul>\n<li>\u041d\u0430\u0443\u043a\u043e\u0432\u043e \u043e\u0431\u0491\u0440\u0443\u043d\u0442\u043e\u0432\u0430\u043d\u0435 \u0445\u0430\u0440\u0447\u0443\u0432\u0430\u043d\u043d\u044f<\/li>\n<li>Lysinate Glycinate 100% Chelated<\/li>\n<li>Minerali Albiona<\/li>\n<li>Opu\u0161tanje mi\u0161i\u0107a i potpora zdravom snu<\/li>\n<li>\u0414\u0456\u0454\u0442\u0438\u0447\u043d\u0430 \u0434\u043e\u0431\u0430\u0432\u043a\u0430<\/li>\n<li>Vegansko \/ bez GMO \/ bez glutena \/ bez soje<\/li>\n<\/ul>","protected":false},"featured_media":7604,"comment_status":"open","ping_status":"closed","template":"","meta":{"inline_featured_image":false},"product_cat":[15,66],"product_tag":[],"class_list":{"0":"post-6420","1":"product","2":"type-product","3":"status-publish","4":"has-post-thumbnail","6":"product_cat-supplements","7":"product_cat-minerals","9":"first","10":"instock","11":"featured","12":"shipping-taxable","13":"purchasable","14":"product-type-simple"},"_links":{"self":[{"href":"https:\/\/be-healthy.taniko.me\/uk\/wp-json\/wp\/v2\/product\/6420","targetHints":{"allow":["GET"]}}],"collection":[{"href":"https:\/\/be-healthy.taniko.me\/uk\/wp-json\/wp\/v2\/product"}],"about":[{"href":"https:\/\/be-healthy.taniko.me\/uk\/wp-json\/wp\/v2\/types\/product"}],"replies":[{"embeddable":true,"href":"https:\/\/be-healthy.taniko.me\/uk\/wp-json\/wp\/v2\/comments?post=6420"}],"wp:featuredmedia":[{"embeddable":true,"href":"https:\/\/be-healthy.taniko.me\/uk\/wp-json\/wp\/v2\/media\/7604"}],"wp:attachment":[{"href":"https:\/\/be-healthy.taniko.me\/uk\/wp-json\/wp\/v2\/media?parent=6420"}],"wp:term":[{"taxonomy":"product_cat","embeddable":true,"href":"https:\/\/be-healthy.taniko.me\/uk\/wp-json\/wp\/v2\/product_cat?post=6420"},{"taxonomy":"product_tag","embeddable":true,"href":"https:\/\/be-healthy.taniko.me\/uk\/wp-json\/wp\/v2\/product_tag?post=6420"}],"curies":[{"name":"wp","href":"https:\/\/api.w.org\/{rel}","templated":true}]}}