{"id":6434,"date":"2023-12-15T16:10:25","date_gmt":"2023-12-15T16:10:25","guid":{"rendered":"https:\/\/be-healthy.taniko.me\/?post_type=product&#038;p=6434"},"modified":"2024-10-23T21:18:54","modified_gmt":"2024-10-23T21:18:54","slug":"life-extension-magnesium-caps-500-mg-100-vegetarian-capsules","status":"publish","type":"product","link":"https:\/\/be-healthy.taniko.me\/uk\/product\/life-extension-magnesium-caps-500-mg-100-vegetarian-capsules\/","title":{"rendered":"Life Extension, Magnesium Caps, 500 mg| 100 mg, 100 Vegetarian Capsules"},"content":{"rendered":"<div class=\"row item-row\">\n<div class=\"col-xs-24\">\n<h3>\u041e\u043f\u0438\u0441<\/h3>\n<p>Magnezij podr\u017eava zdravlje kardiovaskularnog sustava i kostiju, poti\u010de energetski metabolizam i rad mozga te poma\u017ee u odr\u017eavanju funkcije \u017eiv\u010danog sustava kao i ve\u0107 zdrave razine krvnog tlaka.<\/p>\n<p>Magnezij tako\u0111er podr\u017eava zdrave profile lipida u serumu, zdrav upalni odgovor i zdravu endotelnu funkciju te poti\u010de metaboli\u010dko zdravlje. Magnezij je jedan od najva\u017enijih minerala u tijelu. Potreban nam je za vi\u0161e od 300 biokemijskih reakcija.<\/p>\n<p>&nbsp;<\/p>\n<p><em><strong>Kardiovaskularno zdravlje i krvni tlak<\/strong><\/em><\/p>\n<p>Magnezij poma\u017ee u opu\u0161tanju glatkih mi\u0161i\u0107a unutar krvnih \u017eila, \u0161to podupire periferni vaskularni otpor i poti\u010de zdravu kardiovaskularnu funkciju i protok krvi. Magnezij poti\u010de zdrav upalni odgovor i zdravu endotelnu funkciju te poma\u017ee u inhibiciji oksidativnog stresa kako bi podr\u017eao zdravlje kardiovaskularnog sustava.<\/p>\n<p>Magnezij tako\u0111er poma\u017ee u odr\u017eavanju ve\u0107 zdrave razine krvnog tlaka.<\/p>\n<p><em><strong>Zdravlje mozga i \u017eiv\u010danog sustava<\/strong><\/em><\/p>\n<p>Magnezij igra va\u017enu ulogu u \u017eiv\u010danom sustavu i poma\u017ee u odr\u017eavanju zdrave funkcije mozga. Magnezij tako\u0111er mo\u017ee modulirati signalizaciju serotonina i drugih neurotransmitera, i to na odgovaraju\u0107i na\u010din<\/p>\n<p>unos magnezija mo\u017ee promicati zdravo raspolo\u017eenje.<\/p>\n<p><em><strong>Zdravlje i gusto\u0107a kostiju<\/strong><\/em><\/p>\n<p>Magnezij je, zajedno s kalcijem i drugim mineralima, bitna komponenta zdravog ko\u0161tanog matriksa. Dobro mineralizirana ko\u0161tana matrica poma\u017ee u odr\u017eavanju jakih, zdravih kostiju.<\/p>\n<p>Metaboli\u010dko zdravlje i vi\u0161e<\/p>\n<p>Unos magnezija tako\u0111er poti\u010de \u0161irok raspon zdravih metaboli\u010dkih \u010dimbenika, profila lipida u serumu i vi\u0161e. Magnezij tako\u0111er poma\u017ee u za\u0161titi od oksidativnog stresa.<\/p>\n<h4>\u0420\u0435\u043a\u043e\u043c\u0435\u043d\u0434\u0430\u0446\u0456\u0457 \u0456\u0437 \u0437\u0430\u0441\u0442\u043e\u0441\u0443\u0432\u0430\u043d\u043d\u044f<\/h4>\n<p>Pro\u010ditajte cijelu etiketu i pa\u017eljivo slijedite upute prije uporabe.<\/p>\n<p>Uzmite jednu (1) kapsulu jedan do tri puta dnevno sa ili bez hrane, ili prema preporuci lije\u010dnika.<\/p>\n<\/div>\n<\/div>\n<div class=\"row item-row\">\n<div class=\"col-xs-24\">\n<h4>\u0406\u043d\u0448\u0456 \u0456\u043d\u0433\u0440\u0435\u0434\u0456\u0454\u043d\u0442\u0438<\/h4>\n<p>Biljna celuloza (kapsula), mikrokristalna celuloza, stearinska kiselina, silicij.<\/p>\n<h4>\u041f\u043e\u043f\u0435\u0440\u0435\u0434\u0436\u0435\u043d\u043d\u044f<\/h4>\n<p>Oprez: Ako se uzima u velikim dozama, magnezij mo\u017ee imati laksativni u\u010dinak. Ako se to dogodi, podijelite dozu, smanjite unos ili prekinite proizvod.<\/p>\n<p>\u010cuvati izvan dohvata djece.<br \/>\nNemojte prekora\u010diti preporu\u010denu dozu.<br \/>\nNe kupujte ako je vanjski pe\u010dat slomljen ili o\u0161te\u0107en.<br \/>\nPrilikom kori\u0161tenja dodataka prehrani posavjetujte se sa svojim lije\u010dnikom ako ste podvrgnuti lije\u010denju zbog nekog zdravstvenog stanja ili ako ste trudni ili dojite.<\/p>\n<p>\u010cuvati dobro zatvoreno na hladnom i suhom mjestu.<\/p>\n<\/div>\n<\/div>","protected":false},"excerpt":{"rendered":"<ul>\n<li>\u0411\u0435\u0437 \u0433\u043b\u044e\u0442\u0435\u043d\u0443<\/li>\n<li>Non-GMO LE certificiran<\/li>\n<li>Esencijalni mineral za zdravlje kardiovaskularnog sustava<\/li>\n<li>\u0414\u0456\u0454\u0442\u0438\u0447\u043d\u0430 \u0434\u043e\u0431\u0430\u0432\u043a\u0430<\/li>\n<li>Dostavlja 4 oblika magnezija<\/li>\n<li>Neophodan za zdravlje cijelog tijela<\/li>\n<li>Promi\u010de zdravlje srca i vaskularnu funkciju<\/li>\n<li>Podr\u017eava zdravu gusto\u0107u kostiju i funkciju \u017eiv\u010danog sustava<\/li>\n<\/ul>","protected":false},"featured_media":6440,"comment_status":"open","ping_status":"closed","template":"","meta":{"inline_featured_image":false},"product_cat":[15,66],"product_tag":[],"class_list":{"0":"post-6434","1":"product","2":"type-product","3":"status-publish","4":"has-post-thumbnail","6":"product_cat-supplements","7":"product_cat-minerals","9":"first","10":"instock","11":"featured","12":"shipping-taxable","13":"purchasable","14":"product-type-variable"},"_links":{"self":[{"href":"https:\/\/be-healthy.taniko.me\/uk\/wp-json\/wp\/v2\/product\/6434","targetHints":{"allow":["GET"]}}],"collection":[{"href":"https:\/\/be-healthy.taniko.me\/uk\/wp-json\/wp\/v2\/product"}],"about":[{"href":"https:\/\/be-healthy.taniko.me\/uk\/wp-json\/wp\/v2\/types\/product"}],"replies":[{"embeddable":true,"href":"https:\/\/be-healthy.taniko.me\/uk\/wp-json\/wp\/v2\/comments?post=6434"}],"wp:featuredmedia":[{"embeddable":true,"href":"https:\/\/be-healthy.taniko.me\/uk\/wp-json\/wp\/v2\/media\/6440"}],"wp:attachment":[{"href":"https:\/\/be-healthy.taniko.me\/uk\/wp-json\/wp\/v2\/media?parent=6434"}],"wp:term":[{"taxonomy":"product_cat","embeddable":true,"href":"https:\/\/be-healthy.taniko.me\/uk\/wp-json\/wp\/v2\/product_cat?post=6434"},{"taxonomy":"product_tag","embeddable":true,"href":"https:\/\/be-healthy.taniko.me\/uk\/wp-json\/wp\/v2\/product_tag?post=6434"}],"curies":[{"name":"wp","href":"https:\/\/api.w.org\/{rel}","templated":true}]}}