{"id":6443,"date":"2023-12-15T17:50:53","date_gmt":"2023-12-15T17:50:53","guid":{"rendered":"https:\/\/be-healthy.taniko.me\/?post_type=product&#038;p=6443"},"modified":"2024-10-23T21:14:45","modified_gmt":"2024-10-23T21:14:45","slug":"life-extension-boron-3-mg-100-vegetarian-capsules","status":"publish","type":"product","link":"https:\/\/be-healthy.taniko.me\/uk\/product\/life-extension-boron-3-mg-100-vegetarian-capsules\/","title":{"rendered":"Life Extension, Boron, 3 mg, 100 Vegetarian Capsules"},"content":{"rendered":"<div class=\"row item-row\">\n<div class=\"col-xs-24\">\n<h3>\u041e\u043f\u0438\u0441<\/h3>\n<p>Bor, mineral u tragovima, ne dobiva pozornost koju dobivaju druge poznatije hranjive tvari. Ali igra va\u017enu ulogu u podr\u017eavanju zdravog starenja. Na primjer, kako starimo, podr\u0161ka zdravlju kostiju mora postati ve\u0107i prioritet kako bismo odr\u017eali zdrav i aktivan na\u010din \u017eivota. Bor poma\u017ee u poticanju zdravog rasta i mineralizacije kostiju.<\/p>\n<p>Mineral bor ima potencijal za \u0161irok raspon zdravstvenih prednosti, od imunolo\u0161kog sustava do potpore zdravlju kostiju.<\/p>\n<h4><em>Dobivate li dovoljno bora?<\/em><\/h4>\n<p>Prema istra\u017eivanju, ljudi trebaju minimalno 1 mg bora dnevno za optimalno zdravlje. Iako je lako dostupan u vo\u0107u, povr\u0107u, mahunarkama i ora\u0161astim plodovima, mnogi ljudi jo\u0161 uvijek ne dobivaju potrebnu koli\u010dinu redovito<\/p>\n<p>Bor je mineral potreban u tragovima za optimalno zdravlje. Blagotvorno djeluje na potporu zdravlju kostiju i funkcioniranju \u017eiv\u010danog sustava. Tako\u0111er podr\u017eava optimalnu imunolo\u0161ku funkciju i antioksidativno djelovanje.<\/p>\n<p>Bor poti\u010de zdrav rast i mineralizaciju kostiju. \u010cini se da je ovaj u\u010dinak djelomi\u010dno posljedica aktivacije i stabilizacije vitamina D i pozitivnog utjecaja na podr\u017eavanje metabolizma estrogena. Kod zdravih mu\u0161karaca utvr\u0111eno je da bor poti\u010de razinu slobodnog testosterona. Dokazano je da dodatak bora poma\u017ee u odr\u017eavanju udobnosti zglobova i odr\u017eavanju zdrave hormonske aktivnosti.<\/p>\n<p>U randomiziranom kontroliranom ispitivanju, nadomjestak bora je pokazao da inhibira nelagodu na po\u010detku menstrualnog ciklusa, vjerojatno poma\u017eu\u0107i u promicanju zdravog upalnog odgovora.<\/p>\n<p>Istra\u017eivanja sugeriraju da je ljudima potreban minimalno 1 mg bora dnevno kako bi odr\u017eali optimalno zdravlje, ali unato\u010d njegovoj zastupljenosti u vo\u0107u, povr\u0107u, mahunarkama i ora\u0161astim plodovima, \u010dini se da mnogi ljudi ovu koli\u010dinu ne unose redovito. Za odr\u017eavanje zdravlja kostiju preporu\u010duje se dnevni unos od 3 mg dnevno.<\/p>\n<\/div>\n<\/div>\n<div class=\"row item-row\">\n<div class=\"col-xs-24\">\n<h4>\u0420\u0435\u043a\u043e\u043c\u0435\u043d\u0434\u0430\u0446\u0456\u0457 \u0456\u0437 \u0437\u0430\u0441\u0442\u043e\u0441\u0443\u0432\u0430\u043d\u043d\u044f<\/h4>\n<p>Pro\u010ditajte cijelu etiketu i pa\u017eljivo slijedite upute prije uporabe.<\/p>\n<p>Uzmite jednu (1) kapsulu dnevno ili prema preporuci lije\u010dnika.<\/p>\n<h4>\u0406\u043d\u0448\u0456 \u0456\u043d\u0433\u0440\u0435\u0434\u0456\u0454\u043d\u0442\u0438<\/h4>\n<p>Mikrokristalna celuloza, biljna celuloza (kapsula).<\/p>\n<h4>\u041f\u043e\u043f\u0435\u0440\u0435\u0434\u0436\u0435\u043d\u043d\u044f<\/h4>\n<p>\u010cuvati izvan dohvata djece.<br \/>\nNemojte prekora\u010diti preporu\u010denu dozu.<br \/>\nNe kupujte ako je vanjski pe\u010dat slomljen ili o\u0161te\u0107en.<br \/>\nPrilikom kori\u0161tenja dodataka prehrani posavjetujte se sa svojim lije\u010dnikom ako ste podvrgnuti lije\u010denju zbog nekog zdravstvenog stanja ili ako ste trudni ili dojite.<\/p>\n<p>\u010cuvati dobro zatvoreno na hladnom i suhom mjestu.<\/p>\n<\/div>\n<\/div>\n<div class=\"row item-row\">\n<div class=\"col-xs-24\">\n<div class=\"prodOverviewDetail\">\n<table border=\"1\" width=\"100%\" cellspacing=\"0\" cellpadding=\"3\">\n<tbody>\n<tr valign=\"top\">\n<td colspan=\"3\"><strong>Supplement facts<\/strong><\/td>\n<\/tr>\n<tr valign=\"top\">\n<td colspan=\"3\"><strong>Serving Size:\u00a0<\/strong>1 Vegetarian Capsule<\/td>\n<\/tr>\n<tr valign=\"top\">\n<td width=\"70%\"><\/td>\n<td width=\"15%\"><strong>Amount Per Serving<\/strong><\/td>\n<td width=\"15%\"><strong>% Daily Value<\/strong><\/td>\n<\/tr>\n<tr valign=\"top\">\n<td>Riboflavin (Vitamin B2)<\/td>\n<td>25 mg<\/td>\n<td>1,923%<\/td>\n<\/tr>\n<tr valign=\"top\">\n<td>Boron (as boron citrate\/aspartate\/glycinate complex)<\/td>\n<td>3 mg<\/td>\n<td>**<\/td>\n<\/tr>\n<tr valign=\"top\">\n<td colspan=\"3\">** Daily Value not established.<\/td>\n<\/tr>\n<\/tbody>\n<\/table>\n<\/div>\n<\/div>\n<\/div>","protected":false},"excerpt":{"rendered":"<ul>\n<li>\n<p id=\"tw-target-text\" class=\"tw-data-text tw-text-large tw-ta\" dir=\"ltr\" data-placeholder=\"\u041f\u0435\u0440\u0435\u043a\u043b\u0430\u0434\" data-ved=\"2ahUKEwjkrM_r_oiJAxVhg_0HHVcaAscQ3ewLegQIExAU\" aria-label=\"\u041f\u0435\u0440\u0435\u043a\u043b\u0430\u0434\u0435\u043d\u0438\u0439 \u0442\u0435\u043a\u0441\u0442: Bez glutenaBez GMO LE certifikataNapredni kelatni kompleksDodatak prehrani\">\u0411\u0435\u0437 \u0433\u043b\u044e\u0442\u0435\u043d\u0443<\/p>\n<\/li>\n<li>\n<p id=\"tw-target-text\" class=\"tw-data-text tw-text-large tw-ta\" dir=\"ltr\" data-placeholder=\"\u041f\u0435\u0440\u0435\u043a\u043b\u0430\u0434\" data-ved=\"2ahUKEwjkrM_r_oiJAxVhg_0HHVcaAscQ3ewLegQIExAU\" aria-label=\"\u041f\u0435\u0440\u0435\u043a\u043b\u0430\u0434\u0435\u043d\u0438\u0439 \u0442\u0435\u043a\u0441\u0442: Bez glutenaBez GMO LE certifikataNapredni kelatni kompleksDodatak prehrani\">Bez GMO LE certifikata<\/p>\n<\/li>\n<li>\n<p id=\"tw-target-text\" class=\"tw-data-text tw-text-large tw-ta\" dir=\"ltr\" data-placeholder=\"\u041f\u0435\u0440\u0435\u043a\u043b\u0430\u0434\" data-ved=\"2ahUKEwjkrM_r_oiJAxVhg_0HHVcaAscQ3ewLegQIExAU\" aria-label=\"\u041f\u0435\u0440\u0435\u043a\u043b\u0430\u0434\u0435\u043d\u0438\u0439 \u0442\u0435\u043a\u0441\u0442: Bez glutenaBez GMO LE certifikataNapredni kelatni kompleksDodatak prehrani\">Napredni kelatni kompleks<\/p>\n<\/li>\n<li>\n<p id=\"tw-target-text\" class=\"tw-data-text tw-text-large tw-ta\" dir=\"ltr\" data-placeholder=\"\u041f\u0435\u0440\u0435\u043a\u043b\u0430\u0434\" data-ved=\"2ahUKEwjkrM_r_oiJAxVhg_0HHVcaAscQ3ewLegQIExAU\" aria-label=\"\u041f\u0435\u0440\u0435\u043a\u043b\u0430\u0434\u0435\u043d\u0438\u0439 \u0442\u0435\u043a\u0441\u0442: Bez glutenaBez GMO LE certifikataNapredni kelatni kompleksDodatak prehrani\">\u0414\u0456\u0454\u0442\u0438\u0447\u043d\u0430 \u0434\u043e\u0431\u0430\u0432\u043a\u0430<\/p>\n<\/li>\n<li>\n<p id=\"tw-target-text\" class=\"tw-data-text tw-text-large tw-ta\" dir=\"ltr\" data-placeholder=\"\u041f\u0435\u0440\u0435\u043a\u043b\u0430\u0434\" data-ved=\"2ahUKEwjkrM_r_oiJAxVhg_0HHVcaAscQ3ewLegQIExAU\" aria-label=\"\u041f\u0435\u0440\u0435\u043a\u043b\u0430\u0434\u0435\u043d\u0438\u0439 \u0442\u0435\u043a\u0441\u0442: Podr\u017eava zdrav rast i mineralizaciju kostijuPoma\u017ee u odr\u017eavanju zdrave aktivnosti hormonaPodr\u017eava optimalnu imunolo\u0161ku funkciju\">Podr\u017eava zdrav rast i mineralizaciju kostiju<\/p>\n<\/li>\n<li>\n<p id=\"tw-target-text\" class=\"tw-data-text tw-text-large tw-ta\" dir=\"ltr\" data-placeholder=\"\u041f\u0435\u0440\u0435\u043a\u043b\u0430\u0434\" data-ved=\"2ahUKEwjkrM_r_oiJAxVhg_0HHVcaAscQ3ewLegQIExAU\" aria-label=\"\u041f\u0435\u0440\u0435\u043a\u043b\u0430\u0434\u0435\u043d\u0438\u0439 \u0442\u0435\u043a\u0441\u0442: Podr\u017eava zdrav rast i mineralizaciju kostijuPoma\u017ee u odr\u017eavanju zdrave aktivnosti hormonaPodr\u017eava optimalnu imunolo\u0161ku funkciju\">Poma\u017ee u odr\u017eavanju zdrave aktivnosti hormona<\/p>\n<\/li>\n<li>\n<p id=\"tw-target-text\" class=\"tw-data-text tw-text-large tw-ta\" dir=\"ltr\" data-placeholder=\"\u041f\u0435\u0440\u0435\u043a\u043b\u0430\u0434\" data-ved=\"2ahUKEwjkrM_r_oiJAxVhg_0HHVcaAscQ3ewLegQIExAU\" aria-label=\"\u041f\u0435\u0440\u0435\u043a\u043b\u0430\u0434\u0435\u043d\u0438\u0439 \u0442\u0435\u043a\u0441\u0442: Podr\u017eava zdrav rast i mineralizaciju kostijuPoma\u017ee u odr\u017eavanju zdrave aktivnosti hormonaPodr\u017eava optimalnu imunolo\u0161ku funkciju\">Podr\u017eava optimalnu imunolo\u0161ku funkciju<\/p>\n<\/li>\n<\/ul>","protected":false},"featured_media":6445,"comment_status":"open","ping_status":"closed","template":"","meta":{"inline_featured_image":false},"product_cat":[15,66],"product_tag":[],"class_list":{"0":"post-6443","1":"product","2":"type-product","3":"status-publish","4":"has-post-thumbnail","6":"product_cat-supplements","7":"product_cat-minerals","9":"first","10":"instock","11":"featured","12":"shipping-taxable","13":"purchasable","14":"product-type-simple"},"_links":{"self":[{"href":"https:\/\/be-healthy.taniko.me\/uk\/wp-json\/wp\/v2\/product\/6443","targetHints":{"allow":["GET"]}}],"collection":[{"href":"https:\/\/be-healthy.taniko.me\/uk\/wp-json\/wp\/v2\/product"}],"about":[{"href":"https:\/\/be-healthy.taniko.me\/uk\/wp-json\/wp\/v2\/types\/product"}],"replies":[{"embeddable":true,"href":"https:\/\/be-healthy.taniko.me\/uk\/wp-json\/wp\/v2\/comments?post=6443"}],"wp:featuredmedia":[{"embeddable":true,"href":"https:\/\/be-healthy.taniko.me\/uk\/wp-json\/wp\/v2\/media\/6445"}],"wp:attachment":[{"href":"https:\/\/be-healthy.taniko.me\/uk\/wp-json\/wp\/v2\/media?parent=6443"}],"wp:term":[{"taxonomy":"product_cat","embeddable":true,"href":"https:\/\/be-healthy.taniko.me\/uk\/wp-json\/wp\/v2\/product_cat?post=6443"},{"taxonomy":"product_tag","embeddable":true,"href":"https:\/\/be-healthy.taniko.me\/uk\/wp-json\/wp\/v2\/product_tag?post=6443"}],"curies":[{"name":"wp","href":"https:\/\/api.w.org\/{rel}","templated":true}]}}