{"id":6463,"date":"2023-12-15T18:59:20","date_gmt":"2023-12-15T18:59:20","guid":{"rendered":"https:\/\/be-healthy.taniko.me\/?post_type=product&#038;p=6463"},"modified":"2024-10-22T20:06:25","modified_gmt":"2024-10-22T20:06:25","slug":"now-foods-calcium-citrate-250-tablets","status":"publish","type":"product","link":"https:\/\/be-healthy.taniko.me\/uk\/product\/now-foods-calcium-citrate-250-tablets\/","title":{"rendered":"NOW Foods, Calcium Citrate, 250 Tablets"},"content":{"rendered":"<div class=\"row item-row\">\n<div class=\"col-xs-24\">\n<h3>\u041e\u043f\u0438\u0441<\/h3>\n<p>Kalcijev citrat je lako probavljivi i apsorbirani oblik kalcija, minerala koji je neophodan za odr\u017eavanje zdravlja kostiju. Vitamin D, magnezij, cink, bakar i mangan uklju\u010deni su zbog njihove bitne uloge u metabolizmu kostiju.<\/p>\n<h4>\u0420\u0435\u043a\u043e\u043c\u0435\u043d\u0434\u0430\u0446\u0456\u0457 \u0456\u0437 \u0437\u0430\u0441\u0442\u043e\u0441\u0443\u0432\u0430\u043d\u043d\u044f<\/h4>\n<p>Uzmite 2 tablete dnevno, po mogu\u0107nosti u podijeljenim dozama, uz obrok.<\/p>\n<h4>\u0406\u043d\u0448\u0456 \u0456\u043d\u0433\u0440\u0435\u0434\u0456\u0454\u043d\u0442\u0438<\/h4>\n<p>Hidroksipropil celuloza, vegetarijanski premaz, kroskarmeloza natrij, silicijev dioksid, magnezijev stearat (biljni izvor) i stearinska kiselina (biljni izvor).<\/p>\n<p>Nije proizvedeno sa sastojcima p\u0161enice, glutena, soje, mlijeka, jaja, ribe, \u0161koljka\u0161a ili ora\u0161astih plodova. Proizvedeno u GMP postrojenju koje obra\u0111uje druge sastojke koji sadr\u017ee te alergene.<\/p>\n<h4>\u041f\u043e\u043f\u0435\u0440\u0435\u0434\u0436\u0435\u043d\u043d\u044f<\/h4>\n<p>Samo za odrasle. Posavjetujte se s lije\u010dnikom ako ste trudni\/dojite, uzimate lijekove ili imate zdravstveno stanje. \u010cuvati izvan dohvata djece.<\/p>\n<p>U ovom proizvodu mo\u017ee do\u0107i do prirodne varijacije boje.<\/p>\n<p>\u010cuvati na hladnom i suhom mjestu nakon otvaranja.<\/p>\n<p>&nbsp;<\/p>\n<\/div>\n<\/div>\n<div class=\"row item-row\">\n<div class=\"col-xs-24\">\n<table border=\"1\" width=\"100%\" cellspacing=\"0\" cellpadding=\"3\">\n<tbody>\n<tr valign=\"top\">\n<td class=\"\" colspan=\"3\"><strong>Supplement facts<\/strong><\/td>\n<\/tr>\n<tr valign=\"top\">\n<td colspan=\"3\"><strong>Serving Size:<\/strong>\u00a02 Tablets<\/td>\n<\/tr>\n<tr valign=\"top\">\n<td colspan=\"3\"><strong>Servings Per Container:<\/strong>\u00a0125<\/td>\n<\/tr>\n<tr valign=\"top\">\n<td width=\"70%\"><\/td>\n<td width=\"15%\"><strong>Amount Per Serving<\/strong><\/td>\n<td width=\"15%\"><strong>% Daily Value<\/strong><\/td>\n<\/tr>\n<tr valign=\"top\">\n<td>Vitamin D2 (as Ergocalciferol &#8211; a vegetarian source)<\/td>\n<td>10 mcg (400 IU)<\/td>\n<td>50%<\/td>\n<\/tr>\n<tr valign=\"top\">\n<td>Calcium (from Calcium Citrate)<\/td>\n<td>600 mg<\/td>\n<td>46%<\/td>\n<\/tr>\n<tr valign=\"top\">\n<td>Magnesium (from Magnesium Oxide and Magnesium Aspartate)<\/td>\n<td>300 mg<\/td>\n<td>71%<\/td>\n<\/tr>\n<tr valign=\"top\">\n<td>Zinc (from Zinc AAC*)<\/td>\n<td>15 mg<\/td>\n<td>136%<\/td>\n<\/tr>\n<tr valign=\"top\">\n<td>Copper (from Copper AAC*)<\/td>\n<td>1 mg<\/td>\n<td>111%<\/td>\n<\/tr>\n<tr valign=\"top\">\n<td>Manganese (from Manganese AAC*)<\/td>\n<td>5 mg<\/td>\n<td>217%<\/td>\n<\/tr>\n<tr valign=\"top\">\n<td colspan=\"3\">AAC* = Amino Acid Chelate<\/td>\n<\/tr>\n<\/tbody>\n<\/table>\n<\/div>\n<\/div>","protected":false},"excerpt":{"rendered":"<ul>\n<li>Podr\u017eava zdravlje kostiju<\/li>\n<li>Formula za metabolizam kostiju s mineralima i vitaminom D-2<\/li>\n<li>Visoko bioraspolo\u017eiv kalcij<\/li>\n<li>\u0411\u0435\u0437 \u0413\u041c\u041e<\/li>\n<li>\u0414\u0456\u0454\u0442\u0438\u0447\u043d\u0430 \u0434\u043e\u0431\u0430\u0432\u043a\u0430<\/li>\n<li>Vegetarijanac\/vegan<\/li>\n<li>Ko\u0161er<\/li>\n<li>U obiteljskom vlasni\u0161tvu od 1968<\/li>\n<li>Zajam\u010dena GMP kvaliteta<\/li>\n<\/ul>","protected":false},"featured_media":6464,"comment_status":"open","ping_status":"closed","template":"","meta":{"inline_featured_image":false},"product_cat":[15,66],"product_tag":[],"class_list":{"0":"post-6463","1":"product","2":"type-product","3":"status-publish","4":"has-post-thumbnail","6":"product_cat-supplements","7":"product_cat-minerals","9":"first","10":"instock","11":"featured","12":"shipping-taxable","13":"purchasable","14":"product-type-simple"},"_links":{"self":[{"href":"https:\/\/be-healthy.taniko.me\/uk\/wp-json\/wp\/v2\/product\/6463","targetHints":{"allow":["GET"]}}],"collection":[{"href":"https:\/\/be-healthy.taniko.me\/uk\/wp-json\/wp\/v2\/product"}],"about":[{"href":"https:\/\/be-healthy.taniko.me\/uk\/wp-json\/wp\/v2\/types\/product"}],"replies":[{"embeddable":true,"href":"https:\/\/be-healthy.taniko.me\/uk\/wp-json\/wp\/v2\/comments?post=6463"}],"wp:featuredmedia":[{"embeddable":true,"href":"https:\/\/be-healthy.taniko.me\/uk\/wp-json\/wp\/v2\/media\/6464"}],"wp:attachment":[{"href":"https:\/\/be-healthy.taniko.me\/uk\/wp-json\/wp\/v2\/media?parent=6463"}],"wp:term":[{"taxonomy":"product_cat","embeddable":true,"href":"https:\/\/be-healthy.taniko.me\/uk\/wp-json\/wp\/v2\/product_cat?post=6463"},{"taxonomy":"product_tag","embeddable":true,"href":"https:\/\/be-healthy.taniko.me\/uk\/wp-json\/wp\/v2\/product_tag?post=6463"}],"curies":[{"name":"wp","href":"https:\/\/api.w.org\/{rel}","templated":true}]}}