{"id":6466,"date":"2023-12-15T19:13:21","date_gmt":"2023-12-15T19:13:21","guid":{"rendered":"https:\/\/be-healthy.taniko.me\/?post_type=product&#038;p=6466"},"modified":"2024-10-22T20:03:52","modified_gmt":"2024-10-22T20:03:52","slug":"now-foods-calcium-d-glucarate-500-mg-90-veg-capsules","status":"publish","type":"product","link":"https:\/\/be-healthy.taniko.me\/uk\/product\/now-foods-calcium-d-glucarate-500-mg-90-veg-capsules\/","title":{"rendered":"NOW Foods, Calcium D-Glucarate, 500 mg, 90 Veg Capsules"},"content":{"rendered":"<div class=\"row item-row\">\n<div class=\"col-xs-24\">\n<h3>\u041e\u043f\u0438\u0441<\/h3>\n<p>Kalcijev D-glukarat je kalcijev oblik D-glukarne kiseline, tvari koja se prirodno proizvodi u malim koli\u010dinama u tijelu. Glukarna kiselina se tako\u0111er nalazi u mnogo vo\u0107a i povr\u0107a. Znanstvene studije su otkrile da kalcij D-glukarat mo\u017ee olak\u0161ati potpunu detoksikaciju i eliminaciju odre\u0111enih metaboli\u010dkih otpadnih proizvoda i spojeva iz okoli\u0161a iz tijela. Podr\u017eavaju\u0107i prirodne mehanizme \u010di\u0161\u0107enja tijela, kalcij D-glukarat mo\u017ee pomo\u0107i u odr\u017eavanju normalne stani\u010dne funkcije i promicati zdravlje jetre, prostate i dojke.<\/p>\n<h4>\u0420\u0435\u043a\u043e\u043c\u0435\u043d\u0434\u0430\u0446\u0456\u0457 \u0456\u0437 \u0437\u0430\u0441\u0442\u043e\u0441\u0443\u0432\u0430\u043d\u043d\u044f<\/h4>\n<p>Uzmite 1 kapsulu 3 puta dnevno.<\/p>\n<h4>\u0406\u043d\u0448\u0456 \u0456\u043d\u0433\u0440\u0435\u0434\u0456\u0454\u043d\u0442\u0438<\/h4>\n<p>Celuloza (kapsula), celulozni prah i stearinska kiselina (biljni izvor).<\/p>\n<p>Nije proizvedeno sa sastojcima p\u0161enice, glutena, soje, mlijeka, jaja, ribe, \u0161koljka\u0161a ili ora\u0161astih plodova.<\/p>\n<p>Proizvedeno u GMP postrojenju koje obra\u0111uje druge sastojke koji sadr\u017ee te alergene.<\/p>\n<h4>\u041f\u043e\u043f\u0435\u0440\u0435\u0434\u0436\u0435\u043d\u043d\u044f<\/h4>\n<p>\u010cuvati na hladnom i suhom mjestu nakon otvaranja.<\/p>\n<p>\u200bOprez: Samo za odrasle. Nemojte uzimati ako ste trudni\/dojite. Posavjetujte se s lije\u010dnikom ako uzimate lijekove ili imate zdravstveno stanje. \u010cuvati izvan dohvata djece.<\/p>\n<p>Nemojte jesti paket svje\u017eine. \u010cuvati u boci.<\/p>\n<p>U ovom proizvodu mo\u017ee do\u0107i do prirodne varijacije boje.<\/p>\n<p>&nbsp;<\/p>\n<\/div>\n<\/div>\n<div class=\"row item-row\">\n<div class=\"col-xs-24\">\n<table border=\"1\" width=\"100%\" cellspacing=\"0\" cellpadding=\"3\">\n<tbody>\n<tr valign=\"top\">\n<td colspan=\"3\"><strong>Supplement facts<\/strong><\/td>\n<\/tr>\n<tr valign=\"top\">\n<td colspan=\"3\"><strong>Serving Size:<\/strong>\u00a01 Veg Capsule<\/td>\n<\/tr>\n<tr valign=\"top\">\n<td class=\"\" width=\"70%\"><\/td>\n<td width=\"15%\"><strong>Amount Per Serving<\/strong><\/td>\n<td class=\"\" width=\"15%\"><strong>% Daily Value<\/strong><\/td>\n<\/tr>\n<tr valign=\"top\">\n<td class=\"\">Calcium (from Calcium D-Glucarate)<\/td>\n<td>60 mg<\/td>\n<td>5%<\/td>\n<\/tr>\n<tr valign=\"top\">\n<td>Calcium D-Glucarate (Tetrahydrate Form)<\/td>\n<td>500 mg<\/td>\n<td>\u2020<\/td>\n<\/tr>\n<tr valign=\"top\">\n<td class=\"\" colspan=\"3\">\u2020 Daily Value not established.<\/td>\n<\/tr>\n<\/tbody>\n<\/table>\n<\/div>\n<\/div>","protected":false},"excerpt":{"rendered":"<ul>\n<li>Potpora detoksikaciji<\/li>\n<li>Promi\u010de zdravlje dojke i prostate<\/li>\n<li>\u0411\u0435\u0437 \u0413\u041c\u041e<\/li>\n<li>\u0414\u0456\u0454\u0442\u0438\u0447\u043d\u0430 \u0434\u043e\u0431\u0430\u0432\u043a\u0430<\/li>\n<li>Vegetarijanac\/vegan<\/li>\n<li>Minerali<\/li>\n<li>U obiteljskom vlasni\u0161tvu od 1968<\/li>\n<li>Zajam\u010dena GMP kvaliteta<\/li>\n<\/ul>","protected":false},"featured_media":6468,"comment_status":"open","ping_status":"closed","template":"","meta":{"inline_featured_image":false},"product_cat":[15,66],"product_tag":[],"class_list":{"0":"post-6466","1":"product","2":"type-product","3":"status-publish","4":"has-post-thumbnail","6":"product_cat-supplements","7":"product_cat-minerals","9":"first","10":"instock","11":"featured","12":"shipping-taxable","13":"purchasable","14":"product-type-simple"},"_links":{"self":[{"href":"https:\/\/be-healthy.taniko.me\/uk\/wp-json\/wp\/v2\/product\/6466","targetHints":{"allow":["GET"]}}],"collection":[{"href":"https:\/\/be-healthy.taniko.me\/uk\/wp-json\/wp\/v2\/product"}],"about":[{"href":"https:\/\/be-healthy.taniko.me\/uk\/wp-json\/wp\/v2\/types\/product"}],"replies":[{"embeddable":true,"href":"https:\/\/be-healthy.taniko.me\/uk\/wp-json\/wp\/v2\/comments?post=6466"}],"wp:featuredmedia":[{"embeddable":true,"href":"https:\/\/be-healthy.taniko.me\/uk\/wp-json\/wp\/v2\/media\/6468"}],"wp:attachment":[{"href":"https:\/\/be-healthy.taniko.me\/uk\/wp-json\/wp\/v2\/media?parent=6466"}],"wp:term":[{"taxonomy":"product_cat","embeddable":true,"href":"https:\/\/be-healthy.taniko.me\/uk\/wp-json\/wp\/v2\/product_cat?post=6466"},{"taxonomy":"product_tag","embeddable":true,"href":"https:\/\/be-healthy.taniko.me\/uk\/wp-json\/wp\/v2\/product_tag?post=6466"}],"curies":[{"name":"wp","href":"https:\/\/api.w.org\/{rel}","templated":true}]}}