{"id":6470,"date":"2023-12-15T19:27:02","date_gmt":"2023-12-15T19:27:02","guid":{"rendered":"https:\/\/be-healthy.taniko.me\/?post_type=product&#038;p=6470"},"modified":"2024-10-22T20:00:44","modified_gmt":"2024-10-22T20:00:44","slug":"doctors-best-calcium-bone-maker-complex-with-mchcal-and-vitamk7-180-capsules","status":"publish","type":"product","link":"https:\/\/be-healthy.taniko.me\/uk\/product\/doctors-best-calcium-bone-maker-complex-with-mchcal-and-vitamk7-180-capsules\/","title":{"rendered":"Doctor&#8217;s Best, Calcium Bone Maker Complex with MCHCal and VitaMK7, 180 Capsules"},"content":{"rendered":"<div class=\"row item-row\">\n<div class=\"col-xs-24\">\n<h3>\u041e\u043f\u0438\u0441<\/h3>\n<p>Doctor&#8217;s Best Calcium Bone Maker\u00ae kompleks s MCH-Cal\u2122 i VitaMK7\u00ae osigurava klju\u010dne hranjive tvari za kosti u njihovim najbioaktivnijim oblicima. Vitamin C poma\u017ee u formiranju ko\u0161tanog matriksa. Vitamin D3 poma\u017ee pri apsorpciji kalcija u kostima, dok vitamin K2 poma\u017ee u usmjeravanju kalcija u kosti. MCH-Cal\u2122 sadr\u017ei prirodne elemente koji se nalaze u zdravim kostima, uklju\u010duju\u0107i kalcij, fosfor i kolagen tipa 1. Kalcij poma\u017ee mi\u0161i\u0107ima, \u017eivcima i krvnim \u017eilama u pokretanju krvi kroz tijelo, \u0161to utje\u010de na gotovo sve funkcije ljudskog tijela. Kolagen poma\u017ee u izgradnji i podr\u017eavanju ko\u0161tanog matriksa i vezivnog tkiva. MCH-Cal\u2122 poma\u017ee u odr\u017eavanju optimalnog mineralnog sastava kostiju i cjelokupnog zdravlja kostiju.<\/p>\n<p>\u0160iroki spektar hranjivih tvari za zdravlje kostiju<br \/>\nPoma\u017ee u odr\u017eavanju zdravlja mi\u0161i\u0107a, skeleta i krvo\u017eilnog sustava<br \/>\nOptimizirano za sigurno i u\u010dinkovito kori\u0161tenje kalcija<br \/>\nSadr\u017ei sastojke visoke apsorpcije<\/p>\n<h4>\n\u0420\u0435\u043a\u043e\u043c\u0435\u043d\u0434\u0430\u0446\u0456\u0457 \u0456\u0437 \u0437\u0430\u0441\u0442\u043e\u0441\u0443\u0432\u0430\u043d\u043d\u044f<\/h4>\n<p>Uzmite tri (3) kapsule dva puta dnevno s hranom ili prema preporuci lije\u010dnika nutricionista. Pijte 6-8 \u0161alica vode tijekom dana kako biste izbjegli zatvor. Nemojte prekora\u010diti preporu\u010denu dnevnu dozu.<\/p>\n<h4>\u0406\u043d\u0448\u0456 \u0456\u043d\u0433\u0440\u0435\u0434\u0456\u0454\u043d\u0442\u0438<\/h4>\n<p>Ri\u017eino bra\u0161no, \u017eelatina (kapsula), magnezijev stearat (biljni izvor).<\/p>\n<h4>\u041f\u043e\u043f\u0435\u0440\u0435\u0434\u0436\u0435\u043d\u043d\u044f<\/h4>\n<p>Posavjetujte se sa svojim lije\u010dnikom prije kori\u0161tenja ovog proizvoda ako ste trudni, dojite, imate problema sa \u0161titnja\u010dom ili bubrezima ili ako koristite lijekove za razrje\u0111ivanje krvi.<\/p>\n<p>\u0417\u0431\u0435\u0440\u0456\u0433\u0430\u0442\u0438 \u0432 \u0441\u0443\u0445\u043e\u043c\u0443 \u043f\u0440\u043e\u0445\u043e\u043b\u043e\u0434\u043d\u043e\u043c\u0443 \u043c\u0456\u0441\u0446\u0456.<\/p>\n<\/div>\n<\/div>\n<div class=\"row item-row\">\n<div class=\"col-xs-24\">\n<table border=\"1\" width=\"100%\" cellspacing=\"0\" cellpadding=\"3\">\n<tbody>\n<tr align=\"left\" valign=\"top\">\n<td colspan=\"3\"><strong>Supplement facts<\/strong><\/td>\n<\/tr>\n<tr align=\"left\" valign=\"top\">\n<td colspan=\"3\"><strong>Serving Size:\u00a0<\/strong>3 Capsules<\/td>\n<\/tr>\n<tr align=\"left\" valign=\"top\">\n<td colspan=\"3\"><strong>Servings Per Container:<\/strong>\u00a060<\/td>\n<\/tr>\n<tr align=\"left\" valign=\"top\">\n<td width=\"70%\"><\/td>\n<td width=\"15%\"><strong>Amount Per Serving<\/strong><\/td>\n<td width=\"15%\"><strong>%Daily Value<\/strong><\/td>\n<\/tr>\n<tr align=\"left\" valign=\"top\">\n<td>Vitamin C (as ascorbic acid)<\/td>\n<td>125 mg<\/td>\n<td>139%<\/td>\n<\/tr>\n<tr align=\"left\" valign=\"top\">\n<td>\u0412\u0456\u0442\u0430\u043c\u0456\u043d D3 (\u0443 \u0432\u0438\u0433\u043b\u044f\u0434\u0456 \u0445\u043e\u043b\u0435\u043a\u0430\u043b\u044c\u0446\u0438\u0444\u0435\u0440\u043e\u043b\u0443)<\/td>\n<td>23 mcg (900 IU)<\/td>\n<td>115%<\/td>\n<\/tr>\n<tr align=\"left\" valign=\"top\">\n<td>Vitamin K2 (as menaquinone, VitaMK7<sup>\u00ae<\/sup>)<\/td>\n<td>40 mcg<\/td>\n<td>33%<\/td>\n<\/tr>\n<tr align=\"left\" valign=\"top\">\n<td>Calcium (from MCH-Cal\u2122\ufe0f)<\/td>\n<td>300 mg<\/td>\n<td>23%<\/td>\n<\/tr>\n<tr align=\"left\" valign=\"top\">\n<td>Phosphorus (from\u00a0MCH-Cal\u2122\ufe0f)<\/td>\n<td>123 mg<\/td>\n<td>10%<\/td>\n<\/tr>\n<tr align=\"left\" valign=\"top\">\n<td>Magnesium (from dimagnesium malate)<\/td>\n<td>150 mg<\/td>\n<td>36%<\/td>\n<\/tr>\n<tr align=\"left\" valign=\"top\">\n<td>Zinc (from zinc monomethionine)<\/td>\n<td>6 mg<\/td>\n<td>55%<\/td>\n<\/tr>\n<tr align=\"left\" valign=\"top\">\n<td>Copper (from copper gluconate)<\/td>\n<td>0.6 mg<\/td>\n<td>67%<\/td>\n<\/tr>\n<tr align=\"left\" valign=\"top\">\n<td>Manganese (from manganese citrate)<\/td>\n<td>1 mg<\/td>\n<td>43%<\/td>\n<\/tr>\n<tr align=\"left\" valign=\"top\">\n<td>Potassium (from potassium citrate)<\/td>\n<td>49 mg<\/td>\n<td>1%<\/td>\n<\/tr>\n<tr align=\"left\" valign=\"top\">\n<td>Microcrystalline Hydroxyapatite Calcium (MCH-Cal\u2122\ufe0f) (from bovine bone ext.) providing:<\/td>\n<td>1,363 mg<\/td>\n<td>\u2020<\/td>\n<\/tr>\n<tr align=\"left\" valign=\"top\">\n<td>Type 1 Collagen<\/td>\n<td>273 mg<\/td>\n<td>\u2020<\/td>\n<\/tr>\n<tr>\n<td>Boron (from boron citrate)<\/td>\n<td>2 mg<\/td>\n<td>\u2020<\/td>\n<\/tr>\n<tr align=\"left\" valign=\"top\">\n<td colspan=\"3\">\u2020Daily Value not established.<\/td>\n<\/tr>\n<\/tbody>\n<\/table>\n<\/div>\n<\/div>","protected":false},"excerpt":{"rendered":"<ul>\n<li>\u041d\u0430\u0443\u043a\u043e\u0432\u043e \u043e\u0431\u0491\u0440\u0443\u043d\u0442\u043e\u0432\u0430\u043d\u0435 \u0445\u0430\u0440\u0447\u0443\u0432\u0430\u043d\u043d\u044f<\/li>\n<li>\u0160iroki spektar hranjivih tvari za zdravlje kostiju<\/li>\n<li>MCHCal\u2122 mikrokristalni hidroksiapatit kalcij<\/li>\n<li>VitaMK7\u00ae prirodni vitamin K2 kao MK7<\/li>\n<li>\u0414\u0456\u0454\u0442\u0438\u0447\u043d\u0430 \u0434\u043e\u0431\u0430\u0432\u043a\u0430<\/li>\n<li>\u0411\u0435\u0437 \u0413\u041c\u041e<\/li>\n<li>\u0411\u0435\u0437 \u0433\u043b\u044e\u0442\u0435\u043d\u0443<\/li>\n<\/ul>","protected":false},"featured_media":6472,"comment_status":"open","ping_status":"closed","template":"","meta":{"inline_featured_image":false},"product_cat":[15,66],"product_tag":[],"class_list":{"0":"post-6470","1":"product","2":"type-product","3":"status-publish","4":"has-post-thumbnail","6":"product_cat-supplements","7":"product_cat-minerals","9":"first","10":"instock","11":"featured","12":"shipping-taxable","13":"purchasable","14":"product-type-simple"},"_links":{"self":[{"href":"https:\/\/be-healthy.taniko.me\/uk\/wp-json\/wp\/v2\/product\/6470","targetHints":{"allow":["GET"]}}],"collection":[{"href":"https:\/\/be-healthy.taniko.me\/uk\/wp-json\/wp\/v2\/product"}],"about":[{"href":"https:\/\/be-healthy.taniko.me\/uk\/wp-json\/wp\/v2\/types\/product"}],"replies":[{"embeddable":true,"href":"https:\/\/be-healthy.taniko.me\/uk\/wp-json\/wp\/v2\/comments?post=6470"}],"wp:featuredmedia":[{"embeddable":true,"href":"https:\/\/be-healthy.taniko.me\/uk\/wp-json\/wp\/v2\/media\/6472"}],"wp:attachment":[{"href":"https:\/\/be-healthy.taniko.me\/uk\/wp-json\/wp\/v2\/media?parent=6470"}],"wp:term":[{"taxonomy":"product_cat","embeddable":true,"href":"https:\/\/be-healthy.taniko.me\/uk\/wp-json\/wp\/v2\/product_cat?post=6470"},{"taxonomy":"product_tag","embeddable":true,"href":"https:\/\/be-healthy.taniko.me\/uk\/wp-json\/wp\/v2\/product_tag?post=6470"}],"curies":[{"name":"wp","href":"https:\/\/api.w.org\/{rel}","templated":true}]}}