{"id":6476,"date":"2023-12-15T20:59:46","date_gmt":"2023-12-15T20:59:46","guid":{"rendered":"https:\/\/be-healthy.taniko.me\/?post_type=product&#038;p=6476"},"modified":"2024-10-22T19:54:50","modified_gmt":"2024-10-22T19:54:50","slug":"now-foods-potassium-citrate-pure-powder-12-oz-340-g","status":"publish","type":"product","link":"https:\/\/be-healthy.taniko.me\/uk\/product\/now-foods-potassium-citrate-pure-powder-12-oz-340-g\/","title":{"rendered":"NOW Foods, Potassium Citrate Pure Powder, 12 oz (340 g)"},"content":{"rendered":"<div class=\"row item-row\">\n<div class=\"col-xs-24\">\n<h3>\u041e\u043f\u0438\u0441<\/h3>\n<p>Kalij je esencijalni mineral koji je \u0161iroko rasprostranjen me\u0111u izvorima hrane, s posebno visokim razinama prisutnim u vo\u0107u i povr\u0107u. Kalij je klju\u010dan za odr\u017eavanje normalne razine teku\u0107ine u cijelom tijelu i stanicama, kao i za odr\u017eavanje acidobazne ravnote\u017ee. Tako\u0111er je neophodan za pravilnu kontrakciju mi\u0161i\u0107a, odr\u017eavanje zdrave funkcije srca i prijenos \u017eiv\u010danih impulsa. Kalijev citrat je dobro apsorbiran i bioraspolo\u017eiv oblik kalija.<\/p>\n<h4>\u0420\u0435\u043a\u043e\u043c\u0435\u043d\u0434\u0430\u0446\u0456\u0457 \u0456\u0437 \u0437\u0430\u0441\u0442\u043e\u0441\u0443\u0432\u0430\u043d\u043d\u044f<\/h4>\n<p>Uzimati 1\/4 ravne \u010dajne \u017eli\u010dice 1 do 2 puta dnevno u odvojenim porcijama. Uzmite s hranom i najmanje 8 oz. vode ili drugog pi\u0107a. Nemojte prekora\u010diti 2 porcije dnevno.<\/p>\n<h4>\u0406\u043d\u0448\u0456 \u0456\u043d\u0433\u0440\u0435\u0434\u0456\u0454\u043d\u0442\u0438<\/h4>\n<p>Nijedan.<\/p>\n<p>Nije proizveden od sastojaka kvasca, p\u0161enice, glutena, soje, mlijeka, jaja, ribe, \u0161koljki, ora\u0161astih plodova ili sezama. Proizvedeno u GMP postrojenju koje obra\u0111uje druge sastojke koji sadr\u017ee te alergene.<\/p>\n<p>U ovom proizvodu mo\u017ee do\u0107i do prirodne varijacije boje.<\/p>\n<p>Ovaj proizvod se prodaje po te\u017eini, a ne po volumenu.<\/p>\n<h4>\u041f\u043e\u043f\u0435\u0440\u0435\u0434\u0436\u0435\u043d\u043d\u044f<\/h4>\n<p>Ovaj proizvod se prodaje po te\u017eini, a ne po volumenu.<\/p>\n<p>\u010cuvati na hladnom i suhom mjestu nakon otvaranja.<\/p>\n<p>Samo za odrasle. Posavjetujte se s lije\u010dnikom ako ste trudni\/dojite, uzimate bilo kakve lijekove (posebno one koji mogu utjecati na rad bubrega ili razinu kalija u krvi) ili imate zdravstveno stanje (posebno stanje srca\/bubrega ili dijabetes). \u010cuvati izvan dohvata djece.<\/p>\n<p>&nbsp;<\/p>\n<\/div>\n<\/div>\n<div class=\"row item-row\">\n<div class=\"col-xs-24\">\n<div class=\"prodOverviewDetail\">\n<table border=\"1\" width=\"100%\" cellspacing=\"0\" cellpadding=\"3\">\n<tbody>\n<tr valign=\"top\">\n<td colspan=\"3\"><strong>Supplement facts<\/strong><\/td>\n<\/tr>\n<tr valign=\"top\">\n<td colspan=\"3\"><strong>Serving Size:\u00a0<\/strong>1\/4 Level Teaspoon (approx. 1.4 g)<\/td>\n<\/tr>\n<tr valign=\"top\">\n<td colspan=\"3\"><strong>Servings Per Container:<\/strong>\u00a0about 243<\/td>\n<\/tr>\n<tr valign=\"top\">\n<td width=\"70%\"><\/td>\n<td width=\"15%\"><strong>Amount Per Serving<\/strong><\/td>\n<td width=\"15%\"><strong>% Daily Value<\/strong><\/td>\n<\/tr>\n<tr valign=\"top\">\n<td>Potassium (elemental) (from 1,400 mg Potassium Citrate)<\/td>\n<td>448 mg<\/td>\n<td>10%<\/td>\n<\/tr>\n<\/tbody>\n<\/table>\n<\/div>\n<\/div>\n<\/div>","protected":false},"excerpt":{"rendered":"<ul>\n<li>Esencijalni mineral<\/li>\n<li>Podr\u017eava ravnote\u017eu elektrolita i normalan pH<\/li>\n<li>Ispravna mi\u0161i\u0107na kontrakcija<\/li>\n<li>\u0411\u0435\u0437 \u0413\u041c\u041e<\/li>\n<li>\u0414\u0456\u0454\u0442\u0438\u0447\u043d\u0430 \u0434\u043e\u0431\u0430\u0432\u043a\u0430<\/li>\n<li>Vegetarijanac\/vegan<\/li>\n<li>Ko\u0161er<\/li>\n<li>Minerali<\/li>\n<li>U obiteljskom vlasni\u0161tvu od 1968<\/li>\n<li>Zajam\u010dena GMP kvaliteta<\/li>\n<\/ul>","protected":false},"featured_media":6478,"comment_status":"open","ping_status":"closed","template":"","meta":{"inline_featured_image":false},"product_cat":[15,66],"product_tag":[],"class_list":{"0":"post-6476","1":"product","2":"type-product","3":"status-publish","4":"has-post-thumbnail","6":"product_cat-supplements","7":"product_cat-minerals","9":"first","10":"instock","11":"featured","12":"shipping-taxable","13":"purchasable","14":"product-type-simple"},"_links":{"self":[{"href":"https:\/\/be-healthy.taniko.me\/uk\/wp-json\/wp\/v2\/product\/6476","targetHints":{"allow":["GET"]}}],"collection":[{"href":"https:\/\/be-healthy.taniko.me\/uk\/wp-json\/wp\/v2\/product"}],"about":[{"href":"https:\/\/be-healthy.taniko.me\/uk\/wp-json\/wp\/v2\/types\/product"}],"replies":[{"embeddable":true,"href":"https:\/\/be-healthy.taniko.me\/uk\/wp-json\/wp\/v2\/comments?post=6476"}],"wp:featuredmedia":[{"embeddable":true,"href":"https:\/\/be-healthy.taniko.me\/uk\/wp-json\/wp\/v2\/media\/6478"}],"wp:attachment":[{"href":"https:\/\/be-healthy.taniko.me\/uk\/wp-json\/wp\/v2\/media?parent=6476"}],"wp:term":[{"taxonomy":"product_cat","embeddable":true,"href":"https:\/\/be-healthy.taniko.me\/uk\/wp-json\/wp\/v2\/product_cat?post=6476"},{"taxonomy":"product_tag","embeddable":true,"href":"https:\/\/be-healthy.taniko.me\/uk\/wp-json\/wp\/v2\/product_tag?post=6476"}],"curies":[{"name":"wp","href":"https:\/\/api.w.org\/{rel}","templated":true}]}}