{"id":6482,"date":"2023-12-15T22:17:20","date_gmt":"2023-12-15T22:17:20","guid":{"rendered":"https:\/\/be-healthy.taniko.me\/?post_type=product&#038;p=6482"},"modified":"2024-10-22T19:49:15","modified_gmt":"2024-10-22T19:49:15","slug":"life-extension-super-selenium-complex-vitamin-e-200-mcg-100-vegetarian-capsules","status":"publish","type":"product","link":"https:\/\/be-healthy.taniko.me\/uk\/product\/life-extension-super-selenium-complex-vitamin-e-200-mcg-100-vegetarian-capsules\/","title":{"rendered":"Life Extension, Super Selenium Complex &#038; Vitamin E, 200 mcg, 100 Vegetarian Capsules"},"content":{"rendered":"<div class=\"row item-row\">\n<div class=\"col-xs-24\">\n<h3>\u041e\u043f\u0438\u0441<\/h3>\n<p>Pokazalo se da su razine nekoliko minerala koji promi\u010du zdravlje, uklju\u010duju\u0107i selen, visoke me\u0111u nekima od najdugovje\u010dnijih ljudi na svijetu. Na\u0161a formula Super Selenium Complex sadr\u017ei tri oblika selena, zajedno s vitaminom E, za optimiziranu potporu zdravlju i dugovje\u010dnosti.<\/p>\n<p>Svaki od ovih mo\u0107nih oblika selena poma\u017ee va\u0161em tijelu u borbi protiv klju\u010dnog faktora koji pridonosi starenju: oksidativnog o\u0161te\u0107enja.<\/p>\n<p>Prednosti kompleksa super selena<\/p>\n<p>Podr\u017eava tijelo protiv oksidativnog o\u0161te\u0107enja<\/p>\n<p>Poma\u017ee u odr\u017eavanju normalne funkcije \u0161titnja\u010de i imunolo\u0161kog sustava kod zdravih osoba<\/p>\n<p>Promi\u010de zdravlje srca, mozga i zdravu diobu stanica<\/p>\n<h4>\u0420\u0435\u043a\u043e\u043c\u0435\u043d\u0434\u0430\u0446\u0456\u0457 \u0456\u0437 \u0437\u0430\u0441\u0442\u043e\u0441\u0443\u0432\u0430\u043d\u043d\u044f<\/h4>\n<p>Pro\u010ditajte cijelu etiketu i pa\u017eljivo slijedite upute prije uporabe.<\/p>\n<p>Uzmite jednu (1) kapsulu dnevno s hranom ili prema preporuci svog lije\u010dnika.<\/p>\n<h4>\u0406\u043d\u0448\u0456 \u0456\u043d\u0433\u0440\u0435\u0434\u0456\u0454\u043d\u0442\u0438<\/h4>\n<p>Mikrokristalna celuloza, biljna celuloza (kapsula), dikalcijev fosfat, stearinska kiselina, silicij.<\/p>\n<h4>\u041f\u043e\u043f\u0435\u0440\u0435\u0434\u0436\u0435\u043d\u043d\u044f<\/h4>\n<p>\u010cuvati izvan dohvata djece.<br \/>\nNemojte prekora\u010diti preporu\u010denu dozu.<br \/>\nNe kupujte ako je vanjski pe\u010dat slomljen ili o\u0161te\u0107en.<br \/>\nPrilikom kori\u0161tenja dodataka prehrani posavjetujte se sa svojim lije\u010dnikom ako ste podvrgnuti lije\u010denju zbog nekog zdravstvenog stanja ili ako ste trudni ili dojite.<\/p>\n<p>\u010cuvati dobro zatvoreno na hladnom i suhom mjestu.<\/p>\n<p>&nbsp;<\/p>\n<\/div>\n<\/div>\n<div class=\"row item-row\">\n<div class=\"col-xs-24\">\n<div class=\"prodOverviewDetail\">\n<table border=\"1\" width=\"100%\" cellspacing=\"0\" cellpadding=\"3\">\n<tbody>\n<tr align=\"left\" valign=\"top\">\n<td colspan=\"3\"><strong>Supplement facts<\/strong><\/td>\n<\/tr>\n<tr align=\"left\" valign=\"top\">\n<td colspan=\"3\"><strong>Serving Size:<\/strong>\u00a01 Vegetarian Capsule<\/td>\n<\/tr>\n<tr align=\"left\" valign=\"top\">\n<td width=\"70%\"><\/td>\n<td width=\"15%\"><strong>Amount Per Serving<\/strong><\/td>\n<td width=\"15%\"><strong>%Daily Value<\/strong><\/td>\n<\/tr>\n<tr align=\"left\" valign=\"top\">\n<td>Vitamin E (as D-alpha tocopheryl succinate)<\/td>\n<td>20.1 mg<\/td>\n<td>134%<\/td>\n<\/tr>\n<tr align=\"left\" valign=\"top\">\n<td>Selenium (as Se-Methyl L-Selenocysteine, L-selenomethionine (yeast-free), sodium selenite)<\/td>\n<td>200 mcg<\/td>\n<td>364%<\/td>\n<\/tr>\n<\/tbody>\n<\/table>\n<table border=\"1\" width=\"100%\" cellspacing=\"0\" cellpadding=\"3\">\n<tbody>\n<tr align=\"left\" valign=\"top\">\n<td colspan=\"2\"><strong>Each capsules provides:<\/strong><\/td>\n<\/tr>\n<tr align=\"left\" valign=\"top\">\n<td width=\"70%\">Selenium (L-selenomethionine)<\/td>\n<td width=\"30%\">50 mcg<\/td>\n<\/tr>\n<tr align=\"left\" valign=\"top\">\n<td>Selenium (sodium selenite)<\/td>\n<td>50 mcg<\/td>\n<\/tr>\n<tr align=\"left\" valign=\"top\">\n<td>Selenium (Se-Methyl-L-Selenocysteine)<\/td>\n<td>100 mcg<\/td>\n<\/tr>\n<\/tbody>\n<\/table>\n<\/div>\n<\/div>\n<\/div>","protected":false},"excerpt":{"rendered":"<ul>\n<li>\u0411\u0435\u0437 \u0433\u043b\u044e\u0442\u0435\u043d\u0443<\/li>\n<li>1 dnevno<\/li>\n<li>Bez GMO LE certifikata<\/li>\n<li>Omogu\u0107uje najnapredniji oblik selena<\/li>\n<li>\u0414\u0456\u0454\u0442\u0438\u0447\u043d\u0430 \u0434\u043e\u0431\u0430\u0432\u043a\u0430<\/li>\n<\/ul>","protected":false},"featured_media":6484,"comment_status":"open","ping_status":"closed","template":"","meta":{"inline_featured_image":false},"product_cat":[15,66],"product_tag":[],"class_list":{"0":"post-6482","1":"product","2":"type-product","3":"status-publish","4":"has-post-thumbnail","6":"product_cat-supplements","7":"product_cat-minerals","9":"first","10":"instock","11":"featured","12":"shipping-taxable","13":"purchasable","14":"product-type-simple"},"_links":{"self":[{"href":"https:\/\/be-healthy.taniko.me\/uk\/wp-json\/wp\/v2\/product\/6482","targetHints":{"allow":["GET"]}}],"collection":[{"href":"https:\/\/be-healthy.taniko.me\/uk\/wp-json\/wp\/v2\/product"}],"about":[{"href":"https:\/\/be-healthy.taniko.me\/uk\/wp-json\/wp\/v2\/types\/product"}],"replies":[{"embeddable":true,"href":"https:\/\/be-healthy.taniko.me\/uk\/wp-json\/wp\/v2\/comments?post=6482"}],"wp:featuredmedia":[{"embeddable":true,"href":"https:\/\/be-healthy.taniko.me\/uk\/wp-json\/wp\/v2\/media\/6484"}],"wp:attachment":[{"href":"https:\/\/be-healthy.taniko.me\/uk\/wp-json\/wp\/v2\/media?parent=6482"}],"wp:term":[{"taxonomy":"product_cat","embeddable":true,"href":"https:\/\/be-healthy.taniko.me\/uk\/wp-json\/wp\/v2\/product_cat?post=6482"},{"taxonomy":"product_tag","embeddable":true,"href":"https:\/\/be-healthy.taniko.me\/uk\/wp-json\/wp\/v2\/product_tag?post=6482"}],"curies":[{"name":"wp","href":"https:\/\/api.w.org\/{rel}","templated":true}]}}