{"id":6496,"date":"2023-12-22T22:46:33","date_gmt":"2023-12-22T22:46:33","guid":{"rendered":"https:\/\/be-healthy.taniko.me\/?post_type=product&#038;p=6496"},"modified":"2024-10-20T21:36:20","modified_gmt":"2024-10-20T21:36:20","slug":"natures-way-zinc-chelate-30-mg-100-capsules","status":"publish","type":"product","link":"https:\/\/be-healthy.taniko.me\/uk\/product\/natures-way-zinc-chelate-30-mg-100-capsules\/","title":{"rendered":"Nature&#8217;s Way, Zinc Chelate, 30 mg, 100 Capsules"},"content":{"rendered":"<div class=\"row item-row\">\n<div class=\"col-xs-24\">\n<h3>\u041e\u043f\u0438\u0441<\/h3>\n<p>Cink podr\u017eava cjelokupno zdravlje i prisutan je u svim tkivima, organima i izlu\u010devinama tijela. Dostavljen je u naprednom kelatnom kompleksu za optimalnu apsorpciju. Na\u0161 cink pa\u017eljivo je testiran i proizveden prema standardima vrhunske kvalitete.<\/p>\n<h4>\u0420\u0435\u043a\u043e\u043c\u0435\u043d\u0434\u0430\u0446\u0456\u0457 \u0456\u0437 \u0437\u0430\u0441\u0442\u043e\u0441\u0443\u0432\u0430\u043d\u043d\u044f<\/h4>\n<p>Odrasli i djeca od 14 godina ili starija: Uzmite 1 kapsulu dnevno, po mogu\u0107nosti uz obrok.<\/p>\n<h4>\u0406\u043d\u0448\u0456 \u0456\u043d\u0433\u0440\u0435\u0434\u0456\u0454\u043d\u0442\u0438<\/h4>\n<p>Celuloza, \u017eelatina (kapsula), magnezijev stearat.<\/p>\n<p>Bez glutena. Bez \u0161e\u0107era, soli, kvasca, p\u0161enice, soje, mlije\u010dnih proizvoda ili umjetnih boja, aroma ili konzervansa.<\/p>\n<h4>\u041f\u043e\u043f\u0435\u0440\u0435\u0434\u0436\u0435\u043d\u043d\u044f<\/h4>\n<p>Ako ste trudni, dojite ili uzimate bilo kakve lijekove, posavjetujte se s lije\u010dnikom prije uporabe.<\/p>\n<p>\u010cuvati izvan dohvata djece. Sigurnosni pe\u010dat s otisnutim unutarnjim pe\u010datom. Nemojte koristiti ako je pe\u010dat slomljen ili nedostaje.<\/p>\n<\/div>\n<\/div>","protected":false},"excerpt":{"rendered":"<ul>\n<li>Od 1969. god<\/li>\n<li>Podr\u017eava imunolo\u0161ku funkciju<\/li>\n<li>\u0414\u0456\u0454\u0442\u0438\u0447\u043d\u0430 \u0434\u043e\u0431\u0430\u0432\u043a\u0430<\/li>\n<\/ul>","protected":false},"featured_media":6498,"comment_status":"open","ping_status":"closed","template":"","meta":{"inline_featured_image":false},"product_cat":[15,66],"product_tag":[],"class_list":{"0":"post-6496","1":"product","2":"type-product","3":"status-publish","4":"has-post-thumbnail","6":"product_cat-supplements","7":"product_cat-minerals","9":"first","10":"instock","11":"featured","12":"shipping-taxable","13":"purchasable","14":"product-type-simple"},"_links":{"self":[{"href":"https:\/\/be-healthy.taniko.me\/uk\/wp-json\/wp\/v2\/product\/6496","targetHints":{"allow":["GET"]}}],"collection":[{"href":"https:\/\/be-healthy.taniko.me\/uk\/wp-json\/wp\/v2\/product"}],"about":[{"href":"https:\/\/be-healthy.taniko.me\/uk\/wp-json\/wp\/v2\/types\/product"}],"replies":[{"embeddable":true,"href":"https:\/\/be-healthy.taniko.me\/uk\/wp-json\/wp\/v2\/comments?post=6496"}],"wp:featuredmedia":[{"embeddable":true,"href":"https:\/\/be-healthy.taniko.me\/uk\/wp-json\/wp\/v2\/media\/6498"}],"wp:attachment":[{"href":"https:\/\/be-healthy.taniko.me\/uk\/wp-json\/wp\/v2\/media?parent=6496"}],"wp:term":[{"taxonomy":"product_cat","embeddable":true,"href":"https:\/\/be-healthy.taniko.me\/uk\/wp-json\/wp\/v2\/product_cat?post=6496"},{"taxonomy":"product_tag","embeddable":true,"href":"https:\/\/be-healthy.taniko.me\/uk\/wp-json\/wp\/v2\/product_tag?post=6496"}],"curies":[{"name":"wp","href":"https:\/\/api.w.org\/{rel}","templated":true}]}}