{"id":6499,"date":"2023-12-22T22:57:06","date_gmt":"2023-12-22T22:57:06","guid":{"rendered":"https:\/\/be-healthy.taniko.me\/?post_type=product&#038;p=6499"},"modified":"2024-10-20T21:29:04","modified_gmt":"2024-10-20T21:29:04","slug":"life-extension-vitamins-d-and-k-with-sea-iodine-60-capsules","status":"publish","type":"product","link":"https:\/\/be-healthy.taniko.me\/uk\/product\/life-extension-vitamins-d-and-k-with-sea-iodine-60-capsules\/","title":{"rendered":"Life Extension, Vitamins D and K with Sea-Iodine, 60 Capsules"},"content":{"rendered":"<div class=\"row item-row\">\n<div class=\"col-xs-24\">\n<h3>\u041e\u043f\u0438\u0441<\/h3>\n<p>Ova formula donosi 125 mcg (5000 IU) vitamina D3, 2100 mcg vitamina K i 1000 mcg joda u prakti\u010dnom dodatku jednom dnevno za podr\u0161ku zdravlju kostiju, mozga, \u0161titnja\u010de i krvo\u017eilnog sustava.<\/p>\n<p>Odr\u017eavanje zdravih razina vitamina D poma\u017ee u podr\u0161ci kognitivnom zdravlju, promi\u010de zdravlje kostiju, poti\u010de zdravu imunolo\u0161ku funkciju i jo\u0161 mnogo toga. Vitamin K poma\u017ee u odr\u017eavanju ravnote\u017ee kalcija u va\u0161em tijelu, \u0161to utje\u010de na sve, od zdravlja kardiovaskularnog sustava do gusto\u0107e kostiju. Jod je neophodan za proizvodnju hormona \u0161titnja\u010de.<\/p>\n<p>Podr\u017eite zdravlje svojih kostiju, mozga, \u0161titnja\u010de i arterija s ova tri bitna hranjiva.<\/p>\n<p>Vitamini D i K s blagodatima Sea-Iodine\u2122<\/p>\n<ul>\n<li>Podr\u017eava zdravu kognitivnu funkciju<\/li>\n<li>Promi\u010de zdravlje kostiju, imuniteta i kardiovaskularnog sustava<\/li>\n<li>Poma\u017ee u sprje\u010davanju nakupljanja kalcija u arterijama<\/li>\n<li>Poma\u017ee u suzbijanju mogu\u0107eg nedostatka joda u zdravoj prehrani<\/li>\n<\/ul>\n<p>\u0160to je jod?<\/p>\n<p>Jod je element u tragovima koji se obi\u010dno nalazi u plodovima mora. Olak\u0161ava proizvodnju hormona \u0161titnja\u010de trijodtironina (T3) i tiroksina (T4).<\/p>\n<p>Potpora zdravlju trostrukog djelovanja<\/p>\n<p>Kombinirali smo vitamin D3 s vitaminom K i jodom za potporu zdravlju s trostrukim djelovanjem. Jod je neophodan za proizvodnju hormona \u0161titnja\u010de. Vitamin K poma\u017ee u odr\u017eavanju ravnote\u017ee kalcija u va\u0161em tijelu. Vitamin D podr\u017eava kognitivno zdravlje, zdravu gusto\u0107u kostiju, zdravlje imuniteta i jo\u0161 mnogo toga. Nabavite sve ove vitalne hranjive tvari u prakti\u010dnom dodatku prehrani koji se uzima jednom dnevno.<\/p>\n<p>Va\u0161a ko\u017ea proizvodi vitamin D kada je izlo\u017eena izravnoj sun\u010devoj svjetlosti, ali ne biste trebali dobiti vitamin D izlaganjem suncu bez za\u0161tite ili zatvorenim ure\u0111ajima za sun\u010danje zbog mogu\u0107ih u\u010dinaka na zdravlje ko\u017ee.<\/p>\n<p>Jod je element u tragovima neophodan za proizvodnju hormona \u0161titnja\u010de, a vitamin K je bitan nutrijent koji poti\u010de zdravlje arterija i kostiju.<\/p>\n<div>\n<p>\u041e\u043f\u0438\u0441<\/p>\n<p>Ova formula donosi 125 mcg (5000 IU) vitamina D3, 2100 mcg vitamina K i 1000 mcg joda u prakti\u010dnom dodatku jednom dnevno za podr\u0161ku zdravlju kostiju, mozga, \u0161titnja\u010de i krvo\u017eilnog sustava.<\/p>\n<p>Odr\u017eavanje zdravih razina vitamina D poma\u017ee u podr\u0161ci kognitivnom zdravlju, promi\u010de zdravlje kostiju, poti\u010de zdravu imunolo\u0161ku funkciju i jo\u0161 mnogo toga. Vitamin K poma\u017ee u odr\u017eavanju ravnote\u017ee kalcija u va\u0161em tijelu, \u0161to utje\u010de na sve, od zdravlja kardiovaskularnog sustava do gusto\u0107e kostiju. Jod je neophodan za proizvodnju hormona \u0161titnja\u010de.<\/p>\n<p>Podr\u017eite zdravlje svojih kostiju, mozga, \u0161titnja\u010de i arterija s ova tri bitna hranjiva.<\/p>\n<p>Vitamini D i K s blagodatima Sea-Iodine\u2122<\/p>\n<p>Podr\u017eava zdravu kognitivnu funkciju<br \/>\nPromi\u010de zdravlje kostiju, imuniteta i kardiovaskularnog sustava<br \/>\nPoma\u017ee u sprje\u010davanju nakupljanja kalcija u arterijama<br \/>\nPoma\u017ee u suzbijanju mogu\u0107eg nedostatka joda u zdravoj prehrani<\/p>\n<p>\u0160to je jod?<\/p>\n<p>Jod je element u tragovima koji se obi\u010dno nalazi u plodovima mora. Olak\u0161ava proizvodnju hormona \u0161titnja\u010de trijodtironina (T3) i tiroksina (T4).<\/p>\n<p>Potpora zdravlju trostrukog djelovanja<\/p>\n<p>Kombinirali smo vitamin D3 s vitaminom K i jodom za potporu zdravlju s trostrukim djelovanjem. Jod je neophodan za proizvodnju hormona \u0161titnja\u010de. Vitamin K poma\u017ee u odr\u017eavanju ravnote\u017ee kalcija u va\u0161em tijelu. Vitamin D podr\u017eava kognitivno zdravlje, zdravu gusto\u0107u kostiju, zdravlje imuniteta i jo\u0161 mnogo toga. Nabavite sve ove vitalne hranjive tvari u prakti\u010dnom dodatku prehrani koji se uzima jednom dnevno.<\/p>\n<p>Va\u0161a ko\u017ea proizvodi vitamin D kada je izlo\u017eena izravnoj sun\u010devoj svjetlosti, ali ne biste trebali dobiti vitamin D izlaganjem suncu bez za\u0161tite ili zatvorenim ure\u0111ajima za sun\u010danje zbog mogu\u0107ih u\u010dinaka na zdravlje ko\u017ee.<\/p>\n<p>Jod je element u tragovima neophodan za proizvodnju hormona \u0161titnja\u010de, a vitamin K je bitan nutrijent koji poti\u010de zdravlje arterija i kostiju.<\/p>\n<\/div>\n<\/div>\n<\/div>\n<div class=\"row item-row\">\n<div class=\"col-xs-24\">\n<p>\u0420\u0435\u043a\u043e\u043c\u0435\u043d\u0434\u0430\u0446\u0456\u0457 \u0456\u0437 \u0437\u0430\u0441\u0442\u043e\u0441\u0443\u0432\u0430\u043d\u043d\u044f<\/p>\n<p>Pro\u010ditajte cijelu etiketu i pa\u017eljivo slijedite upute prije uporabe.<\/p>\n<p>Uzmite jednu (1) kapsulu jednom dnevno s hranom ili prema preporuci lije\u010dnika.<\/p>\n<h4>\u0406\u043d\u0448\u0456 \u0456\u043d\u0433\u0440\u0435\u0434\u0456\u0454\u043d\u0442\u0438<\/h4>\n<p>Mikrokristalna celuloza, biljna celuloza (kapsula), maltodekstrin, modificirani prehrambeni \u0161krob, dikalcijev fosfat, stearinska kiselina, silicij.<\/p>\n<h4>\u041f\u043e\u043f\u0435\u0440\u0435\u0434\u0436\u0435\u043d\u043d\u044f<\/h4>\n<p>Pojedinci koji konzumiraju vi\u0161e od 50 mcg (2000 IU) dnevno vitamina D (iz prehrane i dodataka prehrani) trebaju povremeno mjeriti 25-hidroksi vitamin D u serumu. Nemojte prekora\u010diti 250 mcg dnevno osim ako vam to ne preporu\u010di lije\u010dnik. Dodatak vitamina D ne preporu\u010duje se osobama s visokim razinama kalcija u krvi. Ako imate problem sa \u0161titnja\u010dom ili uzimate antitiroidne lijekove, nemojte koristiti bez savjetovanja s lije\u010dnikom. Ako uzimate lijekove protiv zgru\u0161avanja krvi ili trombocita, ili imate poreme\u0107aj krvarenja, posavjetujte se sa svojim lije\u010dnikom prije uzimanja ovog proizvoda.<\/p>\n<p>\u010cuvati izvan dohvata djece.<br \/>\nNemojte prekora\u010diti preporu\u010denu dozu.<br \/>\nNe kupujte ako je vanjski pe\u010dat slomljen ili o\u0161te\u0107en.<br \/>\nPrilikom kori\u0161tenja dodataka prehrani posavjetujte se sa svojim lije\u010dnikom ako ste podvrgnuti lije\u010denju zbog nekog zdravstvenog stanja ili ako ste trudni ili dojite.<\/p>\n<p>\u010cuvati dobro zatvoreno na hladnom i suhom mjestu.<\/p>\n<\/div>\n<\/div>","protected":false},"excerpt":{"rendered":"<ul>\n<li>\u0411\u0435\u0437 \u0433\u043b\u044e\u0442\u0435\u043d\u0443<\/li>\n<li>1 dnevno<\/li>\n<li>Non-GMO LE certificiran<\/li>\n<li>Jod s kompleksom morskih biljaka<\/li>\n<li>\u0414\u0456\u0454\u0442\u0438\u0447\u043d\u0430 \u0434\u043e\u0431\u0430\u0432\u043a\u0430<\/li>\n<\/ul>","protected":false},"featured_media":6501,"comment_status":"open","ping_status":"closed","template":"","meta":{"inline_featured_image":false},"product_cat":[15,66,98],"product_tag":[],"class_list":{"0":"post-6499","1":"product","2":"type-product","3":"status-publish","4":"has-post-thumbnail","6":"product_cat-supplements","7":"product_cat-minerals","8":"product_cat-vitamin-a-b-c-d-e-k","10":"first","11":"instock","12":"featured","13":"shipping-taxable","14":"purchasable","15":"product-type-simple"},"_links":{"self":[{"href":"https:\/\/be-healthy.taniko.me\/uk\/wp-json\/wp\/v2\/product\/6499","targetHints":{"allow":["GET"]}}],"collection":[{"href":"https:\/\/be-healthy.taniko.me\/uk\/wp-json\/wp\/v2\/product"}],"about":[{"href":"https:\/\/be-healthy.taniko.me\/uk\/wp-json\/wp\/v2\/types\/product"}],"replies":[{"embeddable":true,"href":"https:\/\/be-healthy.taniko.me\/uk\/wp-json\/wp\/v2\/comments?post=6499"}],"wp:featuredmedia":[{"embeddable":true,"href":"https:\/\/be-healthy.taniko.me\/uk\/wp-json\/wp\/v2\/media\/6501"}],"wp:attachment":[{"href":"https:\/\/be-healthy.taniko.me\/uk\/wp-json\/wp\/v2\/media?parent=6499"}],"wp:term":[{"taxonomy":"product_cat","embeddable":true,"href":"https:\/\/be-healthy.taniko.me\/uk\/wp-json\/wp\/v2\/product_cat?post=6499"},{"taxonomy":"product_tag","embeddable":true,"href":"https:\/\/be-healthy.taniko.me\/uk\/wp-json\/wp\/v2\/product_tag?post=6499"}],"curies":[{"name":"wp","href":"https:\/\/api.w.org\/{rel}","templated":true}]}}