{"id":6502,"date":"2023-12-22T23:01:53","date_gmt":"2023-12-22T23:01:53","guid":{"rendered":"https:\/\/be-healthy.taniko.me\/?post_type=product&#038;p=6502"},"modified":"2024-10-20T21:22:19","modified_gmt":"2024-10-20T21:22:19","slug":"life-extension-sea-iodine-1000-mcg-60-vegetarian-capsules","status":"publish","type":"product","link":"https:\/\/be-healthy.taniko.me\/uk\/product\/life-extension-sea-iodine-1000-mcg-60-vegetarian-capsules\/","title":{"rendered":"Life Extension, Sea-Iodine, 1,000 mcg, 60 Vegetarian Capsules"},"content":{"rendered":"<div class=\"row item-row\">\n<div class=\"col-xs-24\">\n<h3>\u041e\u043f\u0438\u0441<\/h3>\n<p>Jod je element u tragovima koji poti\u010de zdravlje neophodan za \u017eivot i obi\u010dno se unosi konzumiranjem kuhinjske soli. Ali mnogi ljudi izbjegavaju sol iz zdravstvenih razloga. Sea-Iodine\u2122 osigurava 1000 mcg ovog esencijalnog elementa, bez pove\u0107anja unosa soli. Promi\u010dite zdravlje \u0161titnja\u010de i \u0161ire uz Sea-Iodine\u2122.<\/p>\n<p>Sea-Iodine\u2122 koristi sastojke dobivene iz mje\u0161avine organskih morskih algi za odr\u017eavanje zdrave razine joda.<\/p>\n<p>Prednosti Sea-Iodine\u2122<\/p>\n<p>Neophodan za potporu zdravlju \u0161titnja\u010de<br \/>\nPodr\u017eava zdravu razinu joda, bez soli<br \/>\nZgodan na\u010din da dobijete svoj dnevni unos joda<\/p>\n<p>Element u tragovima neophodan za \u017eivot<\/p>\n<p>Jod podr\u017eava proizvodnju dva va\u017ena hormona \u0161titnja\u010de, trijodtironina (T3) i tiroksina (T4). Zdrava \u0161titnja\u010da ne samo da djeluje kao termostat va\u0161eg tijela, ve\u0107 je i jedan od glavnih odr\u017eavatelja metabolizma, uklju\u010duju\u0107i potporu sagorijevanju masti za energiju. Vlastita formula Sea-Iodine\u2122 poma\u017ee osobama koje paze na zdravlje da odr\u017ee optimalnu razinu joda, bez soli.<\/p>\n<p>Va\u017ean za potporu zdravlju \u0161titnja\u010de<\/p>\n<p>Jod je element u tragovima koji poti\u010de zdravlje neophodan za \u017eivot. Njegova primarna biolo\u0161ka uloga le\u017ei u proizvodnji hormona \u0161titnja\u010de trijodtironina (T3) i tiroksina (T4). T4 i T3 sadr\u017ee \u010detiri odnosno tri atoma joda po molekuli. \u0160titnja\u010da aktivno apsorbira jodid iz krvi kako bi stvorila i otpustila te hormone u krv.<\/p>\n<div>\n<p>Uzmite svoj jod, bez soli<\/p>\n<p>Desetlje\u0107ima se Amerikancima govorilo da izbjegavaju kuhinjsku sol. Ali kada se jodirana kuhinjska sol smanji, ljudi mogu nesvjesno smanjiti unos joda na ispodoptimalne razine.<\/p>\n<p>Dobra vijest je da mo\u017eete izbje\u0107i jodiranu kuhinjsku sol bez \u017ertvovanja zdravstvenih dobrobiti joda. Sea-Iodine\u2122 je jeftina za\u0161ti\u0107ena formula koju osobe koje brinu o svom zdravlju mogu uzimati svaki dan za odr\u017eavanje optimalne razine joda. Koriste\u0107i sastojke dobivene iz mje\u0161avine organskih morskih algi, Sea-Iodine\u2122 vam donosi zdravlje mora dok izbjegava pretjerani unos soli. Alge koje se nalaze u Sea-Iodine\u2122 osiguravaju vam vi\u0161e od 667% preporu\u010dene dnevne vrijednosti joda.<\/p>\n<p>Obiluje morskom vegetacijom<\/p>\n<p>Joda se obilno nalazi u morskom povr\u0107u i biljkama. U podru\u010djima gdje se ne jede morska hrana, ljudi \u010desto imaju ni\u017ee razine joda. Iz tog razloga ameri\u010dki komercijalni proizvo\u0111a\u010di soli ve\u0107 dugo dodaju jod kako bi isporu\u010dili ovaj klju\u010dni sastojak va\u0161oj prehrani. Me\u0111utim, sada znamo za zabrinutost povezanu s konzumiranjem previ\u0161e kuhinjske soli, \u0161to uskrsava dilemu o tome gdje nabaviti zdrave izvore joda.<\/p>\n<p>Ironi\u010dno, ljudi koji vode brigu o zdravlju naj\u010de\u0161\u0107e imaju niske razine joda. Jedan od razloga je taj \u0161to sporta\u0161i i ljudi koji se bave te\u0161kim fizi\u010dkim naporima znojenjem tro\u0161e svoje zdrave zalihe ovog minerala u tragovima. Vegetarijanci i vegani tako\u0111er imaju znatno ve\u0107u vjerojatnost niskih razina joda od onih koji jedu \u017eivotinjske proizvode. Jedna je studija pokazala nedostatak joda kod 25% vegetarijanaca i nevjerojatnih 80% vegana.<\/p>\n<\/div>\n<\/div>\n<\/div>\n<div class=\"row item-row\">\n<div class=\"col-xs-24\">\n<h4>\u0420\u0435\u043a\u043e\u043c\u0435\u043d\u0434\u0430\u0446\u0456\u0457 \u0456\u0437 \u0437\u0430\u0441\u0442\u043e\u0441\u0443\u0432\u0430\u043d\u043d\u044f<\/h4>\n<p>Pro\u010ditajte cijelu etiketu i pa\u017eljivo slijedite upute prije uporabe.<\/p>\n<p>Uzmite jednu (1) kapsulu dnevno ili prema preporuci lije\u010dnika.<\/p>\n<h4>\u0406\u043d\u0448\u0456 \u0456\u043d\u0433\u0440\u0435\u0434\u0456\u0454\u043d\u0442\u0438<\/h4>\n<p>Mikrokristalna celuloza, biljna celuloza (kapsula), silicijev dioksid, stearinska kiselina.<\/p>\n<h4>\u041f\u043e\u043f\u0435\u0440\u0435\u0434\u0436\u0435\u043d\u043d\u044f<\/h4>\n<p>Ako imate problem sa \u0161titnja\u010dom ili uzimate antitiroidne lijekove, nemojte koristiti bez savjetovanja s lije\u010dnikom.<\/p>\n<p>\u010cuvati izvan dohvata djece.<br \/>\nNemojte prekora\u010diti preporu\u010denu dozu.<br \/>\nNe kupujte ako je vanjski pe\u010dat slomljen ili o\u0161te\u0107en.<br \/>\nPrilikom kori\u0161tenja dodataka prehrani posavjetujte se sa svojim lije\u010dnikom ako ste podvrgnuti lije\u010denju zbog nekog zdravstvenog stanja ili ako ste trudni ili dojite.<\/p>\n<p>\u010cuvati dobro zatvoreno na hladnom i suhom mjestu.<\/p>\n<\/div>\n<\/div>","protected":false},"excerpt":{"rendered":"<ul>\n<li>Bez GMO LE certifikata<\/li>\n<li>Jod s kompleksom morskih biljaka<\/li>\n<li>\u0411\u0435\u0437 \u0433\u043b\u044e\u0442\u0435\u043d\u0443<\/li>\n<li>\u0414\u0456\u0454\u0442\u0438\u0447\u043d\u0430 \u0434\u043e\u0431\u0430\u0432\u043a\u0430<\/li>\n<\/ul>","protected":false},"featured_media":6504,"comment_status":"open","ping_status":"closed","template":"","meta":{"inline_featured_image":false},"product_cat":[15,66],"product_tag":[],"class_list":{"0":"post-6502","1":"product","2":"type-product","3":"status-publish","4":"has-post-thumbnail","6":"product_cat-supplements","7":"product_cat-minerals","9":"first","10":"instock","11":"featured","12":"shipping-taxable","13":"purchasable","14":"product-type-simple"},"_links":{"self":[{"href":"https:\/\/be-healthy.taniko.me\/uk\/wp-json\/wp\/v2\/product\/6502","targetHints":{"allow":["GET"]}}],"collection":[{"href":"https:\/\/be-healthy.taniko.me\/uk\/wp-json\/wp\/v2\/product"}],"about":[{"href":"https:\/\/be-healthy.taniko.me\/uk\/wp-json\/wp\/v2\/types\/product"}],"replies":[{"embeddable":true,"href":"https:\/\/be-healthy.taniko.me\/uk\/wp-json\/wp\/v2\/comments?post=6502"}],"wp:featuredmedia":[{"embeddable":true,"href":"https:\/\/be-healthy.taniko.me\/uk\/wp-json\/wp\/v2\/media\/6504"}],"wp:attachment":[{"href":"https:\/\/be-healthy.taniko.me\/uk\/wp-json\/wp\/v2\/media?parent=6502"}],"wp:term":[{"taxonomy":"product_cat","embeddable":true,"href":"https:\/\/be-healthy.taniko.me\/uk\/wp-json\/wp\/v2\/product_cat?post=6502"},{"taxonomy":"product_tag","embeddable":true,"href":"https:\/\/be-healthy.taniko.me\/uk\/wp-json\/wp\/v2\/product_tag?post=6502"}],"curies":[{"name":"wp","href":"https:\/\/api.w.org\/{rel}","templated":true}]}}