{"id":6505,"date":"2023-12-23T14:28:14","date_gmt":"2023-12-23T14:28:14","guid":{"rendered":"https:\/\/be-healthy.taniko.me\/?post_type=product&#038;p=6505"},"modified":"2024-10-20T21:15:52","modified_gmt":"2024-10-20T21:15:52","slug":"california-gold-nutrition-sport-whey-protein-isolate-1-lb-16-oz-454-g","status":"publish","type":"product","link":"https:\/\/be-healthy.taniko.me\/uk\/product\/california-gold-nutrition-sport-whey-protein-isolate-1-lb-16-oz-454-g\/","title":{"rendered":"California Gold Nutrition, SPORT &#8211; Whey Protein Isolate, 1 lb, 16 oz (454 g)"},"content":{"rendered":"<div class=\"row item-row\">\n<div class=\"col-xs-24\">\n<h3>\u041e\u043f\u0438\u0441<\/h3>\n<p>Potaknite svoje rezultate u formi uz pomo\u0107 California Gold Nutrition SPORT izolata proteina sirutke. U kombinaciji sa zdravom prehranom i rutinom vje\u017ebanja, ovaj proteinski prah vam mo\u017ee pomo\u0107i u postizanju va\u0161ih ciljeva podupiranjem rasta mi\u0161i\u0107a.* Mu\u0107kajte, promije\u0161ajte ili pomije\u0161ajte sa svojim omiljenim napitkom kako biste stvorili prakti\u010dan napitak koji olak\u0161ava unos proteina u pokretu .<\/p>\n<p>Prednosti proteina sirutke<br \/>\nIzolat proteina sirutke je proteinski koncentrat sirutke koji se brzo apsorbira i lako probavlja te u\u010dinkovito dostavlja proteine \u200b\u200btijelu. Ova vrsta proteina je dobar izvor prirodno prisutnih BCAA (aminokiselina razgranatog lanca) i glutaminske kiseline, koje bodybuilderi prepoznaju kao podr\u0161ku razvoju mi\u0161i\u0107a.*<\/p>\n<p>California Gold Nutrition SPORT Whey Protein Isolate sadr\u017ei 27 grama proteina i 6,1 grama BCAA po porciji. Sadr\u017ei nisku koli\u010dinu laktoze i proizvodi se vi\u0161efaznim postupkom izolacije hladnom mikrofiltracijom uz kori\u0161tenje najsuvremenije membranske tehnologije.<\/p>\n<p>\u2609Tipi\u010dne aminokiseline (g) po 1 mjerici<\/p>\n<div>\n<table border=\"1\" width=\"100%\" cellspacing=\"0\" cellpadding=\"3\">\n<tbody>\n<tr>\n<td>Alanine<\/td>\n<td>1.37<\/td>\n<td>Histidine<\/td>\n<td>0.43<\/td>\n<td>Proline<\/td>\n<td>1.53<\/td>\n<\/tr>\n<tr>\n<td>Arginine<\/td>\n<td>0.49<\/td>\n<td>Isoleucine^<\/td>\n<td>1.79<\/td>\n<td>Serine<\/td>\n<td>1.16<\/td>\n<\/tr>\n<tr>\n<td>Aspartic Acid<\/td>\n<td>3.04<\/td>\n<td>Leucine^<\/td>\n<td>2.86<\/td>\n<td>Threonine<\/td>\n<td>1.88<\/td>\n<\/tr>\n<tr>\n<td>Cysteine<\/td>\n<td>0.62<\/td>\n<td>Lysine<\/td>\n<td>2.63<\/td>\n<td>Tryptophan<\/td>\n<td>0.51<\/td>\n<\/tr>\n<tr>\n<td>Glutamic Acid<\/td>\n<td>4.66<\/td>\n<td>Methionine<\/td>\n<td>0.57<\/td>\n<td>Tyrosine<\/td>\n<td>0.75<\/td>\n<\/tr>\n<tr>\n<td>Glycine<\/td>\n<td>0.42<\/td>\n<td>Phenylalanine<\/td>\n<td>0.78<\/td>\n<td>Valine^<\/td>\n<td>1.53<\/td>\n<\/tr>\n<\/tbody>\n<\/table>\n<p>\u2609Aminokiseline prirodnog porijekla<\/p>\n<p>\u2662Izolat proteina sirutke je hrana s niskim sadr\u017eajem laktoze.<\/p>\n<p>\u25a3Bez rbST-a (od krava koje nisu dobivene rbST-om. Nije uo\u010dena zna\u010dajna razlika izme\u0111u mlijeka dobivenog od krava koje su dobivale rbST i krava bez rbST-a).<\/p>\n<p>^Aminokiseline razgranatog lanca<\/p>\n<p>Pomije\u0161ajte 1 blago zaobljenu mjericu (31g\u2666) sa 6-12 te\u010dnih unca hladne vode ili teku\u0107ine po va\u0161em izboru (npr. mlije\u010dno mlijeko, kokosovo mlijeko, bademovo mlijeko, ri\u017eino mlijeko, sojino mlijeko itd.). Po \u017eelji se mo\u017ee minimalno zasladiti. Za najbolje rezultate upotrijebite bocu u obliku blendera, shaker \u0161alicu ili elektri\u010dni blender. Na\u0161 izolat proteina sirutke mo\u017ee se mije\u0161ati \u017elicom ako je potrebno.<\/p>\n<p>\u266631 gram na 1 blago zaobljenu \u2666 mjericu je prosjek. Pojedina\u010dna tehnika grabljenja mo\u017ee dati ne\u0161to manje ili ne\u0161to vi\u0161e od 31 grama.<\/p>\n<p>\u0406\u043d\u0448\u0456 \u0456\u043d\u0433\u0440\u0435\u0434\u0456\u0454\u043d\u0442\u0438<\/p>\n<p>Glavni sastojci<br \/>\nIzolat proteina sirutke (iz GOVE\u0110EG MLIJEKA) i suncokretov lecitin.<\/p>\n<p>\u0406\u043d\u0448\u0456 \u0456\u043d\u0433\u0440\u0435\u0434\u0456\u0454\u043d\u0442\u0438<br \/>\nNijedan<\/p>\n<p>SADR\u017dI: MLIJEKO<\/p>\n<p>Ovaj proizvod se ne proizvodi od jaja, ribe, ljuskara, ora\u0161astih plodova, kikirikija, p\u0161enice, soje, sezama ili glutena. Proizvedeno u revidiranom i registriranom objektu tre\u0107e strane koji je sukladan cGMP-u koji mo\u017ee prera\u0111ivati \u200b\u200bdruge proizvode koji sadr\u017ee ove alergene ili sastojke.<\/p>\n<p>\u041f\u043e\u043f\u0435\u0440\u0435\u0434\u0436\u0435\u043d\u043d\u044f<\/p>\n<p>\u010cuvati izvan dohvata djece. Aroma, boja, konzistencija i okus mogu malo varirati od serije do serije.<\/p>\n<p>OBAVIJEST: Koristite ovaj proizvod samo kao dodatak prehrani. Ne koristiti za smanjenje te\u017eine.<\/p>\n<p>Zatvoreno za va\u0161u za\u0161titu. Nemojte koristiti ako pe\u010dat nedostaje ili je slomljen. Najbolje \u010duvati na kontroliranoj sobnoj temperaturi od 20\u00b0C do 25\u00b0C (68\u00b0F do 77\u00b0F). Neodgovaraju\u0107i uvjeti skladi\u0161tenja, kao \u0161to je produ\u017eeno izlaganje izravnoj sun\u010devoj svjetlosti, visoka toplina i vlaga mogu uzrokovati degradaciju proizvoda tijekom vremena.<\/p>\n<p>OVAJ PROIZVOD SE PAKIRA I PRODAJE NA TE\u017dINU, A NE NA VOLUMEN. SLAGA\u017dENJE SADR\u017dAJA SE DE\u0160AVA VREMENOM.<\/p>\n<\/div>\n<\/div>\n<\/div>\n<div class=\"row item-row\">\n<div class=\"col-xs-24\">\n<div class=\"col-xs-24 col-md-14\">\n<div class=\"row item-row\">\n<div class=\"col-xs-24\"><\/div>\n<\/div>\n<\/div>\n<div class=\"col-xs-24 col-md-10\">\n<div class=\"supplement-facts-container\">\n<table border=\"1\" width=\"100%\" cellspacing=\"0\" cellpadding=\"3\">\n<tbody>\n<tr valign=\"top\">\n<td colspan=\"3\"><strong>Supplement Facts<\/strong><\/td>\n<\/tr>\n<tr valign=\"top\">\n<td colspan=\"3\"><strong>Serving Size:<\/strong>\u00a01 Scoop (31 g\u2666)<\/td>\n<\/tr>\n<tr valign=\"top\">\n<td colspan=\"3\"><strong>Servings Per Container:<\/strong>\u00a0About 15<\/td>\n<\/tr>\n<tr valign=\"top\" data-id=\"froala_1\">\n<td width=\"70%\"><\/td>\n<td width=\"15%\"><strong>Amount Per Serving<\/strong><\/td>\n<td width=\"15%\"><strong>%Daily Value*<\/strong><\/td>\n<\/tr>\n<tr valign=\"top\" data-id=\"froala_2\">\n<td>Calories<\/td>\n<td>120<\/td>\n<td><\/td>\n<\/tr>\n<tr valign=\"top\" data-id=\"froala_3\">\n<td>Total Fat<\/td>\n<td>0 g<\/td>\n<td>0%<\/td>\n<\/tr>\n<tr valign=\"top\" data-id=\"froala_4\">\n<td>Saturated Fat<\/td>\n<td>0 g<\/td>\n<td>0%<\/td>\n<\/tr>\n<tr valign=\"top\" data-id=\"froala_5\">\n<td>Trans Fat<\/td>\n<td>0 g<\/td>\n<td><\/td>\n<\/tr>\n<tr valign=\"top\" data-id=\"froala_6\">\n<td>Cholesterol<\/td>\n<td>15 mg<\/td>\n<td>5%<\/td>\n<\/tr>\n<tr valign=\"top\" data-id=\"froala_7\">\n<td>Sodium<\/td>\n<td>55 mg<\/td>\n<td>2%<\/td>\n<\/tr>\n<tr valign=\"top\" data-id=\"froala_8\">\n<td>Total Carbohydrate<\/td>\n<td>0 g<\/td>\n<td>0%<\/td>\n<\/tr>\n<tr valign=\"top\" data-id=\"froala_9\">\n<td>Dietary Fiber<\/td>\n<td>0 g<\/td>\n<td>0%<\/td>\n<\/tr>\n<tr valign=\"top\" data-id=\"froala_10\">\n<td>Total Sugars<\/td>\n<td>0 g<\/td>\n<td><\/td>\n<\/tr>\n<tr data-id=\"froala_11\">\n<td>Includes 0 g Added Sugars<\/td>\n<td><\/td>\n<td>0%<\/td>\n<\/tr>\n<tr valign=\"top\" data-id=\"froala_12\">\n<td>Protein<\/td>\n<td>27 g<\/td>\n<td><\/td>\n<\/tr>\n<tr valign=\"top\" data-id=\"froala_13\">\n<td>Vitamin D<\/td>\n<td>0 mcg<\/td>\n<td>0%<\/td>\n<\/tr>\n<tr valign=\"top\" data-id=\"froala_14\">\n<td>Calcium<\/td>\n<td>120 mg<\/td>\n<td>10%<\/td>\n<\/tr>\n<tr valign=\"top\" data-id=\"froala_15\">\n<td>Iron<\/td>\n<td>0 mg<\/td>\n<td>0%<\/td>\n<\/tr>\n<tr valign=\"top\" data-id=\"froala_16\">\n<td>Potassium<\/td>\n<td>130 mg<\/td>\n<td>2%<\/td>\n<\/tr>\n<tr valign=\"top\">\n<td colspan=\"3\">* The % Daily Value (DV) tells you how much a nutrient in a serving of food contributes to a daily diet. 2,000 calories a day is used for general nutrition advice.<\/td>\n<\/tr>\n<\/tbody>\n<\/table>\n<\/div>\n<\/div>\n<\/div>\n<\/div>","protected":false},"excerpt":{"rendered":"<ul>\n<li>California Gold Nutrition SPORT izolat proteina sirutke, 1 lb<\/li>\n<li>27 g proteina, 6,1 g BCAA\u2609, 4,6 g glutaminske kiseline\u2609<\/li>\n<li>Bez okusa<\/li>\n<li>Niska razina laktoze\u2662<\/li>\n<li>Nema rbST-a<\/li>\n<li>Podr\u017eava rast mi\u0161i\u0107a*<\/li>\n<li>Bez punila, bez glutena, bez GMO-a, bez soje<\/li>\n<li>Bez umjetnih boja, aroma ili zasla\u0111iva\u010da<\/li>\n<li>Proizvedeno u cGMP registriranom (certificiranom) pogonu tre\u0107e strane<\/li>\n<li>100% zlatna garancija<\/li>\n<\/ul>","protected":false},"featured_media":6508,"comment_status":"open","ping_status":"closed","template":"","meta":{"inline_featured_image":false},"product_cat":[15,88],"product_tag":[],"class_list":{"0":"post-6505","1":"product","2":"type-product","3":"status-publish","4":"has-post-thumbnail","6":"product_cat-supplements","7":"product_cat-whey-protein","9":"first","10":"instock","11":"featured","12":"shipping-taxable","13":"purchasable","14":"product-type-simple"},"_links":{"self":[{"href":"https:\/\/be-healthy.taniko.me\/uk\/wp-json\/wp\/v2\/product\/6505","targetHints":{"allow":["GET"]}}],"collection":[{"href":"https:\/\/be-healthy.taniko.me\/uk\/wp-json\/wp\/v2\/product"}],"about":[{"href":"https:\/\/be-healthy.taniko.me\/uk\/wp-json\/wp\/v2\/types\/product"}],"replies":[{"embeddable":true,"href":"https:\/\/be-healthy.taniko.me\/uk\/wp-json\/wp\/v2\/comments?post=6505"}],"wp:featuredmedia":[{"embeddable":true,"href":"https:\/\/be-healthy.taniko.me\/uk\/wp-json\/wp\/v2\/media\/6508"}],"wp:attachment":[{"href":"https:\/\/be-healthy.taniko.me\/uk\/wp-json\/wp\/v2\/media?parent=6505"}],"wp:term":[{"taxonomy":"product_cat","embeddable":true,"href":"https:\/\/be-healthy.taniko.me\/uk\/wp-json\/wp\/v2\/product_cat?post=6505"},{"taxonomy":"product_tag","embeddable":true,"href":"https:\/\/be-healthy.taniko.me\/uk\/wp-json\/wp\/v2\/product_tag?post=6505"}],"curies":[{"name":"wp","href":"https:\/\/api.w.org\/{rel}","templated":true}]}}