{"id":6509,"date":"2023-12-23T21:56:37","date_gmt":"2023-12-23T21:56:37","guid":{"rendered":"https:\/\/be-healthy.taniko.me\/?post_type=product&#038;p=6509"},"modified":"2024-10-20T21:11:03","modified_gmt":"2024-10-20T21:11:03","slug":"optimum-nutrition-gold-standard-100-whey-double-rich-chocolate-5-lbs-2-27-kg","status":"publish","type":"product","link":"https:\/\/be-healthy.taniko.me\/uk\/product\/optimum-nutrition-gold-standard-100-whey-double-rich-chocolate-5-lbs-2-27-kg\/","title":{"rendered":"Optimum Nutrition, Gold Standard 100% Whey, different flavor"},"content":{"rendered":"<div class=\"row item-row\">\n<div class=\"col-xs-24\">\n<h3>\u041e\u043f\u0438\u0441<\/h3>\n<p>Za\u0161to Gold Standard 100% Whey\u2122?<\/p>\n<ul>\n<li>Prepuna 24 g visokokvalitetnih proteina po porciji za pomo\u0107 u izgradnji mi\u0161i\u0107a\u2021.<\/li>\n<li>Izolat proteina sirutke (WPI) primarni je sastojak s daljnjim &#8216;izoliranim&#8217; ugljikohidratima i mastima.<\/li>\n<li>11 g prirodnih esencijalnih aminokiselina (EAA) za podr\u0161ku oporavku mi\u0161i\u0107a.<\/li>\n<li>Zlatni standard\u00ae za kvalitetu proteina, koji poti\u010de vi\u0161e od 2 milijarde oporavka tijekom vje\u017ebanja diljem svijeta od 1988.<\/li>\n<\/ul>\n<p>Vjeruje se da Optimum Nutrition\u00ae vi\u0161e od 30 godina i u vi\u0161e od 90 zemalja pru\u017ea najvi\u0161u kvalitetu oporavka nakon vje\u017ebanja, energije prije vje\u017ebanja i sportske prehrane u pokretu. Nakon pa\u017eljivog odabira dobavlja\u010da, svaki se sastojak testira kako bi se osigurala iznimna \u010disto\u0107a, mo\u0107 i sastav. Dr\u017eimo se najvi\u0161ih proizvodnih standarda, a sve kako biste mogli otklju\u010dati puni potencijal svog tijela.<\/p>\n<p>Gold Standard 100% Whey\u2122 dizajniran je za maksimalnu mogu\u0107nost mije\u0161anja i vrhunsku pitkost.<\/p>\n<p>**Aminokiseline prirodnog porijekla<\/p>\n<p>\u2021Kada se uzima tijekom vremena uz redoviti trening otpora.<\/p>\n<p>\u25b2Nije uo\u010dena zna\u010dajna razlika izme\u0111u mlijeka dobivenog od krava lije\u010denih rBST-om i onih koje nisu lije\u010dene rBST-om.<\/p>\n<h4>\u0420\u0435\u043a\u043e\u043c\u0435\u043d\u0434\u0430\u0446\u0456\u0457 \u0456\u0437 \u0437\u0430\u0441\u0442\u043e\u0441\u0443\u0432\u0430\u043d\u043d\u044f<\/h4>\n<ul>\n<li>30,4 grama: Otprilike 1 mjerica proteina sirutke u prahu<\/li>\n<li>6-8 te\u010dnih oz: hladna voda, mlijeko ili drugi napitak<\/li>\n<li>30 sekundi: promije\u0161ajte, protresite ili miksajte dok se ne otopi<\/li>\n<\/ul>\n<p>Za najbolje rezultate pomije\u0161ajte svoj shake 30-60 minuta nakon vje\u017ebanja ili ga uzmite kao me\u0111uobrok u svojoj uravnote\u017eenoj visokoproteinskoj prehrani.<\/p>\n<p>Za zdrave odrasle osobe, konzumirajte dovoljno proteina kako biste zadovoljili svoje dnevne potrebe za proteinima uz kombinaciju visokoproteinske hrane i proteinskih dodataka tijekom dana kao dio uravnote\u017eene prehrane i programa vje\u017ebanja.<\/p>\n<\/div>\n<\/div>\n<div class=\"row item-row\">\n<div class=\"col-xs-24\">\n<h4>\u0406\u043d\u0448\u0456 \u0456\u043d\u0433\u0440\u0435\u0434\u0456\u0454\u043d\u0442\u0438<\/h4>\n<p>Proteinska mje\u0161avina (izolat proteina sirutke, koncentrat proteina sirutke, hidrolizirani peptidi sirutke), kakao prah (obra\u0111en alkalijama), suncokretov i\/ili sojin lecitin, prirodna i umjetna aroma, kalijev acesulfam.<\/p>\n<p>Sadr\u017ei: mlijeko i soju.<\/p>\n<h4>\u041f\u043e\u043f\u0435\u0440\u0435\u0434\u0436\u0435\u043d\u043d\u044f<\/h4>\n<p>Napomena: Ovaj proizvod koristite samo kao dodatak prehrani. Ne koristiti za smanjenje te\u017eine.<\/p>\n<p>Sadr\u017eaj se prodaje prema te\u017eini, a ne prema volumenu, do\u0107i \u0107e do talo\u017eenja.<\/p>\n<p>\u0417\u0431\u0435\u0440\u0456\u0433\u0430\u0442\u0438 \u0432 \u0441\u0443\u0445\u043e\u043c\u0443 \u043f\u0440\u043e\u0445\u043e\u043b\u043e\u0434\u043d\u043e\u043c\u0443 \u043c\u0456\u0441\u0446\u0456.<\/p>\n<p>\u017dlica za poslu\u017eivanje je uklju\u010dena, ali se mo\u017ee spustiti na dno tijekom transporta.<\/p>\n<\/div>\n<\/div>\n<div class=\"row item-row\">\n<div class=\"col-xs-24\">\n<div class=\"prodOverviewDetail\">\n<div class=\"row item-row\">\n<div class=\"col-xs-24\">\n<div class=\"prodOverviewDetail\">\n<div class=\"col-xs-24 col-md-10\">\n<div class=\"supplement-facts-container\">\n<table border=\"1\" width=\"100%\" cellspacing=\"0\" cellpadding=\"3\">\n<tbody>\n<tr valign=\"top\">\n<td colspan=\"4\"><strong>Nutrition Facts<\/strong><\/td>\n<\/tr>\n<tr valign=\"top\">\n<td colspan=\"4\"><strong>Serving Size:<\/strong>\u00a030.4 g (About 1 Scoop)<\/td>\n<\/tr>\n<tr valign=\"top\">\n<td colspan=\"4\"><strong>Servings Per Container:<\/strong>\u00a074<\/td>\n<\/tr>\n<tr valign=\"top\" data-id=\"froala_49\">\n<td width=\"70%\"><\/td>\n<td width=\"15%\"><strong>Amount Per Serving<\/strong><\/td>\n<td width=\"15%\"><strong>% Daily Value*<\/strong><\/td>\n<\/tr>\n<tr valign=\"top\" data-id=\"froala_50\">\n<td>Calories<\/td>\n<td>120<\/td>\n<td><\/td>\n<\/tr>\n<tr valign=\"top\" data-id=\"froala_51\">\n<td>Total Fat<\/td>\n<td>1.5 g<\/td>\n<td>2%<\/td>\n<\/tr>\n<tr valign=\"top\" data-id=\"froala_52\">\n<td>Saturated Fat<\/td>\n<td>1 g<\/td>\n<td>5%<\/td>\n<\/tr>\n<tr valign=\"top\" data-id=\"froala_53\">\n<td>Cholesterol<\/td>\n<td>55 mg<\/td>\n<td>18%<\/td>\n<\/tr>\n<tr valign=\"top\" data-id=\"froala_54\">\n<td>Sodium<\/td>\n<td>130 mg<\/td>\n<td>6%<\/td>\n<\/tr>\n<tr valign=\"top\" data-id=\"froala_55\">\n<td>Total Carbohydrate<\/td>\n<td>3 g<\/td>\n<td>1%<\/td>\n<\/tr>\n<tr valign=\"top\" data-id=\"froala_56\">\n<td>Dietary Fiber<\/td>\n<td>&lt;1 g<\/td>\n<td>2%<\/td>\n<\/tr>\n<tr valign=\"top\" data-id=\"froala_57\">\n<td>Total Sugars<\/td>\n<td>1 g<\/td>\n<td><\/td>\n<\/tr>\n<tr valign=\"top\" data-id=\"froala_58\">\n<td>Protein<\/td>\n<td>24 g<\/td>\n<td>48%<\/td>\n<\/tr>\n<tr valign=\"top\" data-id=\"froala_59\">\n<td>Calcium<\/td>\n<td>130 mg<\/td>\n<td>10%<\/td>\n<\/tr>\n<tr valign=\"top\" data-id=\"froala_60\">\n<td>Iron<\/td>\n<td>0.7 mg<\/td>\n<td>4%<\/td>\n<\/tr>\n<tr valign=\"top\" data-id=\"froala_61\">\n<td>Potassium<\/td>\n<td>200 mg<\/td>\n<td>4%<\/td>\n<\/tr>\n<tr>\n<td colspan=\"3\">Not a significant source of trans fat, added sugars and vitamin D.<\/td>\n<\/tr>\n<tr valign=\"top\">\n<td colspan=\"3\">*The % Daily Values tells you how much a nutrient in a serving of food contributes to a daily diet. 2,000 calories a day is used for general nutrition advice.<\/td>\n<\/tr>\n<\/tbody>\n<\/table>\n<\/div>\n<\/div>\n<\/div>\n<\/div>\n<\/div>\n<\/div>\n<\/div>\n<\/div>","protected":false},"excerpt":{"rendered":"<ul>\n<li>Za podr\u0161ku i oporavak mi\u0161i\u0107a<\/li>\n<li>24 g proteina &#8211; poma\u017ee u izgradnji i odr\u017eavanju mi\u0161i\u0107a\u2021<\/li>\n<li>5,5 g BCAA** &#8211; Podr\u017eava izdr\u017eljivost i oporavak<\/li>\n<li>Primarni izvor izolata proteina sirutke<\/li>\n<li>Testirana zabranjena tvar<\/li>\n<li>Umjetno aromatizirano<\/li>\n<li>100% proteina iz sirutke<\/li>\n<li>Mje\u0161avina za napitak s proteinskim prahom<\/li>\n<li>Trening snage<\/li>\n<li>SportskiAktivan stil \u017eivota<\/li>\n<li>Bez umjetnih hormona rasta\u25b2<\/li>\n<li>Autenti\u010dni proizvod Optimum Nutrition<\/li>\n<li>\u0411\u0435\u0437 \u0433\u043b\u044e\u0442\u0435\u043d\u0443<\/li>\n<li>Informirani izbor &#8211; mi testiramo, vi vjerujete<\/li>\n<\/ul>","protected":false},"featured_media":6557,"comment_status":"open","ping_status":"closed","template":"","meta":{"inline_featured_image":false},"product_cat":[24,88],"product_tag":[],"class_list":{"0":"post-6509","1":"product","2":"type-product","3":"status-publish","4":"has-post-thumbnail","6":"product_cat-sport","7":"product_cat-whey-protein","9":"first","10":"instock","11":"featured","12":"shipping-taxable","13":"purchasable","14":"product-type-variable"},"_links":{"self":[{"href":"https:\/\/be-healthy.taniko.me\/uk\/wp-json\/wp\/v2\/product\/6509","targetHints":{"allow":["GET"]}}],"collection":[{"href":"https:\/\/be-healthy.taniko.me\/uk\/wp-json\/wp\/v2\/product"}],"about":[{"href":"https:\/\/be-healthy.taniko.me\/uk\/wp-json\/wp\/v2\/types\/product"}],"replies":[{"embeddable":true,"href":"https:\/\/be-healthy.taniko.me\/uk\/wp-json\/wp\/v2\/comments?post=6509"}],"wp:featuredmedia":[{"embeddable":true,"href":"https:\/\/be-healthy.taniko.me\/uk\/wp-json\/wp\/v2\/media\/6557"}],"wp:attachment":[{"href":"https:\/\/be-healthy.taniko.me\/uk\/wp-json\/wp\/v2\/media?parent=6509"}],"wp:term":[{"taxonomy":"product_cat","embeddable":true,"href":"https:\/\/be-healthy.taniko.me\/uk\/wp-json\/wp\/v2\/product_cat?post=6509"},{"taxonomy":"product_tag","embeddable":true,"href":"https:\/\/be-healthy.taniko.me\/uk\/wp-json\/wp\/v2\/product_tag?post=6509"}],"curies":[{"name":"wp","href":"https:\/\/api.w.org\/{rel}","templated":true}]}}