{"id":6558,"date":"2023-12-26T15:49:30","date_gmt":"2023-12-26T15:49:30","guid":{"rendered":"https:\/\/be-healthy.taniko.me\/?post_type=product&#038;p=6558"},"modified":"2024-10-20T20:59:30","modified_gmt":"2024-10-20T20:59:30","slug":"now-foods-sports-whey-protein-isolate-unflavored-5-lbs-2268-g","status":"publish","type":"product","link":"https:\/\/be-healthy.taniko.me\/uk\/product\/now-foods-sports-whey-protein-isolate-unflavored-5-lbs-2268-g\/","title":{"rendered":"NOW Foods, Sports, Whey Protein Isolate, different flavor"},"content":{"rendered":"<div class=\"container product-overview\">\n<div class=\"content-frame\">\n<section class=\"content-wrapper\">\n<div class=\"inner-content\">\n<div class=\"item-row\">\n<div class=\"row\">\n<div class=\"col-xs-24 col-md-14\">\n<div class=\"row item-row\">\n<div class=\"col-xs-24\">\n<h3>\u041e\u043f\u0438\u0441<\/h3>\n<p>&nbsp;<\/p>\n<p>NOW\u00ae izolat proteina sirutke visoko je kvalitetan protein koji je bioraspolo\u017eiv i lako probavljiv. Protein sirutke ima prirodno prisutne aminokiseline razgranatog lanca (BCAA). NOW\u00ae izolat proteina sirutke idealan je za aktivne pojedince.<\/p>\n<p>Smatra se da protein sirutke ima najve\u0107u biolo\u0161ku vrijednost (BV) od bilo kojeg izvora proteina &#8211; bolji je u sadr\u017eaju esencijalnih aminokiselina od govedine, mlijeka, kazeina ili soje.<\/p>\n<h4>\u0420\u0435\u043a\u043e\u043c\u0435\u043d\u0434\u0430\u0446\u0456\u0457 \u0456\u0437 \u0437\u0430\u0441\u0442\u043e\u0441\u0443\u0432\u0430\u043d\u043d\u044f<\/h4>\n<p>Dodajte 1 ravnu mjericu dnevno na 8 oz. hladne vode, mlijeka ili va\u0161eg omiljenog soka. Promije\u0161ajte ili izblendajte.<\/p>\n<h4>\u0406\u043d\u0448\u0456 \u0456\u043d\u0433\u0440\u0435\u0434\u0456\u0454\u043d\u0442\u0438<\/h4>\n<p>Izolat proteina sirutke, suncokretov lecitin (&lt;1%).<\/p>\n<p>Sadr\u017ei mlijeko.<\/p>\n<p>Nije proizveden od sastojaka kvasca, p\u0161enice, glutena, soje, kukuruza, jaja, ribe, \u0161koljki ili ora\u0161astih plodova. Proizvedeno u GMP postrojenju koje obra\u0111uje druge sastojke koji sadr\u017ee te alergene.<\/p>\n<h4>\u041f\u043e\u043f\u0435\u0440\u0435\u0434\u0436\u0435\u043d\u043d\u044f<\/h4>\n<p>Napomena: Ovaj proizvod koristite samo kao dodatak prehrani. Ne koristiti za smanjenje te\u017eine.<\/p>\n<p>U ovom proizvodu mo\u017ee do\u0107i do prirodne varijacije boje.<\/p>\n<p>Ovaj proizvod se prodaje po te\u017eini, a ne po volumenu.<\/p>\n<p>Nakon otvaranja \u010duvati na hladnom, suhom i tamnom mjestu.<\/p>\n<\/div>\n<\/div>\n<div class=\"row item-row\">\n<div class=\"col-xs-24\"><\/div>\n<\/div>\n<\/div>\n<div class=\"col-xs-24 col-md-10\">\n<div class=\"supplement-facts-container\">\n<table border=\"1\" width=\"100%\" cellspacing=\"0\" cellpadding=\"3\">\n<tbody>\n<tr valign=\"top\">\n<td colspan=\"3\"><strong>Nutrition Facts<\/strong><\/td>\n<\/tr>\n<tr valign=\"top\">\n<td colspan=\"3\"><strong>Serving Size:<\/strong>\u00a01 level scoop (28 g)<\/td>\n<\/tr>\n<tr valign=\"top\">\n<td colspan=\"3\"><strong>Servings Per Container:\u00a0<\/strong>About 81<\/td>\n<\/tr>\n<tr valign=\"top\" data-id=\"froala_1\">\n<td width=\"70%\"><\/td>\n<td width=\"15%\"><strong>Amount Per Serving<\/strong><\/td>\n<td width=\"15%\"><strong>%Daily Value*<\/strong><\/td>\n<\/tr>\n<tr valign=\"top\" data-id=\"froala_2\">\n<td>Calories<\/td>\n<td>110<\/td>\n<td><\/td>\n<\/tr>\n<tr valign=\"top\" data-id=\"froala_3\">\n<td>Total Fat<\/td>\n<td>0.5 g<\/td>\n<td>&lt;1%<\/td>\n<\/tr>\n<tr valign=\"top\" data-id=\"froala_4\">\n<td>Saturated Fat<\/td>\n<td>0 g<\/td>\n<td>0%<\/td>\n<\/tr>\n<tr valign=\"top\" data-id=\"froala_5\">\n<td>Trans Fat<\/td>\n<td>0 g<\/td>\n<td><\/td>\n<\/tr>\n<tr valign=\"top\" data-id=\"froala_6\">\n<td>Cholesterol<\/td>\n<td>10 mg<\/td>\n<td>3%<\/td>\n<\/tr>\n<tr valign=\"top\" data-id=\"froala_7\">\n<td>Sodium<\/td>\n<td>45 mg<\/td>\n<td>2%<\/td>\n<\/tr>\n<tr valign=\"top\" data-id=\"froala_8\">\n<td>Total Carbohydrate<\/td>\n<td>&lt;1 g<\/td>\n<td>&lt;1%<\/td>\n<\/tr>\n<tr valign=\"top\" data-id=\"froala_9\">\n<td>Dietary Fiber<\/td>\n<td>0 g<\/td>\n<td>0%<\/td>\n<\/tr>\n<tr valign=\"top\" data-id=\"froala_10\">\n<td>Total Sugars<\/td>\n<td>0 g<\/td>\n<td><\/td>\n<\/tr>\n<tr valign=\"top\" data-id=\"froala_11\">\n<td>Includes 0 g Added Sugars<\/td>\n<td><\/td>\n<td>0%<\/td>\n<\/tr>\n<tr valign=\"top\" data-id=\"froala_12\">\n<td>Protein<\/td>\n<td>25 g<\/td>\n<td>50%<\/td>\n<\/tr>\n<tr valign=\"top\" data-id=\"froala_13\">\n<td>Vitamin D<\/td>\n<td>0 mcg<\/td>\n<td>0%<\/td>\n<\/tr>\n<tr valign=\"top\" data-id=\"froala_14\">\n<td>Calcium<\/td>\n<td>121 mg<\/td>\n<td>10%<\/td>\n<\/tr>\n<tr valign=\"top\" data-id=\"froala_15\">\n<td>Iron<\/td>\n<td>0 mg<\/td>\n<td>0%<\/td>\n<\/tr>\n<tr valign=\"top\" data-id=\"froala_16\">\n<td>Potassium<\/td>\n<td>155 mg<\/td>\n<td>4%<\/td>\n<\/tr>\n<tr valign=\"top\">\n<td colspan=\"3\">* The % Daily Value (DV) tells you how much a nutrient in a serving of food contributes to a daily diet. 2,000 calories a day is used for general nutrition advice.<\/td>\n<\/tr>\n<\/tbody>\n<\/table>\n<table border=\"1\" width=\"100%\" cellspacing=\"0\" cellpadding=\"3\">\n<tbody>\n<tr valign=\"top\">\n<td colspan=\"2\"><strong>Typical Amino Acid Profile<\/strong><br \/>\n<strong>(example) (per serving)**\u00a0<\/strong><\/td>\n<\/tr>\n<tr valign=\"top\">\n<td width=\"70%\"><strong>Essential\u00a0Amino Acids<\/strong><\/td>\n<td width=\"30%\"><strong>mg Per Serving<\/strong><\/td>\n<\/tr>\n<tr valign=\"top\">\n<td>L-Histidine<\/td>\n<td>420<\/td>\n<\/tr>\n<tr valign=\"top\">\n<td>L-Isoleucine***<\/td>\n<td>1568<\/td>\n<\/tr>\n<tr valign=\"top\">\n<td>L-Leucine***<\/td>\n<td>2716<\/td>\n<\/tr>\n<tr valign=\"top\">\n<td>L-Lysine<\/td>\n<td>2716<\/td>\n<\/tr>\n<tr valign=\"top\">\n<td>L-Methionine<\/td>\n<td>560<\/td>\n<\/tr>\n<tr valign=\"top\">\n<td>L-Phenylalanine<\/td>\n<td>812<\/td>\n<\/tr>\n<tr valign=\"top\">\n<td>L-Threonine<\/td>\n<td>1708<\/td>\n<\/tr>\n<tr valign=\"top\">\n<td>L-Tryptophan<\/td>\n<td>448<\/td>\n<\/tr>\n<tr valign=\"top\">\n<td>L-Valine***<\/td>\n<td>1288<\/td>\n<\/tr>\n<tr valign=\"top\">\n<td colspan=\"2\"><strong>Non-Essential Amino Acids<\/strong><\/td>\n<\/tr>\n<tr valign=\"top\">\n<td>L-Alanine<\/td>\n<td>1288<\/td>\n<\/tr>\n<tr valign=\"top\">\n<td>L-Arginine<\/td>\n<td>588<\/td>\n<\/tr>\n<tr valign=\"top\">\n<td>L-Aspartic Acid<\/td>\n<td>2716<\/td>\n<\/tr>\n<tr valign=\"top\">\n<td>L-Cysteine<\/td>\n<td>728<\/td>\n<\/tr>\n<tr valign=\"top\">\n<td>L-Glutamic Acid<\/td>\n<td>4788<\/td>\n<\/tr>\n<tr valign=\"top\">\n<td>Glycine<\/td>\n<td>448<\/td>\n<\/tr>\n<tr valign=\"top\">\n<td>L-Proline<\/td>\n<td>1540<\/td>\n<\/tr>\n<tr valign=\"top\">\n<td>L-Serine<\/td>\n<td>1036<\/td>\n<\/tr>\n<tr valign=\"top\">\n<td>L-Tyrosine<\/td>\n<td>756<\/td>\n<\/tr>\n<tr valign=\"top\">\n<td colspan=\"2\">**subject to natural variability<br \/>\n***Branched-chain amino acids<\/td>\n<\/tr>\n<\/tbody>\n<\/table>\n<\/div>\n<\/div>\n<\/div>\n<\/div>\n<\/div>\n<\/section>\n<\/div>\n<\/div>\n<p>&nbsp;<\/p>\n<div class=\"container house-brand-primary-banner-wrapper\">\n<div id=\"house-brand-primary-banner\" class=\"banner-tool-carousel\">\n<div class=\"img-slider\">\n<div class=\"img-slider-container\">\n<div class=\"img-wrapper active img-wrapper-0 clone\" data-slide=\"0\">\n<div class=\"slide\">\n<div class=\"cms-banner-wrapper cms-image-banner-img\"><\/div>\n<\/div>\n<\/div>\n<\/div>\n<\/div>\n<\/div>\n<\/div>","protected":false},"excerpt":{"rendered":"<ul>\n<li>Proteinski prah<\/li>\n<li>S BCAA<\/li>\n<li>25 g bjelan\u010devina<\/li>\n<li>Bez soje<\/li>\n<li>Bez steroida<\/li>\n<li>Ko\u0161er mljekara<\/li>\n<li>\u0411\u0435\u0437 \u0413\u041c\u041e<\/li>\n<li>Bez umjetnih zasla\u0111iva\u010da \u2013 Bez aspartama \u2013 Bez sukraloze \u2013 Bez acesulfama-K<\/li>\n<li>Informirani sport &#8211; mi vjerujemo da vi vjerujete<\/li>\n<li>Halal<\/li>\n<li>Zajam\u010dena GMP kvaliteta<\/li>\n<\/ul>","protected":false},"featured_media":6582,"comment_status":"open","ping_status":"closed","template":"","meta":{"inline_featured_image":false},"product_cat":[106,24,88],"product_tag":[],"class_list":{"0":"post-6558","1":"product","2":"type-product","3":"status-publish","4":"has-post-thumbnail","6":"product_cat-proteins","7":"product_cat-sport","8":"product_cat-whey-protein","10":"first","11":"instock","12":"featured","13":"shipping-taxable","14":"purchasable","15":"product-type-variable"},"_links":{"self":[{"href":"https:\/\/be-healthy.taniko.me\/uk\/wp-json\/wp\/v2\/product\/6558","targetHints":{"allow":["GET"]}}],"collection":[{"href":"https:\/\/be-healthy.taniko.me\/uk\/wp-json\/wp\/v2\/product"}],"about":[{"href":"https:\/\/be-healthy.taniko.me\/uk\/wp-json\/wp\/v2\/types\/product"}],"replies":[{"embeddable":true,"href":"https:\/\/be-healthy.taniko.me\/uk\/wp-json\/wp\/v2\/comments?post=6558"}],"wp:featuredmedia":[{"embeddable":true,"href":"https:\/\/be-healthy.taniko.me\/uk\/wp-json\/wp\/v2\/media\/6582"}],"wp:attachment":[{"href":"https:\/\/be-healthy.taniko.me\/uk\/wp-json\/wp\/v2\/media?parent=6558"}],"wp:term":[{"taxonomy":"product_cat","embeddable":true,"href":"https:\/\/be-healthy.taniko.me\/uk\/wp-json\/wp\/v2\/product_cat?post=6558"},{"taxonomy":"product_tag","embeddable":true,"href":"https:\/\/be-healthy.taniko.me\/uk\/wp-json\/wp\/v2\/product_tag?post=6558"}],"curies":[{"name":"wp","href":"https:\/\/api.w.org\/{rel}","templated":true}]}}