{"id":6585,"date":"2023-12-26T15:53:04","date_gmt":"2023-12-26T15:53:04","guid":{"rendered":"https:\/\/be-healthy.taniko.me\/?post_type=product&#038;p=6585"},"modified":"2024-10-20T20:54:40","modified_gmt":"2024-10-20T20:54:40","slug":"muscletech-nitro-tech-whey-protein-ultimate-muscle-building-formula-different-flavor","status":"publish","type":"product","link":"https:\/\/be-healthy.taniko.me\/uk\/product\/muscletech-nitro-tech-whey-protein-ultimate-muscle-building-formula-different-flavor\/","title":{"rendered":"MuscleTech, Nitro Tech, Whey Protein, Ultimate Muscle Building Formula, different flavor"},"content":{"rendered":"<div class=\"container product-overview\">\n<div class=\"content-frame\">\n<section class=\"content-wrapper\">\n<div class=\"inner-content\">\n<div class=\"item-row\">\n<div class=\"row\">\n<div class=\"col-xs-24 col-md-14\">\n<div class=\"row item-row\">\n<div class=\"col-xs-24\">\n<h3>\u041e\u043f\u0438\u0441<\/h3>\n<p>Vrhunski protein sirutke + formula za izgradnju mi\u0161i\u0107a<\/p>\n<p>Tijekom 25 godina, na\u0161a revolucionarna formula Nitro-Tech\u00ae suo\u010davala se sa svim izazovima &#8211; i jo\u0161 uvijek je prepoznata kao jedan od najmo\u0107nijih proteina ikada razvijenih. Nitro-Tech\u00ae je na\u0161a najbolja u klasi, znanstveno razvijena formula proteina sirutke, pobolj\u0161ana najprou\u010denijim oblikom kreatina za vi\u0161e \u010diste mi\u0161i\u0107ne mase, vi\u0161e snage i bolju izvedbu. Ovo je original s razlogom &#8211; i dokaz da svaki dan nemilosrdno pomi\u010demo granice znanosti i istra\u017eivanja. \u017delite li ga podi\u0107i na vi\u0161u razinu? Bez obzira \u0161to radite, Nitro-Tech \u0107e vam pomo\u0107i da to postignete.<\/p>\n<p>Prevazi\u0111ite normu &#8211; 70% bolji od obi\u010dnog wheya<\/p>\n<p>Nitro-Tech\u00ae je vrhunac desetlje\u0107a provedenih u opsjednutosti formulacijama, stjecanju patenata i financiranju istra\u017eivanja \u2013 i rad se isplatio.<\/p>\n<p>U 6-tjednoj, dvostruko slijepoj studiji, ispitanici koji su koristili osnovne sastojke Nitro-Tech\u00ae-a, s najmanje 3 godine iskustva u vje\u017ebanju s utezima, dobili su 70% vi\u0161e mi\u0161i\u0107ne mase od onih koji su koristili obi\u010dne proteine \u200b\u200bsirutke (8,8 naspram 5,1 lbs). .), a njihov potisak na klupi pove\u0107ao se vi\u0161e od ispitanika koji su koristili obi\u010dni protein sirutke (34 naspram 14 lbs.). Vi\u0161e \u010distih mi\u0161i\u0107a i snage zna\u010di da \u0107ete do\u0107i na sljede\u0107u razinu.<\/p>\n<p>Sna\u017ean protein koji donosi<\/p>\n<p>\u010cist je i jednostavan &#8211; i daje rezultate. Jedna mjerica Nitro-Tech\u00ae sadr\u017ei 30 g proteina sirutke vrhunske kvalitete koji donosi esencijalne aminokiseline razgranatog lanca. Filtriran je tehnologijom vi\u0161efazne filtracije za uklanjanje ne\u017eeljenih ugljikohidrata i masti. Uostalom, ra\u010duna se ono \u0161to je unutra.<\/p>\n<p>&nbsp;<\/p>\n<div>\n<p>Zadovoljstvo okusa zajam\u010deno<\/p>\n<p>Godinama je brend MuscleTech\u00ae sura\u0111ivao s najboljim svjetskim ku\u0107ama okusa kako bi pru\u017eio divno iskustvo okusa u svakoj mjerici Nitro-Tech\u00ae. Dakle, kada su ti ciljevi toliko blizu da ih mo\u017ee\u0161 okusiti, popij. Zajam\u010deno \u0107e vam se svidjeti.<\/p>\n<h4>\u0420\u0435\u043a\u043e\u043c\u0435\u043d\u0434\u0430\u0446\u0456\u0457 \u0456\u0437 \u0437\u0430\u0441\u0442\u043e\u0441\u0443\u0432\u0430\u043d\u043d\u044f<\/h4>\n<p>Pomije\u0161ajte 1 porciju (1 mjericu) u 6 oz. ili 2 porcije (2 mjerice) u 12 oz. hladne vode ili obranog mlijeka u \u010da\u0161i ili shaker \u0161alici. Koristite izme\u0111u glavnih obroka i nakon vje\u017ebanja. Pijte 8 do 10 \u010da\u0161a vode dnevno. Za maksimalne rezultate, konzumirajte 4 mjerice Nitro-Tech\u00ae dnevno tijekom najmanje 6 tjedana.<\/p>\n<h4>\u0406\u043d\u0448\u0456 \u0456\u043d\u0433\u0440\u0435\u0434\u0456\u0454\u043d\u0442\u0438<\/h4>\n<p>Mje\u0161avina izolata proteina i peptida (peptidi sirutke, izolat proteina sirutke, izolat proteina sirutke 97%), koncentrat proteina sirutke, prirodne i umjetne arome, mrvice \u010dokoladnog keksa (ri\u017eino bra\u0161no, \u0161e\u0107er, \u0161krob tapioke, palmino ulje, kakao [obra\u0111en alkalijama] , kukuruzni \u0161krob, sol, \u010dokoladni liker, prirodne arome, natrijev bikarbonat, sojin lecitin), kalcijev karbonat, sojin i\/ili suncokretov lecitin, mje\u0161avina gume (celulozna guma, ksantan guma, karagenan), enzyplex (papain, amilaza), sol, sukraloza, acesulfam-kalij. sadr\u017ei sastojke mlijeka i soje.<\/p>\n<p>Prera\u0111eno u postrojenju koje tako\u0111er prera\u0111uje sastojke p\u0161enice, jaja, ora\u0161astih plodova, kikirikija, ribe i \u0161koljki.<\/p>\n<p>Sadr\u017ei bioin\u017eenjerske sastojke hrane.<\/p>\n<h4>\u041f\u043e\u043f\u0435\u0440\u0435\u0434\u0436\u0435\u043d\u043d\u044f<\/h4>\n<p>Nije namijenjeno za osobe mla\u0111e od 18 godina. Nemojte koristiti ako ste trudni ili dojite. Posavjetujte se s lije\u010dnikom ako imate zdravstveno stanje ili prije po\u010detka bilo koje dijete ili programa vje\u017ebanja. \u010cuvati izvan dohvata djece.<\/p>\n<p>Napomena: koristite ovaj proizvod samo kao dodatak prehrani. ne koristiti za smanjenje te\u017eine.<\/p>\n<p>Nemojte koristiti ako je pakiranje neovla\u0161teno mijenjano. \u010duvajte na hladnom i suhom mjestu (60\u00b0F do 80\u00b0F).<\/p>\n<p>&nbsp;<\/p>\n<\/div>\n<\/div>\n<\/div>\n<\/div>\n<div class=\"col-xs-24 col-md-10\">\n<div class=\"supplement-facts-container\">\n<table border=\"1\" width=\"100%\" cellspacing=\"0\" cellpadding=\"3\">\n<tbody>\n<tr valign=\"top\">\n<td colspan=\"3\"><strong>Supplement Facts<\/strong><\/td>\n<\/tr>\n<tr valign=\"top\">\n<td colspan=\"3\"><strong>Serving Size:<\/strong>\u00a01 Scoop (45 g)<\/td>\n<\/tr>\n<tr valign=\"top\">\n<td colspan=\"3\"><strong>Servings Per Container:<\/strong>\u00a0Approx. 40<\/td>\n<\/tr>\n<tr valign=\"top\">\n<td width=\"70%\"><\/td>\n<td width=\"15%\"><strong>Amount Per Serving<\/strong><\/td>\n<td width=\"15%\"><strong>% Daily Value<\/strong><\/td>\n<\/tr>\n<tr valign=\"top\">\n<td>Calories<\/td>\n<td>150<\/td>\n<td><\/td>\n<\/tr>\n<tr valign=\"top\">\n<td>Total Fat<\/td>\n<td>2.5 g<\/td>\n<td>3%*<\/td>\n<\/tr>\n<tr valign=\"top\">\n<td>Saturated Fat<\/td>\n<td>2 g<\/td>\n<td>10%*<\/td>\n<\/tr>\n<tr valign=\"top\">\n<td>Cholesterol<\/td>\n<td>90 mg<\/td>\n<td>30%<\/td>\n<\/tr>\n<tr valign=\"top\">\n<td>Total Carbohydrate<\/td>\n<td>3 g<\/td>\n<td>1%*<\/td>\n<\/tr>\n<tr valign=\"top\">\n<td class=\"\">Total Sugars<\/td>\n<td>2 g<\/td>\n<td>\u2020<\/td>\n<\/tr>\n<tr>\n<td>Includes 0 g of Added Sugars<\/td>\n<td><\/td>\n<td>0%*<\/td>\n<\/tr>\n<tr valign=\"top\">\n<td class=\"\">Protein<\/td>\n<td>30 g<\/td>\n<td>60%*<\/td>\n<\/tr>\n<tr valign=\"top\">\n<td>Calcium<\/td>\n<td>280 mg<\/td>\n<td>22%<\/td>\n<\/tr>\n<tr valign=\"top\">\n<td>Iron<\/td>\n<td>0.6 mg<\/td>\n<td>3%<\/td>\n<\/tr>\n<tr valign=\"top\">\n<td>Sodium<\/td>\n<td>140 mg<\/td>\n<td>6%<\/td>\n<\/tr>\n<tr>\n<td>Potassium<\/td>\n<td>200 mg<\/td>\n<td>4%<\/td>\n<\/tr>\n<tr valign=\"top\">\n<td colspan=\"3\"><strong>Nitro-Amino Matrix<\/strong><\/td>\n<\/tr>\n<tr valign=\"top\">\n<td>L-Leucine (as Whey Protein and L-Leucine)<\/td>\n<td>3.3 g<\/td>\n<td>\u2020<\/td>\n<\/tr>\n<tr>\n<td>L-Valine (as Whey Protein and L-Valine)<\/td>\n<td>1.8 g<\/td>\n<td>\u2020<\/td>\n<\/tr>\n<tr valign=\"top\">\n<td>L-Isoleucine (as Whey Protein and L-Isoleucine)<\/td>\n<td>1.7 g<\/td>\n<td>\u2020<\/td>\n<\/tr>\n<tr valign=\"top\">\n<td colspan=\"3\"><strong>Scientifically Studied Musclebuilder<\/strong><\/td>\n<\/tr>\n<tr valign=\"top\">\n<td>Creatine Monohydrate<\/td>\n<td>3 g<\/td>\n<td>\u2020<\/td>\n<\/tr>\n<tr valign=\"top\">\n<td colspan=\"3\">* Percent Daily Values are based on a 2,000-calorie diet.<br \/>\n\u2020 Daily Value not established.<\/td>\n<\/tr>\n<\/tbody>\n<\/table>\n<\/div>\n<\/div>\n<\/div>\n<\/div>\n<\/div>\n<\/section>\n<\/div>\n<\/div>\n<p>&nbsp;<\/p>","protected":false},"excerpt":{"rendered":"<ul>\n<li>Gradi 70% vi\u0161e mi\u0161i\u0107a od obi\u010dne sirutke\u00b9<\/li>\n<li>Pobolj\u0161ajte oporavak<\/li>\n<li>Pove\u0107ajte snagu i izvedbu<\/li>\n<li>Vrhunska formula za izgradnju mi\u0161i\u0107a<\/li>\n<li>30 g bjelan\u010devina<\/li>\n<li>3 g kreatina<\/li>\n<li>6,8 g BCAA<\/li>\n<li>Prirodne i umjetne arome<\/li>\n<li>\u0414\u0456\u0454\u0442\u0438\u0447\u043d\u0430 \u0434\u043e\u0431\u0430\u0432\u043a\u0430<\/li>\n<\/ul>","protected":false},"featured_media":6625,"comment_status":"open","ping_status":"closed","template":"","meta":{"inline_featured_image":false},"product_cat":[24,49],"product_tag":[],"class_list":{"0":"post-6585","1":"product","2":"type-product","3":"status-publish","4":"has-post-thumbnail","6":"product_cat-sport","7":"product_cat-weight-loss","9":"first","10":"instock","11":"featured","12":"shipping-taxable","13":"purchasable","14":"product-type-variable"},"_links":{"self":[{"href":"https:\/\/be-healthy.taniko.me\/uk\/wp-json\/wp\/v2\/product\/6585","targetHints":{"allow":["GET"]}}],"collection":[{"href":"https:\/\/be-healthy.taniko.me\/uk\/wp-json\/wp\/v2\/product"}],"about":[{"href":"https:\/\/be-healthy.taniko.me\/uk\/wp-json\/wp\/v2\/types\/product"}],"replies":[{"embeddable":true,"href":"https:\/\/be-healthy.taniko.me\/uk\/wp-json\/wp\/v2\/comments?post=6585"}],"wp:featuredmedia":[{"embeddable":true,"href":"https:\/\/be-healthy.taniko.me\/uk\/wp-json\/wp\/v2\/media\/6625"}],"wp:attachment":[{"href":"https:\/\/be-healthy.taniko.me\/uk\/wp-json\/wp\/v2\/media?parent=6585"}],"wp:term":[{"taxonomy":"product_cat","embeddable":true,"href":"https:\/\/be-healthy.taniko.me\/uk\/wp-json\/wp\/v2\/product_cat?post=6585"},{"taxonomy":"product_tag","embeddable":true,"href":"https:\/\/be-healthy.taniko.me\/uk\/wp-json\/wp\/v2\/product_tag?post=6585"}],"curies":[{"name":"wp","href":"https:\/\/api.w.org\/{rel}","templated":true}]}}