{"id":6641,"date":"2023-12-26T20:37:10","date_gmt":"2023-12-26T20:37:10","guid":{"rendered":"https:\/\/be-healthy.taniko.me\/?post_type=product&#038;p=6641"},"modified":"2024-10-20T20:43:50","modified_gmt":"2024-10-20T20:43:50","slug":"evlution-nutrition-100-whey-protein-vanilla-ice-cream-5-lb-2-268-kg","status":"publish","type":"product","link":"https:\/\/be-healthy.taniko.me\/uk\/product\/evlution-nutrition-100-whey-protein-vanilla-ice-cream-5-lb-2-268-kg\/","title":{"rendered":"EVLution Nutrition, 100% Whey Protein, different flavors"},"content":{"rendered":"<div class=\"container product-overview\">\n<div class=\"content-frame\">\n<section class=\"content-wrapper\">\n<div class=\"inner-content\">\n<div class=\"item-row\">\n<div class=\"row\">\n<div class=\"col-xs-24 col-md-14\">\n<div class=\"row item-row\">\n<div class=\"col-xs-24\">\n<h3><strong>\u041e\u043f\u0438\u0441<\/strong><\/h3>\n<p>U kombinaciji s redovitim treningom 100% Whey je projektiran za podr\u0161ku:<\/p>\n<ul>\n<li>Rast mi\u0161i\u0107a<br \/>\nOporavak mi\u0161i\u0107a<br \/>\nSinteza proteina<br \/>\nSnaga mi\u0161i\u0107a<\/li>\n<\/ul>\n<p>Statistika 100% Whey:<\/p>\n<ul>\n<li>25 g proteina sirutke po obroku<br \/>\n100% instantizirani protein sirutke<br \/>\n6 g BCAA\u00b9 i 4 g glutamina\u00b9 po obroku<br \/>\nBrzo upijaju\u0107e za kori\u0161tenje prije i poslije treninga<br \/>\nS niskim udjelom masti\/bez dodanog \u0161e\u0107era\u00b2<\/li>\n<\/ul>\n<p>\u00b9U prirodi<\/p>\n<p>\u00b2Nije niskokalori\u010dna hrana<\/p>\n<\/div>\n<\/div>\n<div class=\"row item-row\">\n<div class=\"col-xs-24\">\n<h4>\u0420\u0435\u043a\u043e\u043c\u0435\u043d\u0434\u0430\u0446\u0456\u0457 \u0456\u0437 \u0437\u0430\u0441\u0442\u043e\u0441\u0443\u0432\u0430\u043d\u043d\u044f<\/h4>\n<p>Uzmite 1-3 porcije u bilo koje doba dana kako biste zadovoljili svoje dnevne potrebe za proteinima. U dane treninga, konzumirajte prije i\/ili poslije treninga kako biste podr\u017eali oporavak, popravak i rast mi\u0161i\u0107a.<\/p>\n<p>Dodajte 1 mjericu 100% Wheya u 6 oz va\u0161e omiljene teku\u0107ine kao \u0161to je voda, obrano mlijeko ili nezasla\u0111eno bademovo mlijeko. Mije\u0161ajte \u017elicom ili mu\u0107kajte u \u0161alici 15-20 sekundi dok se proteinski prah potpuno ne otopi.<\/p>\n<p>Promije\u0161ajte ili protresite<\/p>\n<p>Samo dodajte 1 mjericu u vodu, mlijeko ili svoj omiljeni napitak.<\/p>\n<p>Pomije\u0161ajte ga<\/p>\n<p>U\u010dinite svoje smoothije jo\u0161 zdravijima s 1 mjericom zajedno sa sastojcima.<\/p>\n<p>Pomije\u0161ajte<\/p>\n<p>Dodajte ga jogurtu, \u017eitaricama, zobenoj ka\u0161i ili nekoj od va\u0161ih omiljenih namirnica.<\/p>\n<h4>\u0406\u043d\u0448\u0456 \u0456\u043d\u0433\u0440\u0435\u0434\u0456\u0454\u043d\u0442\u0438<\/h4>\n<p>Mje\u0161avina proteina (instantizirani koncentrat proteina sirutke, instant izolat proteina sirutke), maltodekstrin, prirodne i umjetne arome, mje\u0161avina gume (celulozna guma, ksantan guma, karagenan), sol, sukraloza.<\/p>\n<p>Sadr\u017ei: Mlijeko.<\/p>\n<p>Ovaj proizvod proizveden je u SAD-u s doma\u0107im i me\u0111unarodnim sastojcima u (GMP) registriranom objektu.<\/p>\n<h4>\u041f\u043e\u043f\u0435\u0440\u0435\u0434\u0436\u0435\u043d\u043d\u044f<\/h4>\n<p>Posavjetujte se sa svojim lije\u010dnikom prije kori\u0161tenja ovog proizvoda ako imate bilo kakvo zdravstveno stanje, ako uzimate bilo kakve lijekove, planirate bilo kakav medicinski zahvat, planirate trudno\u0107u, ako ste trudni ili dojite. \u010cuvati izvan dohvata djece i ku\u0107nih ljubimaca.<\/p>\n<\/div>\n<\/div>\n<div class=\"row item-row\">\n<div class=\"col-xs-24\"><\/div>\n<\/div>\n<div class=\"row item-row\">\n<div class=\"col-xs-24\"><\/div>\n<\/div>\n<\/div>\n<div class=\"col-xs-24 col-md-10\">\n<div class=\"supplement-facts-container\">\n<table border=\"1\" width=\"100%\" cellspacing=\"0\" cellpadding=\"3\">\n<tbody>\n<tr align=\"left\" valign=\"top\">\n<td colspan=\"3\"><strong>Supplement Facts<\/strong><\/td>\n<\/tr>\n<tr align=\"left\" valign=\"top\">\n<td class=\"fr-selected-cell\" colspan=\"3\"><strong>Serving Size: \u00a0<\/strong>1 Scoop (38.9 g)<\/td>\n<\/tr>\n<tr align=\"left\" valign=\"top\">\n<td colspan=\"3\"><strong>Serving Per Container:\u00a0<\/strong>58<\/td>\n<\/tr>\n<tr align=\"left\" valign=\"top\">\n<td width=\"70%\"><\/td>\n<td width=\"15%\"><strong>Amount Per Serving<\/strong><\/td>\n<td width=\"15%\"><strong>%Daily Value*<\/strong><\/td>\n<\/tr>\n<tr align=\"left\" valign=\"top\">\n<td>Calories<\/td>\n<td>150<\/td>\n<td><\/td>\n<\/tr>\n<tr align=\"left\" valign=\"top\">\n<td>Total Fat<\/td>\n<td>2 g<\/td>\n<td>3%<\/td>\n<\/tr>\n<tr align=\"left\" valign=\"top\">\n<td>Saturated Fat<\/td>\n<td>1 \u00a0g<\/td>\n<td>5%<\/td>\n<\/tr>\n<tr align=\"left\" valign=\"top\">\n<td>Trans Fat<\/td>\n<td>0 g<\/td>\n<td><\/td>\n<\/tr>\n<tr align=\"left\" valign=\"top\">\n<td>Cholesterol<\/td>\n<td>95 mg<\/td>\n<td>32%<\/td>\n<\/tr>\n<tr align=\"left\" valign=\"top\">\n<td>Sodium<\/td>\n<td>240 mg<\/td>\n<td>10%<\/td>\n<\/tr>\n<tr align=\"left\" valign=\"top\">\n<td>Total Carbohydrate<\/td>\n<td>8 g<\/td>\n<td>3%<\/td>\n<\/tr>\n<tr align=\"left\" valign=\"top\">\n<td>Dietary Fiber<\/td>\n<td>0 g<\/td>\n<td>0%<\/td>\n<\/tr>\n<tr align=\"left\" valign=\"top\">\n<td>Total Sugars<\/td>\n<td>3 g<\/td>\n<td><\/td>\n<\/tr>\n<tr align=\"left\" valign=\"top\">\n<td>Includes 0 Added Sugars<\/td>\n<td><\/td>\n<td>0%<\/td>\n<\/tr>\n<tr align=\"left\" valign=\"top\">\n<td>Protein<\/td>\n<td>25 g<\/td>\n<td>50%<\/td>\n<\/tr>\n<tr>\n<td>Vitamin D<\/td>\n<td>0 mcg<\/td>\n<td>0%<\/td>\n<\/tr>\n<tr>\n<td>Calcium<\/td>\n<td>140 mg<\/td>\n<td>11%<\/td>\n<\/tr>\n<tr>\n<td>Iron<\/td>\n<td>0.3 mg<\/td>\n<td>2%<\/td>\n<\/tr>\n<tr>\n<td>Potassium<\/td>\n<td>170 mg<\/td>\n<td>4%<\/td>\n<\/tr>\n<tr align=\"left\" valign=\"top\">\n<td colspan=\"3\">*The % Daily Value (DV) tells you how much a nutrient in a serving of food contributes to a daily diet. 2,000 calories a day is used for general nutrition advice.<\/td>\n<\/tr>\n<\/tbody>\n<\/table>\n<\/div>\n<\/div>\n<\/div>\n<\/div>\n<\/div>\n<\/section>\n<\/div>\n<\/div>\n<p>&nbsp;<\/p>\n<div class=\"container house-brand-primary-banner-wrapper\">\n<div id=\"house-brand-primary-banner\" class=\"banner-tool-carousel\">\n<div class=\"img-slider\">\n<div class=\"img-slider-container\">\n<div class=\"img-wrapper active img-wrapper-0 clone\" data-slide=\"0\">\n<div class=\"slide\">\n<div class=\"cms-banner-wrapper cms-image-banner-img\"><\/div>\n<\/div>\n<\/div>\n<\/div>\n<\/div>\n<\/div>\n<\/div>","protected":false},"excerpt":{"rendered":"<ul>\n<li>100% Whey<\/li>\n<li>25 g bjelan\u010devina<\/li>\n<li>6 g BCAA\u00b9<\/li>\n<li>4 g glutamina\u00b9<\/li>\n<li>Bez dodanog \u0161e\u0107era\u00b2<\/li>\n<li>\u0411\u0435\u0437 \u0433\u043b\u044e\u0442\u0435\u043d\u0443<\/li>\n<li>Niske masno\u0107e<\/li>\n<li>Mje\u0161avina za napitak s proteinskim prahom<\/li>\n<li>Prirodne i umjetne arome<\/li>\n<\/ul>","protected":false},"featured_media":6657,"comment_status":"open","ping_status":"closed","template":"","meta":{"inline_featured_image":false},"product_cat":[24,88],"product_tag":[],"class_list":{"0":"post-6641","1":"product","2":"type-product","3":"status-publish","4":"has-post-thumbnail","6":"product_cat-sport","7":"product_cat-whey-protein","9":"first","10":"instock","11":"featured","12":"shipping-taxable","13":"purchasable","14":"product-type-variable"},"_links":{"self":[{"href":"https:\/\/be-healthy.taniko.me\/uk\/wp-json\/wp\/v2\/product\/6641","targetHints":{"allow":["GET"]}}],"collection":[{"href":"https:\/\/be-healthy.taniko.me\/uk\/wp-json\/wp\/v2\/product"}],"about":[{"href":"https:\/\/be-healthy.taniko.me\/uk\/wp-json\/wp\/v2\/types\/product"}],"replies":[{"embeddable":true,"href":"https:\/\/be-healthy.taniko.me\/uk\/wp-json\/wp\/v2\/comments?post=6641"}],"wp:featuredmedia":[{"embeddable":true,"href":"https:\/\/be-healthy.taniko.me\/uk\/wp-json\/wp\/v2\/media\/6657"}],"wp:attachment":[{"href":"https:\/\/be-healthy.taniko.me\/uk\/wp-json\/wp\/v2\/media?parent=6641"}],"wp:term":[{"taxonomy":"product_cat","embeddable":true,"href":"https:\/\/be-healthy.taniko.me\/uk\/wp-json\/wp\/v2\/product_cat?post=6641"},{"taxonomy":"product_tag","embeddable":true,"href":"https:\/\/be-healthy.taniko.me\/uk\/wp-json\/wp\/v2\/product_tag?post=6641"}],"curies":[{"name":"wp","href":"https:\/\/api.w.org\/{rel}","templated":true}]}}