{"id":6660,"date":"2023-12-26T21:50:07","date_gmt":"2023-12-26T21:50:07","guid":{"rendered":"https:\/\/be-healthy.taniko.me\/?post_type=product&#038;p=6660"},"modified":"2024-10-18T17:04:05","modified_gmt":"2024-10-18T17:04:05","slug":"naturade-total-soy-weight-loss-shake-chocolate-1-2-lb-540-g","status":"publish","type":"product","link":"https:\/\/be-healthy.taniko.me\/uk\/product\/naturade-total-soy-weight-loss-shake-chocolate-1-2-lb-540-g\/","title":{"rendered":"Naturade, Total Soy, Weight Loss Shake, Chocolate, 1.2 lb (540 g)"},"content":{"rendered":"<div class=\"container product-overview\">\n<div class=\"content-frame\">\n<section class=\"content-wrapper\">\n<div class=\"inner-content\">\n<div class=\"item-row\">\n<div class=\"row\">\n<div class=\"col-xs-24 col-md-14\">\n<div class=\"row item-row\">\n<div class=\"col-xs-24\">\n<h3>\u041e\u043f\u0438\u0441<\/h3>\n<p>&nbsp;<\/p>\n<p>Zamijenite obrok i smr\u0161ajte!<\/p>\n<p>Total Soy vam mo\u017ee pomo\u0107i da smr\u0161avite.<\/p>\n<p>Uzmite ukusni Naturade Total Soy shake umjesto jednog dnevnog obroka. Ovaj ukusni shake pru\u017ea sve nutritivne vrijednosti cjelovitog obroka, s niskim udjelom kolesterola, sa samo 140 kalorija po porciji tako da mo\u017eete zamijeniti jedan obrok dnevno i smanjiti unos kalorija. Smanjenje te\u017eine mo\u017ee biti korisno za va\u0161e zdravlje. Samo slijedite na\u0161 plan u 3 laka koraka.<\/p>\n<p>Total Soy je odli\u010dan kao brzi doru\u010dak ili kao obrok u pokretu.<\/p>\n<p>Kada imate pretrpan raspored, zdrava prehrana mo\u017ee biti izazov. Uz Total Soy samo dodajete vodu kako biste u nekoliko sekundi napravili zadovoljavaju\u0107i, ukusni shake za mr\u0161avljenje.<\/p>\n<p>3 laka koraka za mr\u0161avljenje<\/p>\n<p>Zamijenite obrok. Uzmite ukusni Naturade Total Soy shake umjesto jednog dnevnog obroka.<br \/>\nJedite ispravno. Pove\u0107ajte unos zdrave cjelovite hrane i vlakana, ali smanjite unos natrija, kolesterola i zasi\u0107enih masti. Pijte puno vode.<br \/>\nTjedno vje\u017ebajte. Samo 30-60 minuta lagane tjelovje\u017ebe 4 dana u tjednu poma\u017ee ubrzati gubitak te\u017eine.<\/p>\n<p>Naturade Total Soy napravljen je od vrhunskih sojinih proteina za dokazane zdravstvene dobrobiti i odli\u010dan okus. Tako da mo\u017eete biti sigurni da dobivate sve esencijalne aminokiseline plus prirodne izoflavone.<\/p>\n<p><strong>\u0420\u0435\u043a\u043e\u043c\u0435\u043d\u0434\u0430\u0446\u0456\u0457 \u0456\u0437 \u0437\u0430\u0441\u0442\u043e\u0441\u0443\u0432\u0430\u043d\u043d\u044f<\/strong><\/p>\n<p>Dodajte 2 mjerice (36 grama) Naturade Total Soy u 8 oz hladne vode ili va\u0161eg omiljenog pi\u0107a i protresite ili mije\u0161ajte \u017elicom dok ne postane glatka. Preporu\u010dena dnevna doza: jedna porcija dnevno.<\/p>\n<\/div>\n<\/div>\n<div class=\"row item-row\">\n<div class=\"col-xs-24\">\n<h4>\u0406\u043d\u0448\u0456 \u0456\u043d\u0433\u0440\u0435\u0434\u0456\u0454\u043d\u0442\u0438<\/h4>\n<p>Izolat proteina soje, \u0161e\u0107er od \u0161e\u0107erne trske, maltodekstrin, kakao prera\u0111en alkalijama, suncokretovo ulje, prirodne i umjetne arome, sadr\u017ei 2% ili manje inulina cikorije, trikalcijev fosfat, morsku sol, ksantan gumu, magnezijev oksid, natrijev kazeinat, guar gumu, kalij citrat, trigliceridi srednjeg lanca, dikalcijev fosfat, askorbinska kiselina, \u017eeljezni fumarat, sukraloza, acesulfam kalij, modificirani prehrambeni \u0161krob, d-alfa tokoferil acetat, niacinamid, cink oksid, d-kalcijev pantotenat, mangan citrat, bakar citrat, beta karoten, vitamin Palmitat, piridoksin hidroklorid, riboflavin, tiamin hidroklorid, kromov nikotinat, folna kiselina, biotin, kalijev jod, natrijev selenat, kolekalciferol, cijanokobalamin.<\/p>\n<p>Izjava o alergenu: sadr\u017ei mlijeko, soju.<\/p>\n<p>Bez aspartama, bez msg, bez laktoze, bez kvasca, bez glutena, bez jaja. proizvedeno u pogonu koji prera\u0111uje mlijeko, soju, jaja, p\u0161enicu.<\/p>\n<h4>\u041f\u043e\u043f\u0435\u0440\u0435\u0434\u0436\u0435\u043d\u043d\u044f<\/h4>\n<p>Posavjetujte se s lije\u010dnikom prije uporabe ovog proizvoda, osobito ako ste trudni, dojite, o\u010dekujete operaciju, redovito uzimate bilo kakve lijekove ili ste pod lije\u010dni\u010dkim nadzorom.<\/p>\n<p>Upozorenje Prop 65 (samo za stanovnike Kalifornije): Ovaj proizvod sadr\u017ei kemikaliju za koju je dr\u017eava Kalifornija poznata da uzrokuje uro\u0111ene mane ili druge reproduktivne \u0161tete. \u010cuvati izvan dohvata djece.<\/p>\n<p>Svaki spremnik ima unutarnju brtvu ispod plasti\u010dnog poklopca koji odr\u017eava proizvod svje\u017eim i sigurnim. Nemojte koristiti ako je pe\u010dat slomljen ili nedostaje. Ovaj proizvod se prodaje po te\u017eini, a ne po volumenu. Sadr\u017eaj se mo\u017ee slegnuti tijekom transporta i rukovanja. \u010cuvati na hladnom i suhom mjestu.<\/p>\n<\/div>\n<\/div>\n<\/div>\n<div class=\"col-xs-24 col-md-10\">\n<div class=\"supplement-facts-container\">\n<table border=\"1\" width=\"100%\" cellspacing=\"0\" cellpadding=\"3\">\n<tbody>\n<tr align=\"left\" valign=\"top\">\n<td colspan=\"3\"><strong>Supplement Facts<\/strong><\/td>\n<\/tr>\n<tr align=\"left\" valign=\"top\">\n<td colspan=\"3\"><strong>Serving Size:<\/strong>\u00a02 scoops (36 g)<\/td>\n<\/tr>\n<tr align=\"left\" valign=\"top\">\n<td colspan=\"3\"><strong>Servings Per Container:\u00a0<\/strong>\u00a0About 15<\/td>\n<\/tr>\n<tr align=\"left\" valign=\"top\">\n<td width=\"70%\"><\/td>\n<td width=\"15%\"><strong>Amount Per Serving<\/strong><\/td>\n<td width=\"15%\"><strong>%Daily Value*<\/strong><\/td>\n<\/tr>\n<tr align=\"left\" valign=\"top\">\n<td>Calories<\/td>\n<td>140<\/td>\n<td><\/td>\n<\/tr>\n<tr align=\"left\" valign=\"top\">\n<td>Total Fat<\/td>\n<td>3 g<\/td>\n<td>4%<\/td>\n<\/tr>\n<tr align=\"left\" valign=\"top\">\n<td>Saturated Fat<\/td>\n<td>0.5 g<\/td>\n<td>3%<\/td>\n<\/tr>\n<tr align=\"left\" valign=\"top\">\n<td>Trans Fat<\/td>\n<td>0 g<\/td>\n<td><\/td>\n<\/tr>\n<tr align=\"left\" valign=\"top\">\n<td>Cholesterol<\/td>\n<td>0 mg<\/td>\n<td>0%<\/td>\n<\/tr>\n<tr align=\"left\" valign=\"top\">\n<td>Sodium<\/td>\n<td>310 mg<\/td>\n<td>13%<\/td>\n<\/tr>\n<tr align=\"left\" valign=\"top\">\n<td>Total Carbohydrate<\/td>\n<td>15 g<\/td>\n<td>5%<\/td>\n<\/tr>\n<tr align=\"left\" valign=\"top\">\n<td>Dietary Fiber<\/td>\n<td>2 g<\/td>\n<td>7%<\/td>\n<\/tr>\n<tr align=\"left\" valign=\"top\">\n<td>Total Sugars<\/td>\n<td>8 g<\/td>\n<td><\/td>\n<\/tr>\n<tr>\n<td>Includes 8 g Added Sugars<\/td>\n<td><\/td>\n<td>16%<\/td>\n<\/tr>\n<tr align=\"left\" valign=\"top\">\n<td>Protein<\/td>\n<td>13 g<\/td>\n<td>26%<\/td>\n<\/tr>\n<tr align=\"left\" valign=\"top\">\n<td>Vitamin D<\/td>\n<td>3.5 mcg<\/td>\n<td>20%<\/td>\n<\/tr>\n<tr align=\"left\" valign=\"top\">\n<td>Calcium<\/td>\n<td>270 mg<\/td>\n<td>20%<\/td>\n<\/tr>\n<tr align=\"left\" valign=\"top\">\n<td>Iron<\/td>\n<td>6 mg<\/td>\n<td>35%<\/td>\n<\/tr>\n<tr align=\"left\" valign=\"top\">\n<td>Potassium<\/td>\n<td>200 mg<\/td>\n<td>4%<\/td>\n<\/tr>\n<tr align=\"left\" valign=\"top\">\n<td>Vitamin A<\/td>\n<td>525 mcg<\/td>\n<td>60%<\/td>\n<\/tr>\n<tr align=\"left\" valign=\"top\">\n<td>Vitamin C<\/td>\n<td>21 mg<\/td>\n<td>25%<\/td>\n<\/tr>\n<tr align=\"left\" valign=\"top\">\n<td>Vitamin E<\/td>\n<td>7 mg<\/td>\n<td>45%<\/td>\n<\/tr>\n<tr align=\"left\" valign=\"top\">\n<td>Thiamine<\/td>\n<td>0.5 mg<\/td>\n<td>40%<\/td>\n<\/tr>\n<tr align=\"left\" valign=\"top\">\n<td>Riboflavin<\/td>\n<td>0.59 mg<\/td>\n<td>45%<\/td>\n<\/tr>\n<tr align=\"left\" valign=\"top\">\n<td>Niacin<\/td>\n<td>7 mg<\/td>\n<td>45%<\/td>\n<\/tr>\n<tr align=\"left\" valign=\"top\">\n<td>Vitamin B6<\/td>\n<td>0.7 mg<\/td>\n<td>40%<\/td>\n<\/tr>\n<tr align=\"left\" valign=\"top\">\n<td>Folate<\/td>\n<td>230 mcg DFE<\/td>\n<td>60%<\/td>\n<\/tr>\n<tr align=\"left\" valign=\"top\">\n<td>Vitamin B12<\/td>\n<td>2.1 mg<\/td>\n<td>90%<\/td>\n<\/tr>\n<tr align=\"left\" valign=\"top\">\n<td>Biotin<\/td>\n<td>105 mcg<\/td>\n<td>350%<\/td>\n<\/tr>\n<tr align=\"left\" valign=\"top\">\n<td>Pantothenic Acid<\/td>\n<td>3.5 mcg<\/td>\n<td>70%<\/td>\n<\/tr>\n<tr align=\"left\" valign=\"top\">\n<td>Phosphorus<\/td>\n<td>200 mg<\/td>\n<td>15%<\/td>\n<\/tr>\n<tr align=\"left\" valign=\"top\">\n<td>Iodine<\/td>\n<td>52.5 mg<\/td>\n<td>35%<\/td>\n<\/tr>\n<tr>\n<td>Magnesium<\/td>\n<td>120 mg<\/td>\n<td>30%<\/td>\n<\/tr>\n<tr>\n<td>Zinc<\/td>\n<td>5 mg<\/td>\n<td>45%<\/td>\n<\/tr>\n<tr>\n<td>Selenium<\/td>\n<td>24.5 mcg<\/td>\n<td>45%<\/td>\n<\/tr>\n<tr>\n<td>Copper<\/td>\n<td>0.7 mg<\/td>\n<td>80%<\/td>\n<\/tr>\n<tr align=\"left\" valign=\"top\">\n<td>Manganese<\/td>\n<td>0.7 mg<\/td>\n<td>30%<\/td>\n<\/tr>\n<tr align=\"left\" valign=\"top\">\n<td>Chromium<\/td>\n<td>42 mcg<\/td>\n<td>120%<\/td>\n<\/tr>\n<tr align=\"left\" valign=\"top\">\n<td colspan=\"3\">*The % Daily Value (DV) tells you how much a nutrient in a serving of food contributes to a daily diet. 2,000 calories a day is used for general nutrition advice.<\/td>\n<\/tr>\n<\/tbody>\n<\/table>\n<\/div>\n<\/div>\n<\/div>\n<\/div>\n<\/div>\n<\/section>\n<\/div>\n<\/div>\n<p>&nbsp;<\/p>\n<div class=\"container house-brand-primary-banner-wrapper\">\n<div id=\"house-brand-primary-banner\" class=\"banner-tool-carousel\">\n<div class=\"img-slider\">\n<div class=\"img-slider-container\">\n<div class=\"img-wrapper active img-wrapper-0 clone\" data-slide=\"0\">\n<div class=\"slide\">\n<div class=\"cms-banner-wrapper cms-image-banner-img\"><\/div>\n<\/div>\n<\/div>\n<\/div>\n<\/div>\n<\/div>\n<\/div>","protected":false},"excerpt":{"rendered":"<ul>\n<li>Procjena 1926. godine<\/li>\n<li>Prirodne i umjetne arome<\/li>\n<li>Zamijenite obrok i smr\u0161ajte<\/li>\n<li>Mjerljivi rezultati!<\/li>\n<li>Ukusna zamjena za obrok<\/li>\n<li>Samo 140 kalorija po obroku<\/li>\n<li>Jedite zdravo, osje\u0107ajte se zdravo<\/li>\n<li>13g proteina<\/li>\n<li>24 Vitamini i minerali<\/li>\n<li>0 g trans masti<\/li>\n<li>Bez laktoze<\/li>\n<li>\u0411\u0435\u0437 \u0433\u043b\u044e\u0442\u0435\u043d\u0443<\/li>\n<li>Soja koja nije GMO<\/li>\n<li>Kvaliteta zajam\u010dene \u010disto\u0107e<\/li>\n<li>Kvaliteta i \u010disto\u0107a Naturade zajam\u010dena od 1926<\/li>\n<\/ul>","protected":false},"featured_media":6670,"comment_status":"open","ping_status":"closed","template":"","meta":{"inline_featured_image":false},"product_cat":[24,49],"product_tag":[],"class_list":{"0":"post-6660","1":"product","2":"type-product","3":"status-publish","4":"has-post-thumbnail","6":"product_cat-sport","7":"product_cat-weight-loss","9":"first","10":"instock","11":"featured","12":"shipping-taxable","13":"purchasable","14":"product-type-variable"},"_links":{"self":[{"href":"https:\/\/be-healthy.taniko.me\/uk\/wp-json\/wp\/v2\/product\/6660","targetHints":{"allow":["GET"]}}],"collection":[{"href":"https:\/\/be-healthy.taniko.me\/uk\/wp-json\/wp\/v2\/product"}],"about":[{"href":"https:\/\/be-healthy.taniko.me\/uk\/wp-json\/wp\/v2\/types\/product"}],"replies":[{"embeddable":true,"href":"https:\/\/be-healthy.taniko.me\/uk\/wp-json\/wp\/v2\/comments?post=6660"}],"wp:featuredmedia":[{"embeddable":true,"href":"https:\/\/be-healthy.taniko.me\/uk\/wp-json\/wp\/v2\/media\/6670"}],"wp:attachment":[{"href":"https:\/\/be-healthy.taniko.me\/uk\/wp-json\/wp\/v2\/media?parent=6660"}],"wp:term":[{"taxonomy":"product_cat","embeddable":true,"href":"https:\/\/be-healthy.taniko.me\/uk\/wp-json\/wp\/v2\/product_cat?post=6660"},{"taxonomy":"product_tag","embeddable":true,"href":"https:\/\/be-healthy.taniko.me\/uk\/wp-json\/wp\/v2\/product_tag?post=6660"}],"curies":[{"name":"wp","href":"https:\/\/api.w.org\/{rel}","templated":true}]}}