{"id":6675,"date":"2023-12-27T21:43:30","date_gmt":"2023-12-27T21:43:30","guid":{"rendered":"https:\/\/be-healthy.taniko.me\/?post_type=product&#038;p=6675"},"modified":"2024-10-16T20:20:37","modified_gmt":"2024-10-16T20:20:37","slug":"now-foods-l-arginine-double-strength-1000-mg-120-tablets","status":"publish","type":"product","link":"https:\/\/be-healthy.taniko.me\/uk\/product\/now-foods-l-arginine-double-strength-1000-mg-120-tablets\/","title":{"rendered":"NOW Foods, L-Arginine, Double Strength, 1,000 mg, 120 Tablets"},"content":{"rendered":"<div class=\"row item-row\">\n<div class=\"col-xs-24\">\n<div class=\"col-xs-24 col-md-14\">\n<div class=\"row item-row\">\n<div class=\"col-xs-24\">\n<h3>\u041e\u043f\u0438\u0441<\/h3>\n<p>Arginin je uvjetno esencijalna bazi\u010dna aminokiselina uklju\u010dena primarno u metabolizam i izlu\u010divanje uree, kao i u sintezi DNA i proizvodnji proteina. Va\u017ean je prekursor du\u0161ikovog oksida (NO) i stoga igra ulogu u \u0161irenju krvnih \u017eila.<\/p>\n<p><strong>\u0420\u0435\u043a\u043e\u043c\u0435\u043d\u0434\u0430\u0446\u0456\u0457 \u0456\u0437 \u0437\u0430\u0441\u0442\u043e\u0441\u0443\u0432\u0430\u043d\u043d\u044f<\/strong><\/p>\n<p>Uzmite 1 tabletu dva puta dnevno prema potrebi. Uzmite izme\u0111u obroka ili prije spavanja s najmanje 8 oz. vode ili soka za lak\u0161u apsorpciju.<\/p>\n<p><strong>\u0406\u043d\u0448\u0456 \u0456\u043d\u0433\u0440\u0435\u0434\u0456\u0454\u043d\u0442\u0438<\/strong><\/p>\n<p>Hidroksipropil celuloza, mikrokristalna celuloza, stearinska kiselina (biljni izvor), kroskarmeloza natrij, silicijev dioksid i vegetarijanski premaz.<\/p>\n<p>Nije proizvedeno sa sastojcima p\u0161enice, glutena, soje, mlijeka, jaja, ribe, \u0161koljka\u0161a ili ora\u0161astih plodova. Proizvedeno u GMP postrojenju koje obra\u0111uje druge sastojke koji sadr\u017ee te alergene.<\/p>\n<p>Ovaj proizvod ima dvaput vi\u0161e L-arginina (1000 mg po tableti) nego u na\u0161em proizvodu s uobi\u010dajenom snagom (500 mg po kapsuli).<\/p>\n<p>L-arginin koji se koristi u ovom proizvodu je farmaceutske kvalitete.<\/p>\n<p><strong>\u041f\u043e\u043f\u0435\u0440\u0435\u0434\u0436\u0435\u043d\u043d\u044f<\/strong><\/p>\n<p>\u010cuvati na hladnom i suhom mjestu nakon otvaranja.<\/p>\n<p>Uzmite ovaj proizvod s najmanje 8 oz. vode ili soka. Samo za odrasle. Nije za trudnice ili dojilje. Posavjetujte se s lije\u010dnikom ako uzimate lijekove (osobito antihipertenzive, antikoagulanse i antidijabetike), ako imate zdravstveno stanje (osobito astmu ili bolest bubrega) ili planirate operaciju. Osobe s glaukomom ili herpes simplexom trebaju izbjegavati ovaj proizvod osim ako lije\u010dnik nije druga\u010dije propisao.<\/p>\n<p>Nemojte koristiti ako imate infarkt miokarda ili imate utvr\u0111enu bolest koronarne arterije. \u010cuvati izvan dohvata djece.<\/p>\n<p>U ovom proizvodu mo\u017ee do\u0107i do prirodne varijacije boje.<\/p>\n<\/div>\n<\/div>\n<div class=\"row item-row\">\n<div class=\"col-xs-24\"><\/div>\n<\/div>\n<\/div>\n<div class=\"col-xs-24 col-md-10\">\n<div class=\"supplement-facts-container\">\n<table border=\"1\" width=\"100%\" cellspacing=\"0\" cellpadding=\"3\">\n<tbody>\n<tr valign=\"top\">\n<td colspan=\"3\"><strong>Supplement Facts<\/strong><\/td>\n<\/tr>\n<tr valign=\"top\">\n<td colspan=\"3\"><strong>Serving Size:<\/strong>\u00a01 Tablet<\/td>\n<\/tr>\n<tr valign=\"top\">\n<td width=\"70%\"><\/td>\n<td width=\"15%\"><strong>Amount Per Serving<\/strong><\/td>\n<td width=\"15%\"><strong>%Daily Value<\/strong><\/td>\n<\/tr>\n<tr valign=\"top\">\n<td>L-Arginine (from 1,250 mg L-Arginine HCl)<\/td>\n<td>1 g (1,000 mg)<\/td>\n<td>**<\/td>\n<\/tr>\n<tr valign=\"top\">\n<td colspan=\"3\">**Daily Value not established.<\/td>\n<\/tr>\n<\/tbody>\n<\/table>\n<\/div>\n<\/div>\n<\/div>\n<\/div>\n<div class=\"row item-row\">\n<div class=\"col-xs-24\">\n<p>&nbsp;<\/p>\n<\/div>\n<\/div>","protected":false},"excerpt":{"rendered":"<ul>\n<li>Aminokiseline<\/li>\n<li>Uvjetno esencijalna aminokiselina<\/li>\n<li>Prekursor du\u0161ikovog oksida<\/li>\n<li>\u0411\u0435\u0437 \u0413\u041c\u041e<\/li>\n<li>\u0414\u0456\u0454\u0442\u0438\u0447\u043d\u0430 \u0434\u043e\u0431\u0430\u0432\u043a\u0430<\/li>\n<li>Vegetarijanac\/vegan<\/li>\n<li>Ko\u0161er<\/li>\n<li>U obiteljskom vlasni\u0161tvu od 1968<\/li>\n<li>Zajam\u010dena GMP kvaliteta<\/li>\n<\/ul>","protected":false},"featured_media":6677,"comment_status":"open","ping_status":"closed","template":"","meta":{"inline_featured_image":false},"product_cat":[85,24],"product_tag":[],"class_list":{"0":"post-6675","1":"product","2":"type-product","3":"status-publish","4":"has-post-thumbnail","6":"product_cat-l-arginine","7":"product_cat-sport","9":"first","10":"instock","11":"featured","12":"shipping-taxable","13":"purchasable","14":"product-type-simple"},"_links":{"self":[{"href":"https:\/\/be-healthy.taniko.me\/uk\/wp-json\/wp\/v2\/product\/6675","targetHints":{"allow":["GET"]}}],"collection":[{"href":"https:\/\/be-healthy.taniko.me\/uk\/wp-json\/wp\/v2\/product"}],"about":[{"href":"https:\/\/be-healthy.taniko.me\/uk\/wp-json\/wp\/v2\/types\/product"}],"replies":[{"embeddable":true,"href":"https:\/\/be-healthy.taniko.me\/uk\/wp-json\/wp\/v2\/comments?post=6675"}],"wp:featuredmedia":[{"embeddable":true,"href":"https:\/\/be-healthy.taniko.me\/uk\/wp-json\/wp\/v2\/media\/6677"}],"wp:attachment":[{"href":"https:\/\/be-healthy.taniko.me\/uk\/wp-json\/wp\/v2\/media?parent=6675"}],"wp:term":[{"taxonomy":"product_cat","embeddable":true,"href":"https:\/\/be-healthy.taniko.me\/uk\/wp-json\/wp\/v2\/product_cat?post=6675"},{"taxonomy":"product_tag","embeddable":true,"href":"https:\/\/be-healthy.taniko.me\/uk\/wp-json\/wp\/v2\/product_tag?post=6675"}],"curies":[{"name":"wp","href":"https:\/\/api.w.org\/{rel}","templated":true}]}}