{"id":6678,"date":"2023-12-27T21:54:59","date_gmt":"2023-12-27T21:54:59","guid":{"rendered":"https:\/\/be-healthy.taniko.me\/?post_type=product&#038;p=6678"},"modified":"2024-10-16T20:18:04","modified_gmt":"2024-10-16T20:18:04","slug":"evlution-nutrition-creatine5000-unflavored-10-58-oz-300-g","status":"publish","type":"product","link":"https:\/\/be-healthy.taniko.me\/uk\/product\/evlution-nutrition-creatine5000-unflavored-10-58-oz-300-g\/","title":{"rendered":"EVLution Nutrition, CREATINE  5000, Unflavored, 10.58 oz (300 g)"},"content":{"rendered":"<div class=\"col-xs-24 col-md-14\">\n<div class=\"row item-row\">\n<div class=\"col-xs-24\">\n<p>\u041e\u043f\u0438\u0441<\/p>\n<p>&nbsp;<\/p>\n<p>CREATINE5000\u00ae u kombinaciji s pravilnom tjelovje\u017ebom osmi\u0161ljen je za podr\u0161ku:<\/p>\n<p>Pove\u0107ana snaga<br \/>\nBr\u017ei oporavak<br \/>\nRast mi\u0161i\u0107a<br \/>\nMr\u0161avi mi\u0161i\u0107i<br \/>\nIzdr\u017eljivost<br \/>\nVlast<br \/>\n\u0420\u0435\u043a\u043e\u043c\u0435\u043d\u0434\u0430\u0446\u0456\u0457 \u0456\u0437 \u0437\u0430\u0441\u0442\u043e\u0441\u0443\u0432\u0430\u043d\u043d\u044f<\/p>\n<p>Kao dodatak prehrani, pomije\u0161ajte 1 mjericu Creatine5000\u00ae sa svojim proteinskim napitkom ili 8 oz napitka po izboru nakon treninga.<\/p>\n<p>\u0406\u043d\u0448\u0456 \u0456\u043d\u0433\u0440\u0435\u0434\u0456\u0454\u043d\u0442\u0438<\/p>\n<p>Nijedan.<\/p>\n<p>Ovaj proizvod proizveden je u SAD-u i proizveden u (GMP) registriranom objektu, a sadr\u017ei sastojke doma\u0107eg i me\u0111unarodnog podrijetla.<\/p>\n<p>\u041f\u043e\u043f\u0435\u0440\u0435\u0434\u0436\u0435\u043d\u043d\u044f<\/p>\n<p>Nije za osobe s ve\u0107 postoje\u0107im zdravstvenim problemima; oni koji uzimaju bilo kakve lijekove; osobe mla\u0111e od 18 godina ili \u017eene koje razmi\u0161ljaju o trudno\u0107i, trudnice su ili doje. \u010cuvati izvan dohvata djece i ku\u0107nih ljubimaca. \u010cuvati na suhom mjestu daleko od izravne sun\u010deve svjetlosti.<\/p>\n<\/div>\n<\/div>\n<\/div>\n<div class=\"col-xs-24 col-md-10\">\n<div class=\"supplement-facts-container\">\n<table border=\"1\" width=\"100%\" cellspacing=\"0\" cellpadding=\"3\">\n<tbody>\n<tr align=\"left\" valign=\"top\">\n<td colspan=\"3\"><strong>Supplement Facts<\/strong><\/td>\n<\/tr>\n<tr align=\"left\" valign=\"top\">\n<td class=\"\" colspan=\"3\"><strong>Serving Size:\u00a0<\/strong>1 scoop (5 g)<\/td>\n<\/tr>\n<tr align=\"left\" valign=\"top\">\n<td colspan=\"3\"><strong>Serving Per Container:\u00a0<\/strong>60<\/td>\n<\/tr>\n<tr align=\"left\" valign=\"top\">\n<td width=\"70%\"><\/td>\n<td width=\"15%\"><strong>Amount Per Serving<\/strong><\/td>\n<td width=\"15%\"><strong>%DV<\/strong><\/td>\n<\/tr>\n<tr align=\"left\" valign=\"top\">\n<td>Creatine Monohydrate<\/td>\n<td>5,000 mg<\/td>\n<td>\u2020<\/td>\n<\/tr>\n<tr align=\"left\" valign=\"top\">\n<td colspan=\"3\">Percent Daily Values are based on a 2,000 calorie diet.<br \/>\n\u2020Daily value(DV) not established.<\/td>\n<\/tr>\n<\/tbody>\n<\/table>\n<\/div>\n<\/div>","protected":false},"excerpt":{"rendered":"<ul>\n<li>5000 mg kreatina &#8211; snaga &#8211; pove\u0107ava snagu<\/li>\n<li>Izgradnja mi\u0161i\u0107a + oporavak<\/li>\n<li>5000 mg kreatin monohidrata<\/li>\n<li>Pospje\u0161ite oporavak<\/li>\n<li>Izgradite mi\u0161i\u0107e<\/li>\n<li>Treniraj ja\u010de<\/li>\n<li>\u0414\u0456\u0454\u0442\u0438\u0447\u043d\u0430 \u0434\u043e\u0431\u0430\u0432\u043a\u0430<\/li>\n<\/ul>","protected":false},"featured_media":6680,"comment_status":"open","ping_status":"closed","template":"","meta":{"inline_featured_image":false},"product_cat":[84,24],"product_tag":[],"class_list":{"0":"post-6678","1":"product","2":"type-product","3":"status-publish","4":"has-post-thumbnail","6":"product_cat-creatine","7":"product_cat-sport","9":"first","10":"instock","11":"featured","12":"shipping-taxable","13":"purchasable","14":"product-type-simple"},"_links":{"self":[{"href":"https:\/\/be-healthy.taniko.me\/uk\/wp-json\/wp\/v2\/product\/6678","targetHints":{"allow":["GET"]}}],"collection":[{"href":"https:\/\/be-healthy.taniko.me\/uk\/wp-json\/wp\/v2\/product"}],"about":[{"href":"https:\/\/be-healthy.taniko.me\/uk\/wp-json\/wp\/v2\/types\/product"}],"replies":[{"embeddable":true,"href":"https:\/\/be-healthy.taniko.me\/uk\/wp-json\/wp\/v2\/comments?post=6678"}],"wp:featuredmedia":[{"embeddable":true,"href":"https:\/\/be-healthy.taniko.me\/uk\/wp-json\/wp\/v2\/media\/6680"}],"wp:attachment":[{"href":"https:\/\/be-healthy.taniko.me\/uk\/wp-json\/wp\/v2\/media?parent=6678"}],"wp:term":[{"taxonomy":"product_cat","embeddable":true,"href":"https:\/\/be-healthy.taniko.me\/uk\/wp-json\/wp\/v2\/product_cat?post=6678"},{"taxonomy":"product_tag","embeddable":true,"href":"https:\/\/be-healthy.taniko.me\/uk\/wp-json\/wp\/v2\/product_tag?post=6678"}],"curies":[{"name":"wp","href":"https:\/\/api.w.org\/{rel}","templated":true}]}}