{"id":6681,"date":"2023-12-27T22:17:55","date_gmt":"2023-12-27T22:17:55","guid":{"rendered":"https:\/\/be-healthy.taniko.me\/?post_type=product&#038;p=6681"},"modified":"2024-10-16T20:15:57","modified_gmt":"2024-10-16T20:15:57","slug":"evlution-nutrition-leanmode-stimulant-free-weight-loss-support-150-veggie-capsules","status":"publish","type":"product","link":"https:\/\/be-healthy.taniko.me\/uk\/product\/evlution-nutrition-leanmode-stimulant-free-weight-loss-support-150-veggie-capsules\/","title":{"rendered":"EVLution Nutrition, LeanMode, Stimulant Free Weight Loss Support, 150 Veggie Capsules"},"content":{"rendered":"<div class=\"col-xs-24 col-md-14\">\n<div class=\"row item-row\">\n<div class=\"col-xs-24\">\n<h3>\u041e\u043f\u0438\u0441<\/h3>\n<p>&nbsp;<\/p>\n<p>Serija Mode Nutrition\u00ae: u kombinaciji s pravilnom prehranom i tjelovje\u017ebom, LeanMode\u00ae sagorjeva\u010d masti bez stimulansa dizajniran je za podr\u0161ku:<\/p>\n<ul>\n<li>Kontrola te\u017eine<\/li>\n<li>Metabolizam<\/li>\n<li>Potpora apetitu<\/li>\n<li>Razine antioksidansa<\/li>\n<li>Sastav tijela<\/li>\n<li>Energetske razine<\/li>\n<li>\u0420\u0435\u043a\u043e\u043c\u0435\u043d\u0434\u0430\u0446\u0456\u0457 \u0456\u0437 \u0437\u0430\u0441\u0442\u043e\u0441\u0443\u0432\u0430\u043d\u043d\u044f<\/li>\n<\/ul>\n<p>Kao dodatak prehrani, uzmite 1 dozu (3 vege kapsule) LeanMode\u00ae 1 do 2 puta dnevno. Za najbolje rezultate, uzmite 30 do 60 minuta prije obroka s prvom porcijom prije doru\u010dka i drugom porcijom prije ve\u010dere.<\/p>\n<h4><strong>\u0406\u043d\u0448\u0456 \u0456\u043d\u0433\u0440\u0435\u0434\u0456\u0454\u043d\u0442\u0438<\/strong><\/h4>\n<p>Hipromeloza (vege kapsule), silicijev dioksid, magnezijev stearat.<\/p>\n<h4>\u041f\u043e\u043f\u0435\u0440\u0435\u0434\u0436\u0435\u043d\u043d\u044f<\/h4>\n<p>Nije za osobe s ve\u0107 postoje\u0107im zdravstvenim problemima; oni koji uzimaju bilo kakve lijekove, oni mla\u0111i od 18 godina ili \u017eene koje razmi\u0161ljaju o trudno\u0107i, trudne su ili doje. Prekinite kori\u0161tenje 2 tjedna prije operacije. \u010cuvati izvan dohvata djece i ku\u0107nih ljubimaca.<\/p>\n<p>&nbsp;<\/p>\n<\/div>\n<\/div>\n<\/div>\n<div class=\"col-xs-24 col-md-10\">\n<div class=\"supplement-facts-container\">\n<table border=\"1\" width=\"100%\" cellspacing=\"0\" cellpadding=\"1\">\n<tbody>\n<tr>\n<td class=\"\" colspan=\"4\"><strong>Supplement Facts<\/strong><\/td>\n<\/tr>\n<tr>\n<td colspan=\"4\"><strong>Serving Size:<\/strong>\u00a03 Veggie Capsules<\/td>\n<\/tr>\n<tr>\n<td colspan=\"4\"><strong>Servings Per Container:<\/strong>\u00a050<\/td>\n<\/tr>\n<tr>\n<td class=\"\" width=\"70%\"><\/td>\n<td width=\"15%\"><strong>Amount Per Serving<\/strong><\/td>\n<td width=\"15%\"><strong>% Daily Value<\/strong><\/td>\n<\/tr>\n<tr>\n<td>Green Tea Leaf Extract<\/td>\n<td>500 mg<\/td>\n<td>\u2020<\/td>\n<\/tr>\n<tr>\n<td>Green Coffee Bean Extract<\/td>\n<td>500 mg<\/td>\n<td class=\"\">\u2020<\/td>\n<\/tr>\n<tr>\n<td>CLA (Conjugated Linoleic Acid)<\/td>\n<td>500 mg<\/td>\n<td>\u2020<\/td>\n<\/tr>\n<tr>\n<td>Acetyl-L-Carnitine<\/td>\n<td>500 mg<\/td>\n<td>\u2020<\/td>\n<\/tr>\n<tr>\n<td>Garcinia Cambogia Extract<br \/>\n(std. min. 60% HCA)(fruit rind)<\/td>\n<td>250 mg<\/td>\n<td>\u2020<\/td>\n<\/tr>\n<tr>\n<td class=\"\" colspan=\"3\">\u2020Daily Value (DV) not established.<\/td>\n<\/tr>\n<\/tbody>\n<\/table>\n<\/div>\n<\/div>","protected":false},"excerpt":{"rendered":"<ul>\n<li>Sagorjeva\u010d masti bez stimulansa<\/li>\n<li>Podr\u0161ka za mr\u0161avljenje bez stimulansa<\/li>\n<li>Potpora metabolizmu<\/li>\n<li>5 na\u010dina djelovanja<\/li>\n<li>Potpora apetitu<\/li>\n<li>Vegansko\/bez glutena<\/li>\n<li>\u0414\u0456\u0454\u0442\u0438\u0447\u043d\u0430 \u0434\u043e\u0431\u0430\u0432\u043a\u0430<\/li>\n<li>Halal certifikat<\/li>\n<\/ul>","protected":false},"featured_media":6682,"comment_status":"open","ping_status":"closed","template":"","meta":{"inline_featured_image":false},"product_cat":[24,49],"product_tag":[],"class_list":{"0":"post-6681","1":"product","2":"type-product","3":"status-publish","4":"has-post-thumbnail","6":"product_cat-sport","7":"product_cat-weight-loss","9":"first","10":"instock","11":"featured","12":"shipping-taxable","13":"purchasable","14":"product-type-simple"},"_links":{"self":[{"href":"https:\/\/be-healthy.taniko.me\/uk\/wp-json\/wp\/v2\/product\/6681","targetHints":{"allow":["GET"]}}],"collection":[{"href":"https:\/\/be-healthy.taniko.me\/uk\/wp-json\/wp\/v2\/product"}],"about":[{"href":"https:\/\/be-healthy.taniko.me\/uk\/wp-json\/wp\/v2\/types\/product"}],"replies":[{"embeddable":true,"href":"https:\/\/be-healthy.taniko.me\/uk\/wp-json\/wp\/v2\/comments?post=6681"}],"wp:featuredmedia":[{"embeddable":true,"href":"https:\/\/be-healthy.taniko.me\/uk\/wp-json\/wp\/v2\/media\/6682"}],"wp:attachment":[{"href":"https:\/\/be-healthy.taniko.me\/uk\/wp-json\/wp\/v2\/media?parent=6681"}],"wp:term":[{"taxonomy":"product_cat","embeddable":true,"href":"https:\/\/be-healthy.taniko.me\/uk\/wp-json\/wp\/v2\/product_cat?post=6681"},{"taxonomy":"product_tag","embeddable":true,"href":"https:\/\/be-healthy.taniko.me\/uk\/wp-json\/wp\/v2\/product_tag?post=6681"}],"curies":[{"name":"wp","href":"https:\/\/api.w.org\/{rel}","templated":true}]}}