{"id":6684,"date":"2023-12-27T22:39:47","date_gmt":"2023-12-27T22:39:47","guid":{"rendered":"https:\/\/be-healthy.taniko.me\/?post_type=product&#038;p=6684"},"modified":"2024-10-16T20:12:31","modified_gmt":"2024-10-16T20:12:31","slug":"sports-research-omega-3-fish-oil-triple-strength-1250-mg-90-softgels-2","status":"publish","type":"product","link":"https:\/\/be-healthy.taniko.me\/uk\/product\/sports-research-omega-3-fish-oil-triple-strength-1250-mg-90-softgels-2\/","title":{"rendered":"Sports Research, Omega-3 Fish Oil, Triple Strength, 1,250 mg, 90 Softgels"},"content":{"rendered":"<div class=\"col-xs-24 col-md-14\">\n<div class=\"row item-row\">\n<div class=\"col-xs-24\">\n<h3>\u041e\u043f\u0438\u0441<\/h3>\n<p>Omega-3 je vrsta masne kiseline koja je neophodna za pravilno funkcioniranje va\u0161eg tijela. Omega-3 riblje ulje izvrsno je za zdravlje srca, mozga i imuniteta. I dok u moru mo\u017ee biti mnogo riba, nisu sve stvorene jednake. Trostruko sna\u017eno Omega-3 riblje ulje iz Sports Research\u00ae potje\u010de iz divljeg aljaskog pollocka i koristi proces pro\u010di\u0161\u0107avanja u 10 koraka za isporuku ultra-koncentrirane doze bez tipi\u010dnog okusa ribe.<\/p>\n<p>\u25b2Trostruka snaga Omega-3 (u obliku triglicerida [TG kao rTG]) u usporedbi sa standardnim mekim gelovima ribljeg ulja sa samo 10-30% sadr\u017eaja Omega-3.<\/p>\n<h4>\u0420\u0435\u043a\u043e\u043c\u0435\u043d\u0434\u0430\u0446\u0456\u0457 \u0456\u0437 \u0437\u0430\u0441\u0442\u043e\u0441\u0443\u0432\u0430\u043d\u043d\u044f<\/h4>\n<p>Odrasli uzimaju 1 meku gel dnevno s hranom ili prema preporuci kvalificiranog zdravstvenog djelatnika.<\/p>\n<h4>\u0406\u043d\u0448\u0456 \u0456\u043d\u0433\u0440\u0435\u0434\u0456\u0454\u043d\u0442\u0438<\/h4>\n<p>Softgel kapsula (riblja \u017eelatina, [tilapija], biljni glicerin, pro\u010di\u0161\u0107ena voda), tokoferoli.<\/p>\n<p>Sadr\u017ei: ribu (aljaski pollock).<\/p>\n<p>Iz MSC certificiranog odr\u017eivog ribarstva.<\/p>\n<h4>\u041f\u043e\u043f\u0435\u0440\u0435\u0434\u0436\u0435\u043d\u043d\u044f<\/h4>\n<p>\u010cuvati izvan dohvata djece i ku\u0107nih ljubimaca. Posavjetujte se s kvalificiranim zdravstvenim radnikom prije kori\u0161tenja ovog proizvoda, osobito ako ste trudni, dojite, imate dijagnosticiranu bolest, uzimate lijekove na recept (npr. razrje\u0111iva\u010de krvi) ili planirate kirur\u0161ki zahvat. Nemojte prekora\u010diti preporu\u010deni dnevni unos. Nemojte koristiti ako je sigurnosna brtva o\u0161te\u0107ena ili nedostaje. \u010cuvati na sobnoj temperaturi, na suhom mjestu. Za\u0161titite proizvod od prekomjerne topline, smrzavanja, vlage i svjetlosti.<\/p>\n<p>&nbsp;<\/p>\n<\/div>\n<\/div>\n<\/div>\n<div class=\"col-xs-24 col-md-10\">\n<div class=\"supplement-facts-container\">\n<table border=\"1\" width=\"100%\" cellspacing=\"0\" cellpadding=\"3\">\n<tbody>\n<tr valign=\"top\">\n<td colspan=\"3\"><strong>Supplement Facts<\/strong><\/td>\n<\/tr>\n<tr valign=\"top\">\n<td colspan=\"3\"><strong>Serving Size:<\/strong>\u00a01 Softgel<\/td>\n<\/tr>\n<tr valign=\"top\">\n<td colspan=\"3\"><strong>Serving Per Container:<\/strong>\u00a090<\/td>\n<\/tr>\n<tr valign=\"top\" data-id=\"froala_124\">\n<td width=\"70%\"><\/td>\n<td width=\"15%\"><strong>Amount Per Serving<\/strong><\/td>\n<td width=\"15%\"><strong>%DV<\/strong><\/td>\n<\/tr>\n<tr valign=\"top\" data-id=\"froala_125\">\n<td>Calories<\/td>\n<td>15<\/td>\n<td><\/td>\n<\/tr>\n<tr valign=\"top\" data-id=\"froala_126\">\n<td>Total Fat<\/td>\n<td>1.5 g<\/td>\n<td>2%**<\/td>\n<\/tr>\n<tr valign=\"top\" data-id=\"froala_127\">\n<td>Wild Alaska Pollock Fish Oil Concentrate<\/td>\n<td>1,250 mg<\/td>\n<td>\u2020<\/td>\n<\/tr>\n<tr valign=\"top\" data-id=\"froala_128\">\n<td>Total Omega-3 Fatty Acids as TG<\/td>\n<td>1,040 mg<\/td>\n<td>\u2020<\/td>\n<\/tr>\n<tr valign=\"top\" data-id=\"froala_129\">\n<td>EPA (Eicosapentaenoic Acid)<\/td>\n<td>690 mg<\/td>\n<td>\u2020<\/td>\n<\/tr>\n<tr valign=\"top\" data-id=\"froala_130\">\n<td>DHA (Docosahexaenoic Acid)<\/td>\n<td>260 mg<\/td>\n<td>\u2020<\/td>\n<\/tr>\n<tr valign=\"top\" data-id=\"froala_131\">\n<td>Other Omega-3 Fatty Acids<\/td>\n<td>90 mg<\/td>\n<td>\u2020<\/td>\n<\/tr>\n<tr valign=\"top\">\n<td colspan=\"3\">** Percent Daily Values are based on a 2,000 calorie diet.<br \/>\n\u2020 Daily Value (DV) not established.<\/td>\n<\/tr>\n<\/tbody>\n<\/table>\n<\/div>\n<\/div>","protected":false},"excerpt":{"rendered":"<ul>\n<li>Trostruka snaga\u25b2<\/li>\n<li>1250 mg ribljeg ulja | 1.040 mg Omega-3<\/li>\n<li>Podr\u017eava zdravlje mozga i srca<\/li>\n<li>Bez glutena | BEZ GMO | Uhva\u0107en divlji<\/li>\n<li>\u0414\u0456\u0454\u0442\u0438\u0447\u043d\u0430 \u0434\u043e\u0431\u0430\u0432\u043a\u0430<\/li>\n<li>Igen Non-GMO testiran<\/li>\n<li>Testirana tre\u0107a strana<\/li>\n<li>cGMP certificiran<\/li>\n<li>Certificirani odr\u017eivi morski plodovi MSC<\/li>\n<\/ul>","protected":false},"featured_media":6686,"comment_status":"open","ping_status":"closed","template":"","meta":{"inline_featured_image":false},"product_cat":[15,30,24],"product_tag":[],"class_list":{"0":"post-6684","1":"product","2":"type-product","3":"status-publish","4":"has-post-thumbnail","6":"product_cat-supplements","7":"product_cat-omega","8":"product_cat-sport","10":"first","11":"instock","12":"featured","13":"shipping-taxable","14":"purchasable","15":"product-type-simple"},"_links":{"self":[{"href":"https:\/\/be-healthy.taniko.me\/uk\/wp-json\/wp\/v2\/product\/6684","targetHints":{"allow":["GET"]}}],"collection":[{"href":"https:\/\/be-healthy.taniko.me\/uk\/wp-json\/wp\/v2\/product"}],"about":[{"href":"https:\/\/be-healthy.taniko.me\/uk\/wp-json\/wp\/v2\/types\/product"}],"replies":[{"embeddable":true,"href":"https:\/\/be-healthy.taniko.me\/uk\/wp-json\/wp\/v2\/comments?post=6684"}],"wp:featuredmedia":[{"embeddable":true,"href":"https:\/\/be-healthy.taniko.me\/uk\/wp-json\/wp\/v2\/media\/6686"}],"wp:attachment":[{"href":"https:\/\/be-healthy.taniko.me\/uk\/wp-json\/wp\/v2\/media?parent=6684"}],"wp:term":[{"taxonomy":"product_cat","embeddable":true,"href":"https:\/\/be-healthy.taniko.me\/uk\/wp-json\/wp\/v2\/product_cat?post=6684"},{"taxonomy":"product_tag","embeddable":true,"href":"https:\/\/be-healthy.taniko.me\/uk\/wp-json\/wp\/v2\/product_tag?post=6684"}],"curies":[{"name":"wp","href":"https:\/\/api.w.org\/{rel}","templated":true}]}}