{"id":6690,"date":"2023-12-28T15:43:52","date_gmt":"2023-12-28T15:43:52","guid":{"rendered":"https:\/\/be-healthy.taniko.me\/?post_type=product&#038;p=6690"},"modified":"2024-10-16T20:07:42","modified_gmt":"2024-10-16T20:07:42","slug":"6690","status":"publish","type":"product","link":"https:\/\/be-healthy.taniko.me\/uk\/product\/6690\/","title":{"rendered":"MuscleTech, Essential Series, Platinum 100% Creatine, Unflavored, 14.11 oz (400 g)"},"content":{"rendered":"<div class=\"col-xs-24 col-md-14\">\n<div class=\"row item-row\">\n<div class=\"col-xs-24\">\n<h3>\u041e\u043f\u0438\u0441<\/h3>\n<p>Vrhunska znanost. Vrhunski rezultati.<\/p>\n<p>MuscleTech\u00ae Essential Series isporu\u010duje sve va\u0161e omiljene sastojke i proizvode s najboljom znanstveno\u0161\u0107u, okusom i vrijedno\u0161\u0107u. Proizvodi Essential Series su osnovni proizvodi za svakog sporta\u0161a, bez dodataka i punila &#8211; samo proizvodi kojima mo\u017eete vjerovati iza kojih stoji najbolja marka sportske prehrane!<\/p>\n<p>Mnoge tvrtke koje proizvode dodatke prehrani ne otkrivaju u potpunosti svoje sastojke. Tako\u0111er ne ula\u017eu u znanost, istra\u017eivanje ili kontrolu kvalitete. U MuscleTech\u00ae-u dio svakog dolara potro\u0161enog na dodatke prehrani izdvaja se za financiranje znanstvenih istra\u017eivanja. To zna\u010di da mo\u017eete vjerovati Essential Series za vrhunsku kvalitetu i rezultate, kao \u0161to je obe\u0107anje MuscleTech\u00ae.<\/p>\n<p>Ultra \u010disti mikronizirani kreatin u prahu<\/p>\n<p>Platinum 100% Creatine daje va\u0161im mi\u0161i\u0107ima najkvalitetniji i najistra\u017eivaniji oblik mikroniziranog kreatina na svijetu. Dokazano je da kreatin pove\u0107ava mi\u0161i\u0107nu masu i pobolj\u0161ava snagu i izdr\u017eljivost mi\u0161i\u0107a.<\/p>\n<p>Ispitni subjekti izgra\u0111eni 6 lbs. mi\u0161i\u0107a i pobolj\u0161ana snaga bench pressa za 18,6%<\/p>\n<p>Platinum 100% Creatine isporu\u010duje kreatin izravno u va\u0161e mi\u0161i\u0107e &#8211; to\u010dno tamo gdje treba biti kako bi potaknuo izvedbu. Tamo kreatin djeluje kao fond donora fosfata koji poma\u017ee obnoviti razine ATP-a u napornim mi\u0161i\u0107ima, omogu\u0107uju\u0107i vam da trenirate ja\u010de i dulje. To zna\u010di pravi dobitak u veli\u010dini i snazi \u200b\u200bkoji ne mo\u017ee pro\u0107i nezapa\u017eeno!<\/p>\n<p>U jednoj klini\u010dkoj studiji, subjekti koji su koristili dozu kreatina koja se nalazi u jednoj porciji Platinum 100% Creatine dobili su nevjerojatnih 6 lbs. mi\u0161i\u0107a u samo 6 tjedana.1 A u zasebnoj studiji, ispitanici su pove\u0107ali snagu pritiska na klupi za nevjerojatnih 18,6% u samo 10 dana!<\/p>\n<p>\u2021MuscleTech je ameri\u010dki broj 1 prodavani brend dodataka prehrani za bodybuilding na temelju kumulativne veleprodajne prodaje u dolarima od 2001. do danas.<\/p>\n<\/div>\n<\/div>\n<div class=\"row item-row\">\n<div class=\"col-xs-24\">\n<p><strong>\u0420\u0435\u043a\u043e\u043c\u0435\u043d\u0434\u0430\u0446\u0456\u0457 \u0456\u0437 \u0437\u0430\u0441\u0442\u043e\u0441\u0443\u0432\u0430\u043d\u043d\u044f<\/strong><\/p>\n<p>Za prva 3 dana (faza punjenja): Pomije\u0161ajte 1 veliku mjericu s 8 oz. vode i konzumirajte 4 puta dnevno. Nakon 3. dana (faza odr\u017eavanja): Pomije\u0161ajte 1 mjericu s 8 oz. vode 1 do 2 puta dnevno. Za impresivnije rezultate vodu zamijenite napitkom s ugljikohidratima ili sportskim napitkom.<\/p>\n<p><strong>\u0406\u043d\u0448\u0456 \u0456\u043d\u0433\u0440\u0435\u0434\u0456\u0454\u043d\u0442\u0438<\/strong><\/p>\n<p>Prera\u0111eno u postrojenju koje prera\u0111uje sastojke mlijeka, jaja, soje, ribe i \u0161koljka\u0161a.<\/p>\n<p><strong>\u041f\u043e\u043f\u0435\u0440\u0435\u0434\u0436\u0435\u043d\u043d\u044f<\/strong><\/p>\n<p>Nemojte koristiti ako ste trudni ili dojite. Posavjetujte se s lije\u010dnikom prije po\u010detka dijete ili programa vje\u017ebanja ili ako imate zdravstveno stanje.<\/p>\n<p>Ne koristiti ako je pakiranje kaljeno.<\/p>\n<p>Napomena: Za odr\u017eavanje svje\u017eine proizvoda, \u010duvajte ga na hladnom i suhom mjestu (60\u00b0F do 80\u00b0F). Ovaj proizvod se prodaje po te\u017eini. Mo\u017ee do\u0107i do odre\u0111enog slijeganja. Protresti spremnik prije upotrebe.<\/p>\n<\/div>\n<\/div>\n<div class=\"row item-row\">\n<div class=\"col-xs-24\"><\/div>\n<\/div>\n<\/div>\n<div class=\"col-xs-24 col-md-10\">\n<div class=\"supplement-facts-container\">\n<table role=\"presentation\" border=\"1\" width=\"100%\" cellspacing=\"0\" cellpadding=\"3\">\n<tbody>\n<tr valign=\"top\">\n<td colspan=\"3\"><strong>Supplement Facts<\/strong><\/td>\n<\/tr>\n<tr valign=\"top\">\n<td colspan=\"3\"><strong>Serving Size:\u00a0<\/strong>1 Heaping Scoop (5 g)<\/td>\n<\/tr>\n<tr valign=\"top\">\n<td colspan=\"3\"><strong>Servings Per Container:\u00a0<\/strong>80<\/td>\n<\/tr>\n<tr valign=\"top\">\n<td width=\"70%\"><\/td>\n<td width=\"15%\"><strong>Amount Per Serving<\/strong><\/td>\n<td width=\"15%\"><strong>%Daily Value<\/strong><\/td>\n<\/tr>\n<tr valign=\"top\">\n<td>Creatine monohydrate (micronized)<\/td>\n<td>5 g<\/td>\n<td>\u2020<\/td>\n<\/tr>\n<tr valign=\"top\">\n<td colspan=\"3\">\u2020Daily Value not established.<\/td>\n<\/tr>\n<\/tbody>\n<\/table>\n<\/div>\n<\/div>","protected":false},"excerpt":{"rendered":"<ul>\n<li>Istra\u017eivanje i razvoj<\/li>\n<li>Ameri\u010dki broj 1 prodavani brend dodataka prehrani za tijelo\u2021<\/li>\n<li>HPLC-testirano i mikronizirano<\/li>\n<li>Ispitanici su dobili 6 funti. mi\u0161i\u0107a1<\/li>\n<li>5 g kreatina<\/li>\n<li>Zajam\u010deno bez zabranjenih tvari<\/li>\n<li>80 porcija<\/li>\n<li>300 g + 100 g gratis<\/li>\n<li>\u0414\u0456\u0454\u0442\u0438\u0447\u043d\u0430 \u0434\u043e\u0431\u0430\u0432\u043a\u0430<\/li>\n<li>Broj 1 Najnagra\u0111ivaniji brend sportske prehrane<\/li>\n<li>#1 Ve\u0107ina klini\u010dkih studija u znanosti<\/li>\n<li>22 godine izvrsnosti<\/li>\n<li>cGMP proizvedeno &#8211; proizvedeno prema cGMP standardima, kao \u0161to je potrebno za sve dodatke prehrani<\/li>\n<\/ul>","protected":false},"featured_media":6692,"comment_status":"open","ping_status":"closed","template":"","meta":{"inline_featured_image":false},"product_cat":[84,24],"product_tag":[],"class_list":{"0":"post-6690","1":"product","2":"type-product","3":"status-publish","4":"has-post-thumbnail","6":"product_cat-creatine","7":"product_cat-sport","9":"first","10":"instock","11":"featured","12":"shipping-taxable","13":"purchasable","14":"product-type-simple"},"_links":{"self":[{"href":"https:\/\/be-healthy.taniko.me\/uk\/wp-json\/wp\/v2\/product\/6690","targetHints":{"allow":["GET"]}}],"collection":[{"href":"https:\/\/be-healthy.taniko.me\/uk\/wp-json\/wp\/v2\/product"}],"about":[{"href":"https:\/\/be-healthy.taniko.me\/uk\/wp-json\/wp\/v2\/types\/product"}],"replies":[{"embeddable":true,"href":"https:\/\/be-healthy.taniko.me\/uk\/wp-json\/wp\/v2\/comments?post=6690"}],"wp:featuredmedia":[{"embeddable":true,"href":"https:\/\/be-healthy.taniko.me\/uk\/wp-json\/wp\/v2\/media\/6692"}],"wp:attachment":[{"href":"https:\/\/be-healthy.taniko.me\/uk\/wp-json\/wp\/v2\/media?parent=6690"}],"wp:term":[{"taxonomy":"product_cat","embeddable":true,"href":"https:\/\/be-healthy.taniko.me\/uk\/wp-json\/wp\/v2\/product_cat?post=6690"},{"taxonomy":"product_tag","embeddable":true,"href":"https:\/\/be-healthy.taniko.me\/uk\/wp-json\/wp\/v2\/product_tag?post=6690"}],"curies":[{"name":"wp","href":"https:\/\/api.w.org\/{rel}","templated":true}]}}